{"id":1804,"date":"2024-12-14T06:55:24","date_gmt":"2024-12-14T06:55:24","guid":{"rendered":"https:\/\/mj-clothing.com\/?post_type=product&#038;p=1804"},"modified":"2024-12-17T06:56:31","modified_gmt":"2024-12-17T06:56:31","slug":"mens-cashmere-sweater","status":"publish","type":"product","link":"https:\/\/mj-clothing.com\/da\/manufacturer\/mens-cashmere-sweater\/","title":{"rendered":"Cashmere-sweater til m\u00e6nd"},"content":{"rendered":"<p data-sourcepos=\"1:1-1:177\"><span class=\"citation-0 recitation citation-end-0\">En kashmirtr\u00f8je til m\u00e6nd er et luksuri\u00f8st og tidl\u00f8st stykke t\u00f8j, som giver uovertruffen komfort og varme.<\/span> Her er, hvorfor du b\u00f8r overveje at investere i en:<span class=\"button-container hide-from-message-actions ng-star-inserted\"> \u00a0<\/span><\/p>\n<div class=\"container ng-tns-c2946245707-329 hide\">\n<div class=\"carousel-container ng-tns-c2946245707-329\">\n<div class=\"carousel-content ng-tns-c2946245707-329\">\n<div class=\"sources-carousel-source ng-tns-c2946245707-329 hide ng-star-inserted\" data-test-id=\"sources-carousel-source\"><\/div>\n<\/div>\n<\/div>\n<\/div>\n<h3 data-sourcepos=\"3:1-3:34\"><strong>Hvorfor v\u00e6lge en cashmere-sweater til m\u00e6nd?<\/strong><\/h3>\n<ul data-sourcepos=\"5:1-9:0\">\n<li data-sourcepos=\"5:1-5:124\"><strong><span class=\"citation-1 recitation\">Enest\u00e5ende bl\u00f8dhed:<\/span><\/strong><span class=\"citation-1 recitation citation-end-1\"> Kashmir er kendt for sin utroligt bl\u00f8de tekstur, som g\u00f8r det til en forn\u00f8jelse at have p\u00e5.<\/span><\/li>\n<li data-sourcepos=\"5:1-5:124\"><span class=\"button-container hide-from-message-actions ng-star-inserted\"><strong style=\"font-size: 14.4px;\"><span class=\"citation-2 recitation\">Overlegen varme:<\/span><\/strong><span class=\"citation-2 recitation citation-end-2\" style=\"font-size: 14.4px;\"> P\u00e5 trods af sin lette natur isolerer kashmir fremragende og holder dig varm i koldt vejr.<\/span><\/span>\n<div class=\"container ng-tns-c2946245707-331 hide\">\n<div class=\"carousel-container ng-tns-c2946245707-331\"><\/div>\n<\/div>\n<\/li>\n<li data-sourcepos=\"7:1-7:122\"><strong>Holdbarhed:<\/strong> <span class=\"citation-3 recitation citation-end-3\">Kashmir af h\u00f8j kvalitet er overraskende slidst\u00e6rkt og kan holde i mange \u00e5r med den rette pleje.<\/span><span class=\"button-container hide-from-message-actions ng-star-inserted\">\u00a0<\/span>\n<div class=\"container ng-tns-c2946245707-332 hide\">\n<div class=\"carousel-container ng-tns-c2946245707-332\"><\/div>\n<\/div>\n<\/li>\n<li data-sourcepos=\"8:1-9:0\"><strong><span class=\"citation-4 recitation\">Allergivenlig:<\/span><\/strong><span class=\"citation-4 recitation citation-end-4\"> Kashmir er allergivenligt, hvilket g\u00f8r det velegnet til personer med f\u00f8lsom hud.<\/span><span class=\"button-container hide-from-message-actions ng-star-inserted\">\u00a0<\/span>\n<div class=\"container ng-tns-c2946245707-333 hide\">\n<div class=\"carousel-container ng-tns-c2946245707-333\">\n<div class=\"carousel-content ng-tns-c2946245707-333\">\n<div class=\"sources-carousel-source ng-tns-c2946245707-333 hide ng-star-inserted\" data-test-id=\"sources-carousel-source\"><\/div>\n<\/div>\n<\/div>\n<\/div>\n<\/li>\n<\/ul>\n<h3 data-sourcepos=\"10:1-10:36\"><strong>S\u00e5dan styler du en cashmere-sweater til m\u00e6nd:<\/strong><\/h3>\n<ul data-sourcepos=\"12:1-15:0\">\n<li data-sourcepos=\"12:1-12:77\">\n<h3><strong>Afslappet:<\/strong> S\u00e6t den sammen med jeans, en t-shirt og sneakers for et afslappet look.<\/h3>\n<\/li>\n<li data-sourcepos=\"13:1-13:96\"><strong>Smart og afslappet:<\/strong> Brug den med chinos, en skjorte med knapper og loafers for et poleret outfit.<\/li>\n<li data-sourcepos=\"14:1-15:0\"><strong>Formelt:<\/strong> L\u00e6g den over en skjorte og et slips for et sofistikeret look.<\/li>\n<\/ul>\n<h3 data-sourcepos=\"16:1-16:42\"><strong>Hvor finder man kashmirtr\u00f8jer til m\u00e6nd?<\/strong><\/h3>\n<ul data-sourcepos=\"18:1-21:0\">\n<li data-sourcepos=\"18:1-18:90\"><strong>Eksklusive stormagasiner:<\/strong> Kig efter luksusm\u00e6rker, der specialiserer sig i fint strik.<\/li>\n<li data-sourcepos=\"19:1-19:132\"><strong><span class=\"citation-5 recitation\">Online-forhandlere:<\/span><\/strong><span class=\"citation-5 recitation citation-end-5\"> Hjemmesider som Amazon, Etsy og andre onlineforhandlere tilbyder et bredt udvalg af kashmirtr\u00f8jer.<\/span><\/li>\n<li data-sourcepos=\"19:1-19:132\"><strong style=\"font-size: 14.4px;\">Specialbutikker:<\/strong><span style=\"font-size: 14.4px;\"> Butikker, der specialiserer sig i luksusfibre og b\u00e6redygtig mode, kan f\u00f8re kashmirtr\u00f8jer.<\/span><\/li>\n<\/ul>\n<h3 data-sourcepos=\"22:1-22:41\"><strong>Tips til at v\u00e6lge en cashmere-sweater til m\u00e6nd:<\/strong><\/h3>\n<ul data-sourcepos=\"24:1-28:0\">\n<li data-sourcepos=\"24:1-24:94\"><strong>Kvalitet:<\/strong> G\u00e5 efter kashmir af h\u00f8j kvalitet, som er bl\u00f8d, glat og uden fejl.<\/li>\n<li data-sourcepos=\"25:1-25:95\"><strong>V\u00e6gt:<\/strong> Overvej tr\u00f8jens v\u00e6gt, da tungere tr\u00f8jer giver mere varme.<\/li>\n<li data-sourcepos=\"26:1-26:72\"><strong>Passer:<\/strong> V\u00e6lg en sweater, der sidder godt og smigrer din kropsform.<\/li>\n<li data-sourcepos=\"27:1-28:0\"><strong>Stil:<\/strong> V\u00e6lg en stil, der passer til din personlige smag, hvad enten det er en rund hals, V-hals eller rullekrave.<\/li>\n<\/ul>\n<h4 data-sourcepos=\"29:1-29:37\"><strong>Pleje af din kashmir-sweater:<\/strong><\/h4>\n<ul data-sourcepos=\"31:1-34:0\">\n<li data-sourcepos=\"31:1-31:50\">H\u00e5ndvask i koldt vand med et mildt reng\u00f8ringsmiddel.<\/li>\n<li data-sourcepos=\"32:1-32:31\">T\u00f8r fladt for at undg\u00e5 str\u00e6k.<\/li>\n<li data-sourcepos=\"33:1-34:0\">Opbevares p\u00e5 et k\u00f8ligt, t\u00f8rt sted, v\u00e6k fra direkte sollys.<\/li>\n<\/ul>\n<p data-sourcepos=\"35:1-35:144\">Ved at investere i en kashmirtr\u00f8je af h\u00f8j kvalitet f\u00e5r du ikke kun en stilfuld og behagelig bekl\u00e6dningsgenstand, men ogs\u00e5 et stykke tidl\u00f8s luksus.<\/p>\n<div class=\"attachment-container search-images\">\n<div class=\"image-container hide-from-message-actions ng-star-inserted\">\n<div class=\"overlay-container ng-star-inserted\"><\/div>\n<\/div>\n<\/div>","protected":false},"excerpt":{"rendered":"<table style=\"height: 529px;\" width=\"500\">\n<tbody>\n<tr>\n<td width=\"146\"><strong><b>Produkt<\/b><\/strong>\u00a0<strong><b>Navn:<\/b><\/strong><\/td>\n<td width=\"601\"><strong>Cashmere-sweater til m\u00e6nd<\/strong><\/td>\n<\/tr>\n<tr>\n<td width=\"146\"><strong><b>Materlal:<\/b><\/strong><\/td>\n<td width=\"601\">Polyester\/bomuld<\/td>\n<\/tr>\n<tr>\n<td width=\"146\"><strong><b>Teknik:<\/b><\/strong><\/td>\n<td width=\"601\">V\u00e6vning<\/td>\n<\/tr>\n<tr>\n<td width=\"146\"><strong><b>Stil:<\/b><\/strong><\/td>\n<td width=\"601\">Afslappet<\/td>\n<\/tr>\n<tr>\n<td width=\"146\"><strong><b>Farve<\/b><\/strong><strong><b>:<\/b><\/strong><\/td>\n<td width=\"601\">\u00a0Brugerdefinerede farver<\/td>\n<\/tr>\n<tr>\n<td width=\"146\"><strong><b>St\u00f8rrelse:<\/b><\/strong><\/td>\n<td width=\"601\">S \/M \/L \/XL \/2XL<\/td>\n<\/tr>\n<tr>\n<td width=\"146\"><strong><b>OEM\/ODM:<\/b><\/strong><\/td>\n<td width=\"601\">Acceptabel<\/td>\n<\/tr>\n<tr>\n<td width=\"146\"><strong><b>Kvalitet:<\/b><\/strong><\/td>\n<td width=\"601\">100% H\u00f8j kvalitet<\/td>\n<\/tr>\n<tr>\n<td width=\"146\"><strong><b>M<\/b><\/strong><strong><b>OQ:<\/b><\/strong><\/td>\n<td width=\"601\">200 stk.<\/td>\n<\/tr>\n<\/tbody>\n<\/table>","protected":false},"featured_media":1805,"template":"","meta":[],"product_brand":[],"product_cat":[38],"product_tag":[],"class_list":{"0":"post-1804","1":"product","2":"type-product","3":"status-publish","4":"has-post-thumbnail","6":"product_cat-mens-clothing","8":"first","9":"instock","10":"shipping-taxable","11":"product-type-simple"},"_links":{"self":[{"href":"https:\/\/mj-clothing.com\/da\/wp-json\/wp\/v2\/product\/1804","targetHints":{"allow":["GET"]}}],"collection":[{"href":"https:\/\/mj-clothing.com\/da\/wp-json\/wp\/v2\/product"}],"about":[{"href":"https:\/\/mj-clothing.com\/da\/wp-json\/wp\/v2\/types\/product"}],"wp:featuredmedia":[{"embeddable":true,"href":"https:\/\/mj-clothing.com\/da\/wp-json\/wp\/v2\/media\/1805"}],"wp:attachment":[{"href":"https:\/\/mj-clothing.com\/da\/wp-json\/wp\/v2\/media?parent=1804"}],"wp:term":[{"taxonomy":"product_brand","embeddable":true,"href":"https:\/\/mj-clothing.com\/da\/wp-json\/wp\/v2\/product_brand?post=1804"},{"taxonomy":"product_cat","embeddable":true,"href":"https:\/\/mj-clothing.com\/da\/wp-json\/wp\/v2\/product_cat?post=1804"},{"taxonomy":"product_tag","embeddable":true,"href":"https:\/\/mj-clothing.com\/da\/wp-json\/wp\/v2\/product_tag?post=1804"}],"curies":[{"name":"wp","href":"https:\/\/api.w.org\/{rel}","templated":true}]}}