{"id":1806,"date":"2024-12-14T06:59:55","date_gmt":"2024-12-14T06:59:55","guid":{"rendered":"https:\/\/mj-clothing.com\/?post_type=product&#038;p=1806"},"modified":"2024-12-17T06:54:59","modified_gmt":"2024-12-17T06:54:59","slug":"mens-slim-fit-sweater","status":"publish","type":"product","link":"https:\/\/mj-clothing.com\/da\/manufacturer\/mens-slim-fit-sweater\/","title":{"rendered":"Slim Fit-sweater til m\u00e6nd"},"content":{"rendered":"<p data-sourcepos=\"1:1-1:224\"><span class=\"citation-0 recitation citation-end-0\">En slim fit-sweater til m\u00e6nd er et alsidigt stykke t\u00f8j, der giver et elegant og moderne look.<\/span> <span class=\"citation-1 recitation citation-end-1\">Den er designet til at sidde t\u00e6ttere p\u00e5 kroppen og fremh\u00e6ve din fysik, samtidig med at den giver komfort og varme.<\/span><\/p>\n<h3 data-sourcepos=\"1:1-1:224\"><strong>\u00a0 \u00a0 Hvorfor v\u00e6lge en slim fit sweater til m\u00e6nd?<\/strong><\/h3>\n<ul data-sourcepos=\"5:1-9:0\">\n<li data-sourcepos=\"5:1-5:95\"><strong><span class=\"citation-2 recitation\">Slank og moderne:<\/span><\/strong><span class=\"citation-2 recitation citation-end-2\"> En slim fit-sweater giver et moderne og stilfuldt look.<\/span>\n<div class=\"container ng-tns-c2946245707-350 hide\">\n<div class=\"carousel-container ng-tns-c2946245707-350\"><\/div>\n<\/div>\n<\/li>\n<li data-sourcepos=\"6:1-6:103\"><strong>Flatterende pasform:<\/strong> Det kan hj\u00e6lpe med at fremh\u00e6ve din fysik og skabe en mere str\u00f8mlinet silhuet.<\/li>\n<li data-sourcepos=\"7:1-7:89\"><strong>Alsidighed:<\/strong> Den kan dresses op eller ned, hvilket g\u00f8r den perfekt til forskellige lejligheder.<\/li>\n<li data-sourcepos=\"8:1-9:0\"><strong>Komfort:<\/strong> P\u00e5 trods af den t\u00e6tsiddende stil kan en vellavet slim fit-sweater v\u00e6re utrolig behagelig.<\/li>\n<\/ul>\n<h3 data-sourcepos=\"10:1-10:36\"><strong>S\u00e5dan styler du en slim fit sweater til m\u00e6nd:<\/strong><\/h3>\n<ul data-sourcepos=\"12:1-15:0\">\n<li data-sourcepos=\"12:1-12:77\"><strong>Afslappet:<\/strong> S\u00e6t den sammen med jeans, en t-shirt og sneakers for et afslappet look.<\/li>\n<li data-sourcepos=\"13:1-13:96\"><strong>Smart og afslappet:<\/strong> Brug den med chinos, en skjorte med knapper og loafers for et poleret outfit.<\/li>\n<li data-sourcepos=\"14:1-15:0\"><strong>Formelt:<\/strong> L\u00e6g den over en skjorte og et slips for et sofistikeret look.<\/li>\n<\/ul>\n<h3 data-sourcepos=\"16:1-16:41\"><strong>Tips til at v\u00e6lge en slim fit sweater til m\u00e6nd:<\/strong><\/h3>\n<ul data-sourcepos=\"18:1-22:0\">\n<li data-sourcepos=\"18:1-18:164\"><strong>Materiale:<\/strong> Overvej materialet, da det vil p\u00e5virke tr\u00f8jens varme, komfort og holdbarhed. <span class=\"citation-3 recitation citation-end-3\">Uld, kashmir og bomuld er popul\u00e6re valg.<\/span><\/li>\n<li data-sourcepos=\"18:1-18:164\"><strong style=\"font-size: 14.4px;\">Passer:<\/strong><span style=\"font-size: 14.4px;\"> S\u00f8rg for, at tr\u00f8jen sidder godt uden at v\u00e6re for stram eller for l\u00f8s.<\/span><\/li>\n<li data-sourcepos=\"20:1-20:103\"><strong>Stil:<\/strong> V\u00e6lg en stil, der passer til din personlige smag, f.eks. rund hals, V-hals eller rullekrave.<\/li>\n<li data-sourcepos=\"21:1-22:0\"><strong>Farve:<\/strong> Overvej, hvilken farve og hvilket m\u00f8nster tr\u00f8jen skal have, s\u00e5 den passer til din garderobe.<\/li>\n<\/ul>\n<p data-sourcepos=\"23:1-23:96\"><strong>Husk p\u00e5 det:<\/strong> En velsiddende slim fit-sweater kan l\u00f8fte din stil og f\u00e5 dig til at se godt ud.<\/p>","protected":false},"excerpt":{"rendered":"<table style=\"height: 520px;\" width=\"518\">\n<tbody>\n<tr>\n<td width=\"146\"><strong><b>Produkt<\/b><\/strong>\u00a0<strong><b>Navn:<\/b><\/strong><\/td>\n<td width=\"601\"><strong>Slim Fit-sweater til m\u00e6nd<\/strong><\/td>\n<\/tr>\n<tr>\n<td width=\"146\"><strong><b>Materlal:<\/b><\/strong><\/td>\n<td width=\"601\">Polyester\/bomuld<\/td>\n<\/tr>\n<tr>\n<td width=\"146\"><strong><b>Teknik:<\/b><\/strong><\/td>\n<td width=\"601\">V\u00e6vning<\/td>\n<\/tr>\n<tr>\n<td width=\"146\"><strong><b>Stil:<\/b><\/strong><\/td>\n<td width=\"601\">Afslappet<\/td>\n<\/tr>\n<tr>\n<td width=\"146\"><strong><b>Farve<\/b><\/strong><strong><b>:<\/b><\/strong><\/td>\n<td width=\"601\">\u00a0Brugerdefinerede farver<\/td>\n<\/tr>\n<tr>\n<td width=\"146\"><strong><b>St\u00f8rrelse:<\/b><\/strong><\/td>\n<td width=\"601\">S \/M \/L \/XL \/2XL<\/td>\n<\/tr>\n<tr>\n<td width=\"146\"><strong><b>OEM\/ODM:<\/b><\/strong><\/td>\n<td width=\"601\">Acceptabel<\/td>\n<\/tr>\n<tr>\n<td width=\"146\"><strong><b>Kvalitet:<\/b><\/strong><\/td>\n<td width=\"601\">100% H\u00f8j kvalitet<\/td>\n<\/tr>\n<tr>\n<td width=\"146\"><strong><b>M<\/b><\/strong><strong><b>OQ:<\/b><\/strong><\/td>\n<td width=\"601\">200 stk.<\/td>\n<\/tr>\n<\/tbody>\n<\/table>","protected":false},"featured_media":1807,"template":"","meta":[],"product_brand":[],"product_cat":[38],"product_tag":[],"class_list":{"0":"post-1806","1":"product","2":"type-product","3":"status-publish","4":"has-post-thumbnail","6":"product_cat-mens-clothing","8":"first","9":"instock","10":"shipping-taxable","11":"product-type-simple"},"_links":{"self":[{"href":"https:\/\/mj-clothing.com\/da\/wp-json\/wp\/v2\/product\/1806","targetHints":{"allow":["GET"]}}],"collection":[{"href":"https:\/\/mj-clothing.com\/da\/wp-json\/wp\/v2\/product"}],"about":[{"href":"https:\/\/mj-clothing.com\/da\/wp-json\/wp\/v2\/types\/product"}],"wp:featuredmedia":[{"embeddable":true,"href":"https:\/\/mj-clothing.com\/da\/wp-json\/wp\/v2\/media\/1807"}],"wp:attachment":[{"href":"https:\/\/mj-clothing.com\/da\/wp-json\/wp\/v2\/media?parent=1806"}],"wp:term":[{"taxonomy":"product_brand","embeddable":true,"href":"https:\/\/mj-clothing.com\/da\/wp-json\/wp\/v2\/product_brand?post=1806"},{"taxonomy":"product_cat","embeddable":true,"href":"https:\/\/mj-clothing.com\/da\/wp-json\/wp\/v2\/product_cat?post=1806"},{"taxonomy":"product_tag","embeddable":true,"href":"https:\/\/mj-clothing.com\/da\/wp-json\/wp\/v2\/product_tag?post=1806"}],"curies":[{"name":"wp","href":"https:\/\/api.w.org\/{rel}","templated":true}]}}