{"id":1809,"date":"2024-12-14T07:05:10","date_gmt":"2024-12-14T07:05:10","guid":{"rendered":"https:\/\/mj-clothing.com\/?post_type=product&#038;p=1809"},"modified":"2024-12-17T06:53:15","modified_gmt":"2024-12-17T06:53:15","slug":"mens-quilted-sweater","status":"publish","type":"product","link":"https:\/\/mj-clothing.com\/da\/manufacturer\/mens-quilted-sweater\/","title":{"rendered":"Quiltet sweater til m\u00e6nd"},"content":{"rendered":"<p data-sourcepos=\"1:1-1:189\"><span class=\"citation-0 recitation citation-end-0\">En quiltet herresweater er et stilfuldt og funktionelt stykke t\u00f8j, som b\u00e5de giver varme og en unik \u00e6stetik.<\/span> Her er grunden til, at du b\u00f8r overveje at tilf\u00f8je en til din garderobe:<span class=\"button-container hide-from-message-actions ng-star-inserted\"> \u00a0<\/span><\/p>\n<h3 data-sourcepos=\"3:1-3:33\"><strong>\u00a0 Hvorfor v\u00e6lge en quiltet sweater til m\u00e6nd?<\/strong><\/h3>\n<ul data-sourcepos=\"5:1-9:0\">\n<li data-sourcepos=\"5:1-5:139\"><strong>Varme og komfort:<\/strong> <span class=\"citation-1 recitation citation-end-1\">Det quiltede design fanger luft, giver fremragende isolering og holder dig varm i koldere vejr.<\/span><span class=\"button-container hide-from-message-actions ng-star-inserted\"> \u00a0<\/span>\n<div class=\"container ng-tns-c2946245707-367 hide\">\n<div class=\"carousel-container ng-tns-c2946245707-367\"><\/div>\n<\/div>\n<\/li>\n<li data-sourcepos=\"6:1-6:129\"><strong>Stil og alsidighed:<\/strong> <span class=\"citation-2 recitation citation-end-2\">Quiltede tr\u00f8jer kan dresses op eller ned, hvilket g\u00f8r dem velegnede til forskellige lejligheder.<\/span><\/li>\n<li data-sourcepos=\"6:1-6:129\"><strong style=\"font-size: 14.4px;\">Unik \u00e6stetik:<\/strong><span style=\"font-size: 14.4px;\"> Det quiltede m\u00f8nster giver visuel interesse og tekstur til dit outfit.<\/span><\/li>\n<li data-sourcepos=\"8:1-9:0\"><strong>Holdbarhed:<\/strong> <span class=\"citation-3 recitation citation-end-3\">Quiltede tr\u00f8jer er ofte lavet af slidst\u00e6rke materialer, som sikrer, at de kan modst\u00e5 almindelig slitage.<\/span><span class=\"button-container hide-from-message-actions ng-star-inserted\">\u00a0<\/span>\n<div class=\"container ng-tns-c2946245707-369 hide\">\n<div class=\"carousel-container ng-tns-c2946245707-369\">\n<div class=\"carousel-content ng-tns-c2946245707-369\">\n<div class=\"sources-carousel-source ng-tns-c2946245707-369 hide ng-star-inserted\" data-test-id=\"sources-carousel-source\"><\/div>\n<\/div>\n<\/div>\n<\/div>\n<\/li>\n<\/ul>\n<h3 data-sourcepos=\"10:1-10:35\"><strong>S\u00e5dan styler du en quiltet sweater til m\u00e6nd:<\/strong><\/h3>\n<ul data-sourcepos=\"12:1-15:0\">\n<li data-sourcepos=\"12:1-12:77\"><strong>Afslappet:<\/strong> S\u00e6t den sammen med jeans, en t-shirt og sneakers for et afslappet look.<\/li>\n<li data-sourcepos=\"13:1-13:96\"><strong>Smart og afslappet:<\/strong> Brug den med chinos, en skjorte med knapper og loafers for et poleret outfit.<\/li>\n<li data-sourcepos=\"14:1-15:0\"><strong>Udend\u00f8rs aktiviteter:<\/strong> L\u00e6g den over en fleece eller h\u00e6ttetr\u00f8je for at f\u00e5 ekstra varme p\u00e5 udend\u00f8rs eventyr.<\/li>\n<\/ul>\n<h3 data-sourcepos=\"16:1-16:41\"><strong>Hvor finder man quiltede tr\u00f8jer til m\u00e6nd?<\/strong><\/h3>\n<ul data-sourcepos=\"18:1-21:0\">\n<li data-sourcepos=\"18:1-18:86\"><strong>Stormagasiner:<\/strong> Se efter m\u00e6rker, der tilbyder en r\u00e6kke forskellige stilarter og materialer.<\/li>\n<li data-sourcepos=\"19:1-19:131\"><strong><span class=\"citation-4 recitation\">Online-forhandlere:<\/span><\/strong><span class=\"citation-4 recitation citation-end-4\"> Hjemmesider som Amazon, eBay og andre onlineforhandlere tilbyder et bredt udvalg af quiltede tr\u00f8jer.<\/span><span class=\"button-container hide-from-message-actions ng-star-inserted\">\u00a0<\/span>\n<div class=\"container ng-tns-c2946245707-370 hide\">\n<div class=\"carousel-container ng-tns-c2946245707-370\">\n<div class=\"carousel-content ng-tns-c2946245707-370\">\n<div class=\"sources-carousel-source ng-tns-c2946245707-370 hide ng-star-inserted\" data-test-id=\"sources-carousel-source\"><\/div>\n<\/div>\n<\/div>\n<\/div>\n<\/li>\n<li data-sourcepos=\"20:1-21:0\"><strong>Udend\u00f8rs t\u00f8jbutikker:<\/strong> Butikker, der specialiserer sig i friluftsudstyr, har ofte vatterede tr\u00f8jer, der er designet til specifikke aktiviteter.<\/li>\n<\/ul>\n<h3 data-sourcepos=\"22:1-22:40\"><strong>Tips til at v\u00e6lge en quiltet sweater:<\/strong><\/h3>\n<ul data-sourcepos=\"24:1-28:0\">\n<li data-sourcepos=\"24:1-24:169\"><strong>Materiale:<\/strong> Overvej materialet i dynen, da det vil p\u00e5virke tr\u00f8jens varme og holdbarhed. Uld, fleece og syntetiske materialer er almindelige valg.<\/li>\n<li data-sourcepos=\"25:1-25:70\"><strong>Passer:<\/strong> V\u00e6lg en tr\u00f8je, der sidder godt og er behagelig at have p\u00e5.<\/li>\n<li data-sourcepos=\"26:1-26:102\"><strong>Stil:<\/strong> V\u00e6lg en stil, der passer til din personlige smag, f.eks. en fuld lynl\u00e5s, en halv lynl\u00e5s eller en pullover.<\/li>\n<li data-sourcepos=\"27:1-28:0\"><strong>Farve og m\u00f8nster:<\/strong> Overvej, hvilken farve og hvilket m\u00f8nster dynen skal have, s\u00e5 den passer til din garderobe.<\/li>\n<\/ul>\n<p data-sourcepos=\"29:1-29:193\">Ved at investere i en quiltet sweater af h\u00f8j kvalitet f\u00e5r du ikke kun en stilfuld og funktionel bekl\u00e6dningsgenstand, men ogs\u00e5 et stykke t\u00f8j, der vil holde dig varm og komfortabel i mange \u00e5r fremover.<\/p>","protected":false},"excerpt":{"rendered":"<table style=\"height: 486px;\" width=\"466\">\n<tbody>\n<tr>\n<td width=\"146\"><strong><b>Produkt<\/b><\/strong>\u00a0<strong><b>Navn:<\/b><\/strong><\/td>\n<td width=\"601\"><strong>Quiltet sweater til m\u00e6nd<\/strong><\/td>\n<\/tr>\n<tr>\n<td width=\"146\"><strong><b>Materlal:<\/b><\/strong><\/td>\n<td width=\"601\">Polyester\/bomuld<\/td>\n<\/tr>\n<tr>\n<td width=\"146\"><strong><b>Teknik:<\/b><\/strong><\/td>\n<td width=\"601\">V\u00e6vning<\/td>\n<\/tr>\n<tr>\n<td width=\"146\"><strong><b>Stil:<\/b><\/strong><\/td>\n<td width=\"601\">Afslappet<\/td>\n<\/tr>\n<tr>\n<td width=\"146\"><strong><b>Farve<\/b><\/strong><strong><b>:<\/b><\/strong><\/td>\n<td width=\"601\">\u00a0Brugerdefinerede farver<\/td>\n<\/tr>\n<tr>\n<td width=\"146\"><strong><b>St\u00f8rrelse:<\/b><\/strong><\/td>\n<td width=\"601\">S \/M \/L \/XL \/2XL<\/td>\n<\/tr>\n<tr>\n<td width=\"146\"><strong><b>OEM\/ODM:<\/b><\/strong><\/td>\n<td width=\"601\">Acceptabel<\/td>\n<\/tr>\n<tr>\n<td width=\"146\"><strong><b>Kvalitet:<\/b><\/strong><\/td>\n<td width=\"601\">100% H\u00f8j kvalitet<\/td>\n<\/tr>\n<tr>\n<td width=\"146\"><strong><b>M<\/b><\/strong><strong><b>OQ:<\/b><\/strong><\/td>\n<td width=\"601\">200 stk.<\/td>\n<\/tr>\n<\/tbody>\n<\/table>","protected":false},"featured_media":1810,"template":"","meta":[],"product_brand":[],"product_cat":[38],"product_tag":[],"class_list":{"0":"post-1809","1":"product","2":"type-product","3":"status-publish","4":"has-post-thumbnail","6":"product_cat-mens-clothing","8":"first","9":"instock","10":"shipping-taxable","11":"product-type-simple"},"_links":{"self":[{"href":"https:\/\/mj-clothing.com\/da\/wp-json\/wp\/v2\/product\/1809","targetHints":{"allow":["GET"]}}],"collection":[{"href":"https:\/\/mj-clothing.com\/da\/wp-json\/wp\/v2\/product"}],"about":[{"href":"https:\/\/mj-clothing.com\/da\/wp-json\/wp\/v2\/types\/product"}],"wp:featuredmedia":[{"embeddable":true,"href":"https:\/\/mj-clothing.com\/da\/wp-json\/wp\/v2\/media\/1810"}],"wp:attachment":[{"href":"https:\/\/mj-clothing.com\/da\/wp-json\/wp\/v2\/media?parent=1809"}],"wp:term":[{"taxonomy":"product_brand","embeddable":true,"href":"https:\/\/mj-clothing.com\/da\/wp-json\/wp\/v2\/product_brand?post=1809"},{"taxonomy":"product_cat","embeddable":true,"href":"https:\/\/mj-clothing.com\/da\/wp-json\/wp\/v2\/product_cat?post=1809"},{"taxonomy":"product_tag","embeddable":true,"href":"https:\/\/mj-clothing.com\/da\/wp-json\/wp\/v2\/product_tag?post=1809"}],"curies":[{"name":"wp","href":"https:\/\/api.w.org\/{rel}","templated":true}]}}