{"id":1811,"date":"2024-12-14T07:29:45","date_gmt":"2024-12-14T07:29:45","guid":{"rendered":"https:\/\/mj-clothing.com\/?post_type=product&#038;p=1811"},"modified":"2024-12-17T06:51:19","modified_gmt":"2024-12-17T06:51:19","slug":"mens-hooded-cotton-jacket","status":"publish","type":"product","link":"https:\/\/mj-clothing.com\/da\/manufacturer\/mens-hooded-cotton-jacket\/","title":{"rendered":"Bomuldsjakke med h\u00e6tte til m\u00e6nd"},"content":{"rendered":"<p data-sourcepos=\"1:1-1:194\"><span class=\"citation-0 recitation citation-end-0\">En bomuldsjakke med h\u00e6tte til m\u00e6nd er et alsidigt og stilfuldt stykke overt\u00f8j, der kan bruges under forskellige vejrforhold.<\/span> Her er grunden til, at du b\u00f8r overveje at tilf\u00f8je en til din garderobe:<span class=\"button-container hide-from-message-actions ng-star-inserted\">\u00a0<\/span><\/p>\n<div class=\"container ng-tns-c2946245707-384 hide\">\n<div class=\"carousel-container ng-tns-c2946245707-384\">\n<div class=\"carousel-content ng-tns-c2946245707-384\">\n<div class=\"sources-carousel-source ng-tns-c2946245707-384 hide ng-star-inserted\" data-test-id=\"sources-carousel-source\"><\/div>\n<\/div>\n<\/div>\n<\/div>\n<h3 data-sourcepos=\"3:1-3:38\"><strong>Hvorfor v\u00e6lge en bomuldsjakke med h\u00e6tte til m\u00e6nd?<\/strong><\/h3>\n<ul data-sourcepos=\"5:1-9:0\">\n<li data-sourcepos=\"5:1-5:128\"><strong><span class=\"citation-1 recitation\">Komfort og varme:<\/span><\/strong><span class=\"citation-1 recitation citation-end-1\"> Bomuld er et \u00e5ndbart og behageligt materiale, som kan holde dig varm i k\u00f8ligere vejr.<\/span><\/li>\n<li data-sourcepos=\"5:1-5:128\"><strong style=\"font-size: 14.4px;\">Alsidighed:<\/strong><span style=\"font-size: 14.4px;\"> En bomuldsjakke med h\u00e6tte kan dresses op eller ned, hvilket g\u00f8r den perfekt til b\u00e5de afslappede og semi-formelle lejligheder.<\/span><\/li>\n<li data-sourcepos=\"7:1-7:97\"><strong>Beskyttelse mod elementerne:<\/strong> H\u00e6tten giver ekstra beskyttelse mod regn, vind og kulde.<\/li>\n<li data-sourcepos=\"8:1-9:0\"><strong>Stil:<\/strong> Jakker med h\u00e6tte kan give et strejf af stil til ethvert outfit.<\/li>\n<\/ul>\n<h3 data-sourcepos=\"10:1-10:40\"><strong>S\u00e5dan styler du en bomuldsjakke med h\u00e6tte til m\u00e6nd:<\/strong><\/h3>\n<ul data-sourcepos=\"12:1-15:0\">\n<li data-sourcepos=\"12:1-12:77\"><strong>Afslappet:<\/strong> S\u00e6t den sammen med jeans, en t-shirt og sneakers for et afslappet look.<\/li>\n<li data-sourcepos=\"13:1-13:96\"><strong>Smart og afslappet:<\/strong> Brug den med chinos, en skjorte med knapper og loafers for et poleret outfit.<\/li>\n<li data-sourcepos=\"14:1-15:0\"><strong>Udend\u00f8rs aktiviteter:<\/strong> L\u00e6g den over en fleece eller h\u00e6ttetr\u00f8je for at f\u00e5 ekstra varme p\u00e5 udend\u00f8rs eventyr.<\/li>\n<\/ul>\n<h3 data-sourcepos=\"16:1-16:46\"><strong>Hvor finder man bomuldsjakker med h\u00e6tte til m\u00e6nd?<\/strong><\/h3>\n<ul data-sourcepos=\"18:1-21:0\">\n<li data-sourcepos=\"18:1-18:86\"><strong>Stormagasiner:<\/strong> Se efter m\u00e6rker, der tilbyder en r\u00e6kke forskellige stilarter og materialer.<\/li>\n<li data-sourcepos=\"19:1-19:136\"><strong><span class=\"citation-2 recitation\">Online-forhandlere:<\/span><\/strong><span class=\"citation-2 recitation citation-end-2\"> Hjemmesider som Amazon, eBay og andre onlineforhandlere tilbyder et bredt udvalg af bomuldsjakker med h\u00e6tte.<\/span><span class=\"button-container hide-from-message-actions ng-star-inserted\"> \u00a0<\/span>\n<div class=\"container ng-tns-c2946245707-386 hide\">\n<div class=\"carousel-container ng-tns-c2946245707-386\"><\/div>\n<\/div>\n<\/li>\n<li data-sourcepos=\"20:1-21:0\"><strong>Udend\u00f8rs t\u00f8jbutikker:<\/strong> Butikker, der specialiserer sig i friluftsudstyr, har ofte bomuldsjakker med h\u00e6tte, der er designet til specifikke aktiviteter.<\/li>\n<\/ul>\n<h3 data-sourcepos=\"22:1-22:45\"><strong>Tips til at v\u00e6lge en bomuldsjakke med h\u00e6tte til m\u00e6nd:<\/strong><\/h3>\n<ul data-sourcepos=\"24:1-28:0\">\n<li data-sourcepos=\"24:1-24:123\"><strong>Materiale:<\/strong> Overvej bomuldens v\u00e6gt og tykkelse, da det vil p\u00e5virke jakkens varme og holdbarhed.<\/li>\n<li data-sourcepos=\"25:1-25:69\"><strong>Passer:<\/strong> V\u00e6lg en jakke, der sidder godt og er behagelig at have p\u00e5.<\/li>\n<li data-sourcepos=\"26:1-26:108\"><strong>Stil:<\/strong> V\u00e6lg en stil, der passer til din personlige smag, f.eks. en bomberjakke, feltjakke eller parka.<\/li>\n<li data-sourcepos=\"27:1-28:0\"><strong>Funktioner:<\/strong> Overvej ekstra funktioner som lommer, h\u00e6tte med sn\u00f8re og ribkant ved h\u00e5ndled og forneden.<\/li>\n<\/ul>\n<p data-sourcepos=\"29:1-29:198\">N\u00e5r du investerer i en bomuldsjakke med h\u00e6tte af h\u00f8j kvalitet, f\u00e5r du ikke kun en stilfuld og funktionel bekl\u00e6dningsgenstand, men ogs\u00e5 et stykke t\u00f8j, der vil holde dig varm og komfortabel i mange \u00e5r fremover.<\/p>\n<div class=\"attachment-container search-images\">\n<div class=\"image-container hide-from-message-actions ng-star-inserted\">\n<div class=\"overlay-container ng-star-inserted\"><\/div>\n<\/div>\n<\/div>","protected":false},"excerpt":{"rendered":"<table style=\"height: 509px;\" width=\"553\">\n<tbody>\n<tr>\n<td width=\"146\"><strong><b>Produkt<\/b><\/strong>\u00a0<strong><b>Navn:<\/b><\/strong><\/td>\n<td width=\"601\"><strong>Bomuldsjakke med h\u00e6tte til m\u00e6nd<\/strong><\/td>\n<\/tr>\n<tr>\n<td width=\"146\"><strong><b>Materlal:<\/b><\/strong><\/td>\n<td width=\"601\">Polyester\/bomuld<\/td>\n<\/tr>\n<tr>\n<td width=\"146\"><strong><b>Teknik:<\/b><\/strong><\/td>\n<td width=\"601\">Ensfarvet bomuld<\/td>\n<\/tr>\n<tr>\n<td width=\"146\"><strong><b>Stil:<\/b><\/strong><\/td>\n<td width=\"601\">Afslappet<\/td>\n<\/tr>\n<tr>\n<td width=\"146\"><strong><b>Farve<\/b><\/strong><strong><b>:<\/b><\/strong><\/td>\n<td width=\"601\">\u00a0Brugerdefinerede farver<\/td>\n<\/tr>\n<tr>\n<td width=\"146\"><strong><b>St\u00f8rrelse:<\/b><\/strong><\/td>\n<td width=\"601\">S \/M \/L \/XL \/2XL<\/td>\n<\/tr>\n<tr>\n<td width=\"146\"><strong><b>OEM\/ODM:<\/b><\/strong><\/td>\n<td width=\"601\">Acceptabel<\/td>\n<\/tr>\n<tr>\n<td width=\"146\"><strong><b>Kvalitet:<\/b><\/strong><\/td>\n<td width=\"601\">100% H\u00f8j kvalitet<\/td>\n<\/tr>\n<tr>\n<td width=\"146\"><strong><b>M<\/b><\/strong><strong><b>OQ:<\/b><\/strong><\/td>\n<td width=\"601\">200 stk.<\/td>\n<\/tr>\n<\/tbody>\n<\/table>","protected":false},"featured_media":1812,"template":"","meta":[],"product_brand":[],"product_cat":[38],"product_tag":[],"class_list":{"0":"post-1811","1":"product","2":"type-product","3":"status-publish","4":"has-post-thumbnail","6":"product_cat-mens-clothing","8":"first","9":"instock","10":"shipping-taxable","11":"product-type-simple"},"_links":{"self":[{"href":"https:\/\/mj-clothing.com\/da\/wp-json\/wp\/v2\/product\/1811","targetHints":{"allow":["GET"]}}],"collection":[{"href":"https:\/\/mj-clothing.com\/da\/wp-json\/wp\/v2\/product"}],"about":[{"href":"https:\/\/mj-clothing.com\/da\/wp-json\/wp\/v2\/types\/product"}],"wp:featuredmedia":[{"embeddable":true,"href":"https:\/\/mj-clothing.com\/da\/wp-json\/wp\/v2\/media\/1812"}],"wp:attachment":[{"href":"https:\/\/mj-clothing.com\/da\/wp-json\/wp\/v2\/media?parent=1811"}],"wp:term":[{"taxonomy":"product_brand","embeddable":true,"href":"https:\/\/mj-clothing.com\/da\/wp-json\/wp\/v2\/product_brand?post=1811"},{"taxonomy":"product_cat","embeddable":true,"href":"https:\/\/mj-clothing.com\/da\/wp-json\/wp\/v2\/product_cat?post=1811"},{"taxonomy":"product_tag","embeddable":true,"href":"https:\/\/mj-clothing.com\/da\/wp-json\/wp\/v2\/product_tag?post=1811"}],"curies":[{"name":"wp","href":"https:\/\/api.w.org\/{rel}","templated":true}]}}