{"id":1813,"date":"2024-12-14T07:39:40","date_gmt":"2024-12-14T07:39:40","guid":{"rendered":"https:\/\/mj-clothing.com\/?post_type=product&#038;p=1813"},"modified":"2024-12-17T06:49:41","modified_gmt":"2024-12-17T06:49:41","slug":"flannel-lined-jacket","status":"publish","type":"product","link":"https:\/\/mj-clothing.com\/da\/manufacturer\/flannel-lined-jacket\/","title":{"rendered":"Flannel-foret jakke"},"content":{"rendered":"<h2 data-sourcepos=\"1:1-1:46\">Flannelforede jakker til m\u00e6nd: En hyggelig klassiker<\/h2>\n<p data-sourcepos=\"3:1-3:223\"><span class=\"citation-0 recitation citation-end-0\">En flannelforet jakke er et klassisk stykke overt\u00f8j, der giver varme, komfort og stil.<\/span> Den er perfekt til de k\u00f8lige efter\u00e5rs- og vinterdage, hvor du har brug for lidt ekstra varme uden at g\u00e5 p\u00e5 kompromis med stilen.<\/p>\n<p data-sourcepos=\"3:1-3:223\"><strong>\u00a0 \u00a0 \u00a0Hvorfor v\u00e6lge en flannelforet jakke?<\/strong><\/p>\n<ul data-sourcepos=\"7:1-11:0\">\n<li data-sourcepos=\"7:1-7:103\"><strong>Varme:<\/strong> <span class=\"citation-1 recitation citation-end-1\">Flannelforingen giver fremragende isolering og holder dig varm og komfortabel.<\/span><span class=\"button-container hide-from-message-actions ng-star-inserted\">\u00a0<\/span>\n<div class=\"container ng-tns-c2946245707-430 hide\">\n<div class=\"carousel-container ng-tns-c2946245707-430\"><\/div>\n<\/div>\n<\/li>\n<li data-sourcepos=\"8:1-8:103\"><strong>Komfort:<\/strong> <span class=\"citation-2 recitation citation-end-2\">Flannel er et bl\u00f8dt og behageligt stof, som f\u00f8les godt mod huden.<\/span><span class=\"button-container hide-from-message-actions ng-star-inserted\"> \u00a0<\/span>\n<div class=\"container ng-tns-c2946245707-431 hide\">\n<div class=\"carousel-container ng-tns-c2946245707-431\"><\/div>\n<\/div>\n<\/li>\n<li data-sourcepos=\"9:1-9:119\"><strong>Stil:<\/strong> <span class=\"citation-3 recitation citation-end-3\">Jakker med flannelfor kan dresses op eller ned, hvilket g\u00f8r dem alsidige til forskellige lejligheder.<\/span><span class=\"button-container hide-from-message-actions ng-star-inserted\"> \u00a0<\/span>\n<div class=\"container ng-tns-c2946245707-432 hide\">\n<div class=\"carousel-container ng-tns-c2946245707-432\"><\/div>\n<\/div>\n<\/li>\n<li data-sourcepos=\"10:1-11:0\"><strong><span class=\"citation-4 recitation\">Holdbarhed:<\/span><\/strong><span class=\"citation-4 recitation citation-end-4\"> Flannel er et slidst\u00e6rkt stof, der kan modst\u00e5 almindelig slitage.<\/span><span class=\"button-container hide-from-message-actions ng-star-inserted\">\u00a0<\/span>\n<div class=\"container ng-tns-c2946245707-433 hide\">\n<div class=\"carousel-container ng-tns-c2946245707-433\">\n<div class=\"carousel-content ng-tns-c2946245707-433\">\n<div class=\"sources-carousel-source ng-tns-c2946245707-433 hide ng-star-inserted\" data-test-id=\"sources-carousel-source\"><\/div>\n<\/div>\n<\/div>\n<\/div>\n<\/li>\n<\/ul>\n<p data-sourcepos=\"12:1-12:40\"><strong>S\u00e5dan styler du en flannelforet jakke:<\/strong><\/p>\n<ul data-sourcepos=\"14:1-17:0\">\n<li data-sourcepos=\"14:1-14:77\"><strong>Afslappet:<\/strong> S\u00e6t den sammen med jeans, en t-shirt og sneakers for et afslappet look.<\/li>\n<li data-sourcepos=\"15:1-15:96\"><strong>Smart og afslappet:<\/strong> Brug den med chinos, en skjorte med knapper og loafers for et poleret outfit.<\/li>\n<li data-sourcepos=\"16:1-17:0\"><strong>Udend\u00f8rs aktiviteter:<\/strong> L\u00e6g den over en fleece eller h\u00e6ttetr\u00f8je for at f\u00e5 ekstra varme p\u00e5 udend\u00f8rs eventyr.<\/li>\n<\/ul>\n<p data-sourcepos=\"18:1-18:46\"><strong>Hvor finder man flannelforede jakker til m\u00e6nd?<\/strong><\/p>\n<ul data-sourcepos=\"20:1-23:0\">\n<li data-sourcepos=\"20:1-20:86\"><strong>Stormagasiner:<\/strong> Se efter m\u00e6rker, der tilbyder en r\u00e6kke forskellige stilarter og materialer.<\/li>\n<li data-sourcepos=\"21:1-21:136\"><strong><span class=\"citation-5 recitation\">Online-forhandlere:<\/span><\/strong><span class=\"citation-5 recitation citation-end-5\"> Hjemmesider som Amazon, eBay og andre onlineforhandlere tilbyder et bredt udvalg af flannelforede jakker.<\/span><span class=\"button-container hide-from-message-actions ng-star-inserted\">\u00a0<\/span>\n<div class=\"container ng-tns-c2946245707-434 hide\">\n<div class=\"carousel-container ng-tns-c2946245707-434\"><\/div>\n<\/div>\n<\/li>\n<li data-sourcepos=\"22:1-23:0\"><strong>Udend\u00f8rs t\u00f8jbutikker:<\/strong> Butikker, der specialiserer sig i udend\u00f8rsudstyr, har ofte flannelforede jakker, der er designet til specifikke aktiviteter.<\/li>\n<\/ul>\n<p data-sourcepos=\"24:1-24:45\"><strong>Tips til at v\u00e6lge en flannelforet jakke:<\/strong><\/p>\n<ul data-sourcepos=\"26:1-30:0\">\n<li data-sourcepos=\"26:1-26:128\"><strong>Materiale:<\/strong> Overvej flannelforets v\u00e6gt og tykkelse, da det vil p\u00e5virke jakkens varme og komfort.<\/li>\n<li data-sourcepos=\"27:1-27:69\"><strong>Passer:<\/strong> V\u00e6lg en jakke, der sidder godt og er behagelig at have p\u00e5.<\/li>\n<li data-sourcepos=\"28:1-28:108\"><strong>Stil:<\/strong> V\u00e6lg en stil, der passer til din personlige smag, f.eks. en bomberjakke, feltjakke eller parka.<\/li>\n<li data-sourcepos=\"29:1-30:0\"><strong>Funktioner:<\/strong> Overvej ekstra funktioner som lommer, h\u00e6tte med sn\u00f8re og ribkant ved h\u00e5ndled og forneden.<\/li>\n<\/ul>\n<p data-sourcepos=\"31:1-31:198\">Ved at investere i en flannelforet jakke af h\u00f8j kvalitet f\u00e5r du ikke kun en stilfuld og funktionel bekl\u00e6dningsgenstand, men ogs\u00e5 et stykke t\u00f8j, der vil holde dig varm og komfortabel i mange \u00e5r fremover.<\/p>","protected":false},"excerpt":{"rendered":"<table style=\"height: 478px;\" width=\"452\">\n<tbody>\n<tr>\n<td width=\"146\"><strong><b>Produkt<\/b><\/strong>\u00a0<strong><b>Navn:<\/b><\/strong><\/td>\n<td width=\"601\"><strong>Flannel-foret jakke<\/strong><\/td>\n<\/tr>\n<tr>\n<td width=\"146\"><strong><b>Materlal:<\/b><\/strong><\/td>\n<td width=\"601\">Polyester\/bomuld<\/td>\n<\/tr>\n<tr>\n<td width=\"146\"><strong><b>Teknik:<\/b><\/strong><\/td>\n<td width=\"601\">Ensfarvet bomuld<\/td>\n<\/tr>\n<tr>\n<td width=\"146\"><strong><b>Stil:<\/b><\/strong><\/td>\n<td width=\"601\">Afslappet<\/td>\n<\/tr>\n<tr>\n<td width=\"146\"><strong><b>Farve<\/b><\/strong><strong><b>:<\/b><\/strong><\/td>\n<td width=\"601\">\u00a0Brugerdefinerede farver<\/td>\n<\/tr>\n<tr>\n<td width=\"146\"><strong><b>St\u00f8rrelse:<\/b><\/strong><\/td>\n<td width=\"601\">S \/M \/L \/XL \/2XL<\/td>\n<\/tr>\n<tr>\n<td width=\"146\"><strong><b>OEM\/ODM:<\/b><\/strong><\/td>\n<td width=\"601\">Acceptabel<\/td>\n<\/tr>\n<tr>\n<td width=\"146\"><strong><b>Kvalitet:<\/b><\/strong><\/td>\n<td width=\"601\">100% H\u00f8j kvalitet<\/td>\n<\/tr>\n<tr>\n<td width=\"146\"><strong><b>M<\/b><\/strong><strong><b>OQ:<\/b><\/strong><\/td>\n<td width=\"601\">200 stk.<\/td>\n<\/tr>\n<\/tbody>\n<\/table>","protected":false},"featured_media":1814,"template":"","meta":[],"product_brand":[],"product_cat":[38],"product_tag":[],"class_list":{"0":"post-1813","1":"product","2":"type-product","3":"status-publish","4":"has-post-thumbnail","6":"product_cat-mens-clothing","8":"first","9":"instock","10":"shipping-taxable","11":"product-type-simple"},"_links":{"self":[{"href":"https:\/\/mj-clothing.com\/da\/wp-json\/wp\/v2\/product\/1813","targetHints":{"allow":["GET"]}}],"collection":[{"href":"https:\/\/mj-clothing.com\/da\/wp-json\/wp\/v2\/product"}],"about":[{"href":"https:\/\/mj-clothing.com\/da\/wp-json\/wp\/v2\/types\/product"}],"wp:featuredmedia":[{"embeddable":true,"href":"https:\/\/mj-clothing.com\/da\/wp-json\/wp\/v2\/media\/1814"}],"wp:attachment":[{"href":"https:\/\/mj-clothing.com\/da\/wp-json\/wp\/v2\/media?parent=1813"}],"wp:term":[{"taxonomy":"product_brand","embeddable":true,"href":"https:\/\/mj-clothing.com\/da\/wp-json\/wp\/v2\/product_brand?post=1813"},{"taxonomy":"product_cat","embeddable":true,"href":"https:\/\/mj-clothing.com\/da\/wp-json\/wp\/v2\/product_cat?post=1813"},{"taxonomy":"product_tag","embeddable":true,"href":"https:\/\/mj-clothing.com\/da\/wp-json\/wp\/v2\/product_tag?post=1813"}],"curies":[{"name":"wp","href":"https:\/\/api.w.org\/{rel}","templated":true}]}}