{"id":1816,"date":"2024-12-14T07:48:01","date_gmt":"2024-12-14T07:48:01","guid":{"rendered":"https:\/\/mj-clothing.com\/?post_type=product&#038;p=1816"},"modified":"2024-12-17T06:46:30","modified_gmt":"2024-12-17T06:46:30","slug":"black-suede-jacket","status":"publish","type":"product","link":"https:\/\/mj-clothing.com\/da\/manufacturer\/black-suede-jacket\/","title":{"rendered":"Sort ruskindsjakke"},"content":{"rendered":"<p data-sourcepos=\"1:1-1:164\">En sort ruskindsjakke er et tidl\u00f8st stykke t\u00f8j, der kan l\u00f8fte ethvert outfit. Den er alsidig og kan b\u00e5de dresses op og ned, hvilket g\u00f8r den til et must-have i enhver garderobe.<\/p>\n<h3 data-sourcepos=\"3:1-3:36\"><strong>Hvorfor v\u00e6lge en sort ruskindsjakke?<\/strong><\/h3>\n<ul data-sourcepos=\"5:1-9:0\">\n<li data-sourcepos=\"5:1-5:76\"><strong>Tidl\u00f8s stil:<\/strong> Sort ruskind er en klassiker, som aldrig g\u00e5r af mode.<\/li>\n<li data-sourcepos=\"6:1-6:94\"><strong>Alsidighed:<\/strong> Den kan s\u00e6ttes sammen med jeans, chinos eller endda et jakkes\u00e6t for et mere formelt look.<\/li>\n<li data-sourcepos=\"7:1-7:78\"><strong>Holdbarhed:<\/strong> Ruskind er et robust materiale, der kan modst\u00e5 slitage.<\/li>\n<li data-sourcepos=\"8:1-9:0\"><strong>Edgy:<\/strong> Sort ruskind giver et strejf af kant til ethvert outfit.<\/li>\n<\/ul>\n<h3 data-sourcepos=\"10:1-10:38\"><strong>S\u00e5dan styler du en sort ruskindsjakke:<\/strong><\/h3>\n<ul data-sourcepos=\"12:1-16:0\">\n<li data-sourcepos=\"12:1-12:84\"><strong>Afslappet look:<\/strong> S\u00e6t den sammen med jeans, en t-shirt og sneakers for et afslappet look.<\/li>\n<li data-sourcepos=\"13:1-13:99\"><strong>Smart og afslappet:<\/strong> Brug den med chinos, en skjorte med knapper og loafers for et mere poleret look.<\/li>\n<li data-sourcepos=\"14:1-14:95\"><strong>Edgy look:<\/strong> S\u00e6t den sammen med l\u00e6derbukser, en grafisk tee og st\u00f8vler for en rock-and-roll-stemning.<\/li>\n<li data-sourcepos=\"15:1-16:0\"><strong>Formelt look:<\/strong> L\u00e6g den over en habitjakke for at f\u00e5 et unikt twist p\u00e5 formel p\u00e5kl\u00e6dning.<\/li>\n<\/ul>\n<h3 data-sourcepos=\"17:1-17:43\"><strong>Tips til at v\u00e6lge en sort ruskindsjakke:<\/strong><\/h3>\n<ul data-sourcepos=\"19:1-22:0\">\n<li data-sourcepos=\"19:1-19:71\"><strong>Passer:<\/strong> V\u00e6lg en jakke, der sidder godt og smigrer din kropsform.<\/li>\n<li data-sourcepos=\"20:1-20:78\"><strong>Materiale:<\/strong> G\u00e5 efter ruskind i h\u00f8j kvalitet, som er slidst\u00e6rkt og behageligt.<\/li>\n<li data-sourcepos=\"21:1-22:0\"><strong>Stil:<\/strong> Overvej din personlige stil, og v\u00e6lg en jakke, der afspejler din smag.<\/li>\n<\/ul>","protected":false},"excerpt":{"rendered":"<table style=\"height: 494px;\" width=\"458\">\n<tbody>\n<tr>\n<td width=\"146\"><strong><b>Produkt<\/b><\/strong>\u00a0<strong><b>Navn:<\/b><\/strong><\/td>\n<td width=\"601\"><strong>Sort ruskindsjakke<\/strong><\/td>\n<\/tr>\n<tr>\n<td width=\"146\"><strong><b>Materlal:<\/b><\/strong><\/td>\n<td width=\"601\">Polyester\/bomuld<\/td>\n<\/tr>\n<tr>\n<td width=\"146\"><strong><b>Teknik:<\/b><\/strong><\/td>\n<td width=\"601\">Uld<\/td>\n<\/tr>\n<tr>\n<td width=\"146\"><strong><b>Stil:<\/b><\/strong><\/td>\n<td width=\"601\">Afslappet<\/td>\n<\/tr>\n<tr>\n<td width=\"146\"><strong><b>Farve<\/b><\/strong><strong><b>:<\/b><\/strong><\/td>\n<td width=\"601\">\u00a0Brugerdefinerede farver<\/td>\n<\/tr>\n<tr>\n<td width=\"146\"><strong><b>St\u00f8rrelse:<\/b><\/strong><\/td>\n<td width=\"601\">S \/M \/L \/XL \/2XL<\/td>\n<\/tr>\n<tr>\n<td width=\"146\"><strong><b>OEM\/ODM:<\/b><\/strong><\/td>\n<td width=\"601\">Acceptabel<\/td>\n<\/tr>\n<tr>\n<td width=\"146\"><strong><b>Kvalitet:<\/b><\/strong><\/td>\n<td width=\"601\">100% H\u00f8j kvalitet<\/td>\n<\/tr>\n<tr>\n<td width=\"146\"><strong><b>M<\/b><\/strong><strong><b>OQ:<\/b><\/strong><\/td>\n<td width=\"601\">200 stk.<\/td>\n<\/tr>\n<\/tbody>\n<\/table>","protected":false},"featured_media":1817,"template":"","meta":[],"product_brand":[],"product_cat":[38],"product_tag":[],"class_list":{"0":"post-1816","1":"product","2":"type-product","3":"status-publish","4":"has-post-thumbnail","6":"product_cat-mens-clothing","8":"first","9":"instock","10":"shipping-taxable","11":"product-type-simple"},"_links":{"self":[{"href":"https:\/\/mj-clothing.com\/da\/wp-json\/wp\/v2\/product\/1816","targetHints":{"allow":["GET"]}}],"collection":[{"href":"https:\/\/mj-clothing.com\/da\/wp-json\/wp\/v2\/product"}],"about":[{"href":"https:\/\/mj-clothing.com\/da\/wp-json\/wp\/v2\/types\/product"}],"wp:featuredmedia":[{"embeddable":true,"href":"https:\/\/mj-clothing.com\/da\/wp-json\/wp\/v2\/media\/1817"}],"wp:attachment":[{"href":"https:\/\/mj-clothing.com\/da\/wp-json\/wp\/v2\/media?parent=1816"}],"wp:term":[{"taxonomy":"product_brand","embeddable":true,"href":"https:\/\/mj-clothing.com\/da\/wp-json\/wp\/v2\/product_brand?post=1816"},{"taxonomy":"product_cat","embeddable":true,"href":"https:\/\/mj-clothing.com\/da\/wp-json\/wp\/v2\/product_cat?post=1816"},{"taxonomy":"product_tag","embeddable":true,"href":"https:\/\/mj-clothing.com\/da\/wp-json\/wp\/v2\/product_tag?post=1816"}],"curies":[{"name":"wp","href":"https:\/\/api.w.org\/{rel}","templated":true}]}}