{"id":1819,"date":"2024-12-14T07:53:41","date_gmt":"2024-12-14T07:53:41","guid":{"rendered":"https:\/\/mj-clothing.com\/?post_type=product&#038;p=1819"},"modified":"2024-12-17T06:39:12","modified_gmt":"2024-12-17T06:39:12","slug":"royal-blue-jacket","status":"publish","type":"product","link":"https:\/\/mj-clothing.com\/da\/manufacturer\/royal-blue-jacket\/","title":{"rendered":"Kongebl\u00e5 jakke"},"content":{"rendered":"<p data-sourcepos=\"1:1-1:164\">En kongebl\u00e5 jakke er et alsidigt stykke t\u00f8j, der kan l\u00f8fte ethvert outfit. Det er en rig, levende farve, der kan tilf\u00f8je et strejf af raffinement og stil til din garderobe.<\/p>\n<h3 data-sourcepos=\"3:1-3:35\"><strong>Hvorfor v\u00e6lge en kongebl\u00e5 jakke?<\/strong><\/h3>\n<ul data-sourcepos=\"5:1-8:0\">\n<li data-sourcepos=\"5:1-5:106\"><strong>Alsidighed:<\/strong> En kongebl\u00e5 jakke kan dresses op eller ned, hvilket g\u00f8r den perfekt til forskellige lejligheder.<\/li>\n<li data-sourcepos=\"6:1-6:72\"><strong>Sofistikeret:<\/strong> Den rige farve giver et strejf af elegance og klasse.<\/li>\n<li data-sourcepos=\"7:1-8:0\"><strong>Unik stil:<\/strong> Den skiller sig ud fra m\u00e6ngden og er et modigt statement.<\/li>\n<\/ul>\n<h3 data-sourcepos=\"9:1-9:37\"><strong>S\u00e5dan styler du en kongebl\u00e5 jakke:<\/strong><\/h3>\n<ul data-sourcepos=\"11:1-14:0\">\n<li data-sourcepos=\"11:1-11:77\"><strong>Afslappet:<\/strong> S\u00e6t den sammen med jeans, en t-shirt og sneakers for et afslappet look.<\/li>\n<li data-sourcepos=\"12:1-12:96\"><strong>Smart og afslappet:<\/strong> Brug den med chinos, en skjorte med knapper og loafers for et poleret outfit.<\/li>\n<li data-sourcepos=\"13:1-14:0\"><strong>Formelt:<\/strong> L\u00e6g den over en habitjakke for at f\u00e5 et unikt twist p\u00e5 formel p\u00e5kl\u00e6dning.<\/li>\n<\/ul>\n<h3 data-sourcepos=\"15:1-15:42\"><strong>Tips til at v\u00e6lge en kongebl\u00e5 jakke:<\/strong><\/h3>\n<ul data-sourcepos=\"17:1-20:0\">\n<li data-sourcepos=\"17:1-17:154\"><strong>Materiale:<\/strong> Overvej materialet, da det vil p\u00e5virke jakkens varme, holdbarhed og overordnede udseende. Uld, bomuld og l\u00e6der er popul\u00e6re valg.<\/li>\n<li data-sourcepos=\"18:1-18:71\"><strong>Passer:<\/strong> V\u00e6lg en jakke, der sidder godt og smigrer din kropsform.<\/li>\n<li data-sourcepos=\"19:1-20:0\"><strong>Stil:<\/strong> V\u00e6lg en stil, der passer til din personlige smag, f.eks. en bomberjakke, feltjakke eller blazer.<\/li>\n<\/ul>","protected":false},"excerpt":{"rendered":"<table style=\"height: 563px;\" width=\"468\">\n<tbody>\n<tr>\n<td width=\"146\"><strong><b>Produkt<\/b><\/strong>\u00a0<strong><b>Navn:<\/b><\/strong><\/td>\n<td width=\"601\"><strong>Kongebl\u00e5 jakke<\/strong><\/td>\n<\/tr>\n<tr>\n<td width=\"146\"><strong><b>Materlal:<\/b><\/strong><\/td>\n<td width=\"601\">Polyester\/bomuld<\/td>\n<\/tr>\n<tr>\n<td width=\"146\"><strong><b>Teknik:<\/b><\/strong><\/td>\n<td width=\"601\">Ensfarvet bomuld<\/td>\n<\/tr>\n<tr>\n<td width=\"146\"><strong><b>Stil:<\/b><\/strong><\/td>\n<td width=\"601\">Afslappet<\/td>\n<\/tr>\n<tr>\n<td width=\"146\"><strong><b>Farve<\/b><\/strong><strong><b>:<\/b><\/strong><\/td>\n<td width=\"601\">\u00a0Brugerdefinerede farver<\/td>\n<\/tr>\n<tr>\n<td width=\"146\"><strong><b>St\u00f8rrelse:<\/b><\/strong><\/td>\n<td width=\"601\">S \/M \/L \/XL \/2XL<\/td>\n<\/tr>\n<tr>\n<td width=\"146\"><strong><b>OEM\/ODM:<\/b><\/strong><\/td>\n<td width=\"601\">Acceptabel<\/td>\n<\/tr>\n<tr>\n<td width=\"146\"><strong><b>Kvalitet:<\/b><\/strong><\/td>\n<td width=\"601\">100% H\u00f8j kvalitet<\/td>\n<\/tr>\n<tr>\n<td width=\"146\"><strong><b>M<\/b><\/strong><strong><b>OQ:<\/b><\/strong><\/td>\n<td width=\"601\">200 stk.<\/td>\n<\/tr>\n<\/tbody>\n<\/table>","protected":false},"featured_media":1820,"template":"","meta":[],"product_brand":[],"product_cat":[38],"product_tag":[],"class_list":{"0":"post-1819","1":"product","2":"type-product","3":"status-publish","4":"has-post-thumbnail","6":"product_cat-mens-clothing","8":"first","9":"instock","10":"shipping-taxable","11":"product-type-simple"},"_links":{"self":[{"href":"https:\/\/mj-clothing.com\/da\/wp-json\/wp\/v2\/product\/1819","targetHints":{"allow":["GET"]}}],"collection":[{"href":"https:\/\/mj-clothing.com\/da\/wp-json\/wp\/v2\/product"}],"about":[{"href":"https:\/\/mj-clothing.com\/da\/wp-json\/wp\/v2\/types\/product"}],"wp:featuredmedia":[{"embeddable":true,"href":"https:\/\/mj-clothing.com\/da\/wp-json\/wp\/v2\/media\/1820"}],"wp:attachment":[{"href":"https:\/\/mj-clothing.com\/da\/wp-json\/wp\/v2\/media?parent=1819"}],"wp:term":[{"taxonomy":"product_brand","embeddable":true,"href":"https:\/\/mj-clothing.com\/da\/wp-json\/wp\/v2\/product_brand?post=1819"},{"taxonomy":"product_cat","embeddable":true,"href":"https:\/\/mj-clothing.com\/da\/wp-json\/wp\/v2\/product_cat?post=1819"},{"taxonomy":"product_tag","embeddable":true,"href":"https:\/\/mj-clothing.com\/da\/wp-json\/wp\/v2\/product_tag?post=1819"}],"curies":[{"name":"wp","href":"https:\/\/api.w.org\/{rel}","templated":true}]}}