{"id":1825,"date":"2024-12-16T02:30:24","date_gmt":"2024-12-16T02:30:24","guid":{"rendered":"https:\/\/mj-clothing.com\/?post_type=product&#038;p=1825"},"modified":"2024-12-17T06:30:13","modified_gmt":"2024-12-17T06:30:13","slug":"alchemai-hoodie","status":"publish","type":"product","link":"https:\/\/mj-clothing.com\/da\/manufacturer\/alchemai-hoodie\/","title":{"rendered":"Alchemai h\u00e6ttetr\u00f8je"},"content":{"rendered":"<h3 data-sourcepos=\"1:1-1:266\">Alchemai h\u00e6ttetr\u00f8je<\/h3>\n<p data-sourcepos=\"1:1-1:266\">Alchemai Hoodie er et stilfuldt og behageligt stykke t\u00f8j, der er perfekt til hverdagsbrug. Den er lavet af materialer af h\u00f8j kvalitet og f\u00e5s i mange forskellige farver. H\u00e6ttetr\u00f8jen er ogs\u00e5 meget prisvenlig, hvilket g\u00f8r den til en god mulighed for folk med et stramt budget.<\/p>\n<p data-sourcepos=\"3:1-3:57\">Her er nogle af de vigtigste egenskaber ved Alchemai Hoodie:<\/p>\n<ul data-sourcepos=\"5:1-10:0\">\n<li data-sourcepos=\"5:1-5:153\"><strong>Fremstillet af materialer af h\u00f8j kvalitet:<\/strong> H\u00e6ttetr\u00f8jen er lavet af et bl\u00f8dt og behageligt fleecemateriale, som er perfekt til at holde dig varm p\u00e5 kolde dage.<\/li>\n<li data-sourcepos=\"6:1-6:122\"><strong>F\u00e5s i en r\u00e6kke forskellige farver:<\/strong> Du kan v\u00e6lge mellem mange forskellige farver for at finde den perfekte h\u00e6ttetr\u00f8je til din stil.<\/li>\n<li data-sourcepos=\"7:1-7:97\"><strong>Til at betale:<\/strong> H\u00e6ttetr\u00f8jen er meget prisvenlig, hvilket g\u00f8r den til et godt valg for folk med et lille budget.<\/li>\n<li data-sourcepos=\"8:1-8:103\"><strong>Komfortabel:<\/strong> H\u00e6ttetr\u00f8jen er meget behagelig at have p\u00e5 takket v\u00e6re det bl\u00f8de og l\u00f8stsiddende design.<\/li>\n<li data-sourcepos=\"9:1-10:0\"><strong>Stilfuld:<\/strong> H\u00e6ttetr\u00f8jen er ogs\u00e5 meget stilfuld, og den kan nemt dresses op eller ned.<\/li>\n<\/ul>\n<p data-sourcepos=\"11:1-11:174\">Hvis du er p\u00e5 udkig efter en stilfuld og komfortabel h\u00e6ttetr\u00f8je, der ogs\u00e5 er til at betale, s\u00e5 er Alchemai Hoodie et godt bud. Du kan finde den online eller hos din lokale forhandler.<\/p>","protected":false},"excerpt":{"rendered":"<table style=\"height: 538px;\" width=\"470\">\n<tbody>\n<tr>\n<td width=\"146\"><strong><b>Produkt<\/b><\/strong>\u00a0<strong><b>Navn:<\/b><\/strong><\/td>\n<td width=\"601\"><strong>Alchemai h\u00e6ttetr\u00f8je<\/strong><\/td>\n<\/tr>\n<tr>\n<td width=\"146\"><strong><b>Materlal:<\/b><\/strong><\/td>\n<td width=\"601\">Polyester\/bomuld<\/td>\n<\/tr>\n<tr>\n<td width=\"146\"><strong><b>Teknik:<\/b><\/strong><\/td>\n<td width=\"601\">Trykning og farvning<\/td>\n<\/tr>\n<tr>\n<td width=\"146\"><strong><b>Stil:<\/b><\/strong><\/td>\n<td width=\"601\">Afslappet<\/td>\n<\/tr>\n<tr>\n<td width=\"146\"><strong><b>Farve<\/b><\/strong><strong><b>:<\/b><\/strong><\/td>\n<td width=\"601\">\u00a0Brugerdefinerede farver<\/td>\n<\/tr>\n<tr>\n<td width=\"146\"><strong><b>St\u00f8rrelse:<\/b><\/strong><\/td>\n<td width=\"601\">S \/M \/L \/XL \/2XL<\/td>\n<\/tr>\n<tr>\n<td width=\"146\"><strong><b>OEM\/ODM:<\/b><\/strong><\/td>\n<td width=\"601\">Acceptabel<\/td>\n<\/tr>\n<tr>\n<td width=\"146\"><strong><b>Kvalitet:<\/b><\/strong><\/td>\n<td width=\"601\">100% H\u00f8j kvalitet<\/td>\n<\/tr>\n<tr>\n<td width=\"146\"><strong><b>M<\/b><\/strong><strong><b>OQ:<\/b><\/strong><\/td>\n<td width=\"601\">200 stk.<\/td>\n<\/tr>\n<\/tbody>\n<\/table>","protected":false},"featured_media":1826,"template":"","meta":[],"product_brand":[],"product_cat":[38],"product_tag":[],"class_list":{"0":"post-1825","1":"product","2":"type-product","3":"status-publish","4":"has-post-thumbnail","6":"product_cat-mens-clothing","8":"first","9":"instock","10":"shipping-taxable","11":"product-type-simple"},"_links":{"self":[{"href":"https:\/\/mj-clothing.com\/da\/wp-json\/wp\/v2\/product\/1825","targetHints":{"allow":["GET"]}}],"collection":[{"href":"https:\/\/mj-clothing.com\/da\/wp-json\/wp\/v2\/product"}],"about":[{"href":"https:\/\/mj-clothing.com\/da\/wp-json\/wp\/v2\/types\/product"}],"wp:featuredmedia":[{"embeddable":true,"href":"https:\/\/mj-clothing.com\/da\/wp-json\/wp\/v2\/media\/1826"}],"wp:attachment":[{"href":"https:\/\/mj-clothing.com\/da\/wp-json\/wp\/v2\/media?parent=1825"}],"wp:term":[{"taxonomy":"product_brand","embeddable":true,"href":"https:\/\/mj-clothing.com\/da\/wp-json\/wp\/v2\/product_brand?post=1825"},{"taxonomy":"product_cat","embeddable":true,"href":"https:\/\/mj-clothing.com\/da\/wp-json\/wp\/v2\/product_cat?post=1825"},{"taxonomy":"product_tag","embeddable":true,"href":"https:\/\/mj-clothing.com\/da\/wp-json\/wp\/v2\/product_tag?post=1825"}],"curies":[{"name":"wp","href":"https:\/\/api.w.org\/{rel}","templated":true}]}}