{"id":1830,"date":"2024-12-16T02:45:38","date_gmt":"2024-12-16T02:45:38","guid":{"rendered":"https:\/\/mj-clothing.com\/?post_type=product&#038;p=1830"},"modified":"2024-12-17T06:28:33","modified_gmt":"2024-12-17T06:28:33","slug":"plaid-sweatshirt","status":"publish","type":"product","link":"https:\/\/mj-clothing.com\/da\/manufacturer\/plaid-sweatshirt\/","title":{"rendered":"Ternet sweatshirt"},"content":{"rendered":"<p data-sourcepos=\"1:1-1:178\">Ternede sweatshirts er en klassisk og alsidig bekl\u00e6dningsgenstand, som kan dresses op eller ned. De er perfekte til efter\u00e5r og vinter og kan bruges til mange forskellige lejligheder.<\/p>\n<h3 data-sourcepos=\"3:1-3:70\"><strong>Her er nogle ting, du skal overveje, n\u00e5r du v\u00e6lger en ternet sweatshirt:<\/strong><\/h3>\n<ul data-sourcepos=\"5:1-9:0\">\n<li data-sourcepos=\"5:1-5:137\"><strong>Farve:<\/strong> Plaid findes i mange forskellige farver og m\u00f8nstre. V\u00e6lg en farve, som du kan lide, og som passer godt til dit \u00f8vrige t\u00f8j.<\/li>\n<li data-sourcepos=\"6:1-6:119\"><strong>Passer:<\/strong> V\u00e6lg en pasform, der er behagelig og flatterende. Du vil ikke have en sweatshirt, der er for stram eller for l\u00f8s.<\/li>\n<li data-sourcepos=\"7:1-7:101\"><strong>Materiale:<\/strong> G\u00e5 efter en sweatshirt, der er lavet af et materiale af h\u00f8j kvalitet, som er bl\u00f8dt og behageligt.<\/li>\n<li data-sourcepos=\"8:1-9:0\"><strong>Stil:<\/strong> Ternede sweatshirts findes i mange forskellige stilarter, fra klassisk til moderne. V\u00e6lg en stil, som du kan lide, og som passer til din personlige stil.<\/li>\n<\/ul>\n<h3 data-sourcepos=\"10:1-10:51\"><strong>Her er nogle m\u00e5der at style en ternet sweatshirt p\u00e5:<\/strong><\/h3>\n<ul data-sourcepos=\"12:1-15:0\">\n<li data-sourcepos=\"12:1-12:96\"><strong>Afslappet:<\/strong> S\u00e6t en ternet sweatshirt sammen med jeans og sneakers for et afslappet og behageligt look.<\/li>\n<li data-sourcepos=\"13:1-13:78\"><strong>Kl\u00e6delig:<\/strong> Pift en ternet sweatshirt op ved at s\u00e6tte den sammen med en nederdel eller kjole.<\/li>\n<li data-sourcepos=\"14:1-15:0\"><strong>I lag:<\/strong> L\u00e6g en ternet sweatshirt over en t-shirt eller lang\u00e6rmet skjorte for at f\u00e5 et stilfuldt og varmt look.<\/li>\n<\/ul>\n<h3 data-sourcepos=\"16:1-16:50\"><strong>Her er nogle popul\u00e6re plaid-sweatshirt styles:<\/strong><\/h3>\n<ul data-sourcepos=\"18:1-21:0\">\n<li data-sourcepos=\"18:1-18:48\"><strong>H\u00e6ttetr\u00f8jer:<\/strong> En klassisk og behagelig l\u00f8sning.<\/li>\n<li data-sourcepos=\"19:1-19:49\"><strong>Rund hals:<\/strong> En mere afslappet og uformel mulighed.<\/li>\n<li data-sourcepos=\"20:1-21:0\"><strong>Kvart lynl\u00e5s:<\/strong> En alsidig l\u00f8sning, der kan dresses op eller ned.<\/li>\n<\/ul>\n<h3 data-sourcepos=\"22:1-22:60\"><strong>Her er nogle tips til pleje af din ternede sweatshirt:<\/strong><\/h3>\n<ul data-sourcepos=\"24:1-27:0\">\n<li data-sourcepos=\"24:1-24:55\">Vask din sweatshirt i koldt vand p\u00e5 et sk\u00e5nsomt program.<\/li>\n<li data-sourcepos=\"25:1-25:21\">Undg\u00e5 at bruge blegemiddel.<\/li>\n<li data-sourcepos=\"26:1-27:0\">T\u00f8rres i t\u00f8rretumbler ved lav varme eller h\u00e6nges til t\u00f8rre.<\/li>\n<\/ul>\n<p data-sourcepos=\"28:1-28:130\">Med s\u00e5 mange forskellige stilarter og farver at v\u00e6lge imellem er du sikker p\u00e5 at finde den perfekte ternede sweatshirt til din garderobe.<\/p>","protected":false},"excerpt":{"rendered":"<table style=\"height: 421px;\" width=\"443\">\n<tbody>\n<tr>\n<td width=\"146\"><strong><b>Produkt<\/b><\/strong>\u00a0<strong><b>Navn:<\/b><\/strong><\/td>\n<td width=\"601\"><strong>Ternet sweatshirt<\/strong><\/td>\n<\/tr>\n<tr>\n<td width=\"146\"><strong><b>Materlal:<\/b><\/strong><\/td>\n<td width=\"601\">Polyester\/bomuld<\/td>\n<\/tr>\n<tr>\n<td width=\"146\"><strong><b>Teknik:<\/b><\/strong><\/td>\n<td width=\"601\">Trykning og farvning<\/td>\n<\/tr>\n<tr>\n<td width=\"146\"><strong><b>Stil:<\/b><\/strong><\/td>\n<td width=\"601\">Afslappet<\/td>\n<\/tr>\n<tr>\n<td width=\"146\"><strong><b>Farve<\/b><\/strong><strong><b>:<\/b><\/strong><\/td>\n<td width=\"601\">\u00a0Brugerdefinerede farver<\/td>\n<\/tr>\n<tr>\n<td width=\"146\"><strong><b>St\u00f8rrelse:<\/b><\/strong><\/td>\n<td width=\"601\">S \/M \/L \/XL \/2XL<\/td>\n<\/tr>\n<tr>\n<td width=\"146\"><strong><b>OEM\/ODM:<\/b><\/strong><\/td>\n<td width=\"601\">Acceptabel<\/td>\n<\/tr>\n<tr>\n<td width=\"146\"><strong><b>Kvalitet:<\/b><\/strong><\/td>\n<td width=\"601\">100% H\u00f8j kvalitet<\/td>\n<\/tr>\n<tr>\n<td width=\"146\"><strong><b>M<\/b><\/strong><strong><b>OQ:<\/b><\/strong><\/td>\n<td width=\"601\">200 stk.<\/td>\n<\/tr>\n<\/tbody>\n<\/table>","protected":false},"featured_media":1831,"template":"","meta":[],"product_brand":[],"product_cat":[38],"product_tag":[],"class_list":{"0":"post-1830","1":"product","2":"type-product","3":"status-publish","4":"has-post-thumbnail","6":"product_cat-mens-clothing","8":"first","9":"instock","10":"shipping-taxable","11":"product-type-simple"},"_links":{"self":[{"href":"https:\/\/mj-clothing.com\/da\/wp-json\/wp\/v2\/product\/1830","targetHints":{"allow":["GET"]}}],"collection":[{"href":"https:\/\/mj-clothing.com\/da\/wp-json\/wp\/v2\/product"}],"about":[{"href":"https:\/\/mj-clothing.com\/da\/wp-json\/wp\/v2\/types\/product"}],"wp:featuredmedia":[{"embeddable":true,"href":"https:\/\/mj-clothing.com\/da\/wp-json\/wp\/v2\/media\/1831"}],"wp:attachment":[{"href":"https:\/\/mj-clothing.com\/da\/wp-json\/wp\/v2\/media?parent=1830"}],"wp:term":[{"taxonomy":"product_brand","embeddable":true,"href":"https:\/\/mj-clothing.com\/da\/wp-json\/wp\/v2\/product_brand?post=1830"},{"taxonomy":"product_cat","embeddable":true,"href":"https:\/\/mj-clothing.com\/da\/wp-json\/wp\/v2\/product_cat?post=1830"},{"taxonomy":"product_tag","embeddable":true,"href":"https:\/\/mj-clothing.com\/da\/wp-json\/wp\/v2\/product_tag?post=1830"}],"curies":[{"name":"wp","href":"https:\/\/api.w.org\/{rel}","templated":true}]}}