{"id":1834,"date":"2024-12-16T03:01:13","date_gmt":"2024-12-16T03:01:13","guid":{"rendered":"https:\/\/mj-clothing.com\/?post_type=product&#038;p=1834"},"modified":"2024-12-17T06:27:12","modified_gmt":"2024-12-17T06:27:12","slug":"pullover-hoodie","status":"publish","type":"product","link":"https:\/\/mj-clothing.com\/da\/manufacturer\/pullover-hoodie\/","title":{"rendered":"Pullover-h\u00e6ttetr\u00f8je"},"content":{"rendered":"<p data-sourcepos=\"1:1-1:345\"><span class=\"citation-0 recitation citation-end-0\">En pullover hoodie er et afslappet og behageligt stykke t\u00f8j, der er perfekt til hverdagsbrug.<\/span> <span class=\"citation-1 recitation citation-end-1\">Den har typisk en h\u00e6tte, en k\u00e6ngurulomme og elastiske manchetter og linning.<\/span> <span class=\"citation-2 recitation citation-end-2\">Pullover-h\u00e6ttetr\u00f8jer er ofte lavet af bl\u00f8de og varme materialer som fleece eller bomuld, hvilket g\u00f8r dem ideelle til koldere vejr.<\/span><\/p>\n<h3 data-sourcepos=\"3:1-3:38\"><strong>De vigtigste egenskaber ved en pullover-h\u00e6ttetr\u00f8je:<\/strong><\/h3>\n<ul data-sourcepos=\"5:1-9:0\">\n<li data-sourcepos=\"5:1-5:61\"><strong>H\u00e6tte:<\/strong> Giver varme og beskyttelse mod elementerne.<\/li>\n<li data-sourcepos=\"6:1-6:125\"><strong><span class=\"citation-3 recitation\">K\u00e6ngurulomme:<\/span><\/strong><span class=\"citation-3 recitation citation-end-3\"> En stor forlomme, der er perfekt til at holde h\u00e6nderne varme eller til at have sm\u00e5ting i.<\/span><span class=\"button-container hide-from-message-actions ng-star-inserted\"> \u00a0<\/span>\n<div class=\"container ng-tns-c2946245707-75 hide\">\n<div class=\"carousel-container ng-tns-c2946245707-75\"><\/div>\n<\/div>\n<\/li>\n<li data-sourcepos=\"7:1-7:74\"><strong>Elastiske manchetter og linning:<\/strong> Sikrer en behagelig og t\u00e6tsiddende pasform.<\/li>\n<li data-sourcepos=\"8:1-9:0\"><strong><span class=\"citation-4 recitation\">Bl\u00f8dt og varmt materiale:<\/span><\/strong><span class=\"citation-4 recitation citation-end-4\"> Ofte lavet af fleece eller bomuld for optimal komfort.<\/span>\n<div class=\"container ng-tns-c2946245707-76 hide\">\n<div class=\"carousel-container ng-tns-c2946245707-76\">\n<div class=\"carousel-content ng-tns-c2946245707-76\">\n<div class=\"sources-carousel-source ng-tns-c2946245707-76 hide ng-star-inserted\" data-test-id=\"sources-carousel-source\"><\/div>\n<\/div>\n<\/div>\n<\/div>\n<\/li>\n<\/ul>\n<h3 data-sourcepos=\"10:1-10:35\"><strong>S\u00e5dan styler du en pullover -Hoodie:<\/strong><\/h3>\n<p data-sourcepos=\"12:1-12:118\"><span class=\"citation-5 recitation citation-end-5\">Pullover-h\u00e6ttetr\u00f8jer er utroligt alsidige og kan styles p\u00e5 mange forskellige m\u00e5der.<\/span> Her er et par ideer:<\/p>\n<p data-sourcepos=\"12:1-12:118\"><strong>Afslappet:<\/strong> S\u00e6t en pullover-h\u00e6ttetr\u00f8je sammen med jeans og sneakers for et afslappet og behageligt look.<\/p>\n<ul data-sourcepos=\"14:1-18:0\">\n<li data-sourcepos=\"15:1-15:93\"><strong>Sporty:<\/strong> Brug en pullover-h\u00e6ttetr\u00f8je med sweatpants eller joggers for et sporty og aktivt look.<\/li>\n<li data-sourcepos=\"16:1-16:92\"><strong>I lag:<\/strong> L\u00e6g en pullover-h\u00e6ttetr\u00f8je over en t-shirt eller lang\u00e6rmet skjorte for at f\u00e5 ekstra varme.<\/li>\n<li data-sourcepos=\"17:1-18:0\"><strong>Dressy Casual:<\/strong> Pift en pullover-h\u00e6ttetr\u00f8je op med en l\u00e6derjakke, m\u00f8rke jeans og st\u00f8vler.<\/li>\n<\/ul>\n<h3 data-sourcepos=\"19:1-19:39\"><strong>Popul\u00e6re m\u00e6rker af pullover-h\u00e6ttetr\u00f8jer:<\/strong><\/h3>\n<ul data-sourcepos=\"21:1-26:0\">\n<li data-sourcepos=\"21:1-21:77\"><strong><span class=\"citation-6 recitation\">Mester:<\/span><\/strong><span class=\"citation-6 recitation citation-end-6\"> Kendt for deres h\u00f8je kvalitet og klassiske styles.<\/span><span class=\"button-container hide-from-message-actions ng-star-inserted\"> \u00a0<\/span>\n<div class=\"container ng-tns-c2946245707-78 hide\">\n<div class=\"carousel-container ng-tns-c2946245707-78\"><\/div>\n<\/div>\n<\/li>\n<li data-sourcepos=\"22:1-22:81\"><strong>Nike:<\/strong> Tilbyder et bredt udvalg af pullover-h\u00e6ttetr\u00f8jer i forskellige stilarter og farver.<\/li>\n<li data-sourcepos=\"23:1-23:58\"><strong>Adidas:<\/strong> Kendt for deres atletiske og sporty design.<\/li>\n<li data-sourcepos=\"24:1-24:63\"><strong>H&amp;M:<\/strong> Leverer billige og trendy pullover-hoodies.<\/li>\n<li data-sourcepos=\"25:1-26:0\"><strong>Zara:<\/strong> Tilbyder stilfulde og moderigtige pullover-hoodies.<\/li>\n<\/ul>","protected":false},"excerpt":{"rendered":"<table style=\"height: 508px;\" width=\"446\">\n<tbody>\n<tr>\n<td width=\"146\"><strong><b>Produkt<\/b><\/strong>\u00a0<strong><b>Navn:<\/b><\/strong><\/td>\n<td width=\"601\"><strong>Pullover-h\u00e6ttetr\u00f8je<\/strong><\/td>\n<\/tr>\n<tr>\n<td width=\"146\"><strong><b>Materlal:<\/b><\/strong><\/td>\n<td width=\"601\">Polyester\/bomuld<\/td>\n<\/tr>\n<tr>\n<td width=\"146\"><strong><b>Teknik:<\/b><\/strong><\/td>\n<td width=\"601\">Trykning og farvning<\/td>\n<\/tr>\n<tr>\n<td width=\"146\"><strong><b>Stil:<\/b><\/strong><\/td>\n<td width=\"601\">Afslappet<\/td>\n<\/tr>\n<tr>\n<td width=\"146\"><strong><b>Farve<\/b><\/strong><strong><b>:<\/b><\/strong><\/td>\n<td width=\"601\">\u00a0Brugerdefinerede farver<\/td>\n<\/tr>\n<tr>\n<td width=\"146\"><strong><b>St\u00f8rrelse:<\/b><\/strong><\/td>\n<td width=\"601\">S \/M \/L \/XL \/2XL<\/td>\n<\/tr>\n<tr>\n<td width=\"146\"><strong><b>OEM\/ODM:<\/b><\/strong><\/td>\n<td width=\"601\">Acceptabel<\/td>\n<\/tr>\n<tr>\n<td width=\"146\"><strong><b>Kvalitet:<\/b><\/strong><\/td>\n<td width=\"601\">100% H\u00f8j kvalitet<\/td>\n<\/tr>\n<tr>\n<td width=\"146\"><strong><b>M<\/b><\/strong><strong><b>OQ:<\/b><\/strong><\/td>\n<td width=\"601\">200 stk.<\/td>\n<\/tr>\n<\/tbody>\n<\/table>","protected":false},"featured_media":1836,"template":"","meta":[],"product_brand":[],"product_cat":[38],"product_tag":[],"class_list":{"0":"post-1834","1":"product","2":"type-product","3":"status-publish","4":"has-post-thumbnail","6":"product_cat-mens-clothing","8":"first","9":"instock","10":"shipping-taxable","11":"product-type-simple"},"_links":{"self":[{"href":"https:\/\/mj-clothing.com\/da\/wp-json\/wp\/v2\/product\/1834","targetHints":{"allow":["GET"]}}],"collection":[{"href":"https:\/\/mj-clothing.com\/da\/wp-json\/wp\/v2\/product"}],"about":[{"href":"https:\/\/mj-clothing.com\/da\/wp-json\/wp\/v2\/types\/product"}],"wp:featuredmedia":[{"embeddable":true,"href":"https:\/\/mj-clothing.com\/da\/wp-json\/wp\/v2\/media\/1836"}],"wp:attachment":[{"href":"https:\/\/mj-clothing.com\/da\/wp-json\/wp\/v2\/media?parent=1834"}],"wp:term":[{"taxonomy":"product_brand","embeddable":true,"href":"https:\/\/mj-clothing.com\/da\/wp-json\/wp\/v2\/product_brand?post=1834"},{"taxonomy":"product_cat","embeddable":true,"href":"https:\/\/mj-clothing.com\/da\/wp-json\/wp\/v2\/product_cat?post=1834"},{"taxonomy":"product_tag","embeddable":true,"href":"https:\/\/mj-clothing.com\/da\/wp-json\/wp\/v2\/product_tag?post=1834"}],"curies":[{"name":"wp","href":"https:\/\/api.w.org\/{rel}","templated":true}]}}