{"id":1837,"date":"2024-12-16T03:05:25","date_gmt":"2024-12-16T03:05:25","guid":{"rendered":"https:\/\/mj-clothing.com\/?post_type=product&#038;p=1837"},"modified":"2024-12-17T06:26:09","modified_gmt":"2024-12-17T06:26:09","slug":"akimbo-hoodie","status":"publish","type":"product","link":"https:\/\/mj-clothing.com\/da\/manufacturer\/akimbo-hoodie\/","title":{"rendered":"Akimbo h\u00e6ttetr\u00f8je"},"content":{"rendered":"<p data-sourcepos=\"1:1-1:237\">Akimbo Hoodie er en popul\u00e6r model, der er kendt for sin afslappede, overdimensionerede pasform og bl\u00f8de, behagelige materiale. Den er ofte lavet af fleece eller bomuld i h\u00f8j kvalitet og har h\u00e6tte med sn\u00f8re, k\u00e6ngurulomme og ribkanter ved h\u00e5ndleddene og i taljen.<\/p>\n<h3 data-sourcepos=\"3:1-3:38\"><strong>Vigtige egenskaber ved Akimbo Hoodie:<\/strong><\/h3>\n<ul data-sourcepos=\"5:1-10:0\">\n<li data-sourcepos=\"5:1-5:77\"><strong>Overdimensioneret pasform:<\/strong> En l\u00f8s og behagelig pasform, der er perfekt til lag-p\u00e5-lag.<\/li>\n<li data-sourcepos=\"6:1-6:91\"><strong>Bl\u00f8dt materiale:<\/strong> Typisk fremstillet af fleece eller bomuld af h\u00f8j kvalitet for maksimal komfort.<\/li>\n<li data-sourcepos=\"7:1-7:89\"><strong>H\u00e6tte med sn\u00f8re:<\/strong> Justerbar h\u00e6tte for ekstra varme og beskyttelse mod vind og vejr.<\/li>\n<li data-sourcepos=\"8:1-8:111\"><strong><span class=\"citation-0 recitation\">K\u00e6ngurulomme:<\/span><\/strong><span class=\"citation-0 recitation citation-end-0\"> En rummelig forlomme til at holde h\u00e6nderne varme eller opbevare sm\u00e5ting.<\/span><span class=\"button-container hide-from-message-actions ng-star-inserted\"> \u00a0<\/span>\n<div class=\"container ng-tns-c2946245707-91 hide\">\n<div class=\"carousel-container ng-tns-c2946245707-91\"><\/div>\n<\/div>\n<\/li>\n<li data-sourcepos=\"9:1-10:0\"><strong>Ribbede manchetter og linning:<\/strong> Sikrer en t\u00e6t og behagelig pasform.<\/li>\n<\/ul>\n<h3 data-sourcepos=\"11:1-11:35\"><strong>S\u00e5dan styler du Akimbo Hoodie:<\/strong><\/h3>\n<p data-sourcepos=\"13:1-13:103\">Akimbo Hoodie er et alsidigt stykke t\u00f8j, der kan styles p\u00e5 mange forskellige m\u00e5der. Her er et par ideer:<\/p>\n<ul data-sourcepos=\"15:1-18:0\">\n<li data-sourcepos=\"15:1-15:105\"><strong>Afslappet:<\/strong> S\u00e6t den sammen med jeans, sweatpants eller joggers og sneakers for et afslappet og behageligt look.<\/li>\n<li data-sourcepos=\"16:1-16:77\"><strong>I lag:<\/strong> L\u00e6g den over en t-shirt eller lang\u00e6rmet skjorte for ekstra varme.<\/li>\n<li data-sourcepos=\"17:1-18:0\"><strong>Dressy Casual:<\/strong> Kl\u00e6d den p\u00e5 med en l\u00e6derjakke, m\u00f8rkvaskede jeans og st\u00f8vler.<\/li>\n<\/ul>","protected":false},"excerpt":{"rendered":"<table style=\"height: 490px;\" width=\"435\">\n<tbody>\n<tr>\n<td width=\"146\"><strong><b>Produkt<\/b><\/strong>\u00a0<strong><b>Navn:<\/b><\/strong><\/td>\n<td width=\"601\"><strong>Akimbo h\u00e6ttetr\u00f8je<\/strong><\/td>\n<\/tr>\n<tr>\n<td width=\"146\"><strong><b>Materlal:<\/b><\/strong><\/td>\n<td width=\"601\">Polyester\/bomuld<\/td>\n<\/tr>\n<tr>\n<td width=\"146\"><strong><b>Teknik:<\/b><\/strong><\/td>\n<td width=\"601\">Trykning og farvning<\/td>\n<\/tr>\n<tr>\n<td width=\"146\"><strong><b>Stil:<\/b><\/strong><\/td>\n<td width=\"601\">Afslappet<\/td>\n<\/tr>\n<tr>\n<td width=\"146\"><strong><b>Farve<\/b><\/strong><strong><b>:<\/b><\/strong><\/td>\n<td width=\"601\">\u00a0Brugerdefinerede farver<\/td>\n<\/tr>\n<tr>\n<td width=\"146\"><strong><b>St\u00f8rrelse:<\/b><\/strong><\/td>\n<td width=\"601\">S \/M \/L \/XL \/2XL<\/td>\n<\/tr>\n<tr>\n<td width=\"146\"><strong><b>OEM\/ODM:<\/b><\/strong><\/td>\n<td width=\"601\">Acceptabel<\/td>\n<\/tr>\n<tr>\n<td width=\"146\"><strong><b>Kvalitet:<\/b><\/strong><\/td>\n<td width=\"601\">100% H\u00f8j kvalitet<\/td>\n<\/tr>\n<tr>\n<td width=\"146\"><strong><b>M<\/b><\/strong><strong><b>OQ:<\/b><\/strong><\/td>\n<td width=\"601\">200 stk.<\/td>\n<\/tr>\n<\/tbody>\n<\/table>","protected":false},"featured_media":1839,"template":"","meta":[],"product_brand":[],"product_cat":[38],"product_tag":[],"class_list":{"0":"post-1837","1":"product","2":"type-product","3":"status-publish","4":"has-post-thumbnail","6":"product_cat-mens-clothing","8":"first","9":"instock","10":"shipping-taxable","11":"product-type-simple"},"_links":{"self":[{"href":"https:\/\/mj-clothing.com\/da\/wp-json\/wp\/v2\/product\/1837","targetHints":{"allow":["GET"]}}],"collection":[{"href":"https:\/\/mj-clothing.com\/da\/wp-json\/wp\/v2\/product"}],"about":[{"href":"https:\/\/mj-clothing.com\/da\/wp-json\/wp\/v2\/types\/product"}],"wp:featuredmedia":[{"embeddable":true,"href":"https:\/\/mj-clothing.com\/da\/wp-json\/wp\/v2\/media\/1839"}],"wp:attachment":[{"href":"https:\/\/mj-clothing.com\/da\/wp-json\/wp\/v2\/media?parent=1837"}],"wp:term":[{"taxonomy":"product_brand","embeddable":true,"href":"https:\/\/mj-clothing.com\/da\/wp-json\/wp\/v2\/product_brand?post=1837"},{"taxonomy":"product_cat","embeddable":true,"href":"https:\/\/mj-clothing.com\/da\/wp-json\/wp\/v2\/product_cat?post=1837"},{"taxonomy":"product_tag","embeddable":true,"href":"https:\/\/mj-clothing.com\/da\/wp-json\/wp\/v2\/product_tag?post=1837"}],"curies":[{"name":"wp","href":"https:\/\/api.w.org\/{rel}","templated":true}]}}