{"id":1843,"date":"2024-12-16T03:21:20","date_gmt":"2024-12-16T03:21:20","guid":{"rendered":"https:\/\/mj-clothing.com\/?post_type=product&#038;p=1843"},"modified":"2024-12-17T06:40:16","modified_gmt":"2024-12-17T06:40:16","slug":"golf-hoodie","status":"publish","type":"product","link":"https:\/\/mj-clothing.com\/da\/manufacturer\/golf-hoodie\/","title":{"rendered":"Golf h\u00e6ttetr\u00f8je"},"content":{"rendered":"<p data-sourcepos=\"1:1-1:192\">En golfh\u00e6ttetr\u00f8je er en type sportst\u00f8j, der er specielt designet til golfspillere, og som kombinerer komforten og varmen fra en traditionel h\u00e6ttetr\u00f8je med pr\u00e6stationsegenskaber, der passer til golfbanen.<\/p>\n<h3 data-sourcepos=\"3:1-3:34\"><strong>Vigtige egenskaber ved en golfh\u00e6ttetr\u00f8je:<\/strong><\/h3>\n<ul data-sourcepos=\"5:1-10:0\">\n<li data-sourcepos=\"5:1-5:283\"><strong>Performance-stof:<\/strong> Golfh\u00e6ttetr\u00f8jer er ofte lavet af h\u00f8jtydende stoffer som polyester eller en blanding af polyester og bomuld. Disse stoffer er designet til at v\u00e6re fugttransporterende, \u00e5ndbare og str\u00e6kbare, s\u00e5 golfspillere holdes t\u00f8rre, komfortable og ubegr\u00e6nsede under deres sving.<\/li>\n<li data-sourcepos=\"6:1-6:207\"><strong>Modstandsdygtighed over for vejrlig:<\/strong> Mange golfhoodies er vandafvisende eller vandafvisende, s\u00e5 de beskytter golfspilleren mod let regn eller st\u00f8vregn. Nogle har ogs\u00e5 varmeisolering for at holde golfspilleren varm i koldere vejr.<\/li>\n<li data-sourcepos=\"7:1-7:100\"><strong>Solbeskyttelse:<\/strong> Nogle golf-h\u00e6ttetr\u00f8jer tilbyder UV-beskyttelse for at beskytte golfspillere mod skadelige solstr\u00e5ler.<\/li>\n<li data-sourcepos=\"8:1-8:162\"><strong>Funktionelt design:<\/strong> Golfhoodies har ofte funktioner som lynl\u00e5slommer til v\u00e6rdigenstande, justerbare h\u00e6tter og tommelfingerhuller til at holde \u00e6rmerne p\u00e5 plads.<\/li>\n<li data-sourcepos=\"9:1-10:0\"><strong>Stilfuldt design:<\/strong> Golfhoodies findes i mange forskellige stilarter, farver og m\u00f8nstre, s\u00e5 golfspillere kan udtrykke deres personlige stil og samtidig v\u00e6re funktionelle.<\/li>\n<\/ul>\n<h3 data-sourcepos=\"11:1-11:31\"><strong>Hvorn\u00e5r skal man have en golfh\u00e6ttetr\u00f8je p\u00e5?<\/strong><\/h3>\n<p data-sourcepos=\"13:1-13:112\">Golfhoodies er alsidige og kan b\u00e6res under mange forskellige vejrforhold. De er s\u00e6rligt nyttige til:<\/p>\n<ul data-sourcepos=\"15:1-18:0\">\n<li data-sourcepos=\"15:1-15:87\"><strong>K\u00f8ligere vejr:<\/strong> Golf-h\u00e6ttetr\u00f8jer kan give varme og komfort under koldere runder.<\/li>\n<li data-sourcepos=\"16:1-16:101\"><strong>Regnvejr:<\/strong> Vandafvisende golfh\u00e6ttetr\u00f8jer kan holde golfspillere t\u00f8rre og komfortable i let regn.<\/li>\n<li data-sourcepos=\"17:1-18:0\"><strong>Lag-p\u00e5-lag:<\/strong> Golfhoodies kan kombineres med andet golft\u00f8j for at skabe et skr\u00e6ddersyet outfit til forskellige vejrforhold.<\/li>\n<\/ul>\n<p data-sourcepos=\"19:1-19:138\">Ved at v\u00e6lge en golfh\u00e6ttetr\u00f8je, der opfylder dine specifikke behov og pr\u00e6ferencer, kan du forbedre din komfort og pr\u00e6station p\u00e5 golfbanen.<\/p>","protected":false},"excerpt":{"rendered":"<table style=\"height: 543px;\" width=\"471\">\n<tbody>\n<tr>\n<td width=\"146\"><strong><b>Produkt<\/b><\/strong>\u00a0<strong><b>Navn:<\/b><\/strong><\/td>\n<td width=\"601\">\n<p data-sourcepos=\"3:1-3:34\"><strong>Golf h\u00e6ttetr\u00f8je<\/strong><\/p>\n<\/td>\n<\/tr>\n<tr>\n<td width=\"146\"><strong><b>Materlal:<\/b><\/strong><\/td>\n<td width=\"601\">Polyester\/bomuld<\/td>\n<\/tr>\n<tr>\n<td width=\"146\"><strong><b>Teknik: <\/b><\/strong><\/td>\n<td width=\"601\">Trykning og farvning<\/td>\n<\/tr>\n<tr>\n<td width=\"146\"><strong><b>Stil: <\/b><\/strong><\/td>\n<td width=\"601\">Afslappet<\/td>\n<\/tr>\n<tr>\n<td width=\"146\"><strong><b>Farve<\/b><\/strong><strong><b>:<\/b><\/strong><\/td>\n<td width=\"601\">Hvid og tilpassede farver<\/td>\n<\/tr>\n<tr>\n<td width=\"146\"><strong><b>St\u00f8rrelse:<\/b><\/strong><\/td>\n<td width=\"601\">S \/M \/L \/XL \/2XL<\/td>\n<\/tr>\n<tr>\n<td width=\"146\"><strong><b>OEM\/ODM:<\/b><\/strong><\/td>\n<td width=\"601\">Acceptabel<\/td>\n<\/tr>\n<tr>\n<td width=\"146\"><strong><b>Kvalitet:<\/b><\/strong><\/td>\n<td width=\"601\">100% H\u00f8j kvalitet<\/td>\n<\/tr>\n<tr>\n<td width=\"146\"><strong><b>M<\/b><\/strong><strong><b>OQ:<\/b><\/strong><\/td>\n<td width=\"601\">200 stk.<\/td>\n<\/tr>\n<\/tbody>\n<\/table>","protected":false},"featured_media":1844,"template":"","meta":[],"product_brand":[],"product_cat":[38],"product_tag":[],"class_list":{"0":"post-1843","1":"product","2":"type-product","3":"status-publish","4":"has-post-thumbnail","6":"product_cat-mens-clothing","8":"first","9":"instock","10":"shipping-taxable","11":"product-type-simple"},"_links":{"self":[{"href":"https:\/\/mj-clothing.com\/da\/wp-json\/wp\/v2\/product\/1843","targetHints":{"allow":["GET"]}}],"collection":[{"href":"https:\/\/mj-clothing.com\/da\/wp-json\/wp\/v2\/product"}],"about":[{"href":"https:\/\/mj-clothing.com\/da\/wp-json\/wp\/v2\/types\/product"}],"wp:featuredmedia":[{"embeddable":true,"href":"https:\/\/mj-clothing.com\/da\/wp-json\/wp\/v2\/media\/1844"}],"wp:attachment":[{"href":"https:\/\/mj-clothing.com\/da\/wp-json\/wp\/v2\/media?parent=1843"}],"wp:term":[{"taxonomy":"product_brand","embeddable":true,"href":"https:\/\/mj-clothing.com\/da\/wp-json\/wp\/v2\/product_brand?post=1843"},{"taxonomy":"product_cat","embeddable":true,"href":"https:\/\/mj-clothing.com\/da\/wp-json\/wp\/v2\/product_cat?post=1843"},{"taxonomy":"product_tag","embeddable":true,"href":"https:\/\/mj-clothing.com\/da\/wp-json\/wp\/v2\/product_tag?post=1843"}],"curies":[{"name":"wp","href":"https:\/\/api.w.org\/{rel}","templated":true}]}}