{"id":1846,"date":"2024-12-16T03:37:19","date_gmt":"2024-12-16T03:37:19","guid":{"rendered":"https:\/\/mj-clothing.com\/?post_type=product&#038;p=1846"},"modified":"2024-12-17T06:24:41","modified_gmt":"2024-12-17T06:24:41","slug":"weighted-hoodie","status":"publish","type":"product","link":"https:\/\/mj-clothing.com\/da\/manufacturer\/weighted-hoodie\/","title":{"rendered":"V\u00e6gtet h\u00e6ttetr\u00f8je"},"content":{"rendered":"<p data-sourcepos=\"1:1-1:292\"><span class=\"citation-0 recitation citation-end-0\">En h\u00e6ttetr\u00f8je med v\u00e6gt er en type t\u00f8j, der indeholder materialer med v\u00e6gt, normalt glasperler eller plastkugler, i stoffet for at give en beroligende og jordforbindende effekt.<\/span> <span class=\"citation-1 recitation citation-end-1\">Dette blide tryk kan hj\u00e6lpe med at reducere angst, forbedre fokus og fremme bedre s\u00f8vn.<\/span><span class=\"button-container hide-from-message-actions ng-star-inserted\"> \u00a0<\/span><\/p>\n<h3 data-sourcepos=\"3:1-3:38\"><strong>N\u00f8glefunktioner i en v\u00e6gtet h\u00e6ttetr\u00f8je:<\/strong><\/h3>\n<ul data-sourcepos=\"5:1-10:0\">\n<li data-sourcepos=\"5:1-5:145\"><strong>V\u00e6gtede materialer:<\/strong> <span class=\"citation-2 recitation citation-end-2\">Sm\u00e5 perler eller kugler er j\u00e6vnt fordelt i hele h\u00e6ttetr\u00f8jen og giver et blidt, beroligende tryk.<\/span><span class=\"button-container hide-from-message-actions ng-star-inserted\"> \u00a0<\/span>\n<div class=\"container ng-tns-c2946245707-171 hide\">\n<div class=\"carousel-container ng-tns-c2946245707-171\"><\/div>\n<\/div>\n<\/li>\n<li data-sourcepos=\"6:1-6:93\"><strong>Komfort:<\/strong> <span class=\"citation-3 recitation citation-end-3\">H\u00e6ttetr\u00f8jen er designet til at v\u00e6re bl\u00f8d, hyggelig og behagelig at have p\u00e5.<\/span><span class=\"button-container hide-from-message-actions ng-star-inserted\"> \u00a0<\/span>\n<div class=\"container ng-tns-c2946245707-172 hide\">\n<div class=\"carousel-container ng-tns-c2946245707-172\"><\/div>\n<\/div>\n<\/li>\n<li data-sourcepos=\"7:1-7:108\"><strong>Alsidighed:<\/strong> <span class=\"citation-4 recitation citation-end-4\">Den kan b\u00e6res om dagen for at slappe af eller om natten for at forbedre s\u00f8vnen.<\/span><span class=\"button-container hide-from-message-actions ng-star-inserted\"> \u00a0<\/span>\n<div class=\"container ng-tns-c2946245707-173 hide\">\n<div class=\"carousel-container ng-tns-c2946245707-173\"><\/div>\n<\/div>\n<\/li>\n<li data-sourcepos=\"8:1-8:127\"><strong>Beroligende effekt:<\/strong> <span class=\"citation-5 recitation citation-end-5\">V\u00e6gten kan hj\u00e6lpe med at reducere stress og angst og fremme en f\u00f8lelse af fred og velv\u00e6re.<\/span><span class=\"button-container hide-from-message-actions ng-star-inserted\">\u00a0<\/span>\n<div class=\"container ng-tns-c2946245707-174 hide\">\n<div class=\"carousel-container ng-tns-c2946245707-174\"><\/div>\n<\/div>\n<\/li>\n<li data-sourcepos=\"9:1-10:0\"><strong><span class=\"citation-6 recitation\">Forbedret fokus:<\/span><\/strong><span class=\"citation-6 recitation citation-end-6\"> Det blide tryk kan hj\u00e6lpe med at forbedre fokus og koncentration.<\/span><span class=\"button-container hide-from-message-actions ng-star-inserted\"> \u00a0<\/span>\n<div class=\"container ng-tns-c2946245707-175 hide\">\n<div class=\"carousel-container ng-tns-c2946245707-175\"><\/div>\n<\/div>\n<\/li>\n<\/ul>\n<h3 data-sourcepos=\"11:1-11:36\"><strong>S\u00e5dan v\u00e6lger du en h\u00e6ttetr\u00f8je med v\u00e6gt:<\/strong><\/h3>\n<ul data-sourcepos=\"13:1-17:0\">\n<li data-sourcepos=\"13:1-13:82\"><strong>V\u00e6gt:<\/strong> V\u00e6gten af h\u00e6ttetr\u00f8jen skal v\u00e6re ca. 5-10% af din kropsv\u00e6gt.<\/li>\n<li data-sourcepos=\"14:1-14:75\"><strong>Materiale:<\/strong> G\u00e5 efter et bl\u00f8dt, \u00e5ndbart materiale som bomuld eller fleece.<\/li>\n<li data-sourcepos=\"15:1-15:92\"><strong>Fordeling af v\u00e6gt:<\/strong> S\u00f8rg for, at v\u00e6gten er j\u00e6vnt fordelt i hele h\u00e6ttetr\u00f8jen.<\/li>\n<li data-sourcepos=\"16:1-17:0\"><strong>Komfort:<\/strong> H\u00e6ttetr\u00f8jen skal sidde behageligt og ikke v\u00e6re for stram eller for l\u00f8s.<\/li>\n<\/ul>\n<h3 data-sourcepos=\"18:1-18:33\"><strong>S\u00e5dan bruger du en h\u00e6ttetr\u00f8je med v\u00e6gt:<\/strong><\/h3>\n<ul data-sourcepos=\"20:1-23:0\">\n<li data-sourcepos=\"20:1-20:72\"><strong>Afslapning:<\/strong> Brug h\u00e6ttetr\u00f8jen, mens du slapper af p\u00e5 sofaen eller i sengen.<\/li>\n<li data-sourcepos=\"21:1-21:81\"><strong><span class=\"citation-7 recitation\">S\u00f8vn:<\/span><\/strong><span class=\"citation-7 recitation citation-end-7\"> Brug h\u00e6ttetr\u00f8jen som s\u00f8vnhj\u00e6lpemiddel for at forbedre s\u00f8vnkvaliteten.<\/span><span class=\"button-container hide-from-message-actions ng-star-inserted\"> \u00a0<\/span>\n<div class=\"container ng-tns-c2946245707-176 hide\">\n<div class=\"carousel-container ng-tns-c2946245707-176\"><\/div>\n<\/div>\n<\/li>\n<li data-sourcepos=\"22:1-23:0\"><strong><span class=\"citation-8 recitation\">Fokus:<\/span><\/strong><span class=\"citation-8 recitation citation-end-8\"> Tag h\u00e6ttetr\u00f8jen p\u00e5, n\u00e5r du studerer, arbejder eller laver andre aktiviteter, der kr\u00e6ver fokus.<\/span><span class=\"button-container hide-from-message-actions ng-star-inserted\">\u00a0 \u00a0<\/span>\n<div class=\"container ng-tns-c2946245707-177 hide\">\n<div class=\"carousel-container ng-tns-c2946245707-177\"><\/div>\n<\/div>\n<\/li>\n<\/ul>\n<h3 data-sourcepos=\"24:1-24:40\"><strong>Fordele ved at bruge en v\u00e6gtet h\u00e6ttetr\u00f8je:<\/strong><\/h3>\n<ul data-sourcepos=\"26:1-30:0\">\n<li data-sourcepos=\"26:1-26:92\"><strong>Reduceret angst:<\/strong> <span class=\"citation-9 recitation citation-end-9\">Det blide tryk kan hj\u00e6lpe med at berolige nervesystemet.<\/span><span class=\"button-container hide-from-message-actions ng-star-inserted\"> \u00a0<\/span>\n<div class=\"container ng-tns-c2946245707-178 hide\">\n<div class=\"carousel-container ng-tns-c2946245707-178\"><\/div>\n<\/div>\n<\/li>\n<li data-sourcepos=\"27:1-27:87\"><strong><span class=\"citation-10 recitation\">Forbedret s\u00f8vn:<\/span><\/strong><span class=\"citation-10 recitation citation-end-10\"> V\u00e6gten kan fremme en dybere og mere afslappende s\u00f8vn.<\/span><span class=\"button-container hide-from-message-actions ng-star-inserted\">\u00a0<\/span>\n<div class=\"container ng-tns-c2946245707-179 hide\">\n<div class=\"carousel-container ng-tns-c2946245707-179\"><\/div>\n<\/div>\n<\/li>\n<li data-sourcepos=\"28:1-28:101\"><strong><span class=\"citation-11 recitation\">Bedre fokus:<\/span><\/strong><span class=\"citation-11 recitation citation-end-11\"> Trykket kan hj\u00e6lpe med at forbedre koncentrationen og opm\u00e6rksomheden.<\/span><span class=\"button-container hide-from-message-actions ng-star-inserted\">\u00a0 \u00a0<\/span>\n<div class=\"container ng-tns-c2946245707-180 hide\">\n<div class=\"carousel-container ng-tns-c2946245707-180\"><\/div>\n<\/div>\n<\/li>\n<li data-sourcepos=\"29:1-30:0\"><strong><span class=\"citation-12 recitation\">Mindre stress:<\/span><\/strong><span class=\"citation-12 recitation citation-end-12\"> Den beroligende effekt af v\u00e6gten kan hj\u00e6lpe med at reducere stressniveauet.<\/span><span class=\"button-container hide-from-message-actions ng-star-inserted\">\u00a0<\/span>\n<div class=\"container ng-tns-c2946245707-181 hide\">\n<div class=\"carousel-container ng-tns-c2946245707-181\"><\/div>\n<\/div>\n<\/li>\n<\/ul>\n<p data-sourcepos=\"31:1-31:269\">Hvis du leder efter en naturlig m\u00e5de at reducere stress og angst p\u00e5, kan en h\u00e6ttetr\u00f8je med v\u00e6gt v\u00e6re en god l\u00f8sning for dig. Det er dog vigtigt at r\u00e5df\u00f8re sig med en sundhedsfaglig person, f\u00f8r man bruger et produkt med v\u00e6gt, is\u00e6r hvis man har underliggende helbredsproblemer.<\/p>","protected":false},"excerpt":{"rendered":"<table style=\"height: 478px;\" width=\"402\">\n<tbody>\n<tr>\n<td width=\"146\"><strong><b>Produkt<\/b><\/strong>\u00a0<strong><b>Navn:<\/b><\/strong><\/td>\n<td width=\"601\"><strong>V\u00e6gtet h\u00e6ttetr\u00f8je<\/strong><\/td>\n<\/tr>\n<tr>\n<td width=\"146\"><strong><b>Materlal:<\/b><\/strong><\/td>\n<td width=\"601\">Polyester\/bomuld<\/td>\n<\/tr>\n<tr>\n<td width=\"146\"><strong><b>Teknik:<\/b><\/strong><\/td>\n<td width=\"601\">Trykning og farvning<\/td>\n<\/tr>\n<tr>\n<td width=\"146\"><strong><b>Stil:<\/b><\/strong><\/td>\n<td width=\"601\">Afslappet<\/td>\n<\/tr>\n<tr>\n<td width=\"146\"><strong><b>Farve<\/b><\/strong><strong><b>:<\/b><\/strong><\/td>\n<td width=\"601\">\u00a0Brugerdefinerede farver<\/td>\n<\/tr>\n<tr>\n<td width=\"146\"><strong><b>St\u00f8rrelse:<\/b><\/strong><\/td>\n<td width=\"601\">S \/M \/L \/XL \/2XL<\/td>\n<\/tr>\n<tr>\n<td width=\"146\"><strong><b>OEM\/ODM:<\/b><\/strong><\/td>\n<td width=\"601\">Acceptabel<\/td>\n<\/tr>\n<tr>\n<td width=\"146\"><strong><b>Kvalitet:<\/b><\/strong><\/td>\n<td width=\"601\">100% H\u00f8j kvalitet<\/td>\n<\/tr>\n<tr>\n<td width=\"146\"><strong><b>M<\/b><\/strong><strong><b>OQ:<\/b><\/strong><\/td>\n<td width=\"601\">200 stk.<\/td>\n<\/tr>\n<\/tbody>\n<\/table>","protected":false},"featured_media":1848,"template":"","meta":[],"product_brand":[],"product_cat":[38],"product_tag":[],"class_list":{"0":"post-1846","1":"product","2":"type-product","3":"status-publish","4":"has-post-thumbnail","6":"product_cat-mens-clothing","8":"first","9":"instock","10":"shipping-taxable","11":"product-type-simple"},"_links":{"self":[{"href":"https:\/\/mj-clothing.com\/da\/wp-json\/wp\/v2\/product\/1846","targetHints":{"allow":["GET"]}}],"collection":[{"href":"https:\/\/mj-clothing.com\/da\/wp-json\/wp\/v2\/product"}],"about":[{"href":"https:\/\/mj-clothing.com\/da\/wp-json\/wp\/v2\/types\/product"}],"wp:featuredmedia":[{"embeddable":true,"href":"https:\/\/mj-clothing.com\/da\/wp-json\/wp\/v2\/media\/1848"}],"wp:attachment":[{"href":"https:\/\/mj-clothing.com\/da\/wp-json\/wp\/v2\/media?parent=1846"}],"wp:term":[{"taxonomy":"product_brand","embeddable":true,"href":"https:\/\/mj-clothing.com\/da\/wp-json\/wp\/v2\/product_brand?post=1846"},{"taxonomy":"product_cat","embeddable":true,"href":"https:\/\/mj-clothing.com\/da\/wp-json\/wp\/v2\/product_cat?post=1846"},{"taxonomy":"product_tag","embeddable":true,"href":"https:\/\/mj-clothing.com\/da\/wp-json\/wp\/v2\/product_tag?post=1846"}],"curies":[{"name":"wp","href":"https:\/\/api.w.org\/{rel}","templated":true}]}}