{"id":1853,"date":"2024-12-16T06:19:44","date_gmt":"2024-12-16T06:19:44","guid":{"rendered":"https:\/\/mj-clothing.com\/?post_type=product&#038;p=1853"},"modified":"2024-12-17T06:22:58","modified_gmt":"2024-12-17T06:22:58","slug":"drake-hoodie","status":"publish","type":"product","link":"https:\/\/mj-clothing.com\/da\/manufacturer\/drake-hoodie\/","title":{"rendered":"Drake h\u00e6ttetr\u00f8je"},"content":{"rendered":"<p data-sourcepos=\"1:1-1:226\"><span class=\"citation-0 recitation citation-end-0\">Drake Hoodie, den ber\u00f8mte canadiske rapper, har inspireret til en r\u00e6kke merchandise, herunder h\u00e6ttetr\u00f8jer.<\/span> <span class=\"citation-1 recitation citation-end-1\">Disse h\u00e6ttetr\u00f8jer har ofte hans ikoniske logo, albumillustrationer eller tekster, som appellerer til hans dedikerede fanskare.<\/span><\/p>\n<h3 data-sourcepos=\"1:1-1:226\"><strong>N\u00f8glefunktioner i en Drake-h\u00e6ttetr\u00f8je:<\/strong><\/h3>\n<ul data-sourcepos=\"5:1-9:0\">\n<li data-sourcepos=\"5:1-5:125\"><strong><span class=\"citation-2 recitation\">Materiale af h\u00f8j kvalitet:<\/span><\/strong><span class=\"citation-2 recitation citation-end-2\"> Ofte lavet af f\u00f8rsteklasses materialer som bomuld eller fleece for komfort og holdbarhed.<\/span><span class=\"button-container hide-from-message-actions ng-star-inserted\"> \u00a0<\/span><\/li>\n<li data-sourcepos=\"5:1-5:125\"><span class=\"button-container hide-from-message-actions ng-star-inserted\"><strong style=\"font-size: 14.4px;\"><span class=\"citation-3 recitation\">Stilfuldt design:<\/span><\/strong><span class=\"citation-3 recitation citation-end-3\" style=\"font-size: 14.4px;\"> Inkorporerer trendy design, fed grafik og signatur Drake-\u00e6stetik.<\/span><span class=\"button-container hide-from-message-actions ng-star-inserted\" style=\"font-size: 14.4px;\"> \u00a0<\/span><\/span>\n<div class=\"container ng-tns-c2946245707-199 hide\">\n<div class=\"carousel-container ng-tns-c2946245707-199\"><\/div>\n<\/div>\n<\/li>\n<li data-sourcepos=\"7:1-7:80\"><strong>Behagelig pasform:<\/strong> Giver en afslappet og behagelig pasform til hverdagsbrug.<\/li>\n<li data-sourcepos=\"8:1-9:0\"><strong>Fan-appel:<\/strong> <span class=\"citation-4 recitation citation-end-4\">Med ikoniske Drake-billeder og -branding.<\/span><span class=\"button-container hide-from-message-actions ng-star-inserted\"> \u00a0<\/span>\n<div class=\"container ng-tns-c2946245707-200 hide\">\n<div class=\"carousel-container ng-tns-c2946245707-200\"><\/div>\n<\/div>\n<\/li>\n<\/ul>\n<h3 data-sourcepos=\"10:1-10:32\"><strong>Hvor kan man k\u00f8be en Drake-h\u00e6ttetr\u00f8je?<\/strong><\/h3>\n<ul data-sourcepos=\"12:1-15:0\">\n<li data-sourcepos=\"12:1-12:146\"><strong>Officielle merchandise-butikker:<\/strong> <span class=\"citation-5 recitation citation-end-5\">Drakes officielle merchandisebutik eller autoriserede forhandlere s\u00e6lger ofte h\u00e6ttetr\u00f8jer med officiel licens.<\/span><span class=\"button-container hide-from-message-actions ng-star-inserted\">\u00a0 \u00a0<\/span>\n<div class=\"container ng-tns-c2946245707-201 hide\">\n<div class=\"carousel-container ng-tns-c2946245707-201\"><\/div>\n<\/div>\n<\/li>\n<li data-sourcepos=\"13:1-13:162\"><strong><span class=\"citation-6 recitation\">Online markedspladser:<\/span><\/strong><span class=\"citation-6 recitation citation-end-6\"> Platforme som eBay, StockX og Grailed tilbyder en bred vifte af Drake-hoodies, herunder limited edition og vintage-varer.<\/span><span class=\"button-container hide-from-message-actions ng-star-inserted\"> \u00a0<\/span>\n<div class=\"container ng-tns-c2946245707-202 hide\">\n<div class=\"carousel-container ng-tns-c2946245707-202\"><\/div>\n<\/div>\n<\/li>\n<li data-sourcepos=\"14:1-15:0\"><strong>Genbrugsbutikker:<\/strong> Tjek de lokale streetwear-butikker og genbrugsbutikker for potentielle fund.<\/li>\n<\/ul>\n<h3 data-sourcepos=\"16:1-16:35\"><strong>Tips til at k\u00f8be en Drake-h\u00e6ttetr\u00f8je:<\/strong><\/h3>\n<ul data-sourcepos=\"18:1-22:0\">\n<li data-sourcepos=\"18:1-18:101\"><strong>Autenticitet:<\/strong> Bekr\u00e6ft h\u00e6ttetr\u00f8jens \u00e6gthed ved at tjekke for officielle m\u00e6rker og branding.<\/li>\n<li data-sourcepos=\"19:1-19:85\"><strong>Tilstand:<\/strong> Hvis du k\u00f8ber en brugt h\u00e6ttetr\u00f8je, skal du unders\u00f8ge den for tegn p\u00e5 slitage eller skader.<\/li>\n<li data-sourcepos=\"20:1-20:84\"><strong>St\u00f8rrelse:<\/strong> Se st\u00f8rrelsesskemaet fra s\u00e6lgeren for at sikre en korrekt pasform.<\/li>\n<li data-sourcepos=\"21:1-22:0\"><strong>Pris:<\/strong> Unders\u00f8g de aktuelle markedspriser for at undg\u00e5 at betale for meget.<\/li>\n<\/ul>\n<p data-sourcepos=\"23:1-23:123\">Ved at f\u00f8lge disse tips kan du finde den perfekte Drake-h\u00e6ttetr\u00f8je til at vise din k\u00e6rlighed til kunstneren og h\u00f8jne din stil.<\/p>","protected":false},"excerpt":{"rendered":"<table style=\"height: 547px;\" width=\"443\">\n<tbody>\n<tr>\n<td width=\"146\"><strong><b>Produkt<\/b><\/strong>\u00a0<strong><b>Navn:<\/b><\/strong><\/td>\n<td width=\"601\"><strong>Drake h\u00e6ttetr\u00f8je<\/strong><\/td>\n<\/tr>\n<tr>\n<td width=\"146\"><strong><b>Materlal:<\/b><\/strong><\/td>\n<td width=\"601\">Polyester\/bomuld<\/td>\n<\/tr>\n<tr>\n<td width=\"146\"><strong><b>Teknik:<\/b><\/strong><\/td>\n<td width=\"601\">Trykning og farvning<\/td>\n<\/tr>\n<tr>\n<td width=\"146\"><strong><b>Stil:<\/b><\/strong><\/td>\n<td width=\"601\">Afslappet<\/td>\n<\/tr>\n<tr>\n<td width=\"146\"><strong><b>Farve<\/b><\/strong><strong><b>:<\/b><\/strong><\/td>\n<td width=\"601\">\u00a0Sort og tilpassede farver<\/td>\n<\/tr>\n<tr>\n<td width=\"146\"><strong><b>St\u00f8rrelse:<\/b><\/strong><\/td>\n<td width=\"601\">S \/M \/L \/XL \/2XL<\/td>\n<\/tr>\n<tr>\n<td width=\"146\"><strong><b>OEM\/ODM:<\/b><\/strong><\/td>\n<td width=\"601\">Acceptabel<\/td>\n<\/tr>\n<tr>\n<td width=\"146\"><strong><b>Kvalitet:<\/b><\/strong><\/td>\n<td width=\"601\">100% H\u00f8j kvalitet<\/td>\n<\/tr>\n<tr>\n<td width=\"146\"><strong><b>M<\/b><\/strong><strong><b>OQ:<\/b><\/strong><\/td>\n<td width=\"601\">200 stk.<\/td>\n<\/tr>\n<\/tbody>\n<\/table>","protected":false},"featured_media":1857,"template":"","meta":[],"product_brand":[],"product_cat":[38],"product_tag":[],"class_list":{"0":"post-1853","1":"product","2":"type-product","3":"status-publish","4":"has-post-thumbnail","6":"product_cat-mens-clothing","8":"first","9":"instock","10":"shipping-taxable","11":"product-type-simple"},"_links":{"self":[{"href":"https:\/\/mj-clothing.com\/da\/wp-json\/wp\/v2\/product\/1853","targetHints":{"allow":["GET"]}}],"collection":[{"href":"https:\/\/mj-clothing.com\/da\/wp-json\/wp\/v2\/product"}],"about":[{"href":"https:\/\/mj-clothing.com\/da\/wp-json\/wp\/v2\/types\/product"}],"wp:featuredmedia":[{"embeddable":true,"href":"https:\/\/mj-clothing.com\/da\/wp-json\/wp\/v2\/media\/1857"}],"wp:attachment":[{"href":"https:\/\/mj-clothing.com\/da\/wp-json\/wp\/v2\/media?parent=1853"}],"wp:term":[{"taxonomy":"product_brand","embeddable":true,"href":"https:\/\/mj-clothing.com\/da\/wp-json\/wp\/v2\/product_brand?post=1853"},{"taxonomy":"product_cat","embeddable":true,"href":"https:\/\/mj-clothing.com\/da\/wp-json\/wp\/v2\/product_cat?post=1853"},{"taxonomy":"product_tag","embeddable":true,"href":"https:\/\/mj-clothing.com\/da\/wp-json\/wp\/v2\/product_tag?post=1853"}],"curies":[{"name":"wp","href":"https:\/\/api.w.org\/{rel}","templated":true}]}}