{"id":1859,"date":"2024-12-16T06:23:43","date_gmt":"2024-12-16T06:23:43","guid":{"rendered":"https:\/\/mj-clothing.com\/?post_type=product&#038;p=1859"},"modified":"2024-12-17T06:20:37","modified_gmt":"2024-12-17T06:20:37","slug":"white-crew-neck-sweatshirt","status":"publish","type":"product","link":"https:\/\/mj-clothing.com\/da\/manufacturer\/white-crew-neck-sweatshirt\/","title":{"rendered":"Hvid sweatshirt med rund hals"},"content":{"rendered":"<p data-sourcepos=\"1:1-1:170\"><span class=\"citation-0 recitation citation-end-0\">En hvid sweatshirt med rund hals er et klassisk og alsidigt stykke t\u00f8j, som kan dresses op eller ned.<\/span> Det er en basisgarderobe, som kan bruges \u00e5ret rundt.<span class=\"button-container hide-from-message-actions ng-star-inserted\"> \u00a0<\/span><\/p>\n<h3 data-sourcepos=\"3:1-3:49\"><strong>N\u00f8glefunktioner i en hvid sweatshirt med rund hals:<\/strong><\/h3>\n<ul data-sourcepos=\"5:1-9:0\">\n<li data-sourcepos=\"5:1-5:89\"><strong>Enkelt design:<\/strong> Et klassisk, minimalistisk design med rund halsudsk\u00e6ring og lange \u00e6rmer.<\/li>\n<li data-sourcepos=\"6:1-6:97\"><strong>Komfort:<\/strong> <span class=\"citation-1 recitation citation-end-1\">Typisk lavet af bl\u00f8de, \u00e5ndbare materialer som bomuld eller fleece.<\/span><span class=\"button-container hide-from-message-actions ng-star-inserted\"> \u00a0<\/span>\n<div class=\"container ng-tns-c2946245707-216 hide\">\n<div class=\"carousel-container ng-tns-c2946245707-216\"><\/div>\n<\/div>\n<\/li>\n<li data-sourcepos=\"7:1-7:91\"><strong><span class=\"citation-2 recitation\">Alsidighed:<\/span><\/strong><span class=\"citation-2 recitation citation-end-2\"> Kan s\u00e6ttes sammen med jeans, leggings, nederdele eller p\u00e6ne bukser.<\/span>\n<div class=\"container ng-tns-c2946245707-217 hide\">\n<div class=\"carousel-container ng-tns-c2946245707-217\"><\/div>\n<\/div>\n<\/li>\n<li data-sourcepos=\"8:1-9:0\"><strong>Tidl\u00f8s:<\/strong> Et tidl\u00f8st stykke, der aldrig g\u00e5r af mode.<\/li>\n<\/ul>\n<h3 data-sourcepos=\"10:1-10:46\"><strong>S\u00e5dan styler du en hvid sweatshirt med rund hals:<\/strong><\/h3>\n<p data-sourcepos=\"12:1-12:66\">Her er et par ideer til, hvordan du kan style en hvid sweatshirt med rund hals:<\/p>\n<ul data-sourcepos=\"14:1-18:0\">\n<li data-sourcepos=\"14:1-14:67\"><strong>Afslappet:<\/strong> S\u00e6t den sammen med jeans og sneakers for et afslappet look.<\/li>\n<li data-sourcepos=\"15:1-15:69\"><strong>Sporty:<\/strong> Brug den med joggingbukser eller leggings og sportssko.<\/li>\n<li data-sourcepos=\"16:1-16:73\"><strong>Dressy Casual:<\/strong> Kl\u00e6d den p\u00e5 med en blazer, p\u00e6ne bukser og loafers.<\/li>\n<li data-sourcepos=\"17:1-18:0\"><strong>I lag:<\/strong> L\u00e6g den under en denimjakke eller l\u00e6derjakke for et stilfuldt look.<\/li>\n<\/ul>\n<h3 data-sourcepos=\"19:1-19:51\"><strong>Tips til at v\u00e6lge en hvid sweatshirt med rund hals:<\/strong><\/h3>\n<ul data-sourcepos=\"21:1-24:0\">\n<li data-sourcepos=\"21:1-21:88\"><strong>Materiale:<\/strong> Se efter et bl\u00f8dt materiale af h\u00f8j kvalitet, som er behageligt at have p\u00e5.<\/li>\n<li data-sourcepos=\"22:1-22:109\"><strong>Passer:<\/strong> V\u00e6lg en pasform, der passer til din personlige stil. Du kan v\u00e6lge en afslappet pasform eller en mere t\u00e6tsiddende stil.<\/li>\n<li data-sourcepos=\"23:1-24:0\"><strong>Pleje:<\/strong> F\u00f8lg plejeanvisningerne p\u00e5 etiketten, s\u00e5 din sweatshirt bliver ved med at se godt ud.<\/li>\n<\/ul>\n<p data-sourcepos=\"25:1-25:101\">Ved at f\u00f8lge disse tips kan du finde den perfekte hvide sweatshirt med rund hals, som du kan tilf\u00f8je til din garderobe.<\/p>","protected":false},"excerpt":{"rendered":"<table style=\"height: 481px;\" width=\"465\">\n<tbody>\n<tr>\n<td width=\"146\"><strong><b>Produkt<\/b><\/strong>\u00a0<strong><b>Navn:<\/b><\/strong><\/td>\n<td width=\"601\"><strong>Hvid sweatshirt med rund hals<\/strong><\/td>\n<\/tr>\n<tr>\n<td width=\"146\"><strong><b>Materlal:<\/b><\/strong><\/td>\n<td width=\"601\">Polyester\/bomuld<\/td>\n<\/tr>\n<tr>\n<td width=\"146\"><strong><b>Teknik:<\/b><\/strong><\/td>\n<td width=\"601\">Trykning og farvning<\/td>\n<\/tr>\n<tr>\n<td width=\"146\"><strong><b>Stil:<\/b><\/strong><\/td>\n<td width=\"601\">Afslappet<\/td>\n<\/tr>\n<tr>\n<td width=\"146\"><strong><b>Farve<\/b><\/strong><strong><b>:<\/b><\/strong><\/td>\n<td width=\"601\">\u00a0Brugerdefinerede farver<\/td>\n<\/tr>\n<tr>\n<td width=\"146\"><strong><b>St\u00f8rrelse:<\/b><\/strong><\/td>\n<td width=\"601\">S \/M \/L \/XL \/2XL<\/td>\n<\/tr>\n<tr>\n<td width=\"146\"><strong><b>OEM\/ODM:<\/b><\/strong><\/td>\n<td width=\"601\">Acceptabel<\/td>\n<\/tr>\n<tr>\n<td width=\"146\"><strong><b>Kvalitet:<\/b><\/strong><\/td>\n<td width=\"601\">100% H\u00f8j kvalitet<\/td>\n<\/tr>\n<tr>\n<td width=\"146\"><strong><b>M<\/b><\/strong><strong><b>OQ:<\/b><\/strong><\/td>\n<td width=\"601\">200 stk.<\/td>\n<\/tr>\n<\/tbody>\n<\/table>","protected":false},"featured_media":1860,"template":"","meta":[],"product_brand":[],"product_cat":[38],"product_tag":[],"class_list":{"0":"post-1859","1":"product","2":"type-product","3":"status-publish","4":"has-post-thumbnail","6":"product_cat-mens-clothing","8":"first","9":"instock","10":"shipping-taxable","11":"product-type-simple"},"_links":{"self":[{"href":"https:\/\/mj-clothing.com\/da\/wp-json\/wp\/v2\/product\/1859","targetHints":{"allow":["GET"]}}],"collection":[{"href":"https:\/\/mj-clothing.com\/da\/wp-json\/wp\/v2\/product"}],"about":[{"href":"https:\/\/mj-clothing.com\/da\/wp-json\/wp\/v2\/types\/product"}],"wp:featuredmedia":[{"embeddable":true,"href":"https:\/\/mj-clothing.com\/da\/wp-json\/wp\/v2\/media\/1860"}],"wp:attachment":[{"href":"https:\/\/mj-clothing.com\/da\/wp-json\/wp\/v2\/media?parent=1859"}],"wp:term":[{"taxonomy":"product_brand","embeddable":true,"href":"https:\/\/mj-clothing.com\/da\/wp-json\/wp\/v2\/product_brand?post=1859"},{"taxonomy":"product_cat","embeddable":true,"href":"https:\/\/mj-clothing.com\/da\/wp-json\/wp\/v2\/product_cat?post=1859"},{"taxonomy":"product_tag","embeddable":true,"href":"https:\/\/mj-clothing.com\/da\/wp-json\/wp\/v2\/product_tag?post=1859"}],"curies":[{"name":"wp","href":"https:\/\/api.w.org\/{rel}","templated":true}]}}