{"id":1861,"date":"2024-12-16T06:40:02","date_gmt":"2024-12-16T06:40:02","guid":{"rendered":"https:\/\/mj-clothing.com\/?post_type=product&#038;p=1861"},"modified":"2024-12-17T06:17:43","modified_gmt":"2024-12-17T06:17:43","slug":"couple-sweatshirt","status":"publish","type":"product","link":"https:\/\/mj-clothing.com\/da\/manufacturer\/couple-sweatshirt\/","title":{"rendered":"Sweatshirt til par"},"content":{"rendered":"<p data-sourcepos=\"1:1-1:238\">Par-sweatshirts er en popul\u00e6r trend, som giver par mulighed for at udtrykke deres k\u00e6rlighed og samh\u00f8righed gennem matchende eller supplerende t\u00f8j. De findes i forskellige stilarter, farver og designs, der passer til forskellige pr\u00e6ferencer og lejligheder.<\/p>\n<h3 data-sourcepos=\"3:1-3:39\"><strong>N\u00f8glefunktioner i Couple Sweatshirts:<\/strong><\/h3>\n<ul data-sourcepos=\"5:1-10:0\">\n<li data-sourcepos=\"5:1-5:109\"><strong>Matchende designs:<\/strong> De har ofte matchende m\u00f8nstre, farver eller s\u00e6tninger, der symboliserer parrets b\u00e5nd.<\/li>\n<li data-sourcepos=\"6:1-6:134\"><strong>Komplement\u00e6re designs:<\/strong> Kan have forskellige, men relaterede designs, s\u00e5som \"King\" og \"Queen\", \"Yin\" og \"Yang\" eller \"Her\" og \"Him\".<\/li>\n<li data-sourcepos=\"7:1-7:105\"><strong>Personlige beskeder:<\/strong> Kan tilpasses med navne, initialer, s\u00e6rlige datoer eller personlige beskeder.<\/li>\n<li data-sourcepos=\"8:1-8:95\"><strong>Behagelige materialer:<\/strong> Typisk lavet af bl\u00f8de og behagelige materialer som bomuld eller fleece.<\/li>\n<li data-sourcepos=\"9:1-10:0\"><strong>Alsidige stilarter:<\/strong> F\u00e5s i forskellige modeller, herunder h\u00e6ttetr\u00f8jer, crewnecks og pullover-sweatshirts.<\/li>\n<\/ul>\n<h3 data-sourcepos=\"11:1-11:36\"><strong>Hvor kan man k\u00f8be par-sweatshirts?<\/strong><\/h3>\n<ul data-sourcepos=\"13:1-16:0\">\n<li data-sourcepos=\"13:1-13:121\"><strong>Online-forhandlere:<\/strong> Hjemmesider som Etsy, Amazon og specialiserede butikker med par-t\u00f8j tilbyder en bred vifte af muligheder.<\/li>\n<li data-sourcepos=\"14:1-14:94\"><strong>Fysiske butikker:<\/strong> Tjek lokale butikker og stormagasiner for personlig shopping.<\/li>\n<li data-sourcepos=\"15:1-16:0\"><strong>Tilpassede udskrivningstjenester:<\/strong> Lav dine egne personlige sweatshirts til par med egne designs og beskeder.<\/li>\n<\/ul>\n<h3 data-sourcepos=\"17:1-17:41\"><strong>Tips til at v\u00e6lge sweatshirts til par:<\/strong><\/h3>\n<ul data-sourcepos=\"19:1-24:0\">\n<li data-sourcepos=\"19:1-19:99\"><strong>Overvej din stil:<\/strong> V\u00e6lg en stil, der afspejler dine personlige pr\u00e6ferencer og anledningen.<\/li>\n<li data-sourcepos=\"20:1-20:97\"><strong>V\u00e6lg det rigtige materiale:<\/strong> V\u00e6lg behagelige og slidst\u00e6rke materialer som bomuld eller fleece.<\/li>\n<li data-sourcepos=\"21:1-21:65\"><strong>Tjek st\u00f8rrelsen:<\/strong> S\u00f8rg for, at begge parter f\u00e5r den rigtige st\u00f8rrelse.<\/li>\n<li data-sourcepos=\"22:1-22:89\"><strong>G\u00f8r dine sweatshirts personlige:<\/strong> Tilf\u00f8j et personligt pr\u00e6g med brugerdefinerede beskeder eller designs.<\/li>\n<li data-sourcepos=\"23:1-24:0\"><strong>Koordiner med din partner:<\/strong> Diskuter jeres pr\u00e6ferencer, og koordiner jeres outfits.<\/li>\n<\/ul>\n<p data-sourcepos=\"25:1-25:123\">Ved at v\u00e6lge de rigtige sweatshirts til par kan I skabe et unikt og stilfuldt look, der afspejler jeres k\u00e6rlighed og samh\u00f8righed.<\/p>","protected":false},"excerpt":{"rendered":"<table style=\"height: 499px;\" width=\"433\">\n<tbody>\n<tr>\n<td width=\"146\"><strong><b>Produkt<\/b><\/strong>\u00a0<strong><b>Navn:<\/b><\/strong><\/td>\n<td width=\"601\"><strong>Sweatshirt til par<\/strong><\/td>\n<\/tr>\n<tr>\n<td width=\"146\"><strong><b>Materlal:<\/b><\/strong><\/td>\n<td width=\"601\">Polyester\/bomuld<\/td>\n<\/tr>\n<tr>\n<td width=\"146\"><strong><b>Teknik:<\/b><\/strong><\/td>\n<td width=\"601\">Trykning og farvning<\/td>\n<\/tr>\n<tr>\n<td width=\"146\"><strong><b>Stil:<\/b><\/strong><\/td>\n<td width=\"601\">Afslappet<\/td>\n<\/tr>\n<tr>\n<td width=\"146\"><strong><b>Farve<\/b><\/strong><strong><b>:<\/b><\/strong><\/td>\n<td width=\"601\">\u00a0Brugerdefinerede farver<\/td>\n<\/tr>\n<tr>\n<td width=\"146\"><strong><b>St\u00f8rrelse:<\/b><\/strong><\/td>\n<td width=\"601\">S \/M \/L \/XL \/2XL<\/td>\n<\/tr>\n<tr>\n<td width=\"146\"><strong><b>OEM\/ODM:<\/b><\/strong><\/td>\n<td width=\"601\">Acceptabel<\/td>\n<\/tr>\n<tr>\n<td width=\"146\"><strong><b>Kvalitet:<\/b><\/strong><\/td>\n<td width=\"601\">100% H\u00f8j kvalitet<\/td>\n<\/tr>\n<tr>\n<td width=\"146\"><strong><b>M<\/b><\/strong><strong><b>OQ:<\/b><\/strong><\/td>\n<td width=\"601\">200 stk.<\/td>\n<\/tr>\n<\/tbody>\n<\/table>","protected":false},"featured_media":1862,"template":"","meta":[],"product_brand":[],"product_cat":[38],"product_tag":[],"class_list":{"0":"post-1861","1":"product","2":"type-product","3":"status-publish","4":"has-post-thumbnail","6":"product_cat-mens-clothing","8":"first","9":"instock","10":"shipping-taxable","11":"product-type-simple"},"_links":{"self":[{"href":"https:\/\/mj-clothing.com\/da\/wp-json\/wp\/v2\/product\/1861","targetHints":{"allow":["GET"]}}],"collection":[{"href":"https:\/\/mj-clothing.com\/da\/wp-json\/wp\/v2\/product"}],"about":[{"href":"https:\/\/mj-clothing.com\/da\/wp-json\/wp\/v2\/types\/product"}],"wp:featuredmedia":[{"embeddable":true,"href":"https:\/\/mj-clothing.com\/da\/wp-json\/wp\/v2\/media\/1862"}],"wp:attachment":[{"href":"https:\/\/mj-clothing.com\/da\/wp-json\/wp\/v2\/media?parent=1861"}],"wp:term":[{"taxonomy":"product_brand","embeddable":true,"href":"https:\/\/mj-clothing.com\/da\/wp-json\/wp\/v2\/product_brand?post=1861"},{"taxonomy":"product_cat","embeddable":true,"href":"https:\/\/mj-clothing.com\/da\/wp-json\/wp\/v2\/product_cat?post=1861"},{"taxonomy":"product_tag","embeddable":true,"href":"https:\/\/mj-clothing.com\/da\/wp-json\/wp\/v2\/product_tag?post=1861"}],"curies":[{"name":"wp","href":"https:\/\/api.w.org\/{rel}","templated":true}]}}