{"id":1864,"date":"2024-12-16T06:43:48","date_gmt":"2024-12-16T06:43:48","guid":{"rendered":"https:\/\/mj-clothing.com\/?post_type=product&#038;p=1864"},"modified":"2024-12-17T03:58:09","modified_gmt":"2024-12-17T03:58:09","slug":"collared-sweatshirt","status":"publish","type":"product","link":"https:\/\/mj-clothing.com\/da\/manufacturer\/collared-sweatshirt\/","title":{"rendered":"Sweatshirt med krave"},"content":{"rendered":"<p data-sourcepos=\"1:1-1:242\">En sweatshirt med krave, ogs\u00e5 kendt som en mock neck eller turtleneck sweatshirt, er et alsidigt stykke t\u00f8j, der kombinerer komforten fra en sweatshirt med stilen fra en krave. Det er et popul\u00e6rt valg til b\u00e5de afslappede og semi-formelle lejligheder.<\/p>\n<h3 data-sourcepos=\"3:1-3:42\"><strong>N\u00f8glefunktioner i en sweatshirt med krave:<\/strong><\/h3>\n<ul data-sourcepos=\"5:1-9:0\">\n<li data-sourcepos=\"5:1-5:174\"><strong>Halsb\u00e5nd:<\/strong> Det, der kendetegner en sweatshirt med krave, er kraven, som kan v\u00e6re en mock neck (kort og t\u00e6tsiddende) eller en fuld rullekrave (h\u00f8jere og mere d\u00e6kkende).<\/li>\n<li data-sourcepos=\"6:1-6:109\"><strong>Komfortabelt materiale:<\/strong> Typisk lavet af bl\u00f8de, varme materialer som bomuld, fleece eller en blanding af begge dele.<\/li>\n<li data-sourcepos=\"7:1-7:96\"><strong>Alsidig stil:<\/strong> Kan dresses op eller ned, hvilket g\u00f8r den velegnet til mange forskellige lejligheder.<\/li>\n<li data-sourcepos=\"8:1-9:0\"><strong>Mulighed for lagdeling:<\/strong> Kan kombineres med andre bekl\u00e6dningsgenstande, f.eks. en t-shirt, en jakke eller en vest.<\/li>\n<\/ul>\n<h3 data-sourcepos=\"10:1-10:39\"><strong>S\u00e5dan styler du en sweatshirt med krave:<\/strong><\/h3>\n<p data-sourcepos=\"12:1-12:59\">Her er et par ideer til, hvordan du kan style en sweatshirt med krave:<\/p>\n<ul data-sourcepos=\"14:1-18:0\">\n<li data-sourcepos=\"14:1-14:65\"><strong>Afslappet:<\/strong> S\u00e6t den sammen med jeans og sneakers for et afslappet look.<\/li>\n<li data-sourcepos=\"15:1-15:68\"><strong>Sporty:<\/strong> Brug den med sweatpants eller joggers og sportssko.<\/li>\n<li data-sourcepos=\"16:1-16:73\"><strong>Dressy Casual:<\/strong> Kl\u00e6d den p\u00e5 med en blazer, p\u00e6ne bukser og loafers.<\/li>\n<li data-sourcepos=\"17:1-18:0\"><strong>I lag:<\/strong> L\u00e6g den under en denimjakke eller l\u00e6derjakke for et stilfuldt look.<\/li>\n<\/ul>\n<h3 data-sourcepos=\"19:1-19:44\"><strong>Tips til at v\u00e6lge en sweatshirt med krave:<\/strong><\/h3>\n<ul data-sourcepos=\"21:1-25:0\">\n<li data-sourcepos=\"21:1-21:88\"><strong>Materiale:<\/strong> Se efter et bl\u00f8dt materiale af h\u00f8j kvalitet, som er behageligt at have p\u00e5.<\/li>\n<li data-sourcepos=\"22:1-22:109\"><strong>Passer:<\/strong> V\u00e6lg en pasform, der passer til din personlige stil. Du kan v\u00e6lge en afslappet pasform eller en mere t\u00e6tsiddende stil.<\/li>\n<li data-sourcepos=\"23:1-23:103\"><strong>Farve:<\/strong> Overvej farven p\u00e5 sweatshirten, og hvordan den passer til dit \u00f8vrige t\u00f8j.<\/li>\n<li data-sourcepos=\"24:1-25:0\"><strong>Halsb\u00e5ndets stil:<\/strong> Beslut dig for, hvilken type krave du foretr\u00e6kker, om det er en mock neck eller en fuld rullekrave.<\/li>\n<\/ul>\n<p data-sourcepos=\"26:1-26:94\">Ved at f\u00f8lge disse tips kan du finde den perfekte sweatshirt med krave til din garderobe.<\/p>","protected":false},"excerpt":{"rendered":"<table style=\"height: 544px;\" width=\"428\">\n<tbody>\n<tr>\n<td width=\"146\"><strong><b>Produkt<\/b><\/strong>\u00a0<strong><b>Navn:<\/b><\/strong><\/td>\n<td width=\"601\"><strong>Sweatshirt med krave<\/strong><\/td>\n<\/tr>\n<tr>\n<td width=\"146\"><strong><b>Materlal:<\/b><\/strong><\/td>\n<td width=\"601\">Polyester\/bomuld<\/td>\n<\/tr>\n<tr>\n<td width=\"146\"><strong><b>Teknik: <\/b><\/strong><\/td>\n<td width=\"601\">Trykning og farvning<\/td>\n<\/tr>\n<tr>\n<td width=\"146\"><strong><b>Stil: <\/b><\/strong><\/td>\n<td width=\"601\">Afslappet<\/td>\n<\/tr>\n<tr>\n<td width=\"146\"><strong><b>Farve<\/b><\/strong><strong><b>:<\/b><\/strong><\/td>\n<td width=\"601\">\u00a0Brugerdefinerede farver<\/td>\n<\/tr>\n<tr>\n<td width=\"146\"><strong><b>St\u00f8rrelse:<\/b><\/strong><\/td>\n<td width=\"601\">S \/M \/L \/XL \/2XL<\/td>\n<\/tr>\n<tr>\n<td width=\"146\"><strong><b>OEM\/ODM:<\/b><\/strong><\/td>\n<td width=\"601\">Acceptabel<\/td>\n<\/tr>\n<tr>\n<td width=\"146\"><strong><b>Kvalitet:<\/b><\/strong><\/td>\n<td width=\"601\">100% H\u00f8j kvalitet<\/td>\n<\/tr>\n<tr>\n<td width=\"146\"><strong><b>M<\/b><\/strong><strong><b>OQ:<\/b><\/strong><\/td>\n<td width=\"601\">200 stk.<\/td>\n<\/tr>\n<\/tbody>\n<\/table>","protected":false},"featured_media":1865,"template":"","meta":[],"product_brand":[],"product_cat":[38],"product_tag":[],"class_list":{"0":"post-1864","1":"product","2":"type-product","3":"status-publish","4":"has-post-thumbnail","6":"product_cat-mens-clothing","8":"first","9":"instock","10":"shipping-taxable","11":"product-type-simple"},"_links":{"self":[{"href":"https:\/\/mj-clothing.com\/da\/wp-json\/wp\/v2\/product\/1864","targetHints":{"allow":["GET"]}}],"collection":[{"href":"https:\/\/mj-clothing.com\/da\/wp-json\/wp\/v2\/product"}],"about":[{"href":"https:\/\/mj-clothing.com\/da\/wp-json\/wp\/v2\/types\/product"}],"wp:featuredmedia":[{"embeddable":true,"href":"https:\/\/mj-clothing.com\/da\/wp-json\/wp\/v2\/media\/1865"}],"wp:attachment":[{"href":"https:\/\/mj-clothing.com\/da\/wp-json\/wp\/v2\/media?parent=1864"}],"wp:term":[{"taxonomy":"product_brand","embeddable":true,"href":"https:\/\/mj-clothing.com\/da\/wp-json\/wp\/v2\/product_brand?post=1864"},{"taxonomy":"product_cat","embeddable":true,"href":"https:\/\/mj-clothing.com\/da\/wp-json\/wp\/v2\/product_cat?post=1864"},{"taxonomy":"product_tag","embeddable":true,"href":"https:\/\/mj-clothing.com\/da\/wp-json\/wp\/v2\/product_tag?post=1864"}],"curies":[{"name":"wp","href":"https:\/\/api.w.org\/{rel}","templated":true}]}}