{"id":1919,"date":"2024-12-16T08:23:18","date_gmt":"2024-12-16T08:23:18","guid":{"rendered":"https:\/\/mj-clothing.com\/?post_type=product&#038;p=1919"},"modified":"2024-12-17T03:44:00","modified_gmt":"2024-12-17T03:44:00","slug":"womens-pink-long-sleeve-tops","status":"publish","type":"product","link":"https:\/\/mj-clothing.com\/da\/manufacturer\/womens-pink-long-sleeve-tops\/","title":{"rendered":"Pink lang\u00e6rmede toppe til kvinder"},"content":{"rendered":"<p data-sourcepos=\"1:1-1:189\">Pink lang\u00e6rmede toppe til kvinder er et alsidigt og stilfuldt valg til kvinder. <span class=\"citation-0 recitation citation-end-0\">De findes i forskellige nuancer, fra bl\u00f8d blush til livlig hot pink, og kan styles til forskellige lejligheder.<\/span><span class=\"button-container hide-from-message-actions ng-star-inserted\"> \u00a0<\/span><\/p>\n<h3 data-sourcepos=\"5:1-5:54\">\u00a0 \u00a0 \u00a0 Her er nogle popul\u00e6re modeller af lyser\u00f8de lang\u00e6rmede toppe til kvinder:<\/h3>\n<ul data-sourcepos=\"7:1-18:0\">\n<li data-sourcepos=\"7:1-9:0\">\n<p data-sourcepos=\"7:3-8:22\"><strong><span class=\"citation-1 recitation\">Bluser:<\/span><\/strong><span class=\"citation-1 recitation citation-end-1\"> Lyser\u00f8de bluser kan v\u00e6re lavet af forskellige stoffer, f.eks. silke, bomuld eller h\u00f8r.<\/span> De kan styles med nederdele, bukser eller jeans for et elegant og sofistikeret look.<span class=\"button-container hide-from-message-actions ng-star-inserted\">\u00a0 \u00a0<\/span><\/p>\n<\/li>\n<li data-sourcepos=\"7:1-9:0\">\n<p data-sourcepos=\"7:3-8:22\"><strong style=\"font-size: 14.4px;\"><span class=\"citation-2 recitation\">T-shirts:<\/span><\/strong><span class=\"citation-2 recitation citation-end-2\" style=\"font-size: 14.4px;\"> Lyser\u00f8de t-shirts er et afslappet og behageligt valg, som kan kombineres med jeans, shorts eller nederdele.<\/span><span class=\"button-container hide-from-message-actions ng-star-inserted\" style=\"font-size: 14.4px;\">\u00a0 \u00a0<\/span><\/p>\n<\/li>\n<li data-sourcepos=\"7:1-9:0\">\n<p data-sourcepos=\"7:3-8:22\"><strong style=\"font-size: 14.4px;\"><span class=\"citation-3 recitation\">Tr\u00f8jer:<\/span><\/strong><span class=\"citation-3 recitation citation-end-3\" style=\"font-size: 14.4px;\"> Lyser\u00f8de tr\u00f8jer er perfekte til k\u00f8ligere vejr.<\/span><span style=\"font-size: 14.4px;\"> De kan bruges med jeans, leggings eller nederdele.<\/span><\/p>\n<\/li>\n<li data-sourcepos=\"7:1-9:0\">\n<p data-sourcepos=\"7:3-8:22\"><strong style=\"font-size: 14.4px;\"><span class=\"citation-4 recitation\">Tank tops:<\/span><\/strong><span class=\"citation-4 recitation citation-end-4\" style=\"font-size: 14.4px;\"> Lyser\u00f8de tanktoppe er et alsidigt stykke t\u00f8j, der kan bruges i lag under andre toppe eller alene.<\/span><span class=\"button-container hide-from-message-actions ng-star-inserted\" style=\"font-size: 14.4px;\">\u00a0 \u00a0<\/span><\/p>\n<div class=\"container ng-tns-c2946245707-318 hide\">\n<div class=\"carousel-container ng-tns-c2946245707-318\"><\/div>\n<\/div>\n<div class=\"attachment-container search-images\">\n<div class=\"image-container hide-from-message-actions ng-star-inserted\">\n<div class=\"caption ellipsis gmat-caption ng-star-inserted\" aria-hidden=\"true\"><span style=\"font-size: 20.16px;\">N\u00e5r du k\u00f8ber lyser\u00f8de lang\u00e6rmede toppe til kvinder, b\u00f8r du overveje f\u00f8lgende tips:<\/span><\/div>\n<\/div>\n<\/div>\n<\/li>\n<\/ul>\n<ul data-sourcepos=\"21:1-25:0\">\n<li data-sourcepos=\"21:1-21:94\"><strong>Brug tilbeh\u00f8r:<\/strong> Tilf\u00f8j tilbeh\u00f8r som halsk\u00e6der, \u00f8reringe og t\u00f8rkl\u00e6der for at l\u00f8fte dit look.<\/li>\n<li data-sourcepos=\"22:1-22:121\"><strong>Leg med teksturer:<\/strong> Bland og match forskellige teksturer som blonder, fl\u00f8jl eller strik for at skabe interessante outfits.<\/li>\n<li data-sourcepos=\"23:1-23:114\"><strong>Eksperiment\u00e9r med farver:<\/strong> S\u00e6t din pink top sammen med andre farver som sort, hvid eller denim for et klassisk look.<\/li>\n<li data-sourcepos=\"24:1-25:0\"><strong>Hold det enkelt:<\/strong> Hvis du har en kraftig pink top p\u00e5, skal du holde resten af dit outfit enkelt.<\/li>\n<\/ul>\n<p data-sourcepos=\"26:1-26:192\">Lyser\u00f8de lang\u00e6rmede toppe er et alsidigt og stilfuldt valg, som kan bruges til enhver lejlighed. Ved at f\u00f8lge disse tips kan du skabe fantastiske outfits, der f\u00e5r dig til at se godt ud og f\u00f8le dig godt tilpas.<\/p>","protected":false},"excerpt":{"rendered":"<table style=\"height: 488px;\" width=\"438\">\n<tbody>\n<tr>\n<td width=\"146\"><strong><b>Produkt<\/b><\/strong>\u00a0<strong><b>Navn:<\/b><\/strong><\/td>\n<td width=\"601\"><strong>Pink lang\u00e6rmede toppe til kvinder<\/strong><\/td>\n<\/tr>\n<tr>\n<td width=\"146\"><strong><b>Materlal:<\/b><\/strong><\/td>\n<td width=\"601\">Strikning<\/td>\n<\/tr>\n<tr>\n<td width=\"146\"><strong><b>Teknik:<\/b><\/strong><\/td>\n<td width=\"601\">Broderet<\/td>\n<\/tr>\n<tr>\n<td width=\"146\"><strong><b>Stil:<\/b><\/strong><\/td>\n<td width=\"601\">Afslappet<\/td>\n<\/tr>\n<tr>\n<td width=\"146\"><strong><b>Farve<\/b><\/strong><strong><b>:<\/b><\/strong><\/td>\n<td width=\"601\">\u00a0Brugerdefinerede farver<\/td>\n<\/tr>\n<tr>\n<td width=\"146\"><strong><b>St\u00f8rrelse:<\/b><\/strong><\/td>\n<td width=\"601\">S \/M \/L \/XL \/2XL<\/td>\n<\/tr>\n<tr>\n<td width=\"146\"><strong><b>OEM\/ODM:<\/b><\/strong><\/td>\n<td width=\"601\">Acceptabel<\/td>\n<\/tr>\n<tr>\n<td width=\"146\"><strong><b>Kvalitet:<\/b><\/strong><\/td>\n<td width=\"601\">100% H\u00f8j kvalitet<\/td>\n<\/tr>\n<tr>\n<td width=\"146\"><strong><b>M<\/b><\/strong><strong><b>OQ:<\/b><\/strong><\/td>\n<td width=\"601\">200 stk.<\/td>\n<\/tr>\n<\/tbody>\n<\/table>","protected":false},"featured_media":1922,"template":"","meta":[],"product_brand":[],"product_cat":[39],"product_tag":[],"class_list":{"0":"post-1919","1":"product","2":"type-product","3":"status-publish","4":"has-post-thumbnail","6":"product_cat-womens-clothing","8":"first","9":"instock","10":"shipping-taxable","11":"product-type-simple"},"_links":{"self":[{"href":"https:\/\/mj-clothing.com\/da\/wp-json\/wp\/v2\/product\/1919","targetHints":{"allow":["GET"]}}],"collection":[{"href":"https:\/\/mj-clothing.com\/da\/wp-json\/wp\/v2\/product"}],"about":[{"href":"https:\/\/mj-clothing.com\/da\/wp-json\/wp\/v2\/types\/product"}],"wp:featuredmedia":[{"embeddable":true,"href":"https:\/\/mj-clothing.com\/da\/wp-json\/wp\/v2\/media\/1922"}],"wp:attachment":[{"href":"https:\/\/mj-clothing.com\/da\/wp-json\/wp\/v2\/media?parent=1919"}],"wp:term":[{"taxonomy":"product_brand","embeddable":true,"href":"https:\/\/mj-clothing.com\/da\/wp-json\/wp\/v2\/product_brand?post=1919"},{"taxonomy":"product_cat","embeddable":true,"href":"https:\/\/mj-clothing.com\/da\/wp-json\/wp\/v2\/product_cat?post=1919"},{"taxonomy":"product_tag","embeddable":true,"href":"https:\/\/mj-clothing.com\/da\/wp-json\/wp\/v2\/product_tag?post=1919"}],"curies":[{"name":"wp","href":"https:\/\/api.w.org\/{rel}","templated":true}]}}