{"id":1939,"date":"2024-12-16T09:14:41","date_gmt":"2024-12-16T09:14:41","guid":{"rendered":"https:\/\/mj-clothing.com\/?post_type=product&#038;p=1939"},"modified":"2024-12-17T03:42:51","modified_gmt":"2024-12-17T03:42:51","slug":"womens-spring-tops-2024","status":"publish","type":"product","link":"https:\/\/mj-clothing.com\/da\/manufacturer\/womens-spring-tops-2024\/","title":{"rendered":"For\u00e5rstoppe til kvinder 2024"},"content":{"rendered":"<p data-sourcepos=\"1:1-1:118\"><span class=\"citation-0 recitation citation-end-0\">Womens Spring Tops 2024 er en blanding af klassiske styles med moderne twists.<\/span> Her er nogle af de vigtigste tendenser:<\/p>\n<h3 data-sourcepos=\"1:1-1:118\"><strong>1. For\u00e5rstoppe til kvinder 2024 M\u00f8nstre:<\/strong><\/h3>\n<ul data-sourcepos=\"5:1-7:0\">\n<li data-sourcepos=\"5:1-5:80\"><strong>Delikate blomster:<\/strong> Bl\u00f8de, romantiske blomsterprint er en klassisk for\u00e5rstrend.<\/li>\n<li data-sourcepos=\"6:1-7:0\"><strong>Dristige blomster:<\/strong> Store, levende blomsterm\u00f8nstre giver et statement.<\/li>\n<\/ul>\n<h3 data-sourcepos=\"8:1-8:20\"><strong>2. Womens Spring Tops 2024 Relaxed Fits:<\/strong><\/h3>\n<ul data-sourcepos=\"10:1-12:0\">\n<li data-sourcepos=\"10:1-10:99\"><strong>Overdimensionerede silhuetter:<\/strong> Oversized toppe er behagelige og stilfulde og perfekte til et afslappet look.<\/li>\n<li data-sourcepos=\"11:1-12:0\"><strong>Blomstrende bluser:<\/strong> Lette og luftige bluser er ideelle til varmere vejr.<\/li>\n<\/ul>\n<h3 data-sourcepos=\"13:1-13:21\"><strong>3. For\u00e5rstoppe til kvinder 2024 lyse farver:<\/strong><\/h3>\n<ul data-sourcepos=\"15:1-17:0\">\n<li data-sourcepos=\"15:1-15:83\"><strong>Dristige farver:<\/strong> Levende farver som pink, gul og orange giver et muntert pr\u00e6g.<\/li>\n<li data-sourcepos=\"16:1-17:0\"><strong>Pastelfarver:<\/strong> Bl\u00f8de pasteller som lavendel, mintgr\u00f8n og babybl\u00e5 er perfekte til et romantisk look.<\/li>\n<\/ul>\n<h3 data-sourcepos=\"18:1-18:24\"><strong>4. Unikke halsudsk\u00e6ringer:<\/strong><\/h3>\n<ul data-sourcepos=\"20:1-23:0\">\n<li data-sourcepos=\"20:1-20:59\"><strong>Off-the-Shoulder:<\/strong> En feminin og flatterende halsudsk\u00e6ring.<\/li>\n<li data-sourcepos=\"21:1-21:55\"><strong>Firkantet halsudsk\u00e6ring:<\/strong> Et moderne og sofistikeret look.<\/li>\n<li data-sourcepos=\"22:1-23:0\"><strong>En skulder:<\/strong> Et modigt og dramatisk valg.<\/li>\n<\/ul>\n<h3 data-sourcepos=\"24:1-24:24\"><strong>5. Teksturerede stoffer:<\/strong><\/h3>\n<ul data-sourcepos=\"26:1-29:0\">\n<li data-sourcepos=\"26:1-26:52\"><strong>Blonder:<\/strong> Tilf\u00f8rer et strejf af elegance og femininitet.<\/li>\n<li data-sourcepos=\"27:1-27:49\"><strong>Strik:<\/strong> Behagelig og hyggelig til k\u00f8ligere dage.<\/li>\n<li data-sourcepos=\"28:1-29:0\"><strong>Satin:<\/strong> Et luksuri\u00f8st og glamour\u00f8st stof.<\/li>\n<\/ul>\n<h3 data-sourcepos=\"30:1-30:27\"><strong>6. B\u00e6redygtige tekstiler:<\/strong><\/h3>\n<ul data-sourcepos=\"32:1-35:0\">\n<li data-sourcepos=\"32:1-32:44\"><strong>\u00d8kologisk bomuld:<\/strong> Milj\u00f8venlig og bl\u00f8d.<\/li>\n<li data-sourcepos=\"33:1-33:50\"><strong>Genanvendt polyester:<\/strong> B\u00e6redygtig og holdbar.<\/li>\n<li data-sourcepos=\"34:1-35:0\"><strong><span class=\"citation-1 recitation\">Tencel:<\/span><\/strong><span class=\"citation-1 recitation citation-end-1\"> Et \u00e5ndbart og fugttransporterende stof.<\/span><span class=\"button-container hide-from-message-actions ng-star-inserted\"> \u00a0<\/span>\n<div class=\"container ng-tns-c2946245707-383 hide\">\n<div class=\"carousel-container ng-tns-c2946245707-383\"><\/div>\n<\/div>\n<\/li>\n<\/ul>\n<p data-sourcepos=\"36:1-36:226\">Husk, at den bedste m\u00e5de at finde den perfekte for\u00e5rstop til dig er at eksperimentere med forskellige stilarter, farver og stoffer. Overvej din personlige stil og den lejlighed, du skal bruge toppen til, n\u00e5r du v\u00e6lger.<\/p>","protected":false},"excerpt":{"rendered":"<table style=\"height: 470px;\" width=\"398\">\n<tbody>\n<tr>\n<td width=\"146\"><strong><b>Produkt<\/b><\/strong>\u00a0<strong><b>Navn:<\/b><\/strong><\/td>\n<td width=\"601\"><strong>For\u00e5rstoppe til kvinder 2024<\/strong><\/td>\n<\/tr>\n<tr>\n<td width=\"146\"><strong><b>Materlal:<\/b><\/strong><\/td>\n<td width=\"601\">Strikning<\/td>\n<\/tr>\n<tr>\n<td width=\"146\"><strong><b>Teknik:<\/b><\/strong><\/td>\n<td width=\"601\">Broderet<\/td>\n<\/tr>\n<tr>\n<td width=\"146\"><strong><b>Stil:<\/b><\/strong><\/td>\n<td width=\"601\">Afslappet<\/td>\n<\/tr>\n<tr>\n<td width=\"146\"><strong><b>Farve<\/b><\/strong><strong><b>:<\/b><\/strong><\/td>\n<td width=\"601\">\u00a0Brugerdefinerede farver<\/td>\n<\/tr>\n<tr>\n<td width=\"146\"><strong><b>St\u00f8rrelse:<\/b><\/strong><\/td>\n<td width=\"601\">S \/M \/L \/XL \/2XL<\/td>\n<\/tr>\n<tr>\n<td width=\"146\"><strong><b>OEM\/ODM:<\/b><\/strong><\/td>\n<td width=\"601\">Acceptabel<\/td>\n<\/tr>\n<tr>\n<td width=\"146\"><strong><b>Kvalitet:<\/b><\/strong><\/td>\n<td width=\"601\">100% H\u00f8j kvalitet<\/td>\n<\/tr>\n<tr>\n<td width=\"146\"><strong><b>M<\/b><\/strong><strong><b>OQ:<\/b><\/strong><\/td>\n<td width=\"601\">200 stk.<\/td>\n<\/tr>\n<\/tbody>\n<\/table>","protected":false},"featured_media":1940,"template":"","meta":[],"product_brand":[],"product_cat":[39],"product_tag":[],"class_list":{"0":"post-1939","1":"product","2":"type-product","3":"status-publish","4":"has-post-thumbnail","6":"product_cat-womens-clothing","8":"first","9":"instock","10":"shipping-taxable","11":"product-type-simple"},"_links":{"self":[{"href":"https:\/\/mj-clothing.com\/da\/wp-json\/wp\/v2\/product\/1939","targetHints":{"allow":["GET"]}}],"collection":[{"href":"https:\/\/mj-clothing.com\/da\/wp-json\/wp\/v2\/product"}],"about":[{"href":"https:\/\/mj-clothing.com\/da\/wp-json\/wp\/v2\/types\/product"}],"wp:featuredmedia":[{"embeddable":true,"href":"https:\/\/mj-clothing.com\/da\/wp-json\/wp\/v2\/media\/1940"}],"wp:attachment":[{"href":"https:\/\/mj-clothing.com\/da\/wp-json\/wp\/v2\/media?parent=1939"}],"wp:term":[{"taxonomy":"product_brand","embeddable":true,"href":"https:\/\/mj-clothing.com\/da\/wp-json\/wp\/v2\/product_brand?post=1939"},{"taxonomy":"product_cat","embeddable":true,"href":"https:\/\/mj-clothing.com\/da\/wp-json\/wp\/v2\/product_cat?post=1939"},{"taxonomy":"product_tag","embeddable":true,"href":"https:\/\/mj-clothing.com\/da\/wp-json\/wp\/v2\/product_tag?post=1939"}],"curies":[{"name":"wp","href":"https:\/\/api.w.org\/{rel}","templated":true}]}}