{"id":1946,"date":"2024-12-17T02:48:08","date_gmt":"2024-12-17T02:48:08","guid":{"rendered":"https:\/\/mj-clothing.com\/?post_type=product&#038;p=1946"},"modified":"2024-12-17T03:42:21","modified_gmt":"2024-12-17T03:42:21","slug":"easy-to-sew-womens-tops","status":"publish","type":"product","link":"https:\/\/mj-clothing.com\/da\/manufacturer\/easy-to-sew-womens-tops\/","title":{"rendered":"Let at sy dametoppe"},"content":{"rendered":"<div class=\"experimental-mode-disclaimer-container ng-star-inserted\">\n<div class=\"disclaimer\">\n<div class=\"disclaimer-text ng-star-inserted\"><\/div>\n<\/div>\n<\/div>\n<div id=\"model-response-message-contentr_97504a3a3735aa12\" class=\"markdown markdown-main-panel response-optimization\" dir=\"ltr\">\n<p data-sourcepos=\"1:1-1:139\">Det lyder, som om du er p\u00e5 udkig efter let syede dametoppe! Her er en oversigt over ideer og ressourcer, s\u00e5 du kan komme i gang:<\/p>\n<h3 data-sourcepos=\"3:1-3:33\"><strong>N\u00f8gleelementer til let syede dametoppe:<\/strong><\/h3>\n<ul data-sourcepos=\"5:1-9:0\">\n<li data-sourcepos=\"5:1-5:153\"><strong>Enkle former:<\/strong> Se efter m\u00f8nstre med grundl\u00e6ggende former som rektangler, firkanter eller minimale kurver. De kr\u00e6ver mindre kompliceret tilsk\u00e6ring og sammensyning.<\/li>\n<li data-sourcepos=\"6:1-6:172\"><strong><span class=\"citation-0 recitation\">Strik Stoffer:<\/span><\/strong><span class=\"citation-0 recitation citation-end-0\"> Disse stoffer har stretch, hvilket g\u00f8r dem mere tilgivende for begyndere.<\/span> De kr\u00e6ver ofte heller ikke efterbehandling af kanterne, s\u00e5 du sparer tid.<span class=\"button-container hide-from-message-actions ng-star-inserted\">\u00a0 \u00a0<\/span>\n<div class=\"container ng-tns-c2960411664-24 hide\">\n<div class=\"carousel-container ng-tns-c2960411664-24\"><\/div>\n<\/div>\n<\/li>\n<li data-sourcepos=\"7:1-7:95\"><strong>Minimale s\u00f8mme:<\/strong> Jo f\u00e6rre s\u00f8mme et m\u00f8nster har, jo hurtigere og nemmere er det at sy.<\/li>\n<li data-sourcepos=\"8:1-9:0\"><strong>Ingen komplicerede lukninger:<\/strong> Undg\u00e5 m\u00f8nstre med lynl\u00e5se, knaphuller eller indviklede lukninger i begyndelsen.<\/li>\n<\/ul>\n<h3 data-sourcepos=\"10:1-10:32\"><strong>Let at sy dametoppe at overveje:<\/strong><\/h3>\n<ul data-sourcepos=\"12:1-17:0\">\n<li data-sourcepos=\"12:1-12:133\"><strong>T-shirts:<\/strong> En klassiker af en grund! <span class=\"citation-1 recitation citation-end-1\">Grundl\u00e6ggende t-shirt-m\u00f8nstre er let tilg\u00e6ngelige og giver et godt udgangspunkt.<\/span><span class=\"button-container hide-from-message-actions ng-star-inserted\"> \u00a0<\/span>\n<div class=\"container ng-tns-c2960411664-25 hide\">\n<div class=\"carousel-container ng-tns-c2960411664-25\"><\/div>\n<\/div>\n<\/li>\n<li data-sourcepos=\"13:1-13:96\"><strong>Tanktoppe:<\/strong> Enkle tanktoppe med brede stropper eller grundformer er meget nemme at lave.<\/li>\n<li data-sourcepos=\"14:1-14:110\"><strong>Kimono-toppe:<\/strong> De involverer ofte syning af lige linjer og kan laves af smukke, draperende stoffer.<\/li>\n<li data-sourcepos=\"15:1-15:97\"><strong>Enkle tunikaer:<\/strong> L\u00f8stsiddende tunikaer med minimal formgivning er behagelige og nemme at sy.<\/li>\n<li data-sourcepos=\"16:1-17:0\"><strong>Samlede overdele:<\/strong> Toppe med elastiske halsudsk\u00e6ringer eller rynkede partier kan v\u00e6re overraskende enkle at lave.<\/li>\n<\/ul>\n<h3 data-sourcepos=\"18:1-18:43\"><strong>Hvor kan man finde m\u00f8nstre og inspiration til let syede dametoppe?<\/strong><\/h3>\n<ul data-sourcepos=\"20:1-24:0\">\n<li data-sourcepos=\"20:1-20:97\"><strong>Sew Essential:<\/strong> Denne hjemmeside tilbyder en r\u00e6kke begyndervenlige m\u00f8nstre og ressourcer.<\/li>\n<li data-sourcepos=\"21:1-21:99\"><strong>Simpel syning:<\/strong> <span class=\"citation-2 recitation citation-end-2\">De fokuserer p\u00e5 enkle og stilfulde m\u00f8nstre med klare instruktioner.<\/span><span class=\"button-container hide-from-message-actions ng-star-inserted\">\u00a0<\/span>\n<div class=\"container ng-tns-c2960411664-26 hide\">\n<div class=\"carousel-container ng-tns-c2960411664-26\"><\/div>\n<\/div>\n<\/li>\n<li data-sourcepos=\"22:1-22:120\"><strong><span class=\"citation-3 recitation\">Pinterest:<\/span><\/strong><span class=\"citation-3 recitation citation-end-3\"> En guldgrube af DIY-id\u00e9er, herunder mange gratis vejledninger og m\u00f8nstre til nemme toppe.<\/span><span class=\"button-container hide-from-message-actions ng-star-inserted\"> \u00a0<\/span>\n<div class=\"container ng-tns-c2960411664-27 hide\">\n<div class=\"carousel-container ng-tns-c2960411664-27\"><\/div>\n<\/div>\n<\/li>\n<li data-sourcepos=\"23:1-24:0\"><strong>Simplicity, McCall's, Butterick:<\/strong> Disse m\u00f8nsterfirmaer har en bred vifte af m\u00f8nstre, ofte kategoriseret efter f\u00e6rdighedsniveau.<\/li>\n<\/ul>\n<h3 data-sourcepos=\"25:1-25:23\"><strong>Tips til begyndere:<\/strong><\/h3>\n<ul data-sourcepos=\"27:1-31:0\">\n<li data-sourcepos=\"27:1-27:102\"><strong>Start med et simpelt projekt:<\/strong> Pr\u00f8v ikke at tackle noget, der er for komplekst i dit f\u00f8rste fors\u00f8g.<\/li>\n<li data-sourcepos=\"28:1-28:99\"><strong>V\u00e6lg det rigtige stof:<\/strong> Strikkede stoffer er generelt lettere at arbejde med end v\u00e6vede stoffer.<\/li>\n<li data-sourcepos=\"29:1-29:93\"><strong>L\u00e6s instruktionerne omhyggeligt:<\/strong> S\u00f8rg for at forst\u00e5 trinnene, f\u00f8r du g\u00e5r i gang.<\/li>\n<li data-sourcepos=\"30:1-31:0\"><strong>V\u00e6r ikke bange for at bede om hj\u00e6lp:<\/strong> Der findes mange onlinef\u00e6llesskaber og ressourcer, som kan hj\u00e6lpe dig, hvis du g\u00e5r i st\u00e5.<\/li>\n<\/ul>\n<p data-sourcepos=\"32:1-32:128\">Jeg er klar til at hj\u00e6lpe dig videre, hvis du har specifikke sp\u00f8rgsm\u00e5l eller \u00f8nsker at udforske en bestemt type top. Bare lad mig det vide!<\/p>\n<\/div>\n<div class=\"skeleton-loader-container\"><\/div>","protected":false},"excerpt":{"rendered":"<table style=\"height: 518px;\" width=\"411\">\n<tbody>\n<tr>\n<td width=\"146\"><strong><b>Produkt<\/b><\/strong>\u00a0<strong><b>Navn:<\/b><\/strong><\/td>\n<td width=\"601\"><strong>Let at sy dametoppe<\/strong><\/td>\n<\/tr>\n<tr>\n<td width=\"146\"><strong><b>Materlal:<\/b><\/strong><\/td>\n<td width=\"601\">Strikning<\/td>\n<\/tr>\n<tr>\n<td width=\"146\"><strong><b>Teknik:<\/b><\/strong><\/td>\n<td width=\"601\">Broderet<\/td>\n<\/tr>\n<tr>\n<td width=\"146\"><strong><b>Stil:<\/b><\/strong><\/td>\n<td width=\"601\">Afslappet<\/td>\n<\/tr>\n<tr>\n<td width=\"146\"><strong><b>Farve<\/b><\/strong><strong><b>:<\/b><\/strong><\/td>\n<td width=\"601\">\u00a0Brugerdefinerede farver<\/td>\n<\/tr>\n<tr>\n<td width=\"146\"><strong><b>St\u00f8rrelse:<\/b><\/strong><\/td>\n<td width=\"601\">S \/M \/L \/XL \/2XL<\/td>\n<\/tr>\n<tr>\n<td width=\"146\"><strong><b>OEM\/ODM:<\/b><\/strong><\/td>\n<td width=\"601\">Acceptabel<\/td>\n<\/tr>\n<tr>\n<td width=\"146\"><strong><b>Kvalitet:<\/b><\/strong><\/td>\n<td width=\"601\">100% H\u00f8j kvalitet<\/td>\n<\/tr>\n<tr>\n<td width=\"146\"><strong><b>M<\/b><\/strong><strong><b>OQ:<\/b><\/strong><\/td>\n<td width=\"601\">200 stk.<\/td>\n<\/tr>\n<\/tbody>\n<\/table>","protected":false},"featured_media":1956,"template":"","meta":[],"product_brand":[],"product_cat":[39],"product_tag":[],"class_list":{"0":"post-1946","1":"product","2":"type-product","3":"status-publish","4":"has-post-thumbnail","6":"product_cat-womens-clothing","8":"first","9":"instock","10":"shipping-taxable","11":"product-type-simple"},"_links":{"self":[{"href":"https:\/\/mj-clothing.com\/da\/wp-json\/wp\/v2\/product\/1946","targetHints":{"allow":["GET"]}}],"collection":[{"href":"https:\/\/mj-clothing.com\/da\/wp-json\/wp\/v2\/product"}],"about":[{"href":"https:\/\/mj-clothing.com\/da\/wp-json\/wp\/v2\/types\/product"}],"wp:featuredmedia":[{"embeddable":true,"href":"https:\/\/mj-clothing.com\/da\/wp-json\/wp\/v2\/media\/1956"}],"wp:attachment":[{"href":"https:\/\/mj-clothing.com\/da\/wp-json\/wp\/v2\/media?parent=1946"}],"wp:term":[{"taxonomy":"product_brand","embeddable":true,"href":"https:\/\/mj-clothing.com\/da\/wp-json\/wp\/v2\/product_brand?post=1946"},{"taxonomy":"product_cat","embeddable":true,"href":"https:\/\/mj-clothing.com\/da\/wp-json\/wp\/v2\/product_cat?post=1946"},{"taxonomy":"product_tag","embeddable":true,"href":"https:\/\/mj-clothing.com\/da\/wp-json\/wp\/v2\/product_tag?post=1946"}],"curies":[{"name":"wp","href":"https:\/\/api.w.org\/{rel}","templated":true}]}}