{"id":1957,"date":"2024-12-17T02:54:13","date_gmt":"2024-12-17T02:54:13","guid":{"rendered":"https:\/\/mj-clothing.com\/?post_type=product&#038;p=1957"},"modified":"2024-12-18T06:10:01","modified_gmt":"2024-12-18T06:10:01","slug":"womens-shell-top","status":"publish","type":"product","link":"https:\/\/mj-clothing.com\/da\/manufacturer\/womens-shell-top\/","title":{"rendered":"Shell-top til kvinder"},"content":{"rendered":"<p data-sourcepos=\"1:1-1:134\"><span class=\"citation-0 recitation citation-end-0\">En shell-top til kvinder er et alsidigt og klassisk element i garderoben.<\/span> Her er en oversigt over, hvad det er, og hvorfor det er s\u00e5 popul\u00e6rt:<span class=\"button-container hide-from-message-actions ng-star-inserted\"> \u00a0<\/span><\/p>\n<h3 data-sourcepos=\"3:1-3:24\"><strong>Hvad er en Shell Top til kvinder?<\/strong><\/h3>\n<ul data-sourcepos=\"5:1-9:0\">\n<li data-sourcepos=\"5:1-5:173\"><strong><span class=\"citation-1 recitation\">Enkel og uden \u00e6rmer:<\/span><\/strong><span class=\"citation-1 recitation citation-end-1\"> Det er egentlig en basal, \u00e6rmel\u00f8s top.<\/span> Den har ofte en enkel halsudsk\u00e6ring (som rund hals, rund hals eller V-hals) og ingen krave.<span class=\"button-container hide-from-message-actions ng-star-inserted\"> \u00a0<\/span>\n<div class=\"container ng-tns-c2960411664-35 hide\">\n<div class=\"carousel-container ng-tns-c2960411664-35\"><\/div>\n<\/div>\n<\/li>\n<li data-sourcepos=\"6:1-6:278\"><strong>Alsidigt stof:<\/strong> <span class=\"citation-2 recitation citation-end-2\">Shell-toppe kan laves af en lang r\u00e6kke forskellige stoffer, herunder bomuld, silke, h\u00f8r, rayon eller blandinger.<\/span> <span class=\"citation-3 recitation citation-end-3\">Stofvalget kan i h\u00f8j grad p\u00e5virke topens udseende og fornemmelse, s\u00e5 den passer til afslappede eller mere formelle lejligheder.<\/span>\n<div class=\"container ng-tns-c2960411664-36 hide\">\n<div class=\"carousel-container ng-tns-c2960411664-36\"><\/div>\n<\/div>\n<\/li>\n<li data-sourcepos=\"7:1-7:186\"><strong>Lag-p\u00e5-lag er vigtigt:<\/strong> Shell-toppe er fremragende til at l\u00e6gge under cardigans, blazere, jakker eller endda gennemsigtige toppe. De giver et glat basislag uden at fylde for meget p\u00e5 armene.<\/li>\n<li data-sourcepos=\"8:1-9:0\"><strong><span class=\"citation-4 recitation\">Selvst\u00e6ndigt v\u00e6rk:<\/span><\/strong><span class=\"citation-4 recitation citation-end-4\"> Skaltoppe er gode til lag p\u00e5 lag, men de kan ogs\u00e5 bruges alene, is\u00e6r i varmere vejr.<\/span>\n<div class=\"container ng-tns-c2960411664-37 hide\">\n<div class=\"carousel-container ng-tns-c2960411664-37\"><\/div>\n<\/div>\n<\/li>\n<\/ul>\n<h3 data-sourcepos=\"10:1-10:24\"><strong>Vigtige egenskaber:<\/strong><\/h3>\n<ul data-sourcepos=\"12:1-15:0\">\n<li data-sourcepos=\"12:1-12:120\"><strong>Rene linjer:<\/strong> Shell-toppe har typisk et rent og enkelt design uden for mange udsmykninger eller detaljer.<\/li>\n<li data-sourcepos=\"13:1-13:128\"><strong>Monteret eller semi-monteret:<\/strong> De er normalt designet til at sidde relativt t\u00e6t p\u00e5 kroppen, hvilket giver en flatterende silhuet.<\/li>\n<li data-sourcepos=\"14:1-15:0\"><strong>Tidl\u00f8s stil:<\/strong> Skaltoppen er en klassiker, som har v\u00e6ret stilfuld i \u00e5rtier p\u00e5 grund af sin enkelhed og tilpasningsevne.<\/li>\n<\/ul>\n<h3 data-sourcepos=\"16:1-16:25\"><strong>Hvorfor er Womens Shell Top popul\u00e6r?<\/strong><\/h3>\n<ul data-sourcepos=\"18:1-22:0\">\n<li data-sourcepos=\"18:1-18:95\"><strong>Alsidighed:<\/strong> Som n\u00e6vnt kan de dresses op eller ned og b\u00e6res i forskellige sammenh\u00e6nge.<\/li>\n<li data-sourcepos=\"19:1-19:130\"><strong>Komfort:<\/strong> Det \u00e6rmel\u00f8se design og de ofte lette stoffer g\u00f8r dem behagelige at have p\u00e5, is\u00e6r i varmere klimaer.<\/li>\n<li data-sourcepos=\"20:1-20:92\"><strong>Mulighed for lagdeling:<\/strong> De er perfekte til at skabe lag-p\u00e5-lag-outfits uden at fylde for meget.<\/li>\n<li data-sourcepos=\"21:1-22:0\"><strong>Tidl\u00f8shed:<\/strong> De er en klassiker i garderoben, som aldrig g\u00e5r af mode.<\/li>\n<\/ul>\n<h3 data-sourcepos=\"23:1-23:28\"><strong>S\u00e5dan bruger du en Shell-top til kvinder:<\/strong><\/h3>\n<ul data-sourcepos=\"25:1-28:0\">\n<li data-sourcepos=\"25:1-25:81\"><strong>Afslappet:<\/strong> S\u00e6t den sammen med jeans, shorts eller en afslappet nederdel for et afslappet look.<\/li>\n<li data-sourcepos=\"26:1-26:122\"><strong>Business casual:<\/strong> Brug den under en blazer med bukser eller et pencilskirt for et professionelt, men behageligt outfit.<\/li>\n<li data-sourcepos=\"27:1-28:0\"><strong>Kl\u00e6delig:<\/strong> V\u00e6lg en shell-top i et luksuri\u00f8st stof som silke eller satin, og s\u00e6t den sammen med en kl\u00e6delig nederdel eller bukser til et aftenarrangement.<\/li>\n<\/ul>\n<p data-sourcepos=\"29:1-29:132\">Uanset om du er p\u00e5 udkig efter et basislag eller en enkel top til det varme vejr, er shell-toppen et alsidigt og stilfuldt valg.<\/p>","protected":false},"excerpt":{"rendered":"<table style=\"height: 495px;\" width=\"411\">\n<tbody>\n<tr>\n<td width=\"146\"><strong><b>Produkt<\/b><\/strong>\u00a0<strong><b>Navn:<\/b><\/strong><\/td>\n<td width=\"601\"><strong>Shell-top til kvinder<\/strong><\/td>\n<\/tr>\n<tr>\n<td width=\"146\"><strong><b>Materlal:<\/b><\/strong><\/td>\n<td width=\"601\">Strikning<\/td>\n<\/tr>\n<tr>\n<td width=\"146\"><strong><b>Teknik:<\/b><\/strong><\/td>\n<td width=\"601\">Broderet<\/td>\n<\/tr>\n<tr>\n<td width=\"146\"><strong><b>Stil:<\/b><\/strong><\/td>\n<td width=\"601\">Afslappet<\/td>\n<\/tr>\n<tr>\n<td width=\"146\"><strong><b>Farve<\/b><\/strong><strong><b>:<\/b><\/strong><\/td>\n<td width=\"601\">\u00a0Brugerdefinerede farver<\/td>\n<\/tr>\n<tr>\n<td width=\"146\"><strong><b>St\u00f8rrelse:<\/b><\/strong><\/td>\n<td width=\"601\">S \/M \/L \/XL \/2XL<\/td>\n<\/tr>\n<tr>\n<td width=\"146\"><strong><b>OEM\/ODM:<\/b><\/strong><\/td>\n<td width=\"601\">Acceptabel<\/td>\n<\/tr>\n<tr>\n<td width=\"146\"><strong><b>Kvalitet:<\/b><\/strong><\/td>\n<td width=\"601\">100% H\u00f8j kvalitet<\/td>\n<\/tr>\n<tr>\n<td width=\"146\"><strong><b>M<\/b><\/strong><strong><b>OQ:<\/b><\/strong><\/td>\n<td width=\"601\">200 stk.<\/td>\n<\/tr>\n<\/tbody>\n<\/table>","protected":false},"featured_media":1958,"template":"","meta":[],"product_brand":[],"product_cat":[39],"product_tag":[],"class_list":{"0":"post-1957","1":"product","2":"type-product","3":"status-publish","4":"has-post-thumbnail","6":"product_cat-womens-clothing","8":"first","9":"instock","10":"shipping-taxable","11":"product-type-simple"},"_links":{"self":[{"href":"https:\/\/mj-clothing.com\/da\/wp-json\/wp\/v2\/product\/1957","targetHints":{"allow":["GET"]}}],"collection":[{"href":"https:\/\/mj-clothing.com\/da\/wp-json\/wp\/v2\/product"}],"about":[{"href":"https:\/\/mj-clothing.com\/da\/wp-json\/wp\/v2\/types\/product"}],"wp:featuredmedia":[{"embeddable":true,"href":"https:\/\/mj-clothing.com\/da\/wp-json\/wp\/v2\/media\/1958"}],"wp:attachment":[{"href":"https:\/\/mj-clothing.com\/da\/wp-json\/wp\/v2\/media?parent=1957"}],"wp:term":[{"taxonomy":"product_brand","embeddable":true,"href":"https:\/\/mj-clothing.com\/da\/wp-json\/wp\/v2\/product_brand?post=1957"},{"taxonomy":"product_cat","embeddable":true,"href":"https:\/\/mj-clothing.com\/da\/wp-json\/wp\/v2\/product_cat?post=1957"},{"taxonomy":"product_tag","embeddable":true,"href":"https:\/\/mj-clothing.com\/da\/wp-json\/wp\/v2\/product_tag?post=1957"}],"curies":[{"name":"wp","href":"https:\/\/api.w.org\/{rel}","templated":true}]}}