{"id":1960,"date":"2024-12-17T03:10:50","date_gmt":"2024-12-17T03:10:50","guid":{"rendered":"https:\/\/mj-clothing.com\/?post_type=product&#038;p=1960"},"modified":"2024-12-17T03:10:50","modified_gmt":"2024-12-17T03:10:50","slug":"periwinkle-womens-tops","status":"publish","type":"product","link":"https:\/\/mj-clothing.com\/da\/manufacturer\/periwinkle-womens-tops\/","title":{"rendered":"Periwinkle Dametoppe"},"content":{"rendered":"<div id=\"model-response-message-contentr_7f973865284483ec\" class=\"markdown markdown-main-panel response-optimization\" dir=\"ltr\">\n<p data-sourcepos=\"1:1-1:279\">Periwinkle Womens Tops er en smuk, bl\u00f8d og alsidig farve, der kan tilf\u00f8je et strejf af elegance og femininitet til ethvert outfit. <span class=\"citation-0 recitation citation-end-0\">Det er en lyslilla farve med et strejf af bl\u00e5, ofte beskrevet som en lys lavendel eller en lys violet.<\/span> Her er, hvad der g\u00f8r periwinkle dametoppe s\u00e5 tiltr\u00e6kkende:<span class=\"button-container hide-from-message-actions ng-star-inserted\">\u00a0 \u00a0<\/span><\/p>\n<h3 data-sourcepos=\"3:1-3:39\"><strong>Hvorfor Periwinkle Womens Tops fungerer godt til toppe:<\/strong><\/h3>\n<ul data-sourcepos=\"5:1-9:0\">\n<li data-sourcepos=\"5:1-5:138\"><strong>Flatterende p\u00e5 mange hudtoner:<\/strong> Periwinkle har b\u00e5de k\u00f8lige og varme undertoner, hvilket g\u00f8r den smigrende for en bred vifte af hudfarver.<\/li>\n<li data-sourcepos=\"6:1-6:105\"><strong>Bl\u00f8d og beroligende:<\/strong> <span class=\"citation-1 recitation citation-end-1\">Det er en blid farve, der fremkalder f\u00f8lelser af ro og fred.<\/span><span class=\"button-container hide-from-message-actions ng-star-inserted\"> \u00a0<\/span>\n<div class=\"container ng-tns-c2960411664-45 hide\">\n<div class=\"carousel-container ng-tns-c2960411664-45\"><\/div>\n<\/div>\n<\/li>\n<li data-sourcepos=\"7:1-7:111\"><strong><span class=\"citation-2 recitation\">Alsidig:<\/span><\/strong><span class=\"citation-2 recitation citation-end-2\"> Periwinkle kan dresses op eller ned, hvilket g\u00f8r den velegnet til forskellige lejligheder.<\/span><span class=\"button-container hide-from-message-actions ng-star-inserted\"> \u00a0<\/span>\n<div class=\"container ng-tns-c2960411664-46 hide\">\n<div class=\"carousel-container ng-tns-c2960411664-46\"><\/div>\n<\/div>\n<\/li>\n<li data-sourcepos=\"8:1-9:0\"><strong>Passer godt sammen med andre farver:<\/strong> Den supplerer neutrale farver som hvid, gr\u00e5 og beige samt andre farver som pink, gr\u00f8n og endda gul.<\/li>\n<\/ul>\n<h3 data-sourcepos=\"10:1-10:44\"><strong>Typer af Periwinkle Womens Tops, du kan finde:<\/strong><\/h3>\n<ul data-sourcepos=\"12:1-16:0\">\n<li data-sourcepos=\"12:1-12:164\"><strong>T-shirts og afslappede overdele:<\/strong> En periwinkle t-shirt eller en afslappet top er perfekt til hverdagsbrug. S\u00e6t den sammen med jeans, shorts eller en afslappet nederdel for et afslappet look.<\/li>\n<li data-sourcepos=\"13:1-13:198\"><strong><span class=\"citation-3 recitation\">Bluser og p\u00e6nere overdele:<\/span><\/strong><span class=\"citation-3 recitation citation-end-3\"> En periwinkle-bluse i silke, satin eller chiffon kan pyntes op til mere formelle lejligheder.<\/span> S\u00e6t den sammen med bukser, en nederdel eller endda under en blazer.<span class=\"button-container hide-from-message-actions ng-star-inserted\"> \u00a0<\/span>\n<div class=\"container ng-tns-c2960411664-47 hide\">\n<div class=\"carousel-container ng-tns-c2960411664-47\"><\/div>\n<\/div>\n<\/li>\n<li data-sourcepos=\"14:1-14:110\"><strong>Tr\u00f8jer og cardigans:<\/strong> En periwinkle sweater eller cardigan er et godt lag p\u00e5 lag til k\u00f8ligere vejr.<\/li>\n<li data-sourcepos=\"15:1-16:0\"><strong><span class=\"citation-4 recitation\">Tank Tops og Camisoles:<\/span><\/strong><span class=\"citation-4 recitation citation-end-4\"> En periwinkle tanktop eller camisole kan b\u00e6res alene i varmt vejr eller i lag under andre toppe.<\/span><span class=\"button-container hide-from-message-actions ng-star-inserted\">\u00a0<\/span>\n<div class=\"container ng-tns-c2960411664-48 hide\">\n<div class=\"carousel-container ng-tns-c2960411664-48\">\n<div class=\"carousel-content ng-tns-c2960411664-48\">\n<div class=\"sources-carousel-source ng-tns-c2960411664-48 hide ng-star-inserted\" data-test-id=\"sources-carousel-source\"><\/div>\n<\/div>\n<\/div>\n<\/div>\n<\/li>\n<\/ul>\n<h3 data-sourcepos=\"17:1-17:33\"><strong>S\u00e5dan styler du perikon-toppe:<\/strong><\/h3>\n<ul data-sourcepos=\"19:1-23:0\">\n<li data-sourcepos=\"19:1-19:100\"><strong>Afslappet:<\/strong> S\u00e6t en periwinkle t-shirt sammen med hvide jeans og sneakers for et friskt og afslappet look.<\/li>\n<li data-sourcepos=\"20:1-20:117\"><strong>Business Casual:<\/strong> Brug en periwinkle-bluse med gr\u00e5 bukser og h\u00f8je h\u00e6le for et professionelt, men stilfuldt outfit.<\/li>\n<li data-sourcepos=\"21:1-21:104\"><strong>Kl\u00e6delig:<\/strong> Kombiner en periwinkle satintop med en sort nederdel og h\u00f8je h\u00e6le for et elegant aftenlook.<\/li>\n<li data-sourcepos=\"22:1-23:0\"><strong>Boheme:<\/strong> Style en periwinkle flowy top med en lang nederdel og sandaler for en bohemeagtig stemning.<\/li>\n<\/ul>\n<p data-sourcepos=\"32:1-32:113\">\n<\/div>","protected":false},"excerpt":{"rendered":"<table style=\"height: 501px;\" width=\"369\">\n<tbody>\n<tr>\n<td width=\"146\"><strong><b>Produkt<\/b><\/strong>\u00a0<strong><b>Navn:<\/b><\/strong><\/td>\n<td width=\"601\"><strong>Periwinkle Dametoppe<\/strong><\/td>\n<\/tr>\n<tr>\n<td width=\"146\"><strong><b>Materlal:<\/b><\/strong><\/td>\n<td width=\"601\">Strikning<\/td>\n<\/tr>\n<tr>\n<td width=\"146\"><strong><b>Teknik: <\/b><\/strong><\/td>\n<td width=\"601\">Broderet<\/td>\n<\/tr>\n<tr>\n<td width=\"146\"><strong><b>Stil: <\/b><\/strong><\/td>\n<td width=\"601\">Afslappet<\/td>\n<\/tr>\n<tr>\n<td width=\"146\"><strong><b>Farve<\/b><\/strong><strong><b>:<\/b><\/strong><\/td>\n<td width=\"601\">\u00a0Brugerdefinerede farver<\/td>\n<\/tr>\n<tr>\n<td width=\"146\"><strong><b>St\u00f8rrelse:<\/b><\/strong><\/td>\n<td width=\"601\">S \/M \/L \/XL \/2XL<\/td>\n<\/tr>\n<tr>\n<td width=\"146\"><strong><b>OEM\/ODM:<\/b><\/strong><\/td>\n<td width=\"601\">Acceptabel<\/td>\n<\/tr>\n<tr>\n<td width=\"146\"><strong><b>Kvalitet:<\/b><\/strong><\/td>\n<td width=\"601\">100% H\u00f8j kvalitet<\/td>\n<\/tr>\n<tr>\n<td width=\"146\"><strong><b>M<\/b><\/strong><strong><b>OQ:<\/b><\/strong><\/td>\n<td width=\"601\">200 stk.<\/td>\n<\/tr>\n<\/tbody>\n<\/table>","protected":false},"featured_media":1961,"template":"","meta":[],"product_brand":[],"product_cat":[39],"product_tag":[],"class_list":{"0":"post-1960","1":"product","2":"type-product","3":"status-publish","4":"has-post-thumbnail","6":"product_cat-womens-clothing","8":"first","9":"instock","10":"shipping-taxable","11":"product-type-simple"},"_links":{"self":[{"href":"https:\/\/mj-clothing.com\/da\/wp-json\/wp\/v2\/product\/1960","targetHints":{"allow":["GET"]}}],"collection":[{"href":"https:\/\/mj-clothing.com\/da\/wp-json\/wp\/v2\/product"}],"about":[{"href":"https:\/\/mj-clothing.com\/da\/wp-json\/wp\/v2\/types\/product"}],"wp:featuredmedia":[{"embeddable":true,"href":"https:\/\/mj-clothing.com\/da\/wp-json\/wp\/v2\/media\/1961"}],"wp:attachment":[{"href":"https:\/\/mj-clothing.com\/da\/wp-json\/wp\/v2\/media?parent=1960"}],"wp:term":[{"taxonomy":"product_brand","embeddable":true,"href":"https:\/\/mj-clothing.com\/da\/wp-json\/wp\/v2\/product_brand?post=1960"},{"taxonomy":"product_cat","embeddable":true,"href":"https:\/\/mj-clothing.com\/da\/wp-json\/wp\/v2\/product_cat?post=1960"},{"taxonomy":"product_tag","embeddable":true,"href":"https:\/\/mj-clothing.com\/da\/wp-json\/wp\/v2\/product_tag?post=1960"}],"curies":[{"name":"wp","href":"https:\/\/api.w.org\/{rel}","templated":true}]}}