{"id":1999,"date":"2024-12-17T07:46:21","date_gmt":"2024-12-17T07:46:21","guid":{"rendered":"https:\/\/mj-clothing.com\/?post_type=product&#038;p=1999"},"modified":"2024-12-17T08:30:43","modified_gmt":"2024-12-17T08:30:43","slug":"womens-shell-tops","status":"publish","type":"product","link":"https:\/\/mj-clothing.com\/da\/manufacturer\/womens-shell-tops\/","title":{"rendered":"Shell-toppe til kvinder"},"content":{"rendered":"<p data-sourcepos=\"1:1-1:189\">Det lyder, som om du er interesseret i shell tops til kvinder! De er en klassisk og alsidig del af garderoben. Her er en oversigt over, hvad de er, deres vigtigste funktioner, og hvorfor de er s\u00e5 popul\u00e6re:<\/p>\n<h3 data-sourcepos=\"3:1-3:24\"><strong>Hvad er en Shell-top til kvinder?<\/strong><\/h3>\n<p data-sourcepos=\"5:1-5:161\"><span class=\"citation-0 recitation citation-end-0\">En shell-top er en enkel, \u00e6rmel\u00f8s top med en simpel halsudsk\u00e6ring.<\/span> T\u00e6nk p\u00e5 det som et blankt l\u00e6rred til dit outfit. Her er de definerende egenskaber:<span class=\"button-container hide-from-message-actions ng-star-inserted\"> \u00a0<\/span><\/p>\n<ul data-sourcepos=\"7:1-12:0\">\n<li data-sourcepos=\"7:1-7:148\"><strong>Uden \u00e6rmer:<\/strong> Dette er den vigtigste funktion. Shell-toppe er altid uden \u00e6rmer, hvilket g\u00f8r dem ideelle til lag-p\u00e5-lag eller til brug i varmt vejr.<\/li>\n<li data-sourcepos=\"8:1-8:137\"><strong>Enkel halsudsk\u00e6ring:<\/strong> <span class=\"citation-1 recitation citation-end-1\">Almindelige halsudsk\u00e6ringer er rund hals, rund hals, V-hals eller endda en h\u00f8jere halsudsk\u00e6ring som en mock neck.<\/span><span class=\"button-container hide-from-message-actions ng-star-inserted\"> \u00a0<\/span>\n<div class=\"container ng-tns-c2960411664-59 hide\">\n<div class=\"carousel-container ng-tns-c2960411664-59\"><\/div>\n<\/div>\n<\/li>\n<li data-sourcepos=\"9:1-9:165\"><strong>Rent design:<\/strong> Shell-toppe er typisk fri for overdreven udsmykning som fl\u00e6ser, blonder eller store print. Denne enkelhed g\u00f8r dem utroligt alsidige.<\/li>\n<li data-sourcepos=\"10:1-10:226\"><strong><span class=\"citation-2 recitation\">Forskellige stoffer:<\/span><\/strong><span class=\"citation-2 recitation citation-end-2\"> De kan v\u00e6re lavet af en lang r\u00e6kke stoffer, herunder bomuld, silke, h\u00f8r, rayon, polyester eller blandinger.<\/span> <span class=\"citation-3 recitation citation-end-3\">Valget af stof p\u00e5virker toppens fald, f\u00f8lelse og formalitet.<\/span><span class=\"button-container hide-from-message-actions ng-star-inserted\"> \u00a0<\/span>\n<div class=\"container ng-tns-c2960411664-60 hide\">\n<div class=\"carousel-container ng-tns-c2960411664-60\"><\/div>\n<\/div>\n<\/li>\n<li data-sourcepos=\"11:1-12:0\"><strong>Monteret eller semi-monteret:<\/strong> De har generelt en kropsn\u00e6r pasform, men ikke altid t\u00e6tsiddende. <span class=\"citation-4 recitation citation-end-4\">Nogle shell-toppe har en lidt l\u00f8sere, mere afslappet pasform.<\/span><span class=\"button-container hide-from-message-actions ng-star-inserted\"> \u00a0<\/span>\n<div class=\"container ng-tns-c2960411664-61 hide\">\n<div class=\"carousel-container ng-tns-c2960411664-61\"><\/div>\n<\/div>\n<\/li>\n<\/ul>\n<h3 data-sourcepos=\"13:1-13:34\"><strong>Hvorfor er shell-toppe til kvinder s\u00e5 popul\u00e6re?<\/strong><\/h3>\n<ul data-sourcepos=\"15:1-19:0\">\n<li data-sourcepos=\"15:1-15:143\"><strong>Alsidighed:<\/strong> Det er deres st\u00f8rste styrke. <span class=\"citation-5 recitation citation-end-5\">De kan dresses op eller ned, hvilket g\u00f8r dem velegnede til n\u00e6sten enhver lejlighed.<\/span><span class=\"button-container hide-from-message-actions ng-star-inserted\">\u00a0 \u00a0<\/span>\n<div class=\"container ng-tns-c2960411664-62 hide\">\n<div class=\"carousel-container ng-tns-c2960411664-62\"><\/div>\n<\/div>\n<\/li>\n<li data-sourcepos=\"16:1-16:168\"><strong>Lag-p\u00e5-lag:<\/strong> De er perfekte til at l\u00e6gge under cardigans, blazere, jakker og endda gennemsigtige toppe. De giver et glat basislag uden at fylde for meget p\u00e5 armene.<\/li>\n<li data-sourcepos=\"17:1-17:127\"><strong>Komfort:<\/strong> Det \u00e6rmel\u00f8se design og de ofte lette stoffer g\u00f8r dem behagelige at have p\u00e5, is\u00e6r i varmt vejr.<\/li>\n<li data-sourcepos=\"18:1-19:0\"><strong>Tidl\u00f8s stil:<\/strong> Shell-toppe er en klassiker i garderoben, som aldrig g\u00e5r af mode.<\/li>\n<\/ul>\n<h3 data-sourcepos=\"20:1-20:28\"><strong>S\u00e5dan bruger du en skaldet top til kvinder:<\/strong><\/h3>\n<ul data-sourcepos=\"22:1-26:0\">\n<li data-sourcepos=\"22:1-22:90\"><strong>Afslappet:<\/strong> S\u00e6t den sammen med jeans, shorts eller en afslappet nederdel for et afslappet hverdagslook.<\/li>\n<li data-sourcepos=\"23:1-23:122\"><strong>Business Casual:<\/strong> Brug den under en blazer med bukser eller et pencilskirt for et professionelt, men behageligt outfit.<\/li>\n<li data-sourcepos=\"24:1-24:138\"><strong>Kl\u00e6delig:<\/strong> V\u00e6lg en shell-top i et luksuri\u00f8st stof som silke eller satin, og s\u00e6t den sammen med en kl\u00e6delig nederdel eller bukser til et aftenarrangement.<\/li>\n<li data-sourcepos=\"25:1-26:0\"><strong>Lag-p\u00e5-lag:<\/strong> L\u00e6g den under en cardigan, jakke eller endda en kjole for ekstra varme og stil.<\/li>\n<\/ul>\n<h3 data-sourcepos=\"27:1-27:28\"><strong>Shell-toppe til kvinder Eksempler og variationer:<\/strong><\/h3>\n<ul data-sourcepos=\"29:1-33:0\">\n<li data-sourcepos=\"29:1-29:89\"><strong>Top med silkeskal:<\/strong> Ideel til finere lejligheder med et glat og elegant look.<\/li>\n<li data-sourcepos=\"30:1-30:87\"><strong>Top af bomuldsskal:<\/strong> Perfekt til fritidst\u00f8j, der giver komfort og \u00e5ndbarhed.<\/li>\n<li data-sourcepos=\"31:1-31:89\"><strong><span class=\"citation-6 recitation\">Ribbet strikket shell-top:<\/span><\/strong><span class=\"citation-6 recitation citation-end-6\"> Giver et mere struktureret look og en t\u00e6ttere pasform.<\/span><span class=\"button-container hide-from-message-actions ng-star-inserted\"> \u00a0<\/span>\n<div class=\"container ng-tns-c2960411664-63 hide\">\n<div class=\"carousel-container ng-tns-c2960411664-63\"><\/div>\n<\/div>\n<\/li>\n<li data-sourcepos=\"32:1-33:0\"><strong>Top med blonder og skaller:<\/strong> Tilf\u00f8rer et strejf af femininitet og kan dresses op eller ned.<\/li>\n<\/ul>","protected":false},"excerpt":{"rendered":"<table style=\"height: 542px;\" width=\"437\">\n<tbody>\n<tr>\n<td width=\"146\"><strong><b>Produkt<\/b><\/strong>\u00a0<strong><b>Navn:<\/b><\/strong><\/td>\n<td width=\"601\">Shell-toppe til kvinder<\/td>\n<\/tr>\n<tr>\n<td width=\"146\"><strong><b>Materlal:<\/b><\/strong><\/td>\n<td width=\"601\">Strikning<\/td>\n<\/tr>\n<tr>\n<td width=\"146\"><strong><b>Teknik:<\/b><\/strong><\/td>\n<td width=\"601\">Broderet<\/td>\n<\/tr>\n<tr>\n<td width=\"146\"><strong><b>Stil:<\/b><\/strong><\/td>\n<td width=\"601\">Afslappet<\/td>\n<\/tr>\n<tr>\n<td width=\"146\"><strong><b>Farve<\/b><\/strong><strong><b>:<\/b><\/strong><\/td>\n<td width=\"601\">\u00a0Brugerdefinerede farver<\/td>\n<\/tr>\n<tr>\n<td width=\"146\"><strong><b>St\u00f8rrelse:<\/b><\/strong><\/td>\n<td width=\"601\">S \/M \/L \/XL \/2XL<\/td>\n<\/tr>\n<tr>\n<td width=\"146\"><strong><b>OEM\/ODM:<\/b><\/strong><\/td>\n<td width=\"601\">Acceptabel<\/td>\n<\/tr>\n<tr>\n<td width=\"146\"><strong><b>Kvalitet:<\/b><\/strong><\/td>\n<td width=\"601\">100% H\u00f8j kvalitet<\/td>\n<\/tr>\n<tr>\n<td width=\"146\"><strong><b>M<\/b><\/strong><strong><b>OQ:<\/b><\/strong><\/td>\n<td width=\"601\">200 stk.<\/td>\n<\/tr>\n<\/tbody>\n<\/table>","protected":false},"featured_media":2007,"template":"","meta":[],"product_brand":[],"product_cat":[39],"product_tag":[],"class_list":{"0":"post-1999","1":"product","2":"type-product","3":"status-publish","4":"has-post-thumbnail","6":"product_cat-womens-clothing","8":"first","9":"instock","10":"shipping-taxable","11":"product-type-simple"},"_links":{"self":[{"href":"https:\/\/mj-clothing.com\/da\/wp-json\/wp\/v2\/product\/1999","targetHints":{"allow":["GET"]}}],"collection":[{"href":"https:\/\/mj-clothing.com\/da\/wp-json\/wp\/v2\/product"}],"about":[{"href":"https:\/\/mj-clothing.com\/da\/wp-json\/wp\/v2\/types\/product"}],"wp:featuredmedia":[{"embeddable":true,"href":"https:\/\/mj-clothing.com\/da\/wp-json\/wp\/v2\/media\/2007"}],"wp:attachment":[{"href":"https:\/\/mj-clothing.com\/da\/wp-json\/wp\/v2\/media?parent=1999"}],"wp:term":[{"taxonomy":"product_brand","embeddable":true,"href":"https:\/\/mj-clothing.com\/da\/wp-json\/wp\/v2\/product_brand?post=1999"},{"taxonomy":"product_cat","embeddable":true,"href":"https:\/\/mj-clothing.com\/da\/wp-json\/wp\/v2\/product_cat?post=1999"},{"taxonomy":"product_tag","embeddable":true,"href":"https:\/\/mj-clothing.com\/da\/wp-json\/wp\/v2\/product_tag?post=1999"}],"curies":[{"name":"wp","href":"https:\/\/api.w.org\/{rel}","templated":true}]}}