{"id":2003,"date":"2024-12-17T08:19:49","date_gmt":"2024-12-17T08:19:49","guid":{"rendered":"https:\/\/mj-clothing.com\/?post_type=product&#038;p=2003"},"modified":"2025-01-04T03:04:40","modified_gmt":"2025-01-04T03:04:40","slug":"womens-tops-for-winter","status":"publish","type":"product","link":"https:\/\/mj-clothing.com\/da\/manufacturer\/womens-tops-for-winter\/","title":{"rendered":"Kvindetoppe til vinter"},"content":{"rendered":"<p data-sourcepos=\"1:1-1:137\">N\u00e5r det g\u00e6lder vintertoppe til kvinder, er det vigtigt at finde en balance mellem stil og varme og komfort. Her er nogle popul\u00e6re og praktiske muligheder for kvinder:<\/p>\n<h3 data-sourcepos=\"3:1-3:28\"><strong>Til kvindetoppe til vintervarme og lag-p\u00e5-lag:<\/strong><\/h3>\n<ul data-sourcepos=\"5:1-9:0\">\n<li data-sourcepos=\"5:1-5:239\"><strong>Rullekraver og mock neck:<\/strong> De er fremragende til at holde halsen varm og kan b\u00e6res alene eller i lag under tr\u00f8jer eller jakker. Se efter dem i materialer som merinould, kashmir eller termostrik for ekstra varme.<\/li>\n<li data-sourcepos=\"6:1-6:205\"><strong>Lang\u00e6rmede termotoppe:<\/strong> De er designet til at holde p\u00e5 varmen og holde dig varm, selv under meget kolde forhold. De er gode som lag under andre overdele eller alene til udend\u00f8rs aktiviteter.<\/li>\n<li data-sourcepos=\"7:1-7:199\"><strong>Tr\u00f8jer:<\/strong> Tr\u00f8jer er en klassisk vinterbekl\u00e6dning og findes i forskellige stilarter, herunder rund hals, V-hals, cardigan og rullekrave. V\u00e6lg materialer som uld, kashmir eller fleece for at f\u00e5 maksimal varme.<\/li>\n<li data-sourcepos=\"8:1-9:0\"><strong>Fleecetoppe:<\/strong> De er utroligt bl\u00f8de, varme og behagelige. De er perfekte til afslappet brug og udend\u00f8rs aktiviteter.<\/li>\n<\/ul>\n<h3 data-sourcepos=\"10:1-10:20\"><strong>Kvindetoppe til vinter Stilfulde muligheder:<\/strong><\/h3>\n<ul data-sourcepos=\"12:1-16:0\">\n<li data-sourcepos=\"12:1-12:140\"><strong>Kjoler med sweater:<\/strong> Disse er et moderigtigt og hyggeligt valg til vinteren. De kan s\u00e6ttes sammen med str\u00f8mpebukser og st\u00f8vler for et komplet outfit.<\/li>\n<li data-sourcepos=\"13:1-13:144\"><strong>Strikkede tunikaer:<\/strong> De har en afslappet og behagelig pasform og ser stadig stilfulde ud. De kan s\u00e6ttes sammen med leggings eller skinny jeans.<\/li>\n<li data-sourcepos=\"14:1-14:142\"><strong>Toppe i fl\u00f8jl:<\/strong> Fl\u00f8jl giver et strejf af elegance og varme til ethvert outfit. De er perfekte til julefrokoster eller andre s\u00e6rlige lejligheder.<\/li>\n<li data-sourcepos=\"15:1-16:0\"><strong>Skjorter med knapper (flannel eller fl\u00f8jl):<\/strong> De kan b\u00e6res alene eller i lag over en rullekrave eller en termotop for ekstra varme.<\/li>\n<\/ul>\n<h3 data-sourcepos=\"17:1-17:26\"><strong>Materialer til at lede efter dametoppe til vinter:<\/strong><\/h3>\n<ul data-sourcepos=\"19:1-24:0\">\n<li data-sourcepos=\"19:1-19:68\"><strong>Uld:<\/strong> En naturlig isolator, der holder dig varm, selv n\u00e5r den er v\u00e5d.<\/li>\n<li data-sourcepos=\"20:1-20:90\"><strong>Kashmir:<\/strong> Et luksuri\u00f8st og utroligt bl\u00f8dt materiale, som giver en fantastisk varme.<\/li>\n<li data-sourcepos=\"21:1-21:91\"><strong>Fleece:<\/strong> Et bl\u00f8dt og varmt syntetisk materiale, som ogs\u00e5 er let og \u00e5ndbart.<\/li>\n<li data-sourcepos=\"22:1-22:82\"><strong>Termisk strik:<\/strong> Designet til at holde p\u00e5 varmen og holde dig varm under kolde forhold.<\/li>\n<li data-sourcepos=\"23:1-24:0\"><strong>Bomuld:<\/strong> Bomuld er ikke s\u00e5 varmt som uld eller fleece, men det er \u00e5ndbart og behageligt at have p\u00e5 i flere lag.<\/li>\n<\/ul>\n<h3 data-sourcepos=\"25:1-25:34\"><strong>Tips til dametoppe til vinter:<\/strong><\/h3>\n<ul data-sourcepos=\"27:1-30:0\">\n<li data-sourcepos=\"27:1-27:222\"><strong>T\u00e6nk p\u00e5 klimaet:<\/strong> Hvis du bor i et meget koldt klima, skal du prioritere varme og v\u00e6lge materialer som uld eller fleece. Hvis du bor i et mildere klima, kan du v\u00e6lge lettere materialer som bomuld eller tyndere strik.<\/li>\n<li data-sourcepos=\"28:1-28:107\"><strong>T\u00e6nk p\u00e5 lagdeling:<\/strong> V\u00e6lg overdele, der nemt kan l\u00e6gges under andre bekl\u00e6dningsgenstande for at give ekstra varme.<\/li>\n<li data-sourcepos=\"29:1-30:0\"><strong>Glem ikke stilen:<\/strong> Vintertoppe kan v\u00e6re b\u00e5de funktionelle og moderigtige. V\u00e6lg stilarter og farver, som du elsker, og som supplerer din garderobe.<\/li>\n<\/ul>\n<p data-sourcepos=\"31:1-31:126\">Ved at overveje disse faktorer kan du finde de perfekte dametoppe, der holder dig varm og stilfuld gennem hele vinters\u00e6sonen.<\/p>","protected":false},"excerpt":{"rendered":"<table style=\"height: 515px;\" width=\"480\">\n<tbody>\n<tr>\n<td width=\"146\"><strong><b>Produkt<\/b><\/strong>\u00a0<strong><b>Navn:<\/b><\/strong><\/td>\n<td width=\"601\"><strong>Kvindetoppe til vinter<\/strong><\/td>\n<\/tr>\n<tr>\n<td width=\"146\"><strong><b>Materlal:<\/b><\/strong><\/td>\n<td width=\"601\">Strikning<\/td>\n<\/tr>\n<tr>\n<td width=\"146\"><strong><b>Teknik:<\/b><\/strong><\/td>\n<td width=\"601\">Broderet<\/td>\n<\/tr>\n<tr>\n<td width=\"146\"><strong><b>Stil:<\/b><\/strong><\/td>\n<td width=\"601\">Afslappet<\/td>\n<\/tr>\n<tr>\n<td width=\"146\"><strong><b>Farve<\/b><\/strong><strong><b>:<\/b><\/strong><\/td>\n<td width=\"601\">\u00a0Brugerdefinerede farver<\/td>\n<\/tr>\n<tr>\n<td width=\"146\"><strong><b>St\u00f8rrelse:<\/b><\/strong><\/td>\n<td width=\"601\">S \/M \/L \/XL \/2XL<\/td>\n<\/tr>\n<tr>\n<td width=\"146\"><strong><b>OEM\/ODM:<\/b><\/strong><\/td>\n<td width=\"601\">Acceptabel<\/td>\n<\/tr>\n<tr>\n<td width=\"146\"><strong><b>Kvalitet:<\/b><\/strong><\/td>\n<td width=\"601\">100% H\u00f8j kvalitet<\/td>\n<\/tr>\n<tr>\n<td width=\"146\"><strong><b>M<\/b><\/strong><strong><b>OQ:<\/b><\/strong><\/td>\n<td width=\"601\">200 stk.<\/td>\n<\/tr>\n<\/tbody>\n<\/table>","protected":false},"featured_media":2088,"template":"","meta":[],"product_brand":[],"product_cat":[39],"product_tag":[],"class_list":{"0":"post-2003","1":"product","2":"type-product","3":"status-publish","4":"has-post-thumbnail","6":"product_cat-womens-clothing","8":"first","9":"instock","10":"shipping-taxable","11":"product-type-simple"},"_links":{"self":[{"href":"https:\/\/mj-clothing.com\/da\/wp-json\/wp\/v2\/product\/2003","targetHints":{"allow":["GET"]}}],"collection":[{"href":"https:\/\/mj-clothing.com\/da\/wp-json\/wp\/v2\/product"}],"about":[{"href":"https:\/\/mj-clothing.com\/da\/wp-json\/wp\/v2\/types\/product"}],"wp:featuredmedia":[{"embeddable":true,"href":"https:\/\/mj-clothing.com\/da\/wp-json\/wp\/v2\/media\/2088"}],"wp:attachment":[{"href":"https:\/\/mj-clothing.com\/da\/wp-json\/wp\/v2\/media?parent=2003"}],"wp:term":[{"taxonomy":"product_brand","embeddable":true,"href":"https:\/\/mj-clothing.com\/da\/wp-json\/wp\/v2\/product_brand?post=2003"},{"taxonomy":"product_cat","embeddable":true,"href":"https:\/\/mj-clothing.com\/da\/wp-json\/wp\/v2\/product_cat?post=2003"},{"taxonomy":"product_tag","embeddable":true,"href":"https:\/\/mj-clothing.com\/da\/wp-json\/wp\/v2\/product_tag?post=2003"}],"curies":[{"name":"wp","href":"https:\/\/api.w.org\/{rel}","templated":true}]}}