{"id":2005,"date":"2024-12-17T08:27:39","date_gmt":"2024-12-17T08:27:39","guid":{"rendered":"https:\/\/mj-clothing.com\/?post_type=product&#038;p=2005"},"modified":"2024-12-18T06:08:53","modified_gmt":"2024-12-18T06:08:53","slug":"glorya-long-sleeve-hooded-top-womens","status":"publish","type":"product","link":"https:\/\/mj-clothing.com\/da\/manufacturer\/glorya-long-sleeve-hooded-top-womens\/","title":{"rendered":"Glorya lang\u00e6rmet top med h\u00e6tte - kvinder"},"content":{"rendered":"<div id=\"model-response-message-contentr_2042c454bde921df\" class=\"markdown markdown-main-panel response-optimization\" dir=\"ltr\">\n<p data-sourcepos=\"1:1-1:220\">Det lyder som om, du er interesseret i Patagonia Long-Sleeve Glorya Long-Sleeve Hooded Top-Women's. Dette er et popul\u00e6rt stykke t\u00f8j fra Patagonia, der er kendt for sin komfort og alsidighed. Her er en oversigt over, hvad der f\u00e5r den til at skille sig ud:<\/p>\n<h3 data-sourcepos=\"3:1-3:17\"><strong>N\u00f8glefunktioner Glorya lang\u00e6rmet top med h\u00e6tte - kvinder:<\/strong><\/h3>\n<ul data-sourcepos=\"5:1-12:0\">\n<li data-sourcepos=\"5:1-5:186\"><strong>Let og komfortabel:<\/strong> <span class=\"citation-0 recitation citation-end-0\">Denne h\u00e6ttetr\u00f8je er fremstillet af en bl\u00f8d blanding af genbrugspolyester, TENCEL\u2122 lyocell og spandex og er designet til komfort og bev\u00e6gelsesfrihed.<\/span>\n<div class=\"container ng-tns-c2960411664-80 hide\">\n<div class=\"carousel-container ng-tns-c2960411664-80\"><\/div>\n<\/div>\n<\/li>\n<li data-sourcepos=\"6:1-6:176\"><strong>Fugttransporterende og hurtigt\u00f8rrende:<\/strong> <span class=\"citation-1 recitation citation-end-1\">Stoffet er fremragende til at transportere fugt v\u00e6k og t\u00f8rre hurtigt, hvilket g\u00f8r det velegnet til aktiv brug eller hverdagsbrug.<\/span><span class=\"button-container hide-from-message-actions ng-star-inserted\">\u00a0 \u00a0<\/span>\n<div class=\"container ng-tns-c2960411664-81 hide\">\n<div class=\"carousel-container ng-tns-c2960411664-81\"><\/div>\n<\/div>\n<\/li>\n<li data-sourcepos=\"7:1-7:106\"><strong>Afslappet pasform:<\/strong> <span class=\"citation-2 recitation citation-end-2\">Glorya Hoody har en afslappet pasform, der giver mulighed for behagelig lagdeling.<\/span><span class=\"button-container hide-from-message-actions ng-star-inserted\">\u00a0<\/span>\n<div class=\"container ng-tns-c2960411664-82 hide\">\n<div class=\"carousel-container ng-tns-c2960411664-82\"><\/div>\n<\/div>\n<\/li>\n<li data-sourcepos=\"8:1-8:121\"><strong>Justerbar h\u00e6tte:<\/strong> <span class=\"citation-3 recitation citation-end-3\">H\u00e6tten har en sn\u00f8re, s\u00e5 du kan justere den for optimal d\u00e6kning og varme.<\/span><span class=\"button-container hide-from-message-actions ng-star-inserted\">\u00a0<\/span>\n<div class=\"container ng-tns-c2960411664-83 hide\">\n<div class=\"carousel-container ng-tns-c2960411664-83\"><\/div>\n<\/div>\n<\/li>\n<li data-sourcepos=\"9:1-9:157\"><strong>Alsidig:<\/strong> <span class=\"citation-4 recitation citation-end-4\">Den kan b\u00e6res alene eller i lag over andre overdele, hvilket g\u00f8r den til et godt valg til forskellige aktiviteter og vejrforhold.<\/span><span class=\"button-container hide-from-message-actions ng-star-inserted\"> \u00a0<\/span>\n<div class=\"container ng-tns-c2960411664-84 hide\">\n<div class=\"carousel-container ng-tns-c2960411664-84\"><\/div>\n<\/div>\n<\/li>\n<li data-sourcepos=\"10:1-10:148\"><strong><span class=\"citation-5 recitation\">B\u00e6redygtige materialer:<\/span><\/strong><span class=\"citation-5 recitation citation-end-5\"> Denne h\u00e6ttetr\u00f8je er fremstillet af genbrugspolyester og TENCEL\u2122 lyocell og er derfor et mere milj\u00f8bevidst valg.<\/span><span class=\"button-container hide-from-message-actions ng-star-inserted\"> \u00a0<\/span>\n<div class=\"container ng-tns-c2960411664-85 hide\">\n<div class=\"carousel-container ng-tns-c2960411664-85\"><\/div>\n<\/div>\n<\/li>\n<li data-sourcepos=\"11:1-12:0\"><strong><span class=\"citation-6 recitation\">Fair Trade Certified\u2122 Syet:<\/span><\/strong><span class=\"citation-6 recitation citation-end-6\"> Det betyder, at de mennesker, der lavede t\u00f8jet, fik en pr\u00e6mie for deres arbejde.<\/span><span class=\"button-container hide-from-message-actions ng-star-inserted\">\u00a0<\/span>\n<div class=\"container ng-tns-c2960411664-86 hide\">\n<div class=\"carousel-container ng-tns-c2960411664-86\"><\/div>\n<\/div>\n<\/li>\n<\/ul>\n<h3 data-sourcepos=\"13:1-13:30\"><strong>Hvorfor det er et popul\u00e6rt valg Glorya Long-Sleeve Hooded Top-Women's:<\/strong><\/h3>\n<ul data-sourcepos=\"15:1-19:0\">\n<li data-sourcepos=\"15:1-15:151\"><strong>Komfort til bev\u00e6gelse:<\/strong> <span class=\"citation-7 recitation citation-end-7\">Det lette, str\u00e6kbare stof g\u00f8r den ideel til aktiviteter som vandreture, yoga eller bare til at l\u00f8be \u00e6rinder.<\/span><span class=\"button-container hide-from-message-actions ng-star-inserted\">\u00a0<\/span>\n<div class=\"container ng-tns-c2960411664-87 hide\">\n<div class=\"carousel-container ng-tns-c2960411664-87\"><\/div>\n<\/div>\n<\/li>\n<li data-sourcepos=\"16:1-16:101\"><strong>Hverdagsbrug:<\/strong> Den afslappede stil og behagelige pasform g\u00f8r den til et godt valg til hverdagsbrug.<\/li>\n<li data-sourcepos=\"17:1-17:91\"><strong>Lagdelt stykke:<\/strong> Den er perfekt til at l\u00e6gge under jakker eller veste i k\u00f8ligere vejr.<\/li>\n<li data-sourcepos=\"18:1-19:0\"><strong>Kvalitet og holdbarhed:<\/strong> Patagonia er kendt for at producere holdbare produkter af h\u00f8j kvalitet.<\/li>\n<\/ul>\n<h3 data-sourcepos=\"20:1-20:21\"><strong>Hvor finder man Glorya lang\u00e6rmet top med h\u00e6tte - kvinder?<\/strong><\/h3>\n<p data-sourcepos=\"22:1-22:86\">Du kan typisk finde Patagonia Long-Sleeve Glorya Hooded Top hos disse forhandlere:<\/p>\n<ul data-sourcepos=\"24:1-27:0\">\n<li data-sourcepos=\"24:1-24:80\"><strong>Patagonias hjemmeside:<\/strong> Dette er den officielle kilde til Patagonia-produkter.<\/li>\n<li data-sourcepos=\"25:1-25:114\"><strong>Outdoor-forhandlere:<\/strong> <span class=\"citation-8 recitation citation-end-8\">Butikker som REI, Backcountry og Moosejaw f\u00f8rer ofte Patagonia-t\u00f8j.<\/span><span class=\"button-container hide-from-message-actions ng-star-inserted\">\u00a0<\/span>\n<div class=\"container ng-tns-c2960411664-88 hide\">\n<div class=\"carousel-container ng-tns-c2960411664-88\"><\/div>\n<\/div>\n<\/li>\n<li data-sourcepos=\"26:1-27:0\"><strong>Stormagasiner:<\/strong> Nogle stormagasiner kan ogs\u00e5 f\u00f8re Patagonia-produkter.<\/li>\n<\/ul>\n<p data-sourcepos=\"28:1-28:153\">Hvis du er p\u00e5 udkig efter en komfortabel, alsidig og b\u00e6redygtigt fremstillet h\u00e6ttetr\u00f8je, er Patagonia Long-Sleeve Glorya Hooded Top bestemt v\u00e6rd at overveje.<\/p>\n<\/div>\n<div class=\"skeleton-loader-container\"><\/div>\n<div class=\"response-footer gap complete\">\n<div class=\"container ng-tns-c2960411664-79\">\n<div class=\"carousel-container ng-tns-c2960411664-79\">\n<div class=\"carousel-content ng-tns-c2960411664-79\">\n<div class=\"sources-carousel-source ng-tns-c2960411664-79 ng-star-inserted\" data-test-id=\"sources-carousel-source\">\n<div class=\"source-card-container\">\n<div class=\"source-card-content\">\n<div class=\"source-card-body\">\n<div class=\"source-card-header\">\n<div class=\"source-card-title\"><\/div>\n<\/div>\n<\/div>\n<\/div>\n<\/div>\n<\/div>\n<\/div>\n<\/div>\n<\/div>\n<\/div>","protected":false},"excerpt":{"rendered":"<table style=\"height: 661px;\" width=\"527\">\n<tbody>\n<tr>\n<td width=\"146\"><strong><b>Produkt<\/b><\/strong>\u00a0<strong><b>Navn:<\/b><\/strong><\/td>\n<td width=\"601\"><strong>Glorya lang\u00e6rmet top med h\u00e6tte - kvinder<\/strong><\/td>\n<\/tr>\n<tr>\n<td width=\"146\"><strong><b>Materlal:<\/b><\/strong><\/td>\n<td width=\"601\">Strikning<\/td>\n<\/tr>\n<tr>\n<td width=\"146\"><strong><b>Teknik:<\/b><\/strong><\/td>\n<td width=\"601\">Broderet<\/td>\n<\/tr>\n<tr>\n<td width=\"146\"><strong><b>Stil:<\/b><\/strong><\/td>\n<td width=\"601\">Afslappet<\/td>\n<\/tr>\n<tr>\n<td width=\"146\"><strong><b>Farve<\/b><\/strong><strong><b>:<\/b><\/strong><\/td>\n<td width=\"601\">\u00a0Brugerdefinerede farver<\/td>\n<\/tr>\n<tr>\n<td width=\"146\"><strong><b>St\u00f8rrelse:<\/b><\/strong><\/td>\n<td width=\"601\">S \/M \/L \/XL \/2XL<\/td>\n<\/tr>\n<tr>\n<td width=\"146\"><strong><b>OEM\/ODM:<\/b><\/strong><\/td>\n<td width=\"601\">Acceptabel<\/td>\n<\/tr>\n<tr>\n<td width=\"146\"><strong><b>Kvalitet:<\/b><\/strong><\/td>\n<td width=\"601\">100% H\u00f8j kvalitet<\/td>\n<\/tr>\n<tr>\n<td width=\"146\"><strong><b>M<\/b><\/strong><strong><b>OQ:<\/b><\/strong><\/td>\n<td width=\"601\">200 stk.<\/td>\n<\/tr>\n<\/tbody>\n<\/table>","protected":false},"featured_media":2006,"template":"","meta":[],"product_brand":[],"product_cat":[39],"product_tag":[],"class_list":{"0":"post-2005","1":"product","2":"type-product","3":"status-publish","4":"has-post-thumbnail","6":"product_cat-womens-clothing","8":"first","9":"instock","10":"shipping-taxable","11":"product-type-simple"},"_links":{"self":[{"href":"https:\/\/mj-clothing.com\/da\/wp-json\/wp\/v2\/product\/2005","targetHints":{"allow":["GET"]}}],"collection":[{"href":"https:\/\/mj-clothing.com\/da\/wp-json\/wp\/v2\/product"}],"about":[{"href":"https:\/\/mj-clothing.com\/da\/wp-json\/wp\/v2\/types\/product"}],"wp:featuredmedia":[{"embeddable":true,"href":"https:\/\/mj-clothing.com\/da\/wp-json\/wp\/v2\/media\/2006"}],"wp:attachment":[{"href":"https:\/\/mj-clothing.com\/da\/wp-json\/wp\/v2\/media?parent=2005"}],"wp:term":[{"taxonomy":"product_brand","embeddable":true,"href":"https:\/\/mj-clothing.com\/da\/wp-json\/wp\/v2\/product_brand?post=2005"},{"taxonomy":"product_cat","embeddable":true,"href":"https:\/\/mj-clothing.com\/da\/wp-json\/wp\/v2\/product_cat?post=2005"},{"taxonomy":"product_tag","embeddable":true,"href":"https:\/\/mj-clothing.com\/da\/wp-json\/wp\/v2\/product_tag?post=2005"}],"curies":[{"name":"wp","href":"https:\/\/api.w.org\/{rel}","templated":true}]}}