{"id":2008,"date":"2024-12-17T08:49:20","date_gmt":"2024-12-17T08:49:20","guid":{"rendered":"https:\/\/mj-clothing.com\/?post_type=product&#038;p=2008"},"modified":"2024-12-17T08:56:51","modified_gmt":"2024-12-17T08:56:51","slug":"womens-cashmere-long-coat","status":"publish","type":"product","link":"https:\/\/mj-clothing.com\/da\/manufacturer\/womens-cashmere-long-coat\/","title":{"rendered":"Lang kashmirfrakke til kvinder"},"content":{"rendered":"<div id=\"model-response-message-contentr_21586b4a0aa106d5\" class=\"markdown markdown-main-panel response-optimization\" dir=\"ltr\">\n<p data-sourcepos=\"1:1-1:191\">En lang kashmirfrakke til kvinder er indbegrebet af luksus, varme og tidl\u00f8s stil. Det er en vigtig investering, som kan l\u00f8fte enhver vintergarderobe. Her er, hvad der g\u00f8r dem s\u00e5 specielle:<\/p>\n<h3 data-sourcepos=\"3:1-3:17\"><strong>Hvorfor en lang kashmirfrakke til kvinder?<\/strong><\/h3>\n<ul data-sourcepos=\"5:1-9:0\">\n<li data-sourcepos=\"5:1-5:146\"><strong><span class=\"citation-0 recitation\">Uovertruffen bl\u00f8dhed:<\/span><\/strong><span class=\"citation-0 recitation citation-end-0\"> Kashmirfibre er utroligt fine, hvilket giver en luksuri\u00f8s bl\u00f8d og glat fornemmelse mod huden.<\/span><span class=\"button-container hide-from-message-actions ng-star-inserted\"> \u00a0<\/span>\n<div class=\"container ng-tns-c2960411664-95 hide\">\n<div class=\"carousel-container ng-tns-c2960411664-95\"><\/div>\n<\/div>\n<\/li>\n<li data-sourcepos=\"6:1-6:147\"><strong><span class=\"citation-1 recitation\">Enest\u00e5ende varme:<\/span><\/strong><span class=\"citation-1 recitation citation-end-1\"> Selv om kashmir er let, isolerer det fremragende og holder dig varm uden at f\u00f8les klodset.<\/span><span class=\"button-container hide-from-message-actions ng-star-inserted\">\u00a0<\/span>\n<div class=\"container ng-tns-c2960411664-96 hide\">\n<div class=\"carousel-container ng-tns-c2960411664-96\"><\/div>\n<\/div>\n<\/li>\n<li data-sourcepos=\"7:1-7:152\"><strong>Let og komfortabel:<\/strong> <span class=\"citation-2 recitation citation-end-2\">Kashmirt\u00f8j er kendt for sin lethed, som g\u00f8r det behageligt at have p\u00e5 i l\u00e6ngere tid.<\/span><span class=\"button-container hide-from-message-actions ng-star-inserted\">\u00a0 \u00a0<\/span>\n<div class=\"container ng-tns-c2960411664-97 hide\">\n<div class=\"carousel-container ng-tns-c2960411664-97\"><\/div>\n<\/div>\n<\/li>\n<li data-sourcepos=\"8:1-9:0\"><strong><span class=\"citation-3 recitation\">Holdbarhed:<\/span><\/strong><span class=\"citation-3 recitation citation-end-3\"> Med den rette pleje kan en kashmirfrakke af h\u00f8j kvalitet holde i mange \u00e5r, hvilket g\u00f8r den til en v\u00e6rdifuld investering.<\/span><span class=\"button-container hide-from-message-actions ng-star-inserted\">\u00a0 \u00a0<\/span>\n<div class=\"container ng-tns-c2960411664-98 hide\">\n<div class=\"carousel-container ng-tns-c2960411664-98\"><\/div>\n<\/div>\n<\/li>\n<\/ul>\n<h3 data-sourcepos=\"10:1-10:41\"><strong>N\u00f8glefunktioner i en lang kashmirfrakke til kvinder:<\/strong><\/h3>\n<ul data-sourcepos=\"12:1-22:0\">\n<li data-sourcepos=\"12:1-12:85\"><strong>L\u00e6ngde:<\/strong> Falder typisk under kn\u00e6et og giver maksimal d\u00e6kning og varme.<\/li>\n<li data-sourcepos=\"13:1-16:93\"><strong>Klassiske stilarter:<\/strong> Indeholder ofte tidl\u00f8se silhuetter som:\n<ul data-sourcepos=\"14:5-16:93\">\n<li data-sourcepos=\"14:5-14:88\"><strong>Enkeltradet:<\/strong> En klassisk og alsidig model med en enkelt r\u00e6kke knapper.<\/li>\n<li data-sourcepos=\"15:5-15:87\"><strong>Dobbeltradet:<\/strong> <span class=\"citation-4 recitation citation-end-4\">En mere formel stil med to r\u00e6kker knapper.<\/span><span class=\"button-container hide-from-message-actions ng-star-inserted\">\u00a0 \u00a0<\/span>\n<div class=\"container ng-tns-c2960411664-99 hide\">\n<div class=\"carousel-container ng-tns-c2960411664-99\"><\/div>\n<\/div>\n<\/li>\n<li data-sourcepos=\"16:5-16:93\"><strong><span class=\"citation-5 recitation\">Wrap coat:<\/span><\/strong><span class=\"citation-5 recitation citation-end-5\"> En afslappet og elegant stil, som kan bindes med et b\u00e6lte.<\/span><span class=\"button-container hide-from-message-actions ng-star-inserted\"> \u00a0<\/span>\n<div class=\"container ng-tns-c2960411664-100 hide\">\n<div class=\"carousel-container ng-tns-c2960411664-100\">\n<div class=\"carousel-content ng-tns-c2960411664-100\">\n<div class=\"sources-carousel-source ng-tns-c2960411664-100 hide ng-star-inserted\" data-test-id=\"sources-carousel-source\"><\/div>\n<\/div>\n<\/div>\n<\/div>\n<\/li>\n<\/ul>\n<\/li>\n<li data-sourcepos=\"17:1-20:67\"><strong>Mulighed for halsb\u00e5nd:<\/strong> Kan have forskellige kravestile, f.eks:\n<ul data-sourcepos=\"18:5-20:67\">\n<li data-sourcepos=\"18:5-18:69\"><strong><span class=\"citation-6 recitation\">Revers med hak:<\/span><\/strong><span class=\"citation-6 recitation citation-end-6\"> En klassisk og alsidig krave.<\/span><span class=\"button-container hide-from-message-actions ng-star-inserted\">\u00a0<\/span>\n<div class=\"container ng-tns-c2960411664-101 hide\">\n<div class=\"carousel-container ng-tns-c2960411664-101\"><\/div>\n<\/div>\n<\/li>\n<li data-sourcepos=\"19:5-19:57\"><strong>Sjalskrave:<\/strong> En mere afslappet og hyggelig krave.<\/li>\n<li data-sourcepos=\"20:5-20:67\"><strong>Stand-up krave:<\/strong> Giver ekstra varme omkring halsen.<\/li>\n<\/ul>\n<\/li>\n<li data-sourcepos=\"21:1-22:0\"><strong>Minimale detaljer:<\/strong> Den har ofte rene linjer og minimale detaljer for at fremh\u00e6ve det luksuri\u00f8se stof.<\/li>\n<\/ul>\n<h3 data-sourcepos=\"23:1-23:56\"><strong>Ting, du skal overveje, n\u00e5r du k\u00f8ber en lang kashmirfrakke til kvinder:<\/strong><\/h3>\n<ul data-sourcepos=\"25:1-30:0\">\n<li data-sourcepos=\"25:1-25:129\"><strong>Kashmir Kvalitet:<\/strong> Se efter frakker lavet af 100%-kashmir eller en h\u00f8j procentdel af kashmir blandet med andre fine fibre.<\/li>\n<li data-sourcepos=\"26:1-26:134\"><strong>V\u00e6gt:<\/strong> Kashmirens v\u00e6gt p\u00e5virker dens varme og fald. Tungere kashmir er generelt varmere, men kan ogs\u00e5 v\u00e6re mere volumin\u00f8s.<\/li>\n<li data-sourcepos=\"27:1-27:89\"><strong>Konstruktion:<\/strong> Tjek kvaliteten af syninger og foring for at sikre holdbarheden.<\/li>\n<li data-sourcepos=\"28:1-28:99\"><strong>Passer:<\/strong> V\u00e6lg en frakke, der sidder godt over skuldrene og giver mulighed for behagelig lagdeling.<\/li>\n<li data-sourcepos=\"29:1-30:0\"><strong>Pris:<\/strong> <span class=\"citation-7 recitation citation-end-7\">Kashmirfrakker er en investering, s\u00e5 v\u00e6r forberedt p\u00e5 at bruge et betydeligt bel\u00f8b.<\/span> Men med den rette pleje vil den holde i mange \u00e5r.<span class=\"button-container hide-from-message-actions ng-star-inserted\">\u00a0<\/span>\n<div class=\"container ng-tns-c2960411664-102 hide\">\n<div class=\"carousel-container ng-tns-c2960411664-102\"><\/div>\n<\/div>\n<\/li>\n<\/ul>\n<h3 data-sourcepos=\"31:1-31:46\"><strong>Hvor finder man lange kashmirfrakker til kvinder?<\/strong><\/h3>\n<ul data-sourcepos=\"33:1-37:0\">\n<li data-sourcepos=\"33:1-33:80\"><strong>Eksklusive stormagasiner:<\/strong> Nordstrom, Saks Fifth Avenue, Bloomingdale's<\/li>\n<li data-sourcepos=\"34:1-34:52\"><strong>Luksusm\u00e6rker:<\/strong> Max Mara, Loro Piana, The Row<\/li>\n<li data-sourcepos=\"35:1-35:80\"><strong>Specialiserede kashmirforhandlere:<\/strong> <span class=\"citation-8 recitation citation-end-8\">GOBI Kashmir, Sofia Kashmir<\/span><span class=\"button-container hide-from-message-actions ng-star-inserted\">\u00a0 \u00a0<\/span>\n<div class=\"container ng-tns-c2960411664-103 hide\">\n<div class=\"carousel-container ng-tns-c2960411664-103\"><\/div>\n<\/div>\n<\/li>\n<li data-sourcepos=\"36:1-37:0\"><strong>Online-forhandlere:<\/strong> Farfetch, Net-a-Porter, Mytheresa<\/li>\n<\/ul>\n<p data-sourcepos=\"38:1-38:122\">En lang kashmirfrakke til kvinder er en luksuri\u00f8s og tidl\u00f8s investering, som vil holde dig varm og stilfuld i mange \u00e5r fremover.<\/p>\n<\/div>\n<div class=\"response-footer gap complete\">\n<div class=\"container ng-tns-c2960411664-94\">\n<div class=\"carousel-container ng-tns-c2960411664-94\">\n<div class=\"carousel-content ng-tns-c2960411664-94\">\n<div class=\"sources-carousel-source ng-tns-c2960411664-94 ng-star-inserted\" data-test-id=\"sources-carousel-source\">\n<div class=\"source-card-container\">\n<div class=\"source-card-content\">\n<div class=\"source-card-body\">\n<div class=\"source-card-header\">\n<div class=\"source-card-title\"><\/div>\n<\/div>\n<\/div>\n<\/div>\n<\/div>\n<\/div>\n<\/div>\n<\/div>\n<\/div>\n<\/div>","protected":false},"excerpt":{"rendered":"<table style=\"height: 596px;\" width=\"487\">\n<tbody>\n<tr>\n<td width=\"146\"><strong><b>Produkt<\/b><\/strong>\u00a0<strong><b>Navn:<\/b><\/strong><\/td>\n<td width=\"601\"><strong>Lang kashmirfrakke til kvinder<\/strong><\/td>\n<\/tr>\n<tr>\n<td width=\"146\"><strong><b>Materlal:<\/b><\/strong><\/td>\n<td width=\"601\">Strikning<\/td>\n<\/tr>\n<tr>\n<td width=\"146\"><strong><b>Teknik:<\/b><\/strong><\/td>\n<td width=\"601\">Broderet<\/td>\n<\/tr>\n<tr>\n<td width=\"146\"><strong><b>Stil:<\/b><\/strong><\/td>\n<td width=\"601\">Afslappet<\/td>\n<\/tr>\n<tr>\n<td width=\"146\"><strong><b>Farve<\/b><\/strong><strong><b>:<\/b><\/strong><\/td>\n<td width=\"601\">\u00a0Brugerdefinerede farver<\/td>\n<\/tr>\n<tr>\n<td width=\"146\"><strong><b>St\u00f8rrelse:<\/b><\/strong><\/td>\n<td width=\"601\">S \/M \/L \/XL \/2XL<\/td>\n<\/tr>\n<tr>\n<td width=\"146\"><strong><b>OEM\/ODM:<\/b><\/strong><\/td>\n<td width=\"601\">Acceptabel<\/td>\n<\/tr>\n<tr>\n<td width=\"146\"><strong><b>Kvalitet:<\/b><\/strong><\/td>\n<td width=\"601\">100% H\u00f8j kvalitet<\/td>\n<\/tr>\n<tr>\n<td width=\"146\"><strong><b>M<\/b><\/strong><strong><b>OQ:<\/b><\/strong><\/td>\n<td width=\"601\">200 stk.<\/td>\n<\/tr>\n<\/tbody>\n<\/table>","protected":false},"featured_media":2009,"template":"","meta":[],"product_brand":[],"product_cat":[39],"product_tag":[],"class_list":{"0":"post-2008","1":"product","2":"type-product","3":"status-publish","4":"has-post-thumbnail","6":"product_cat-womens-clothing","8":"first","9":"instock","10":"shipping-taxable","11":"product-type-simple"},"_links":{"self":[{"href":"https:\/\/mj-clothing.com\/da\/wp-json\/wp\/v2\/product\/2008","targetHints":{"allow":["GET"]}}],"collection":[{"href":"https:\/\/mj-clothing.com\/da\/wp-json\/wp\/v2\/product"}],"about":[{"href":"https:\/\/mj-clothing.com\/da\/wp-json\/wp\/v2\/types\/product"}],"wp:featuredmedia":[{"embeddable":true,"href":"https:\/\/mj-clothing.com\/da\/wp-json\/wp\/v2\/media\/2009"}],"wp:attachment":[{"href":"https:\/\/mj-clothing.com\/da\/wp-json\/wp\/v2\/media?parent=2008"}],"wp:term":[{"taxonomy":"product_brand","embeddable":true,"href":"https:\/\/mj-clothing.com\/da\/wp-json\/wp\/v2\/product_brand?post=2008"},{"taxonomy":"product_cat","embeddable":true,"href":"https:\/\/mj-clothing.com\/da\/wp-json\/wp\/v2\/product_cat?post=2008"},{"taxonomy":"product_tag","embeddable":true,"href":"https:\/\/mj-clothing.com\/da\/wp-json\/wp\/v2\/product_tag?post=2008"}],"curies":[{"name":"wp","href":"https:\/\/api.w.org\/{rel}","templated":true}]}}