{"id":2010,"date":"2024-12-17T08:55:56","date_gmt":"2024-12-17T08:55:56","guid":{"rendered":"https:\/\/mj-clothing.com\/?post_type=product&#038;p=2010"},"modified":"2024-12-17T08:55:56","modified_gmt":"2024-12-17T08:55:56","slug":"black-long-wool-coat-womens","status":"publish","type":"product","link":"https:\/\/mj-clothing.com\/da\/manufacturer\/black-long-wool-coat-womens\/","title":{"rendered":"Sort lang uldfrakke til kvinder"},"content":{"rendered":"<p data-sourcepos=\"1:1-1:191\">Black Long Wool Coat Women's er et must i enhver kvindes garderobe. Det er en klassiker, der kombinerer praktisk anvendelighed, varme og tidl\u00f8s stil. Her er en oversigt over, hvad der g\u00f8r dem s\u00e5 fantastiske:<\/p>\n<h3 data-sourcepos=\"3:1-3:13\"><strong>Hvorfor sort lang uldfrakke i uld til kvinder?<\/strong><\/h3>\n<ul data-sourcepos=\"5:1-9:0\">\n<li data-sourcepos=\"5:1-5:116\"><strong><span class=\"citation-0 recitation\">Varme:<\/span><\/strong><span class=\"citation-0 recitation citation-end-0\"> Uld er en naturlig isolator, der giver fremragende varme selv i meget kolde temperaturer.<\/span><span class=\"button-container hide-from-message-actions ng-star-inserted\"> \u00a0<\/span>\n<div class=\"container ng-tns-c2960411664-110 hide\">\n<div class=\"carousel-container ng-tns-c2960411664-110\"><\/div>\n<\/div>\n<\/li>\n<li data-sourcepos=\"6:1-6:114\"><strong><span class=\"citation-1 recitation\">Holdbarhed:<\/span><\/strong><span class=\"citation-1 recitation citation-end-1\"> Uldfibre er st\u00e6rke og elastiske, hvilket g\u00f8r uldfrakker holdbare og langtidsholdbare.<\/span><span class=\"button-container hide-from-message-actions ng-star-inserted\"> \u00a0<\/span>\n<div class=\"container ng-tns-c2960411664-111 hide\">\n<div class=\"carousel-container ng-tns-c2960411664-111\"><\/div>\n<\/div>\n<\/li>\n<li data-sourcepos=\"7:1-7:130\"><strong><span class=\"citation-2 recitation\">Vandt\u00e6thed:<\/span><\/strong><span class=\"citation-2 recitation citation-end-2\"> Uld har naturlige vandafvisende egenskaber, som hj\u00e6lper med at holde dig t\u00f8r i let regn eller sne.<\/span><span class=\"button-container hide-from-message-actions ng-star-inserted\"> \u00a0<\/span>\n<div class=\"container ng-tns-c2960411664-112 hide\">\n<div class=\"carousel-container ng-tns-c2960411664-112\"><\/div>\n<\/div>\n<\/li>\n<li data-sourcepos=\"8:1-9:0\"><strong><span class=\"citation-3 recitation\">\u00c5ndbarhed:<\/span><\/strong><span class=\"citation-3 recitation citation-end-3\"> Uld er \u00e5ndbart, hvilket hj\u00e6lper med at regulere din kropstemperatur og forhindre overophedning.<\/span><span class=\"button-container hide-from-message-actions ng-star-inserted\">\u00a0 \u00a0<\/span>\n<div class=\"container ng-tns-c2960411664-113 hide\">\n<div class=\"carousel-container ng-tns-c2960411664-113\"><\/div>\n<\/div>\n<\/li>\n<\/ul>\n<h3 data-sourcepos=\"10:1-10:43\"><strong>N\u00f8glefunktioner i aSort lang uldfrakke til kvinder:<\/strong><\/h3>\n<ul data-sourcepos=\"12:1-23:0\">\n<li data-sourcepos=\"12:1-12:137\"><strong>L\u00e6ngde:<\/strong> Falder typisk under kn\u00e6et og giver maksimal d\u00e6kning og varme. Denne l\u00e6ngde er ogs\u00e5 meget flatterende og forl\u00e6ngende.<\/li>\n<li data-sourcepos=\"13:1-13:125\"><strong>Farve:<\/strong> Sort er utrolig alsidig og passer til alt. Det er et klassisk valg, som aldrig g\u00e5r af mode.<\/li>\n<li data-sourcepos=\"14:1-18:62\"><strong>Klassiske stilarter:<\/strong> Almindelige stilarter omfatter:\n<ul data-sourcepos=\"15:5-18:62\">\n<li data-sourcepos=\"15:5-15:89\"><strong>Enkeltradet:<\/strong> En tidl\u00f8s og alsidig stil med en enkelt r\u00e6kke knapper.<\/li>\n<li data-sourcepos=\"16:5-16:102\"><strong>Dobbeltradet:<\/strong> <span class=\"citation-4 recitation citation-end-4\">En mere formel og struktureret stil med to r\u00e6kker knapper.<\/span><span class=\"button-container hide-from-message-actions ng-star-inserted\">\u00a0<\/span>\n<div class=\"container ng-tns-c2960411664-114 hide\">\n<div class=\"carousel-container ng-tns-c2960411664-114\"><\/div>\n<\/div>\n<\/li>\n<li data-sourcepos=\"17:5-17:93\"><strong><span class=\"citation-5 recitation\">Wrap coat:<\/span><\/strong><span class=\"citation-5 recitation citation-end-5\"> En afslappet og elegant stil, som kan bindes med et b\u00e6lte.<\/span><span class=\"button-container hide-from-message-actions ng-star-inserted\"> \u00a0<\/span>\n<div class=\"container ng-tns-c2960411664-115 hide\">\n<div class=\"carousel-container ng-tns-c2960411664-115\"><\/div>\n<\/div>\n<\/li>\n<li data-sourcepos=\"18:5-18:62\"><strong>Chesterfield:<\/strong> En formel stil med fl\u00f8jlskrave.<\/li>\n<\/ul>\n<\/li>\n<li data-sourcepos=\"19:1-23:0\"><strong>Mulighed for halsb\u00e5nd:<\/strong>\n<ul data-sourcepos=\"20:5-23:0\">\n<li data-sourcepos=\"20:5-20:69\"><strong><span class=\"citation-6 recitation\">Revers med hak:<\/span><\/strong><span class=\"citation-6 recitation citation-end-6\"> En klassisk og alsidig krave.<\/span><span class=\"button-container hide-from-message-actions ng-star-inserted\"> \u00a0<\/span>\n<div class=\"container ng-tns-c2960411664-116 hide\">\n<div class=\"carousel-container ng-tns-c2960411664-116\"><\/div>\n<\/div>\n<\/li>\n<li data-sourcepos=\"21:5-21:71\"><strong><span class=\"citation-7 recitation\">H\u00f8jt revers:<\/span><\/strong><span class=\"citation-7 recitation citation-end-7\"> En mere formel og dramatisk krave.<\/span><span class=\"button-container hide-from-message-actions ng-star-inserted\"> \u00a0<\/span>\n<div class=\"container ng-tns-c2960411664-117 hide\">\n<div class=\"carousel-container ng-tns-c2960411664-117\"><\/div>\n<\/div>\n<\/li>\n<li data-sourcepos=\"22:5-23:0\"><strong>Stand-up krave:<\/strong> Giver ekstra varme omkring halsen.<\/li>\n<\/ul>\n<\/li>\n<\/ul>\n<h3 data-sourcepos=\"24:1-24:58\"><strong>Ting, du skal overveje, n\u00e5r du k\u00f8ber en sort lang uldfrakke til kvinder:<\/strong><\/h3>\n<ul data-sourcepos=\"26:1-31:0\">\n<li data-sourcepos=\"26:1-26:101\"><strong>Uldkvalitet:<\/strong> G\u00e5 efter frakker af uld i h\u00f8j kvalitet, f.eks. merinould eller jomfruuld.<\/li>\n<li data-sourcepos=\"27:1-27:75\"><strong>Foring:<\/strong> Et godt for \u00f8ger frakkens varme og holdbarhed.<\/li>\n<li data-sourcepos=\"28:1-28:99\"><strong>Passer:<\/strong> S\u00f8rg for, at frakken sidder godt over skuldrene og giver mulighed for behagelige lag p\u00e5 lag.<\/li>\n<li data-sourcepos=\"29:1-29:72\"><strong>Detaljer:<\/strong> Overvej detaljer som lommer, knapper og b\u00e6ltestropper.<\/li>\n<li data-sourcepos=\"30:1-31:0\"><strong><span class=\"citation-8 recitation\">Pris:<\/span><\/strong><span class=\"citation-8 recitation citation-end-8\"> En uldfrakke af god kvalitet er en investering, men den holder i mange \u00e5r.<\/span><span class=\"button-container hide-from-message-actions ng-star-inserted\">\u00a0 \u00a0<\/span>\n<div class=\"container ng-tns-c2960411664-118 hide\">\n<div class=\"carousel-container ng-tns-c2960411664-118\"><\/div>\n<\/div>\n<\/li>\n<\/ul>\n<h3 data-sourcepos=\"32:1-32:40\"><strong>S\u00e5dan styler du en sort lang uldfrakke til kvinder:<\/strong><\/h3>\n<ul data-sourcepos=\"34:1-37:0\">\n<li data-sourcepos=\"34:1-34:85\"><strong>Afslappet:<\/strong> S\u00e6t den sammen med jeans, en sweater og st\u00f8vler for et klassisk hverdagslook.<\/li>\n<li data-sourcepos=\"35:1-35:95\"><strong>Business Casual:<\/strong> Brug den over en bluse og bukser eller en nederdel for et professionelt look.<\/li>\n<li data-sourcepos=\"36:1-37:0\"><strong>Kl\u00e6delig:<\/strong> L\u00e6g den over en kjole eller aftenkjole for et sofistikeret look.<\/li>\n<\/ul>\n<p data-sourcepos=\"38:1-38:217\"><span class=\"citation-9 recitation citation-end-9\">En sort lang uldfrakke er et alsidigt og uundv\u00e6rligt stykke t\u00f8j, som vil holde dig varm og stilfuld gennem hele vinters\u00e6sonen.<\/span> Det er en v\u00e6rdifuld investering, som du vil kunne bruge i mange \u00e5r fremover.<span class=\"button-container hide-from-message-actions ng-star-inserted\"> \u00a0 <\/span><\/p>","protected":false},"excerpt":{"rendered":"<table style=\"height: 647px;\" width=\"508\">\n<tbody>\n<tr>\n<td width=\"146\"><strong><b>Produkt<\/b><\/strong>\u00a0<strong><b>Navn:<\/b><\/strong><\/td>\n<td width=\"601\"><strong>Sort lang uldfrakke til kvinder<\/strong><\/td>\n<\/tr>\n<tr>\n<td width=\"146\"><strong><b>Materlal:<\/b><\/strong><\/td>\n<td width=\"601\">Strikning<\/td>\n<\/tr>\n<tr>\n<td width=\"146\"><strong><b>Teknik:<\/b><\/strong><\/td>\n<td width=\"601\">Broderet<\/td>\n<\/tr>\n<tr>\n<td width=\"146\"><strong><b>Stil:<\/b><\/strong><\/td>\n<td width=\"601\">Afslappet<\/td>\n<\/tr>\n<tr>\n<td width=\"146\"><strong><b>Farve<\/b><\/strong><strong><b>:<\/b><\/strong><\/td>\n<td width=\"601\">\u00a0Brugerdefinerede farver<\/td>\n<\/tr>\n<tr>\n<td width=\"146\"><strong><b>St\u00f8rrelse:<\/b><\/strong><\/td>\n<td width=\"601\">S \/M \/L \/XL \/2XL<\/td>\n<\/tr>\n<tr>\n<td width=\"146\"><strong><b>OEM\/ODM:<\/b><\/strong><\/td>\n<td width=\"601\">Acceptabel<\/td>\n<\/tr>\n<tr>\n<td width=\"146\"><strong><b>Kvalitet:<\/b><\/strong><\/td>\n<td width=\"601\">100% H\u00f8j kvalitet<\/td>\n<\/tr>\n<tr>\n<td width=\"146\"><strong><b>M<\/b><\/strong><strong><b>OQ:<\/b><\/strong><\/td>\n<td width=\"601\">200 stk.<\/td>\n<\/tr>\n<\/tbody>\n<\/table>","protected":false},"featured_media":2011,"template":"","meta":[],"product_brand":[],"product_cat":[39],"product_tag":[],"class_list":{"0":"post-2010","1":"product","2":"type-product","3":"status-publish","4":"has-post-thumbnail","6":"product_cat-womens-clothing","8":"first","9":"instock","10":"shipping-taxable","11":"product-type-simple"},"_links":{"self":[{"href":"https:\/\/mj-clothing.com\/da\/wp-json\/wp\/v2\/product\/2010","targetHints":{"allow":["GET"]}}],"collection":[{"href":"https:\/\/mj-clothing.com\/da\/wp-json\/wp\/v2\/product"}],"about":[{"href":"https:\/\/mj-clothing.com\/da\/wp-json\/wp\/v2\/types\/product"}],"wp:featuredmedia":[{"embeddable":true,"href":"https:\/\/mj-clothing.com\/da\/wp-json\/wp\/v2\/media\/2011"}],"wp:attachment":[{"href":"https:\/\/mj-clothing.com\/da\/wp-json\/wp\/v2\/media?parent=2010"}],"wp:term":[{"taxonomy":"product_brand","embeddable":true,"href":"https:\/\/mj-clothing.com\/da\/wp-json\/wp\/v2\/product_brand?post=2010"},{"taxonomy":"product_cat","embeddable":true,"href":"https:\/\/mj-clothing.com\/da\/wp-json\/wp\/v2\/product_cat?post=2010"},{"taxonomy":"product_tag","embeddable":true,"href":"https:\/\/mj-clothing.com\/da\/wp-json\/wp\/v2\/product_tag?post=2010"}],"curies":[{"name":"wp","href":"https:\/\/api.w.org\/{rel}","templated":true}]}}