{"id":2020,"date":"2024-12-17T09:14:47","date_gmt":"2024-12-17T09:14:47","guid":{"rendered":"https:\/\/mj-clothing.com\/?post_type=product&#038;p=2020"},"modified":"2024-12-19T03:40:02","modified_gmt":"2024-12-19T03:40:02","slug":"long-shearling-coat-womens","status":"publish","type":"product","link":"https:\/\/mj-clothing.com\/da\/manufacturer\/long-shearling-coat-womens\/","title":{"rendered":"Lang shearling-frakke til kvinder"},"content":{"rendered":"<p data-sourcepos=\"1:1-1:209\">En lang shearlingfrakke til kvinder er et luksuri\u00f8st og utroligt varmt overt\u00f8j til kvinder. Det er et statement-piece, der kombinerer praktisk anvendelighed med ubestridelig stil. Her er en oversigt over, hvad der g\u00f8r dem s\u00e5 eftertragtede:<\/p>\n<h3 data-sourcepos=\"3:1-3:22\"><strong>Hvad er Long Shearling Coat Women's?<\/strong><\/h3>\n<p data-sourcepos=\"5:1-5:190\">Shearling er lavet af f\u00e5re- eller lammeskind, der er blevet garvet og behandlet med ulden siddende p\u00e5. Det giver en bl\u00f8d, plysagtig inderside og en karakteristisk yderside af ruskind eller l\u00e6der.<\/p>\n<h3 data-sourcepos=\"5:1-5:190\"><strong>Hvorfor v\u00e6lge en lang shearlingfrakke til kvinder?<\/strong><\/h3>\n<ul data-sourcepos=\"9:1-13:0\">\n<li data-sourcepos=\"9:1-9:190\"><strong>Enest\u00e5ende varme:<\/strong> Shearling er et af de varmeste naturmaterialer, der findes. De t\u00e6tte uldfibre indkapsler luft og giver fremragende isolering mod selv de koldeste temperaturer.<\/li>\n<li data-sourcepos=\"9:1-9:190\"><strong>Komfort:<\/strong> Det bl\u00f8de, plysagtige indre af en shearlingfrakke f\u00f8les utroligt behageligt mod huden.<\/li>\n<li data-sourcepos=\"11:1-11:98\"><strong>Holdbarhed:<\/strong> Shearling er et slidst\u00e6rkt materiale, som kan holde i mange \u00e5r med den rette pleje.<\/li>\n<li data-sourcepos=\"12:1-13:0\"><strong>Stil:<\/strong> En lang shearlingfrakke er et statement piece, der giver et strejf af luksus og raffinement til ethvert outfit.<\/li>\n<\/ul>\n<h3 data-sourcepos=\"14:1-14:42\"><strong>N\u00f8glefunktioner i en lang shearlingfrakke til kvinder:<\/strong><\/h3>\n<ul data-sourcepos=\"16:1-21:0\">\n<li data-sourcepos=\"16:1-16:86\"><strong>L\u00e6ngde:<\/strong> Falder typisk under kn\u00e6et og giver maksimal d\u00e6kning og varme.<\/li>\n<li data-sourcepos=\"17:1-17:66\"><strong>Udvendigt:<\/strong> Kan v\u00e6re ruskind, l\u00e6der eller en kombination af begge dele.<\/li>\n<li data-sourcepos=\"18:1-18:46\"><strong>Indvendigt:<\/strong> Det bl\u00f8de, plysagtige uldfor.<\/li>\n<li data-sourcepos=\"19:1-19:100\"><strong>Halsb\u00e5nd:<\/strong> Kan have forskellige kravestile, f.eks. sjalskrave, skr\u00e5krave eller h\u00e6tte.<\/li>\n<li data-sourcepos=\"20:1-21:0\"><strong>Lukning:<\/strong> Kan have knapper, lynl\u00e5se eller trykknapper.<\/li>\n<\/ul>\n<h3 data-sourcepos=\"22:1-22:57\"><strong>Ting, du skal overveje, n\u00e5r du k\u00f8ber en lang shearlingfrakke:<\/strong><\/h3>\n<ul data-sourcepos=\"24:1-28:0\">\n<li data-sourcepos=\"24:1-24:87\"><strong>Kvalitet:<\/strong> Se efter frakker lavet af shearling i h\u00f8j kvalitet med t\u00e6t, ensartet uld.<\/li>\n<li data-sourcepos=\"25:1-25:129\"><strong>V\u00e6gt:<\/strong> Shearlingfrakker kan v\u00e6re tunge, s\u00e5 overvej v\u00e6gten, og hvor behagelig den vil v\u00e6re at have p\u00e5 i l\u00e6ngere tid.<\/li>\n<li data-sourcepos=\"26:1-26:99\"><strong>Passer:<\/strong> S\u00f8rg for, at frakken sidder godt over skuldrene og giver mulighed for behagelige lag p\u00e5 lag.<\/li>\n<li data-sourcepos=\"27:1-28:0\"><strong>Pris:<\/strong> Shearlingfrakker er en investering, s\u00e5 v\u00e6r forberedt p\u00e5 at bruge et betydeligt bel\u00f8b.<\/li>\n<\/ul>\n<h3 data-sourcepos=\"29:1-29:39\"><strong>S\u00e5dan styler du en lang shearling-frakke:<\/strong><\/h3>\n<ul data-sourcepos=\"31:1-33:0\">\n<li data-sourcepos=\"31:1-31:94\"><strong>Afslappet:<\/strong> S\u00e6t den sammen med jeans, en sweater og st\u00f8vler for et varmt og stilfuldt hverdagslook.<\/li>\n<li data-sourcepos=\"32:1-33:0\"><strong>Kl\u00e6delig:<\/strong> L\u00e6g den over en kjole eller et s\u00e6t aftent\u00f8j for et luksuri\u00f8st og sofistikeret look.<\/li>\n<\/ul>\n<h3 data-sourcepos=\"34:1-34:35\"><strong>Pleje af en lang shearlingfrakke:<\/strong><\/h3>\n<ul data-sourcepos=\"36:1-39:0\">\n<li data-sourcepos=\"36:1-36:115\"><strong>Professionel reng\u00f8ring:<\/strong> Det anbefales at f\u00e5 din shearlingpels renset professionelt af en specialist.<\/li>\n<li data-sourcepos=\"36:1-36:115\"><strong>Pletvis reng\u00f8ring:<\/strong> Sm\u00e5 pletter kan reng\u00f8res med en fugtig klud og et mildt reng\u00f8ringsmiddel.<\/li>\n<li data-sourcepos=\"38:1-39:0\"><strong>Opbevaring:<\/strong> Opbevar din shearlingfrakke p\u00e5 et k\u00f8ligt, t\u00f8rt sted uden direkte sollys.<\/li>\n<\/ul>\n<p data-sourcepos=\"40:1-40:121\">En lang shearlingfrakke er en luksuri\u00f8s og praktisk investering, som vil holde dig varm og stilfuld i mange \u00e5r fremover.<\/p>","protected":false},"excerpt":{"rendered":"<table style=\"height: 560px;\" width=\"542\">\n<tbody>\n<tr>\n<td width=\"146\"><strong><b>Produkt<\/b><\/strong>\u00a0<strong><b>Navn:<\/b><\/strong><\/td>\n<td width=\"601\"><strong>Lang shearling-frakke til kvinder<\/strong><\/td>\n<\/tr>\n<tr>\n<td width=\"146\"><strong><b>Materlal:<\/b><\/strong><\/td>\n<td width=\"601\">Strikning<\/td>\n<\/tr>\n<tr>\n<td width=\"146\"><strong><b>Teknik:<\/b><\/strong><\/td>\n<td width=\"601\">Broderet<\/td>\n<\/tr>\n<tr>\n<td width=\"146\"><strong><b>Stil:<\/b><\/strong><\/td>\n<td width=\"601\">Afslappet<\/td>\n<\/tr>\n<tr>\n<td width=\"146\"><strong><b>Farve<\/b><\/strong><strong><b>:<\/b><\/strong><\/td>\n<td width=\"601\">\u00a0Brugerdefinerede farver<\/td>\n<\/tr>\n<tr>\n<td width=\"146\"><strong><b>St\u00f8rrelse:<\/b><\/strong><\/td>\n<td width=\"601\">S \/M \/L \/XL \/2XL<\/td>\n<\/tr>\n<tr>\n<td width=\"146\"><strong><b>OEM\/ODM:<\/b><\/strong><\/td>\n<td width=\"601\">Acceptabel<\/td>\n<\/tr>\n<tr>\n<td width=\"146\"><strong><b>Kvalitet:<\/b><\/strong><\/td>\n<td width=\"601\">100% H\u00f8j kvalitet<\/td>\n<\/tr>\n<tr>\n<td width=\"146\"><strong><b>M<\/b><\/strong><strong><b>OQ:<\/b><\/strong><\/td>\n<td width=\"601\">200 stk.<\/td>\n<\/tr>\n<\/tbody>\n<\/table>","protected":false},"featured_media":2026,"template":"","meta":[],"product_brand":[],"product_cat":[39],"product_tag":[],"class_list":{"0":"post-2020","1":"product","2":"type-product","3":"status-publish","4":"has-post-thumbnail","6":"product_cat-womens-clothing","8":"first","9":"instock","10":"shipping-taxable","11":"product-type-simple"},"_links":{"self":[{"href":"https:\/\/mj-clothing.com\/da\/wp-json\/wp\/v2\/product\/2020","targetHints":{"allow":["GET"]}}],"collection":[{"href":"https:\/\/mj-clothing.com\/da\/wp-json\/wp\/v2\/product"}],"about":[{"href":"https:\/\/mj-clothing.com\/da\/wp-json\/wp\/v2\/types\/product"}],"wp:featuredmedia":[{"embeddable":true,"href":"https:\/\/mj-clothing.com\/da\/wp-json\/wp\/v2\/media\/2026"}],"wp:attachment":[{"href":"https:\/\/mj-clothing.com\/da\/wp-json\/wp\/v2\/media?parent=2020"}],"wp:term":[{"taxonomy":"product_brand","embeddable":true,"href":"https:\/\/mj-clothing.com\/da\/wp-json\/wp\/v2\/product_brand?post=2020"},{"taxonomy":"product_cat","embeddable":true,"href":"https:\/\/mj-clothing.com\/da\/wp-json\/wp\/v2\/product_cat?post=2020"},{"taxonomy":"product_tag","embeddable":true,"href":"https:\/\/mj-clothing.com\/da\/wp-json\/wp\/v2\/product_tag?post=2020"}],"curies":[{"name":"wp","href":"https:\/\/api.w.org\/{rel}","templated":true}]}}