{"id":2032,"date":"2024-12-18T02:47:46","date_gmt":"2024-12-18T02:47:46","guid":{"rendered":"https:\/\/mj-clothing.com\/?post_type=product&#038;p=2032"},"modified":"2024-12-18T02:47:47","modified_gmt":"2024-12-18T02:47:47","slug":"womens-long-double-breasted-wool-coat","status":"publish","type":"product","link":"https:\/\/mj-clothing.com\/da\/manufacturer\/womens-long-double-breasted-wool-coat\/","title":{"rendered":"Lang dobbeltradet uldfrakke til kvinder"},"content":{"rendered":"<div id=\"model-response-message-contentr_64d87a431fd566f8\" class=\"markdown markdown-main-panel response-optimization\" dir=\"ltr\">\n<p data-sourcepos=\"1:1-1:372\"><span class=\"citation-0 recitation citation-end-0\">Womens Long Double Breasted Wool Coat er en klassisk og stilfuld bekl\u00e6dningsgenstand, som er perfekt til de koldere m\u00e5neder.<\/span> <span class=\"citation-1 recitation citation-end-1\">Den er typisk lavet af et varmt og slidst\u00e6rkt uldstof, og den har en dobbeltradet lukning med knapper eller lynl\u00e5s.<\/span> Denne type frakke er ofte l\u00e6ngere end en traditionel jakke og n\u00e5r ned under hofterne eller endda til kn\u00e6ene.<span class=\"button-container hide-from-message-actions ng-star-inserted\"> \u00a0<\/span><\/p>\n<div class=\"container ng-tns-c3353360079-19 hide\">\n<div class=\"carousel-container ng-tns-c3353360079-19\">\n<div class=\"carousel-content ng-tns-c3353360079-19\">\n<div class=\"sources-carousel-source ng-tns-c3353360079-19 hide ng-star-inserted\" data-test-id=\"sources-carousel-source\"><\/div>\n<div class=\"sources-carousel-source ng-tns-c3353360079-19 hide ng-star-inserted\" data-test-id=\"sources-carousel-source\"><\/div>\n<\/div>\n<\/div>\n<\/div>\n<h3 data-sourcepos=\"3:1-3:82\">Her er nogle af fordelene ved at b\u00e6re en lang dobbeltradet uldfrakke til kvinder:<\/h3>\n<ul data-sourcepos=\"5:1-9:0\">\n<li data-sourcepos=\"5:1-5:121\"><strong><span class=\"citation-2 recitation\">Varme:<\/span><\/strong><span class=\"citation-2 recitation citation-end-2\"> Uld er en fremragende isolator, s\u00e5 en uldfrakke vil holde dig varm selv i det koldeste vejr.<\/span><span class=\"button-container hide-from-message-actions ng-star-inserted\"> \u00a0<\/span><\/li>\n<li data-sourcepos=\"5:1-5:121\"><span class=\"button-container hide-from-message-actions ng-star-inserted\"><strong style=\"font-size: 14.4px;\"><span class=\"citation-3 recitation\">Holdbarhed:<\/span><\/strong><span class=\"citation-3 recitation citation-end-3\" style=\"font-size: 14.4px;\"> Uld er et st\u00e6rkt og holdbart stof, s\u00e5 en uldfrakke holder i mange \u00e5r.<\/span><span class=\"button-container hide-from-message-actions ng-star-inserted\" style=\"font-size: 14.4px;\">\u00a0<\/span><\/span>\n<div class=\"container ng-tns-c3353360079-21 hide\">\n<div class=\"carousel-container ng-tns-c3353360079-21\"><\/div>\n<\/div>\n<\/li>\n<li data-sourcepos=\"7:1-7:124\"><strong><span class=\"citation-4 recitation\">Stil:<\/span><\/strong><span class=\"citation-4 recitation citation-end-4\"> En lang dobbeltradet uldfrakke er en tidl\u00f8s og elegant bekl\u00e6dningsgenstand, som kan dresses op eller ned.<\/span><span class=\"button-container hide-from-message-actions ng-star-inserted\">\u00a0<\/span>\n<div class=\"container ng-tns-c3353360079-22 hide\">\n<div class=\"carousel-container ng-tns-c3353360079-22\"><\/div>\n<\/div>\n<\/li>\n<li data-sourcepos=\"8:1-9:0\"><strong>Alsidighed:<\/strong> <span class=\"citation-5 recitation citation-end-5\">En uldfrakke kan bruges i mange forskellige sammenh\u00e6nge, fra afslappede udflugter til formelle begivenheder.<\/span><span class=\"button-container hide-from-message-actions ng-star-inserted\">\u00a0<\/span>\n<div class=\"container ng-tns-c3353360079-23 hide\">\n<div class=\"carousel-container ng-tns-c3353360079-23\">\n<div class=\"carousel-content ng-tns-c3353360079-23\">\n<div class=\"sources-carousel-source ng-tns-c3353360079-23 hide ng-star-inserted\" data-test-id=\"sources-carousel-source\"><\/div>\n<\/div>\n<\/div>\n<\/div>\n<\/li>\n<\/ul>\n<p data-sourcepos=\"10:1-10:119\">Hvis du er p\u00e5 udkig efter en stilfuld og praktisk vinterfrakke, er en lang dobbeltradet uldfrakke til kvinder et godt valg.<\/p>\n<\/div>\n<div class=\"skeleton-loader-container\"><\/div>\n<div class=\"response-footer gap complete\">\n<div class=\"container ng-tns-c3353360079-17\">\n<div class=\"carousel-container ng-tns-c3353360079-17\">\n<div class=\"carousel-content ng-tns-c3353360079-17\">\n<div class=\"sources-carousel-source ng-tns-c3353360079-17 ng-star-inserted\" data-test-id=\"sources-carousel-source\">\n<div class=\"source-card-container\">\n<div class=\"source-card-content\">\n<div class=\"source-card-body\">\n<div class=\"source-card-header\">\n<div class=\"source-card-title\"><\/div>\n<\/div>\n<\/div>\n<\/div>\n<\/div>\n<\/div>\n<\/div>\n<\/div>\n<\/div>\n<\/div>","protected":false},"excerpt":{"rendered":"<table style=\"height: 577px;\" width=\"542\">\n<tbody>\n<tr>\n<td width=\"146\"><strong><b>Produkt<\/b><\/strong>\u00a0<strong><b>Navn:<\/b><\/strong><\/td>\n<td width=\"601\"><strong>Lang dobbeltradet uldfrakke til kvinder<\/strong><\/td>\n<\/tr>\n<tr>\n<td width=\"146\"><strong><b>Materlal:<\/b><\/strong><\/td>\n<td width=\"601\">Strikning<\/td>\n<\/tr>\n<tr>\n<td width=\"146\"><strong><b>Teknik:<\/b><\/strong><\/td>\n<td width=\"601\">Broderet<\/td>\n<\/tr>\n<tr>\n<td width=\"146\"><strong><b>Stil:<\/b><\/strong><\/td>\n<td width=\"601\">Afslappet<\/td>\n<\/tr>\n<tr>\n<td width=\"146\"><strong><b>Farve<\/b><\/strong><strong><b>:<\/b><\/strong><\/td>\n<td width=\"601\">\u00a0Brugerdefinerede farver<\/td>\n<\/tr>\n<tr>\n<td width=\"146\"><strong><b>St\u00f8rrelse:<\/b><\/strong><\/td>\n<td width=\"601\">S \/M \/L \/XL \/2XL<\/td>\n<\/tr>\n<tr>\n<td width=\"146\"><strong><b>OEM\/ODM:<\/b><\/strong><\/td>\n<td width=\"601\">Acceptabel<\/td>\n<\/tr>\n<tr>\n<td width=\"146\"><strong><b>Kvalitet:<\/b><\/strong><\/td>\n<td width=\"601\">100% H\u00f8j kvalitet<\/td>\n<\/tr>\n<tr>\n<td width=\"146\"><strong><b>M<\/b><\/strong><strong><b>OQ:<\/b><\/strong><\/td>\n<td width=\"601\">200 stk.<\/td>\n<\/tr>\n<\/tbody>\n<\/table>","protected":false},"featured_media":2035,"template":"","meta":[],"product_brand":[],"product_cat":[39],"product_tag":[],"class_list":{"0":"post-2032","1":"product","2":"type-product","3":"status-publish","4":"has-post-thumbnail","6":"product_cat-womens-clothing","8":"first","9":"instock","10":"shipping-taxable","11":"product-type-simple"},"_links":{"self":[{"href":"https:\/\/mj-clothing.com\/da\/wp-json\/wp\/v2\/product\/2032","targetHints":{"allow":["GET"]}}],"collection":[{"href":"https:\/\/mj-clothing.com\/da\/wp-json\/wp\/v2\/product"}],"about":[{"href":"https:\/\/mj-clothing.com\/da\/wp-json\/wp\/v2\/types\/product"}],"wp:featuredmedia":[{"embeddable":true,"href":"https:\/\/mj-clothing.com\/da\/wp-json\/wp\/v2\/media\/2035"}],"wp:attachment":[{"href":"https:\/\/mj-clothing.com\/da\/wp-json\/wp\/v2\/media?parent=2032"}],"wp:term":[{"taxonomy":"product_brand","embeddable":true,"href":"https:\/\/mj-clothing.com\/da\/wp-json\/wp\/v2\/product_brand?post=2032"},{"taxonomy":"product_cat","embeddable":true,"href":"https:\/\/mj-clothing.com\/da\/wp-json\/wp\/v2\/product_cat?post=2032"},{"taxonomy":"product_tag","embeddable":true,"href":"https:\/\/mj-clothing.com\/da\/wp-json\/wp\/v2\/product_tag?post=2032"}],"curies":[{"name":"wp","href":"https:\/\/api.w.org\/{rel}","templated":true}]}}