{"id":2037,"date":"2024-12-18T02:59:21","date_gmt":"2024-12-18T02:59:21","guid":{"rendered":"https:\/\/mj-clothing.com\/?post_type=product&#038;p=2037"},"modified":"2024-12-18T03:22:38","modified_gmt":"2024-12-18T03:22:38","slug":"womens-heated-long-coat","status":"publish","type":"product","link":"https:\/\/mj-clothing.com\/da\/manufacturer\/womens-heated-long-coat\/","title":{"rendered":"Opvarmet lang frakke til kvinder"},"content":{"rendered":"<p data-sourcepos=\"1:1-1:216\">En opvarmet lang frakke til kvinder er en type overt\u00f8j, der er designet til at give ekstraordin\u00e6r varme i koldt vejr. Den har indbyggede varmeelementer, der drives af en batteripakke, som typisk er placeret i en diskret lomme.<\/p>\n<h3 data-sourcepos=\"3:1-3:35\"><strong>Her er, hvad der g\u00f8r dem specielle:<\/strong><\/h3>\n<ul data-sourcepos=\"5:1-8:0\">\n<li data-sourcepos=\"5:1-5:222\"><strong>Overlegen varme:<\/strong> De indbyggede varmeelementer genererer varme, hvilket \u00f8ger frakkens isolerende egenskaber betydeligt. Det g\u00f8r dem ideelle til ekstremt kolde klimaer eller udend\u00f8rs aktiviteter i kolde temperaturer.<\/li>\n<li data-sourcepos=\"6:1-6:159\"><strong>Komfort:<\/strong> Mange modeller har justerbare varmeindstillinger, s\u00e5 du kan tilpasse varmeniveauet ud fra dine pr\u00e6ferencer og kuldens sv\u00e6rhedsgrad.<\/li>\n<li data-sourcepos=\"7:1-8:0\"><strong>Alsidighed:<\/strong> De kan styles til forskellige lejligheder, fra afslappede udflugter til mere formelle begivenheder, afh\u00e6ngigt af frakkens design og materialer.<\/li>\n<\/ul>\n<h3 data-sourcepos=\"9:1-9:56\"><strong>Ting, du skal overveje, n\u00e5r du v\u00e6lger en opvarmet lang frakke til kvinder:<\/strong><\/h3>\n<ul data-sourcepos=\"11:1-15:0\">\n<li data-sourcepos=\"11:1-11:198\"><strong>Opvarmningsteknologi:<\/strong> Forskellige m\u00e6rker bruger forskellige opvarmningsteknologier. Unders\u00f8g den specifikke teknologi, der bruges i den frakke, du er interesseret i, for at forst\u00e5 dens ydeevne og sikkerhedsfunktioner.<\/li>\n<li data-sourcepos=\"12:1-12:182\"><strong>Batteriets levetid:<\/strong> Batteriets levetid er afg\u00f8rende. Overvej, hvor l\u00e6nge batteriet holder ved forskellige varmeindstillinger for at sikre, at det opfylder dine behov under dine aktiviteter.<\/li>\n<li data-sourcepos=\"13:1-13:174\"><strong>Komfort og pasform:<\/strong> V\u00e6lg en frakke, der sidder godt og er behagelig at have p\u00e5. Se efter funktioner som justerbare manchetter, h\u00e6tter og snore for at forbedre pasformen og varmen.<\/li>\n<li data-sourcepos=\"14:1-15:0\"><strong>Stil og design:<\/strong> V\u00e6lg en frakke, der passer til din personlige stil og de lejligheder, du skal bruge den til.<\/li>\n<\/ul>\n<p data-sourcepos=\"16:1-16:186\">Hvis du bor i et meget koldt klima eller ofte deltager i udend\u00f8rs aktiviteter om vinteren, kan en opvarmet lang frakke til kvinder v\u00e6re en v\u00e6rdifuld investering for at holde dig varm og komfortabel.<\/p>","protected":false},"excerpt":{"rendered":"<table style=\"height: 602px;\" width=\"581\">\n<tbody>\n<tr>\n<td width=\"146\"><strong><b>Produkt<\/b><\/strong>\u00a0<strong><b>Navn:<\/b><\/strong><\/td>\n<td width=\"601\"><strong>Opvarmet lang frakke til kvinder<\/strong><\/td>\n<\/tr>\n<tr>\n<td width=\"146\"><strong><b>Materlal:<\/b><\/strong><\/td>\n<td width=\"601\">Strikning<\/td>\n<\/tr>\n<tr>\n<td width=\"146\"><strong><b>Teknik:<\/b><\/strong><\/td>\n<td width=\"601\">Broderet<\/td>\n<\/tr>\n<tr>\n<td width=\"146\"><strong><b>Stil:<\/b><\/strong><\/td>\n<td width=\"601\">Afslappet<\/td>\n<\/tr>\n<tr>\n<td width=\"146\"><strong><b>Farve<\/b><\/strong><strong><b>:<\/b><\/strong><\/td>\n<td width=\"601\">\u00a0Brugerdefinerede farver<\/td>\n<\/tr>\n<tr>\n<td width=\"146\"><strong><b>St\u00f8rrelse:<\/b><\/strong><\/td>\n<td width=\"601\">S \/M \/L \/XL \/2XL<\/td>\n<\/tr>\n<tr>\n<td width=\"146\"><strong><b>OEM\/ODM:<\/b><\/strong><\/td>\n<td width=\"601\">Acceptabel<\/td>\n<\/tr>\n<tr>\n<td width=\"146\"><strong><b>Kvalitet:<\/b><\/strong><\/td>\n<td width=\"601\">100% H\u00f8j kvalitet<\/td>\n<\/tr>\n<tr>\n<td width=\"146\"><strong><b>M<\/b><\/strong><strong><b>OQ:<\/b><\/strong><\/td>\n<td width=\"601\">200 stk.<\/td>\n<\/tr>\n<\/tbody>\n<\/table>","protected":false},"featured_media":2040,"template":"","meta":[],"product_brand":[],"product_cat":[39],"product_tag":[],"class_list":{"0":"post-2037","1":"product","2":"type-product","3":"status-publish","4":"has-post-thumbnail","6":"product_cat-womens-clothing","8":"first","9":"instock","10":"shipping-taxable","11":"product-type-simple"},"_links":{"self":[{"href":"https:\/\/mj-clothing.com\/da\/wp-json\/wp\/v2\/product\/2037","targetHints":{"allow":["GET"]}}],"collection":[{"href":"https:\/\/mj-clothing.com\/da\/wp-json\/wp\/v2\/product"}],"about":[{"href":"https:\/\/mj-clothing.com\/da\/wp-json\/wp\/v2\/types\/product"}],"wp:featuredmedia":[{"embeddable":true,"href":"https:\/\/mj-clothing.com\/da\/wp-json\/wp\/v2\/media\/2040"}],"wp:attachment":[{"href":"https:\/\/mj-clothing.com\/da\/wp-json\/wp\/v2\/media?parent=2037"}],"wp:term":[{"taxonomy":"product_brand","embeddable":true,"href":"https:\/\/mj-clothing.com\/da\/wp-json\/wp\/v2\/product_brand?post=2037"},{"taxonomy":"product_cat","embeddable":true,"href":"https:\/\/mj-clothing.com\/da\/wp-json\/wp\/v2\/product_cat?post=2037"},{"taxonomy":"product_tag","embeddable":true,"href":"https:\/\/mj-clothing.com\/da\/wp-json\/wp\/v2\/product_tag?post=2037"}],"curies":[{"name":"wp","href":"https:\/\/api.w.org\/{rel}","templated":true}]}}