{"id":2041,"date":"2024-12-18T03:08:39","date_gmt":"2024-12-18T03:08:39","guid":{"rendered":"https:\/\/mj-clothing.com\/?post_type=product&#038;p=2041"},"modified":"2024-12-18T03:23:38","modified_gmt":"2024-12-18T03:23:38","slug":"womens-long-wrap-coat","status":"publish","type":"product","link":"https:\/\/mj-clothing.com\/da\/manufacturer\/womens-long-wrap-coat\/","title":{"rendered":"Lang sl\u00e5-om-frakke til kvinder"},"content":{"rendered":"<p data-sourcepos=\"1:1-1:121\">En lang frakke til kvinder er et stilfuldt og alsidigt valg af overt\u00f8j, som giver et strejf af elegance og raffinement.<\/p>\n<h3 data-sourcepos=\"3:1-3:17\"><strong>Lang sl\u00e5-om-frakke til kvinder N\u00f8glefunktioner:<\/strong><\/h3>\n<ul data-sourcepos=\"5:1-9:0\">\n<li data-sourcepos=\"5:1-5:132\"><strong>Design af indpakning:<\/strong> Den definerende egenskab er sl\u00e5-om-stilen, hvor frakken overlapper og typisk bindes eller b\u00e6ltes i taljen.<\/li>\n<li data-sourcepos=\"6:1-6:83\"><strong>L\u00e6ngde:<\/strong> Den str\u00e6kker sig under hofterne og n\u00e5r ofte op til kn\u00e6ene eller endda midt p\u00e5 l\u00e6ggen.<\/li>\n<li data-sourcepos=\"7:1-7:126\"><strong>Forskellige materialer:<\/strong> De kan v\u00e6re lavet af forskellige stoffer, herunder uld, kashmir, bomuldsblandinger og endda imiteret pels.<\/li>\n<li data-sourcepos=\"8:1-9:0\"><strong><span class=\"citation-0 interactive-span-selected-v2\">Alsidighed:<\/span><\/strong><span class=\"citation-0 citation-end-0 interactive-span-selected-v2\"> De kan dresses op eller ned, hvilket g\u00f8r dem velegnede til en lang r\u00e6kke lejligheder fra afslappede udflugter til formelle begivenheder. <\/span>\n<div class=\"container ng-tns-c3353360079-34\">\n<div class=\"carousel-container ng-tns-c3353360079-34\">\n<div class=\"carousel-content ng-tns-c3353360079-34\">\n<div class=\"sources-carousel-source ng-tns-c3353360079-34 ng-star-inserted\" data-test-id=\"sources-carousel-source\">\n<div class=\"source-card-container\">\n<div class=\"source-card-content\">\n<div class=\"source-card-body\">\n<div class=\"source-card-header\"><\/div>\n<\/div>\n<div class=\"source-card-footer\">\n<div class=\"source-card-attribution\"><\/div>\n<\/div>\n<\/div>\n<\/div>\n<\/div>\n<\/div>\n<\/div>\n<\/div>\n<\/li>\n<\/ul>\n<h3 data-sourcepos=\"10:1-10:24\"><strong>Hvorfor kvinder elsker dem:<\/strong><\/h3>\n<ul data-sourcepos=\"12:1-15:0\">\n<li data-sourcepos=\"12:1-12:108\"><strong>Flatterende silhuet:<\/strong> Wrap-designet fremh\u00e6ver taljen og skaber en flatterende timeglasform.<\/li>\n<li data-sourcepos=\"13:1-13:64\"><strong>Komfort:<\/strong> De har ofte en behagelig og afslappet pasform.<\/li>\n<li data-sourcepos=\"14:1-15:0\"><strong>Stil:<\/strong> De tilf\u00f8jer et strejf af femininitet og elegance til ethvert outfit.<\/li>\n<\/ul>\n<h3 data-sourcepos=\"16:1-16:17\"><strong>Tips til styling:<\/strong><\/h3>\n<ul data-sourcepos=\"18:1-20:0\">\n<li data-sourcepos=\"18:1-18:101\"><strong>S\u00e6t den sammen med:<\/strong> Jeans og st\u00f8vler for et afslappet look, eller en kjole og h\u00f8je h\u00e6le for et mere elegant ensemble.<\/li>\n<li data-sourcepos=\"19:1-20:0\"><strong>Brug tilbeh\u00f8r:<\/strong> Tilf\u00f8j et t\u00f8rkl\u00e6de, handsker og en stilfuld hat for at fuldende looket.<\/li>\n<\/ul>\n<p data-sourcepos=\"21:1-21:140\">Hvis du er p\u00e5 udkig efter en stilfuld og alsidig frakke til din vintergarderobe, er en Women's Long Wrap Coat bestemt v\u00e6rd at overveje.<\/p>","protected":false},"excerpt":{"rendered":"<table style=\"height: 617px;\" width=\"599\">\n<tbody>\n<tr>\n<td width=\"146\"><strong><b>Produkt<\/b><\/strong>\u00a0<strong><b>Navn:<\/b><\/strong><\/td>\n<td width=\"601\"><strong>Lang sl\u00e5-om-frakke til kvinder<\/strong><\/td>\n<\/tr>\n<tr>\n<td width=\"146\"><strong><b>Materlal:<\/b><\/strong><\/td>\n<td width=\"601\">Strikning<\/td>\n<\/tr>\n<tr>\n<td width=\"146\"><strong><b>Teknik:<\/b><\/strong><\/td>\n<td width=\"601\">Broderet<\/td>\n<\/tr>\n<tr>\n<td width=\"146\"><strong><b>Stil:<\/b><\/strong><\/td>\n<td width=\"601\">Afslappet<\/td>\n<\/tr>\n<tr>\n<td width=\"146\"><strong><b>Farve<\/b><\/strong><strong><b>:<\/b><\/strong><\/td>\n<td width=\"601\">\u00a0Brugerdefinerede farver<\/td>\n<\/tr>\n<tr>\n<td width=\"146\"><strong><b>St\u00f8rrelse:<\/b><\/strong><\/td>\n<td width=\"601\">S \/M \/L \/XL \/2XL<\/td>\n<\/tr>\n<tr>\n<td width=\"146\"><strong><b>OEM\/ODM:<\/b><\/strong><\/td>\n<td width=\"601\">Acceptabel<\/td>\n<\/tr>\n<tr>\n<td width=\"146\"><strong><b>Kvalitet:<\/b><\/strong><\/td>\n<td width=\"601\">100% H\u00f8j kvalitet<\/td>\n<\/tr>\n<tr>\n<td width=\"146\"><strong><b>M<\/b><\/strong><strong><b>OQ:<\/b><\/strong><\/td>\n<td width=\"601\">200 stk.<\/td>\n<\/tr>\n<\/tbody>\n<\/table>","protected":false},"featured_media":2042,"template":"","meta":[],"product_brand":[],"product_cat":[39],"product_tag":[],"class_list":{"0":"post-2041","1":"product","2":"type-product","3":"status-publish","4":"has-post-thumbnail","6":"product_cat-womens-clothing","8":"first","9":"instock","10":"shipping-taxable","11":"product-type-simple"},"_links":{"self":[{"href":"https:\/\/mj-clothing.com\/da\/wp-json\/wp\/v2\/product\/2041","targetHints":{"allow":["GET"]}}],"collection":[{"href":"https:\/\/mj-clothing.com\/da\/wp-json\/wp\/v2\/product"}],"about":[{"href":"https:\/\/mj-clothing.com\/da\/wp-json\/wp\/v2\/types\/product"}],"wp:featuredmedia":[{"embeddable":true,"href":"https:\/\/mj-clothing.com\/da\/wp-json\/wp\/v2\/media\/2042"}],"wp:attachment":[{"href":"https:\/\/mj-clothing.com\/da\/wp-json\/wp\/v2\/media?parent=2041"}],"wp:term":[{"taxonomy":"product_brand","embeddable":true,"href":"https:\/\/mj-clothing.com\/da\/wp-json\/wp\/v2\/product_brand?post=2041"},{"taxonomy":"product_cat","embeddable":true,"href":"https:\/\/mj-clothing.com\/da\/wp-json\/wp\/v2\/product_cat?post=2041"},{"taxonomy":"product_tag","embeddable":true,"href":"https:\/\/mj-clothing.com\/da\/wp-json\/wp\/v2\/product_tag?post=2041"}],"curies":[{"name":"wp","href":"https:\/\/api.w.org\/{rel}","templated":true}]}}