{"id":2044,"date":"2024-12-18T03:15:03","date_gmt":"2024-12-18T03:15:03","guid":{"rendered":"https:\/\/mj-clothing.com\/?post_type=product&#038;p=2044"},"modified":"2024-12-18T03:23:05","modified_gmt":"2024-12-18T03:23:05","slug":"womens-petite-long-winter-coats","status":"publish","type":"product","link":"https:\/\/mj-clothing.com\/da\/manufacturer\/womens-petite-long-winter-coats\/","title":{"rendered":"Lange vinterfrakker til kvinder"},"content":{"rendered":"<p data-sourcepos=\"1:1-1:158\">Lange vinterfrakker til kvinder i sm\u00e5 st\u00f8rrelser er specielt designet til mindre kvinder for at sikre en god pasform og en flatterende silhuet. Her er, hvad der g\u00f8r dem specielle:<\/p>\n<ul data-sourcepos=\"3:1-6:0\">\n<li data-sourcepos=\"3:1-3:155\"><strong>Proportioneret til kortere rammer:<\/strong> Disse frakker er designet med tanke p\u00e5 kortere overkroppe og skridtl\u00e6ngder, s\u00e5 de ikke overv\u00e6lder sm\u00e5 figurer.<\/li>\n<li data-sourcepos=\"4:1-4:144\"><strong>Ideel l\u00e6ngde:<\/strong> Selvom den stadig betragtes som \"lang\", er l\u00e6ngden justeret for at undg\u00e5 at sl\u00e6be p\u00e5 jorden eller skabe et alt for volumin\u00f8st look.<\/li>\n<li data-sourcepos=\"5:1-6:0\"><strong>Forbedret pasform:<\/strong> Funktioner som kortere \u00e6rmer og justeret talje sikrer, at frakken sidder behageligt og proportionelt.<\/li>\n<\/ul>\n<h3 data-sourcepos=\"7:1-7:19\"><strong>Popul\u00e6re stilarter:<\/strong><\/h3>\n<ul data-sourcepos=\"9:1-12:0\">\n<li data-sourcepos=\"9:1-9:102\"><strong>Sm\u00e5 uldfrakker:<\/strong> Klassisk og tidl\u00f8s, ofte i stilarter som peacoats eller dobbeltradede frakker.<\/li>\n<li data-sourcepos=\"10:1-10:118\"><strong>Sm\u00e5 puffer-frakker:<\/strong> De giver en fremragende varme og f\u00e5s i forskellige l\u00e6ngder og stilarter, fra elegant til mere afslappet.<\/li>\n<li data-sourcepos=\"11:1-12:0\"><strong>Petite Parkas:<\/strong> Ideel til koldere klimaer, ofte med h\u00e6tte, pelskant og flere lommer.<\/li>\n<\/ul>\n<h3 data-sourcepos=\"13:1-13:23\"><strong>Hvor finder man lange vinterfrakker til kvinder?<\/strong><\/h3>\n<p data-sourcepos=\"15:1-15:54\">Mange forhandlere tilbyder petite st\u00f8rrelser, herunder:<\/p>\n<ul data-sourcepos=\"17:1-20:0\">\n<li data-sourcepos=\"17:1-17:58\"><strong>Stormagasiner:<\/strong> Nordstrom, Macy's, Bloomingdale's<\/li>\n<li data-sourcepos=\"18:1-18:52\"><strong>Specialforhandlere:<\/strong> Ann Taylor, Loft, Talbots<\/li>\n<li data-sourcepos=\"19:1-20:0\"><strong>Online-forhandlere:<\/strong> ASOS, Nordstrom Rack, Amazon<\/li>\n<\/ul>\n<h3 data-sourcepos=\"21:1-21:22\"><strong>Tips til at v\u00e6lge:<\/strong><\/h3>\n<ul data-sourcepos=\"23:1-26:0\">\n<li data-sourcepos=\"23:1-23:102\"><strong>Overvej stoffet:<\/strong> G\u00e5 efter varme og slidst\u00e6rke materialer som uld, dun eller syntetisk isolering.<\/li>\n<li data-sourcepos=\"24:1-24:106\"><strong>Tjek l\u00e6ngden:<\/strong> S\u00f8rg for, at frakken rammer det rigtige sted p\u00e5 dine ben, s\u00e5 du undg\u00e5r en \"drukne\"-effekt.<\/li>\n<li data-sourcepos=\"25:1-26:0\"><strong>Pr\u00f8v det p\u00e5:<\/strong> Pr\u00f8v altid en petite frakke for at sikre, at den sidder ordentligt og smigrer din figur.<\/li>\n<\/ul>\n<p data-sourcepos=\"27:1-27:121\">Ved at v\u00e6lge en velsiddende Womens Petite Long Winter Coats kan kortere kvinder holde sig varme og stilfulde i de kolde m\u00e5neder.<\/p>","protected":false},"excerpt":{"rendered":"<table style=\"height: 572px;\" width=\"534\">\n<tbody>\n<tr>\n<td width=\"146\"><strong><b>Produkt<\/b><\/strong>\u00a0<strong><b>Navn:<\/b><\/strong><\/td>\n<td width=\"601\"><strong>Lange vinterfrakker til kvinder<\/strong><\/td>\n<\/tr>\n<tr>\n<td width=\"146\"><strong><b>Materlal:<\/b><\/strong><\/td>\n<td width=\"601\">Strikning<\/td>\n<\/tr>\n<tr>\n<td width=\"146\"><strong><b>Teknik:<\/b><\/strong><\/td>\n<td width=\"601\">Broderet<\/td>\n<\/tr>\n<tr>\n<td width=\"146\"><strong><b>Stil:<\/b><\/strong><\/td>\n<td width=\"601\">Afslappet<\/td>\n<\/tr>\n<tr>\n<td width=\"146\"><strong><b>Farve<\/b><\/strong><strong><b>:<\/b><\/strong><\/td>\n<td width=\"601\">\u00a0Brugerdefinerede farver<\/td>\n<\/tr>\n<tr>\n<td width=\"146\"><strong><b>St\u00f8rrelse:<\/b><\/strong><\/td>\n<td width=\"601\">S \/M \/L \/XL \/2XL<\/td>\n<\/tr>\n<tr>\n<td width=\"146\"><strong><b>OEM\/ODM:<\/b><\/strong><\/td>\n<td width=\"601\">Acceptabel<\/td>\n<\/tr>\n<tr>\n<td width=\"146\"><strong><b>Kvalitet:<\/b><\/strong><\/td>\n<td width=\"601\">100% H\u00f8j kvalitet<\/td>\n<\/tr>\n<tr>\n<td width=\"146\"><strong><b>M<\/b><\/strong><strong><b>OQ:<\/b><\/strong><\/td>\n<td width=\"601\">200 stk.<\/td>\n<\/tr>\n<\/tbody>\n<\/table>","protected":false},"featured_media":2045,"template":"","meta":[],"product_brand":[],"product_cat":[39],"product_tag":[],"class_list":{"0":"post-2044","1":"product","2":"type-product","3":"status-publish","4":"has-post-thumbnail","6":"product_cat-womens-clothing","8":"first","9":"instock","10":"shipping-taxable","11":"product-type-simple"},"_links":{"self":[{"href":"https:\/\/mj-clothing.com\/da\/wp-json\/wp\/v2\/product\/2044","targetHints":{"allow":["GET"]}}],"collection":[{"href":"https:\/\/mj-clothing.com\/da\/wp-json\/wp\/v2\/product"}],"about":[{"href":"https:\/\/mj-clothing.com\/da\/wp-json\/wp\/v2\/types\/product"}],"wp:featuredmedia":[{"embeddable":true,"href":"https:\/\/mj-clothing.com\/da\/wp-json\/wp\/v2\/media\/2045"}],"wp:attachment":[{"href":"https:\/\/mj-clothing.com\/da\/wp-json\/wp\/v2\/media?parent=2044"}],"wp:term":[{"taxonomy":"product_brand","embeddable":true,"href":"https:\/\/mj-clothing.com\/da\/wp-json\/wp\/v2\/product_brand?post=2044"},{"taxonomy":"product_cat","embeddable":true,"href":"https:\/\/mj-clothing.com\/da\/wp-json\/wp\/v2\/product_cat?post=2044"},{"taxonomy":"product_tag","embeddable":true,"href":"https:\/\/mj-clothing.com\/da\/wp-json\/wp\/v2\/product_tag?post=2044"}],"curies":[{"name":"wp","href":"https:\/\/api.w.org\/{rel}","templated":true}]}}