{"id":2066,"date":"2024-12-19T03:05:05","date_gmt":"2024-12-19T03:05:05","guid":{"rendered":"https:\/\/mj-clothing.com\/?post_type=product&#038;p=2066"},"modified":"2024-12-19T03:05:05","modified_gmt":"2024-12-19T03:05:05","slug":"spring-coats-for-ladies","status":"publish","type":"product","link":"https:\/\/mj-clothing.com\/da\/manufacturer\/spring-coats-for-ladies\/","title":{"rendered":"For\u00e5rsfrakker til damer"},"content":{"rendered":"<p data-sourcepos=\"1:1-1:154\">For\u00e5rsfrakker til damer er en smuk \u00e5rstid, og det er det perfekte tidspunkt at opdatere din garderobe med nogle stilfulde for\u00e5rsfrakker. Her er et par popul\u00e6re muligheder til damer:<\/p>\n<h3 data-sourcepos=\"3:1-3:19\"><strong>1. For\u00e5rsfrakker til damer:<\/strong><\/h3>\n<ul data-sourcepos=\"5:1-8:0\">\n<li style=\"list-style-type: none;\">\n<ul data-sourcepos=\"5:1-8:0\">\n<li data-sourcepos=\"5:1-5:94\"><strong>Klassisk og tidl\u00f8s:<\/strong> En trenchcoat er en fast bestanddel af garderoben, som kan dresses op eller ned.<\/li>\n<li data-sourcepos=\"6:1-6:60\"><strong>Alsidig:<\/strong> Den er perfekt til b\u00e5de regnfulde og solrige dage.<\/li>\n<li data-sourcepos=\"7:1-8:0\"><strong>Stilfuld:<\/strong> V\u00e6lg mellem en r\u00e6kke forskellige farver og stilarter, der passer til din personlige smag.<\/li>\n<\/ul>\n<\/li>\n<\/ul>\n<div class=\"attachment-container search-images\">\n<div class=\"image-container hide-from-message-actions ng-star-inserted\"><strong style=\"color: #555555; font-size: 14.4px;\">2. Denim jakke:<\/strong><\/div>\n<\/div>\n<ul data-sourcepos=\"13:1-16:0\">\n<li style=\"list-style-type: none;\">\n<ul data-sourcepos=\"13:1-16:0\">\n<li data-sourcepos=\"13:1-13:91\"><strong>Afslappet og cool:<\/strong> En denimjakke er en god m\u00e5de at give dit outfit et strejf af kant.<\/li>\n<li data-sourcepos=\"14:1-14:65\"><strong>Alsidig:<\/strong> Den kan s\u00e6ttes sammen med jeans, kjoler eller nederdele.<\/li>\n<li data-sourcepos=\"15:1-16:0\"><strong>Komfortabel:<\/strong> Denim er et slidst\u00e6rkt og behageligt stof.<\/li>\n<\/ul>\n<\/li>\n<\/ul>\n<div class=\"attachment-container search-images\">\n<div class=\"image-container hide-from-message-actions ng-star-inserted\">\n<div class=\"caption ellipsis gds-label-m-alt ng-star-inserted\" aria-hidden=\"true\"><strong style=\"color: #555555; font-size: 14.4px;\">3.Spring Coats for Ladies Blazer:<\/strong><\/div>\n<\/div>\n<\/div>\n<ul data-sourcepos=\"21:1-24:0\">\n<li style=\"list-style-type: none;\">\n<ul data-sourcepos=\"21:1-24:0\">\n<li data-sourcepos=\"21:1-21:75\"><strong>Chic og sofistikeret:<\/strong> En blazer er en fantastisk m\u00e5de at l\u00f8fte dit look p\u00e5.<\/li>\n<li data-sourcepos=\"22:1-22:80\"><strong>Alsidig:<\/strong> Den kan bruges p\u00e5 arbejde, til middag eller p\u00e5 en afslappet weekend.<\/li>\n<li data-sourcepos=\"23:1-24:0\"><strong>Stilfuld:<\/strong> V\u00e6lg mellem en r\u00e6kke forskellige farver, m\u00f8nstre og stilarter.<\/li>\n<\/ul>\n<\/li>\n<\/ul>\n<div class=\"attachment-container search-images\">\n<div class=\"image-container hide-from-message-actions ng-star-inserted\">\n<div class=\"caption ellipsis gds-label-m-alt ng-star-inserted\" aria-hidden=\"true\"><strong style=\"color: #555555; font-size: 14.4px;\">4. For\u00e5rsfrakker til damer L\u00e6derjakke:<\/strong><\/div>\n<\/div>\n<\/div>\n<ul data-sourcepos=\"29:1-32:0\">\n<li style=\"list-style-type: none;\">\n<ul data-sourcepos=\"29:1-32:0\">\n<li data-sourcepos=\"29:1-29:89\"><strong>Edgy og cool:<\/strong> En l\u00e6derjakke er en god m\u00e5de at tilf\u00f8je lidt attitude til dit outfit.<\/li>\n<li data-sourcepos=\"30:1-30:46\"><strong>Alsidig:<\/strong> Den kan dresses op eller ned.<\/li>\n<li data-sourcepos=\"31:1-32:0\"><strong>Stilfuld:<\/strong> V\u00e6lg mellem en r\u00e6kke forskellige farver og stilarter.<\/li>\n<\/ul>\n<\/li>\n<\/ul>\n<div class=\"attachment-container search-images\">\n<div class=\"image-container hide-from-message-actions ng-star-inserted\">\n<div class=\"caption ellipsis gds-label-m-alt ng-star-inserted\" aria-hidden=\"true\"><strong style=\"color: #555555; font-size: 14.4px;\">5. Pufferjakke:<\/strong><\/div>\n<\/div>\n<\/div>\n<ul data-sourcepos=\"37:1-40:0\">\n<li style=\"list-style-type: none;\">\n<ul data-sourcepos=\"37:1-40:0\">\n<li data-sourcepos=\"37:1-37:87\"><strong>Varmt og hyggeligt:<\/strong> En pufferjakke er en god m\u00e5de at holde varmen p\u00e5 k\u00f8lige for\u00e5rsdage.<\/li>\n<li data-sourcepos=\"38:1-38:66\"><strong>Alsidig:<\/strong> Den kan s\u00e6ttes sammen med jeans, leggings eller nederdele.<\/li>\n<li data-sourcepos=\"39:1-40:0\"><strong>Stilfuld:<\/strong> V\u00e6lg mellem en r\u00e6kke forskellige farver og stilarter.<\/li>\n<\/ul>\n<\/li>\n<\/ul>\n<div class=\"attachment-container search-images\"><\/div>\n<p data-sourcepos=\"43:1-43:46\"><strong>Tips til at v\u00e6lge den perfekte for\u00e5rsfrakke:<\/strong><\/p>\n<ul data-sourcepos=\"45:1-49:0\">\n<li data-sourcepos=\"45:1-45:184\"><strong>Overvej dit klima:<\/strong> Hvis du bor i et varmt klima, kan det v\u00e6re en god id\u00e9 at v\u00e6lge en lettere frakke. Hvis du bor i et koldere klima, kan det v\u00e6re en god id\u00e9 at v\u00e6lge en tungere frakke.<\/li>\n<li data-sourcepos=\"46:1-46:188\"><strong>T\u00e6nk p\u00e5 din livsstil:<\/strong> Hvis du er aktiv, kan det v\u00e6re en god id\u00e9 at v\u00e6lge en frakke, der er let at bev\u00e6ge sig i. Hvis du arbejder i et professionelt milj\u00f8, kan det v\u00e6re en god id\u00e9 at v\u00e6lge en mere formel frakke.<\/li>\n<li data-sourcepos=\"47:1-47:87\"><strong>V\u00e6lg en farve, som du elsker:<\/strong> Du vil v\u00e6re mere tilb\u00f8jelig til at g\u00e5 med en frakke, som du elsker.<\/li>\n<li data-sourcepos=\"48:1-49:0\"><strong>Overvej pasformen:<\/strong> En velsiddende frakke ser godt ud og f\u00f8les godt.<\/li>\n<\/ul>\n<p data-sourcepos=\"50:1-50:202\">Uanset hvilken stil du har, findes der en perfekt for\u00e5rsfrakke til dig. Med s\u00e5 mange gode muligheder at v\u00e6lge imellem er du sikker p\u00e5 at finde den perfekte frakke, der kan holde dig varm og stilfuld hele s\u00e6sonen.<\/p>","protected":false},"excerpt":{"rendered":"<table style=\"height: 611px;\" width=\"429\">\n<tbody>\n<tr>\n<td width=\"146\"><strong><b>Produkt<\/b><\/strong>\u00a0<strong><b>Navn:<\/b><\/strong><\/td>\n<td width=\"601\"><strong>For\u00e5rsfrakker til damer<\/strong><\/td>\n<\/tr>\n<tr>\n<td width=\"146\"><strong><b>Materlal:<\/b><\/strong><\/td>\n<td width=\"601\">Strikning<\/td>\n<\/tr>\n<tr>\n<td width=\"146\"><strong><b>Teknik:<\/b><\/strong><\/td>\n<td width=\"601\">Broderet<\/td>\n<\/tr>\n<tr>\n<td width=\"146\"><strong><b>Stil:<\/b><\/strong><\/td>\n<td width=\"601\">Afslappet<\/td>\n<\/tr>\n<tr>\n<td width=\"146\"><strong><b>Farve<\/b><\/strong><strong><b>:<\/b><\/strong><\/td>\n<td width=\"601\">\u00a0Brugerdefinerede farver<\/td>\n<\/tr>\n<tr>\n<td width=\"146\"><strong><b>St\u00f8rrelse:<\/b><\/strong><\/td>\n<td width=\"601\">S \/M \/L \/XL \/2XL<\/td>\n<\/tr>\n<tr>\n<td width=\"146\"><strong><b>OEM\/ODM:<\/b><\/strong><\/td>\n<td width=\"601\">Acceptabel<\/td>\n<\/tr>\n<tr>\n<td width=\"146\"><strong><b>Kvalitet:<\/b><\/strong><\/td>\n<td width=\"601\">100% H\u00f8j kvalitet<\/td>\n<\/tr>\n<tr>\n<td width=\"146\"><strong><b>M<\/b><\/strong><strong><b>OQ:<\/b><\/strong><\/td>\n<td width=\"601\">200 stk.<\/td>\n<\/tr>\n<\/tbody>\n<\/table>","protected":false},"featured_media":2075,"template":"","meta":[],"product_brand":[],"product_cat":[39],"product_tag":[],"class_list":{"0":"post-2066","1":"product","2":"type-product","3":"status-publish","4":"has-post-thumbnail","6":"product_cat-womens-clothing","8":"first","9":"instock","10":"shipping-taxable","11":"product-type-simple"},"_links":{"self":[{"href":"https:\/\/mj-clothing.com\/da\/wp-json\/wp\/v2\/product\/2066","targetHints":{"allow":["GET"]}}],"collection":[{"href":"https:\/\/mj-clothing.com\/da\/wp-json\/wp\/v2\/product"}],"about":[{"href":"https:\/\/mj-clothing.com\/da\/wp-json\/wp\/v2\/types\/product"}],"wp:featuredmedia":[{"embeddable":true,"href":"https:\/\/mj-clothing.com\/da\/wp-json\/wp\/v2\/media\/2075"}],"wp:attachment":[{"href":"https:\/\/mj-clothing.com\/da\/wp-json\/wp\/v2\/media?parent=2066"}],"wp:term":[{"taxonomy":"product_brand","embeddable":true,"href":"https:\/\/mj-clothing.com\/da\/wp-json\/wp\/v2\/product_brand?post=2066"},{"taxonomy":"product_cat","embeddable":true,"href":"https:\/\/mj-clothing.com\/da\/wp-json\/wp\/v2\/product_cat?post=2066"},{"taxonomy":"product_tag","embeddable":true,"href":"https:\/\/mj-clothing.com\/da\/wp-json\/wp\/v2\/product_tag?post=2066"}],"curies":[{"name":"wp","href":"https:\/\/api.w.org\/{rel}","templated":true}]}}