{"id":2076,"date":"2024-12-19T03:26:08","date_gmt":"2024-12-19T03:26:08","guid":{"rendered":"https:\/\/mj-clothing.com\/?post_type=product&#038;p=2076"},"modified":"2024-12-19T03:33:03","modified_gmt":"2024-12-19T03:33:03","slug":"spring-trench-coats-for-ladies","status":"publish","type":"product","link":"https:\/\/mj-clothing.com\/da\/manufacturer\/spring-trench-coats-for-ladies\/","title":{"rendered":"For\u00e5rets trenchcoats til damer"},"content":{"rendered":"<p data-sourcepos=\"1:1-1:134\">For\u00e5rets trenchcoats til damer er en klassiker i garderoben, som kan dresses op eller ned. Her er nogle popul\u00e6re modeller, du kan overveje:<\/p>\n<h3 data-sourcepos=\"3:1-3:27\"><strong>1. Klassisk trenchcoat:<\/strong><\/h3>\n<ul data-sourcepos=\"5:1-8:0\">\n<li style=\"list-style-type: none;\">\n<ul data-sourcepos=\"5:1-8:0\">\n<li data-sourcepos=\"5:1-5:116\"><strong>Tidl\u00f8s og elegant:<\/strong> Den klassiske trenchcoat er et alsidigt stykke t\u00f8j, som kan bruges til mange forskellige outfits.<\/li>\n<li data-sourcepos=\"6:1-6:101\"><strong>Alsidig:<\/strong> Den kan dresses op med en nederdel og h\u00f8je h\u00e6le eller dresses ned med jeans og sneakers.<\/li>\n<li data-sourcepos=\"7:1-8:0\"><strong>Funktionel:<\/strong> Den er perfekt til regnfulde eller bl\u00e6sende dage takket v\u00e6re det vandafvisende stof og b\u00e6ltet, der holder vinden ude.<\/li>\n<\/ul>\n<\/li>\n<\/ul>\n<div class=\"attachment-container search-images\"><strong style=\"color: #555555; font-size: 14.4px;\">2. Trenchcoat med b\u00e6lte:<\/strong><\/div>\n<ul data-sourcepos=\"13:1-16:0\">\n<li style=\"list-style-type: none;\">\n<ul data-sourcepos=\"13:1-16:0\">\n<li data-sourcepos=\"13:1-13:86\"><strong>Flatterende for figuren:<\/strong> B\u00e6ltet strammer taljen op og skaber en flatterende silhuet.<\/li>\n<li data-sourcepos=\"14:1-14:79\"><strong>Stilfuld:<\/strong> Det er en fantastisk m\u00e5de at tilf\u00f8je et strejf af raffinement til ethvert outfit.<\/li>\n<li data-sourcepos=\"15:1-16:0\"><strong>Praktisk:<\/strong> B\u00e6ltet kan strammes eller l\u00f8snes for at justere pasformen.<\/li>\n<\/ul>\n<\/li>\n<\/ul>\n<div class=\"attachment-container search-images\">\n<div class=\"image-container hide-from-message-actions ng-star-inserted\">\n<h3 class=\"caption ellipsis gds-label-m-alt ng-star-inserted\" aria-hidden=\"true\"><strong style=\"color: #555555; font-size: 14.4px;\">3. Letv\u00e6gts trenchcoat:<\/strong><\/h3>\n<\/div>\n<\/div>\n<ul data-sourcepos=\"21:1-24:0\">\n<li style=\"list-style-type: none;\">\n<ul data-sourcepos=\"21:1-24:0\">\n<li data-sourcepos=\"21:1-21:108\"><strong>Perfekt til varmere vejr:<\/strong> En let trenchcoat er ideel til for\u00e5rsdage, hvor det ikke er for koldt.<\/li>\n<li data-sourcepos=\"22:1-22:73\"><strong>Alsidig:<\/strong> Den kan dresses op eller ned, alt efter lejligheden.<\/li>\n<li data-sourcepos=\"23:1-24:0\"><strong>Komfortabel:<\/strong> Det lette stof g\u00f8r den nem at bev\u00e6ge sig i.<\/li>\n<\/ul>\n<\/li>\n<\/ul>\n<div class=\"attachment-container search-images\">\n<div class=\"image-container hide-from-message-actions ng-star-inserted\">\n<h3 class=\"caption ellipsis gds-label-m-alt ng-star-inserted\" aria-hidden=\"true\"><strong style=\"color: #555555; font-size: 14.4px;\">4. Farvet trenchcoat:<\/strong><\/h3>\n<\/div>\n<\/div>\n<ul data-sourcepos=\"29:1-32:0\">\n<li style=\"list-style-type: none;\">\n<ul data-sourcepos=\"29:1-32:0\">\n<li data-sourcepos=\"29:1-29:102\"><strong>Trendy og stilfuld:<\/strong> En farvet trenchcoat er en god m\u00e5de at give din garderobe et pift af farve.<\/li>\n<li data-sourcepos=\"30:1-30:77\"><strong>Alsidig:<\/strong> Den kan kombineres med neutrale farver eller andre lyse farver.<\/li>\n<li data-sourcepos=\"31:1-32:0\"><strong>I\u00f8jnefaldende:<\/strong> Den vil helt sikkert v\u00e6kke opsigt.<\/li>\n<\/ul>\n<\/li>\n<\/ul>\n<div class=\"attachment-container search-images\">\n<div class=\"image-container hide-from-message-actions ng-star-inserted\">\n<h3 class=\"caption ellipsis gds-label-m-alt ng-star-inserted\" aria-hidden=\"true\"><strong style=\"color: #555555; font-size: 14.4px;\">Tips til at v\u00e6lge de perfekte for\u00e5rstrenchcoats til damer:<\/strong><\/h3>\n<\/div>\n<\/div>\n<ul data-sourcepos=\"37:1-41:0\">\n<li data-sourcepos=\"37:1-37:102\"><strong>Overvej stoffet:<\/strong> G\u00e5 efter et let, vandafvisende stof, som er behageligt at have p\u00e5.<\/li>\n<li data-sourcepos=\"38:1-38:87\"><strong>V\u00e6lg den rigtige pasform:<\/strong> Frakken skal sidde godt og ikke v\u00e6re for stram eller for l\u00f8s.<\/li>\n<li data-sourcepos=\"39:1-39:109\"><strong>V\u00e6lg den rigtige l\u00e6ngde:<\/strong> Frakkens l\u00e6ngde skal passe til din h\u00f8jde og til lejligheden.<\/li>\n<li data-sourcepos=\"40:1-41:0\"><strong>Brug tilbeh\u00f8r:<\/strong> Tilf\u00f8j et t\u00f8rkl\u00e6de, et b\u00e6lte eller en hat for at g\u00f8re dit look personligt.<\/li>\n<\/ul>\n<p data-sourcepos=\"42:1-42:134\">Med s\u00e5 mange forskellige stilarter og farver at v\u00e6lge imellem er du sikker p\u00e5 at finde den perfekte for\u00e5rstrenchcoat til at fuldende din garderobe.<\/p>","protected":false},"excerpt":{"rendered":"<table style=\"height: 631px;\" width=\"523\">\n<tbody>\n<tr>\n<td width=\"146\"><strong><b>Produkt<\/b><\/strong>\u00a0<strong><b>Navn:<\/b><\/strong><\/td>\n<td width=\"601\"><strong>For\u00e5rets trenchcoats til damer<\/strong><\/td>\n<\/tr>\n<tr>\n<td width=\"146\"><strong><b>Materlal:<\/b><\/strong><\/td>\n<td width=\"601\">Strikning<\/td>\n<\/tr>\n<tr>\n<td width=\"146\"><strong><b>Teknik:<\/b><\/strong><\/td>\n<td width=\"601\">Broderet<\/td>\n<\/tr>\n<tr>\n<td width=\"146\"><strong><b>Stil:<\/b><\/strong><\/td>\n<td width=\"601\">Afslappet<\/td>\n<\/tr>\n<tr>\n<td width=\"146\"><strong><b>Farve<\/b><\/strong><strong><b>:<\/b><\/strong><\/td>\n<td width=\"601\">\u00a0Brugerdefinerede farver<\/td>\n<\/tr>\n<tr>\n<td width=\"146\"><strong><b>St\u00f8rrelse:<\/b><\/strong><\/td>\n<td width=\"601\">S \/M \/L \/XL \/2XL<\/td>\n<\/tr>\n<tr>\n<td width=\"146\"><strong><b>OEM\/ODM:<\/b><\/strong><\/td>\n<td width=\"601\">Acceptabel<\/td>\n<\/tr>\n<tr>\n<td width=\"146\"><strong><b>Kvalitet:<\/b><\/strong><\/td>\n<td width=\"601\">100% H\u00f8j kvalitet<\/td>\n<\/tr>\n<tr>\n<td width=\"146\"><strong><b>M<\/b><\/strong><strong><b>OQ:<\/b><\/strong><\/td>\n<td width=\"601\">200 stk.<\/td>\n<\/tr>\n<\/tbody>\n<\/table>","protected":false},"featured_media":2077,"template":"","meta":[],"product_brand":[],"product_cat":[39],"product_tag":[],"class_list":{"0":"post-2076","1":"product","2":"type-product","3":"status-publish","4":"has-post-thumbnail","6":"product_cat-womens-clothing","8":"first","9":"instock","10":"shipping-taxable","11":"product-type-simple"},"_links":{"self":[{"href":"https:\/\/mj-clothing.com\/da\/wp-json\/wp\/v2\/product\/2076","targetHints":{"allow":["GET"]}}],"collection":[{"href":"https:\/\/mj-clothing.com\/da\/wp-json\/wp\/v2\/product"}],"about":[{"href":"https:\/\/mj-clothing.com\/da\/wp-json\/wp\/v2\/types\/product"}],"wp:featuredmedia":[{"embeddable":true,"href":"https:\/\/mj-clothing.com\/da\/wp-json\/wp\/v2\/media\/2077"}],"wp:attachment":[{"href":"https:\/\/mj-clothing.com\/da\/wp-json\/wp\/v2\/media?parent=2076"}],"wp:term":[{"taxonomy":"product_brand","embeddable":true,"href":"https:\/\/mj-clothing.com\/da\/wp-json\/wp\/v2\/product_brand?post=2076"},{"taxonomy":"product_cat","embeddable":true,"href":"https:\/\/mj-clothing.com\/da\/wp-json\/wp\/v2\/product_cat?post=2076"},{"taxonomy":"product_tag","embeddable":true,"href":"https:\/\/mj-clothing.com\/da\/wp-json\/wp\/v2\/product_tag?post=2076"}],"curies":[{"name":"wp","href":"https:\/\/api.w.org\/{rel}","templated":true}]}}