{"id":2080,"date":"2024-12-19T03:37:13","date_gmt":"2024-12-19T03:37:13","guid":{"rendered":"https:\/\/mj-clothing.com\/?post_type=product&#038;p=2080"},"modified":"2024-12-19T03:37:13","modified_gmt":"2024-12-19T03:37:13","slug":"womens-winter-coat","status":"publish","type":"product","link":"https:\/\/mj-clothing.com\/da\/manufacturer\/womens-winter-coat\/","title":{"rendered":"Vinterfrakke til kvinder"},"content":{"rendered":"<p data-sourcepos=\"1:1-1:109\">Her er nogle af de mest popul\u00e6re vinterfrakker til kvinder, som kan holde dig varm og stilfuld i de kolde m\u00e5neder:<\/p>\n<h3 data-sourcepos=\"3:1-3:19\"><strong>1. Puffer vinterfrakke til kvinder:<\/strong><\/h3>\n<ul data-sourcepos=\"5:1-8:0\">\n<li style=\"list-style-type: none;\">\n<ul data-sourcepos=\"5:1-8:0\">\n<li data-sourcepos=\"5:1-5:113\"><strong>Varmt og hyggeligt:<\/strong> Puffercoats er kendt for deres fremragende isolering, hvilket g\u00f8r dem perfekte til koldt vejr.<\/li>\n<li data-sourcepos=\"6:1-6:96\"><strong>Alsidig:<\/strong> De findes i forskellige l\u00e6ngder, stilarter og farver, s\u00e5 de passer til forskellige pr\u00e6ferencer.<\/li>\n<li data-sourcepos=\"7:1-8:0\"><strong>Funktionel:<\/strong> Mange puffercoats har h\u00e6tter, lommer og andre praktiske detaljer.<\/li>\n<\/ul>\n<\/li>\n<\/ul>\n<div class=\"attachment-container search-images\"><\/div>\n<h3 data-sourcepos=\"11:1-11:17\"><strong>2. Vinterfrakke i uld til kvinder:<\/strong><\/h3>\n<ul data-sourcepos=\"13:1-16:0\">\n<li style=\"list-style-type: none;\">\n<ul data-sourcepos=\"13:1-16:0\">\n<li data-sourcepos=\"13:1-13:85\"><strong>Elegant og tidl\u00f8s:<\/strong> Uldfrakker er et klassisk valg til et sofistikeret look.<\/li>\n<li data-sourcepos=\"14:1-14:95\"><strong>Varm og holdbar:<\/strong> Uld er en naturlig isolator, der kan modst\u00e5 barske vinterforhold.<\/li>\n<li data-sourcepos=\"15:1-16:0\"><strong>Alsidig:<\/strong> Uldfrakker kan dresses op eller ned, alt efter lejligheden.<\/li>\n<\/ul>\n<\/li>\n<\/ul>\n<div class=\"attachment-container search-images\"><\/div>\n<h3 data-sourcepos=\"19:1-19:18\"><strong>3. Parka vinterfrakke til kvinder:<\/strong><\/h3>\n<ul data-sourcepos=\"21:1-24:0\">\n<li style=\"list-style-type: none;\">\n<ul data-sourcepos=\"21:1-24:0\">\n<li data-sourcepos=\"21:1-21:88\"><strong>Varm og beskyttende:<\/strong> Parkaer er designet til at holde dig varm i ekstremt koldt vejr.<\/li>\n<li data-sourcepos=\"22:1-22:75\"><strong>Funktionel:<\/strong> De har ofte h\u00e6tter, pelskant og flere lommer.<\/li>\n<li data-sourcepos=\"23:1-24:0\"><strong>Stilfuld:<\/strong> Parkaer kan v\u00e6re stilfulde og moderigtige, is\u00e6r med moderne design og farver.<\/li>\n<\/ul>\n<\/li>\n<\/ul>\n<div class=\"attachment-container search-images\"><\/div>\n<h3 data-sourcepos=\"27:1-27:15\"><strong>4. Peacoat:<\/strong><\/h3>\n<ul data-sourcepos=\"29:1-32:0\">\n<li style=\"list-style-type: none;\">\n<ul data-sourcepos=\"29:1-32:0\">\n<li data-sourcepos=\"29:1-29:83\"><strong>Klassisk og nautisk:<\/strong> Peacoats er en tidl\u00f8s stil med en nautisk arv.<\/li>\n<li data-sourcepos=\"30:1-30:102\"><strong>Varm og stilfuld:<\/strong> De er lavet af tyk, varm uld og har ofte en dobbeltradet front.<\/li>\n<li data-sourcepos=\"31:1-32:0\"><strong>Alsidig:<\/strong> Peacoats kan kl\u00e6des op eller ned, afh\u00e6ngigt af lejligheden.<\/li>\n<\/ul>\n<\/li>\n<\/ul>\n<div class=\"attachment-container search-images\"><\/div>\n<h3 data-sourcepos=\"35:1-35:20\"><strong>5. L\u00e6derfrakke:<\/strong><\/h3>\n<ul data-sourcepos=\"37:1-40:0\">\n<li style=\"list-style-type: none;\">\n<ul data-sourcepos=\"37:1-40:0\">\n<li data-sourcepos=\"37:1-37:72\"><strong>Edgy og stilfuld:<\/strong> L\u00e6derfrakker giver et strejf af kant til ethvert outfit.<\/li>\n<li data-sourcepos=\"38:1-38:87\"><strong>Holdbar og tidl\u00f8s:<\/strong> L\u00e6der er et slidst\u00e6rkt materiale, som kan holde i mange \u00e5r.<\/li>\n<li data-sourcepos=\"39:1-40:0\"><strong>Alsidig:<\/strong> L\u00e6derfrakker kan dresses op eller ned, alt efter stil og lejlighed.<\/li>\n<\/ul>\n<\/li>\n<\/ul>\n<div class=\"attachment-container search-images\"><\/div>\n<h3 data-sourcepos=\"43:1-43:46\"><strong>Tips til valg af vinterfrakke til kvinder:<\/strong><\/h3>\n<ul data-sourcepos=\"45:1-50:0\">\n<li data-sourcepos=\"45:1-45:91\"><strong>Overvej dit klima:<\/strong> V\u00e6lg en frakke, der passer til det klima, du bor i.<\/li>\n<li data-sourcepos=\"46:1-46:117\"><strong>T\u00e6nk p\u00e5 din livsstil:<\/strong> Overvej dine daglige aktiviteter, og v\u00e6lg en frakke, der er praktisk og behagelig.<\/li>\n<li data-sourcepos=\"47:1-47:91\"><strong>V\u00e6r opm\u00e6rksom p\u00e5 pasformen:<\/strong> Frakken skal sidde godt og ikke v\u00e6re for stram eller for l\u00f8s.<\/li>\n<li data-sourcepos=\"48:1-48:98\"><strong>V\u00e6lg en stil, der passer til din personlighed:<\/strong> V\u00e6lg en frakke, der afspejler din personlige stil.<\/li>\n<li data-sourcepos=\"49:1-50:0\"><strong>Overvej materialerne:<\/strong> G\u00e5 efter materialer af h\u00f8j kvalitet, som holder dig varm og t\u00f8r.<\/li>\n<\/ul>\n<p data-sourcepos=\"51:1-51:149\">Med s\u00e5 mange forskellige stilarter og materialer at v\u00e6lge imellem er du sikker p\u00e5 at finde den perfekte vinterfrakke, der kan holde dig varm og stilfuld hele s\u00e6sonen.<\/p>","protected":false},"excerpt":{"rendered":"<table style=\"height: 602px;\" width=\"458\">\n<tbody>\n<tr>\n<td width=\"146\"><strong><b>Produkt<\/b><\/strong>\u00a0<strong><b>Navn:<\/b><\/strong><\/td>\n<td width=\"601\"><strong>Vinterfrakke til kvinder<\/strong><\/td>\n<\/tr>\n<tr>\n<td width=\"146\"><strong><b>Materlal:<\/b><\/strong><\/td>\n<td width=\"601\">Strikning<\/td>\n<\/tr>\n<tr>\n<td width=\"146\"><strong><b>Teknik:<\/b><\/strong><\/td>\n<td width=\"601\">Broderet<\/td>\n<\/tr>\n<tr>\n<td width=\"146\"><strong><b>Stil:<\/b><\/strong><\/td>\n<td width=\"601\">Afslappet<\/td>\n<\/tr>\n<tr>\n<td width=\"146\"><strong><b>Farve<\/b><\/strong><strong><b>:<\/b><\/strong><\/td>\n<td width=\"601\">\u00a0Brugerdefinerede farver<\/td>\n<\/tr>\n<tr>\n<td width=\"146\"><strong><b>St\u00f8rrelse:<\/b><\/strong><\/td>\n<td width=\"601\">S \/M \/L \/XL \/2XL<\/td>\n<\/tr>\n<tr>\n<td width=\"146\"><strong><b>OEM\/ODM:<\/b><\/strong><\/td>\n<td width=\"601\">Acceptabel<\/td>\n<\/tr>\n<tr>\n<td width=\"146\"><strong><b>Kvalitet:<\/b><\/strong><\/td>\n<td width=\"601\">100% H\u00f8j kvalitet<\/td>\n<\/tr>\n<tr>\n<td width=\"146\"><strong><b>M<\/b><\/strong><strong><b>OQ:<\/b><\/strong><\/td>\n<td width=\"601\">200 stk.<\/td>\n<\/tr>\n<\/tbody>\n<\/table>","protected":false},"featured_media":2081,"template":"","meta":[],"product_brand":[],"product_cat":[39],"product_tag":[],"class_list":{"0":"post-2080","1":"product","2":"type-product","3":"status-publish","4":"has-post-thumbnail","6":"product_cat-womens-clothing","8":"first","9":"instock","10":"shipping-taxable","11":"product-type-simple"},"_links":{"self":[{"href":"https:\/\/mj-clothing.com\/da\/wp-json\/wp\/v2\/product\/2080","targetHints":{"allow":["GET"]}}],"collection":[{"href":"https:\/\/mj-clothing.com\/da\/wp-json\/wp\/v2\/product"}],"about":[{"href":"https:\/\/mj-clothing.com\/da\/wp-json\/wp\/v2\/types\/product"}],"wp:featuredmedia":[{"embeddable":true,"href":"https:\/\/mj-clothing.com\/da\/wp-json\/wp\/v2\/media\/2081"}],"wp:attachment":[{"href":"https:\/\/mj-clothing.com\/da\/wp-json\/wp\/v2\/media?parent=2080"}],"wp:term":[{"taxonomy":"product_brand","embeddable":true,"href":"https:\/\/mj-clothing.com\/da\/wp-json\/wp\/v2\/product_brand?post=2080"},{"taxonomy":"product_cat","embeddable":true,"href":"https:\/\/mj-clothing.com\/da\/wp-json\/wp\/v2\/product_cat?post=2080"},{"taxonomy":"product_tag","embeddable":true,"href":"https:\/\/mj-clothing.com\/da\/wp-json\/wp\/v2\/product_tag?post=2080"}],"curies":[{"name":"wp","href":"https:\/\/api.w.org\/{rel}","templated":true}]}}