{"id":1630,"date":"2024-12-12T01:46:18","date_gmt":"2024-12-12T01:46:18","guid":{"rendered":"https:\/\/mj-clothing.com\/?post_type=product&#038;p=1630"},"modified":"2024-12-17T07:22:20","modified_gmt":"2024-12-17T07:22:20","slug":"mens-long-sleeve-shirt","status":"publish","type":"product","link":"https:\/\/mj-clothing.com\/de\/manufacturer\/mens-long-sleeve-shirt\/","title":{"rendered":"Langarmhemd f\u00fcr M\u00e4nner"},"content":{"rendered":"<p><span class=\"citation-0 recitation citation-end-0\">Ein lang\u00e4rmeliges Herrenhemd ist ein vielseitiges Kleidungsst\u00fcck, das je nach Anlass und Stoff nach oben oder nach unten gekleidet werden kann.<\/span> Es ist ein Grundelement der Garderobe, das jeder Mann besitzen sollte.<\/p>\n<h3 data-sourcepos=\"5:1-5:38\"><strong>Arten von lang\u00e4rmeligen Herrenhemden:<\/strong><\/h3>\n<ul data-sourcepos=\"7:1-15:0\">\n<li data-sourcepos=\"7:1-8:30\"><strong><span class=\"citation-1 recitation\">Flanell:<\/span><\/strong><span class=\"citation-1 recitation citation-end-1\"> Flanellhemden sind eine klassische Wahl f\u00fcr Herbst und Winter und bestehen aus einem weichen, warmen Stoff, der sich perfekt zum \u00dcberziehen eignet.<\/span>\n<div class=\"container\"><\/div>\n<p><span class=\"citation-2 recitation citation-end-2\">Es gibt sie in einer Vielzahl von Mustern, von kariert bis einfarbig.<\/span><\/li>\n<li data-sourcepos=\"7:1-8:30\"><strong>Oxford:<\/strong> Ein Oberhemd aus einem dicht gewebten Baumwollstoff. <span class=\"citation-3 recitation citation-end-3\">Oxford-Hemden werden h\u00e4ufig in gesch\u00e4ftlichen Anl\u00e4ssen getragen, k\u00f6nnen aber auch als Freizeitkleidung verwendet werden.<\/span>\n<div class=\"container\"><\/div>\n<\/li>\n<li data-sourcepos=\"7:1-8:30\"><strong>Chambray:<\/strong> <span class=\"citation-4 recitation citation-end-4\">Ein leichtes, legeres Hemd aus einem denim\u00e4hnlichen Baumwollstoff.<\/span> Chambray-Hemden sind perfekt f\u00fcr Fr\u00fchling und Sommer.<\/li>\n<li data-sourcepos=\"7:1-8:30\"><strong><span class=\"citation-5 recitation\">T-Shirt:<\/span><\/strong><span class=\"citation-5 recitation citation-end-5\"> Ein einfaches, vielseitiges Hemd, das allein oder unter anderen Kleidungsst\u00fccken getragen werden kann.<\/span>\n<div class=\"container\"><span style=\"font-size: 14.4px;\">Lang\u00e4rmelige T-Shirts sind ideal f\u00fcr k\u00fchleres Wetter.<\/span><\/div>\n<\/li>\n<li data-sourcepos=\"7:1-8:30\">\n<p data-sourcepos=\"16:1-16:43\"><strong>Wie man ein lang\u00e4rmeliges Hemd f\u00fcr M\u00e4nner stylt:<\/strong><\/p>\n<ul data-sourcepos=\"18:1-21:0\">\n<li data-sourcepos=\"18:1-18:110\"><strong><span class=\"citation-6 recitation\">Verkleiden Sie sich:<\/span><\/strong><span class=\"citation-6 recitation citation-end-6\"> Kombinieren Sie ein lang\u00e4rmeliges Oxford-Hemd mit einer Krawatte und einer Anzughose f\u00fcr einen formellen Look.<\/span><\/li>\n<li data-sourcepos=\"18:1-18:110\"><strong style=\"font-size: 14.4px;\"><span class=\"citation-7 recitation\">Ziehen Sie sich zur\u00fcck:<\/span><\/strong><span class=\"citation-7 recitation citation-end-7\" style=\"font-size: 14.4px;\"> Tragen Sie ein Flanellhemd mit Jeans und Stiefeln f\u00fcr einen l\u00e4ssigen, robusten Look.<\/span><\/li>\n<li data-sourcepos=\"18:1-18:110\"><strong>Schichten Sie es:<\/strong> Ein lang\u00e4rmeliges T-Shirt unter einem Flanellhemd oder einem Pullover sorgt f\u00fcr zus\u00e4tzliche W\u00e4rme.<\/li>\n<li data-sourcepos=\"18:1-18:110\">\n<p data-sourcepos=\"22:1-22:46\"><strong>Tipps f\u00fcr den Kauf eines lang\u00e4rmeligen Hemdes f\u00fcr M\u00e4nner:<\/strong><\/p>\n<ul data-sourcepos=\"24:1-27:0\">\n<li data-sourcepos=\"24:1-24:95\"><strong>Ber\u00fccksichtigen Sie den Stoff:<\/strong> W\u00e4hlen Sie einen Stoff, der der Jahreszeit und dem Anlass angemessen ist.<\/li>\n<li data-sourcepos=\"25:1-25:126\"><strong>Achten Sie auf die Passform:<\/strong> Das Hemd sollte an den Schultern und im Brustbereich gut sitzen und lang genug sein, um es in die Hose zu stecken.<\/li>\n<li data-sourcepos=\"26:1-27:0\"><strong>\u00dcberpr\u00fcfen Sie das Halsband:<\/strong> Der Kragen sollte flach am Hals anliegen und weder zu eng noch zu locker sein.<\/li>\n<\/ul>\n<\/li>\n<\/ul>\n<\/li>\n<\/ul>","protected":false},"excerpt":{"rendered":"<table style=\"height: 593px;\" width=\"513\">\n<tbody>\n<tr>\n<td width=\"146\"><strong><b>Produkt<\/b><\/strong>\u00a0<strong><b>Name:<\/b><\/strong><\/td>\n<td width=\"601\"><strong>Langarmhemd f\u00fcr M\u00e4nner<\/strong><\/td>\n<\/tr>\n<tr>\n<td width=\"146\"><strong><b>Materlal:<\/b><\/strong><\/td>\n<td width=\"601\">Polyester\/Baumwolle<\/td>\n<\/tr>\n<tr>\n<td width=\"146\"><strong><b>Die Technik:<\/b><\/strong><\/td>\n<td width=\"601\">Drucken und F\u00e4rben<\/td>\n<\/tr>\n<tr>\n<td width=\"146\"><strong><b>Stil:<\/b><\/strong><\/td>\n<td width=\"601\">L\u00e4ssig<\/td>\n<\/tr>\n<tr>\n<td width=\"146\"><strong><b>Farbe<\/b><\/strong><strong><b>:<\/b><\/strong><\/td>\n<td width=\"601\">\u00a0Benutzerdefinierte Farben<\/td>\n<\/tr>\n<tr>\n<td width=\"146\"><strong><b>Gr\u00f6\u00dfe:<\/b><\/strong><\/td>\n<td width=\"601\">S \/M \/L \/XL \/2XL<\/td>\n<\/tr>\n<tr>\n<td width=\"146\"><strong><b>OEM\/ODM:<\/b><\/strong><\/td>\n<td width=\"601\">Annehmbar<\/td>\n<\/tr>\n<tr>\n<td width=\"146\"><strong><b>Qualit\u00e4t:<\/b><\/strong><\/td>\n<td width=\"601\">100% Hohe Qualit\u00e4t<\/td>\n<\/tr>\n<tr>\n<td width=\"146\"><strong><b>M<\/b><\/strong><strong><b>OQ:<\/b><\/strong><\/td>\n<td width=\"601\">200 St\u00fcck<\/td>\n<\/tr>\n<\/tbody>\n<\/table>","protected":false},"featured_media":1746,"template":"","meta":[],"product_brand":[],"product_cat":[38],"product_tag":[],"class_list":{"0":"post-1630","1":"product","2":"type-product","3":"status-publish","4":"has-post-thumbnail","6":"product_cat-mens-clothing","8":"first","9":"instock","10":"shipping-taxable","11":"product-type-simple"},"_links":{"self":[{"href":"https:\/\/mj-clothing.com\/de\/wp-json\/wp\/v2\/product\/1630","targetHints":{"allow":["GET"]}}],"collection":[{"href":"https:\/\/mj-clothing.com\/de\/wp-json\/wp\/v2\/product"}],"about":[{"href":"https:\/\/mj-clothing.com\/de\/wp-json\/wp\/v2\/types\/product"}],"wp:featuredmedia":[{"embeddable":true,"href":"https:\/\/mj-clothing.com\/de\/wp-json\/wp\/v2\/media\/1746"}],"wp:attachment":[{"href":"https:\/\/mj-clothing.com\/de\/wp-json\/wp\/v2\/media?parent=1630"}],"wp:term":[{"taxonomy":"product_brand","embeddable":true,"href":"https:\/\/mj-clothing.com\/de\/wp-json\/wp\/v2\/product_brand?post=1630"},{"taxonomy":"product_cat","embeddable":true,"href":"https:\/\/mj-clothing.com\/de\/wp-json\/wp\/v2\/product_cat?post=1630"},{"taxonomy":"product_tag","embeddable":true,"href":"https:\/\/mj-clothing.com\/de\/wp-json\/wp\/v2\/product_tag?post=1630"}],"curies":[{"name":"wp","href":"https:\/\/api.w.org\/{rel}","templated":true}]}}