{"id":1639,"date":"2024-12-12T03:09:51","date_gmt":"2024-12-12T03:09:51","guid":{"rendered":"https:\/\/mj-clothing.com\/?post_type=product&#038;p=1639"},"modified":"2024-12-17T07:21:12","modified_gmt":"2024-12-17T07:21:12","slug":"luxury-mens-white-shirt","status":"publish","type":"product","link":"https:\/\/mj-clothing.com\/de\/manufacturer\/luxury-mens-white-shirt\/","title":{"rendered":"Luxuri\u00f6ses wei\u00dfes Herrenhemd"},"content":{"rendered":"<h2>Luxuri\u00f6ses wei\u00dfes Herrenhemd<\/h2>\n<p><span class=\"citation-0 recitation citation-end-0\">Ein luxuri\u00f6ses wei\u00dfes Herrenhemd ist ein zeitloser Klassiker, der jede Garderobe aufwerten kann.<\/span>Hier sind einige Schl\u00fcsselfaktoren, die Sie bei der Auswahl eines wei\u00dfen Luxushemds beachten sollten:<\/p>\n<div id=\"model-response-message-contentr_5dd7d1f0a90fdd28\" class=\"markdown markdown-main-panel response-optimization\" dir=\"ltr\">\n<p data-sourcepos=\"3:1-3:11\"><strong>Stoff:<\/strong><\/p>\n<ul data-sourcepos=\"5:1-12:0\">\n<li data-sourcepos=\"5:1-7:29\"><strong><span class=\"citation-1 recitation\">Feine Baumwolle:<\/span><\/strong><span class=\"citation-1 recitation citation-end-1\"> Hochwertige Baumwolle, z. B. \u00e4gyptische oder Pima-Baumwolle, bietet au\u00dfergew\u00f6hnliche Weichheit, Atmungsaktivit\u00e4t und Haltbarkeit.<\/span><\/li>\n<li data-sourcepos=\"5:1-7:29\"><strong><span class=\"citation-2 recitation\">Sea Island Cotton:<\/span><\/strong><span class=\"citation-2 recitation citation-end-2\"> Sea Island-Baumwolle ist f\u00fcr ihre besonders langen Fasern bekannt und geh\u00f6rt zu den luxuri\u00f6sesten Stoffen \u00fcberhaupt.<\/span> Es ist unglaublich weich, glatt und gl\u00e4nzend.<span class=\"button-container hide-from-message-actions ng-star-inserted\">\u00a0<\/span>\n<div class=\"container ng-tns-c3661983433-95 hide\">\n<div class=\"carousel-container ng-tns-c3661983433-95\"><\/div>\n<\/div>\n<div class=\"attachment-container search-images\"><\/div>\n<\/li>\n<li data-sourcepos=\"5:1-7:29\"><strong><span class=\"citation-3 recitation\">Leinen:<\/span><\/strong><span class=\"citation-3 recitation citation-end-3\"> Ein nat\u00fcrlicher, atmungsaktiver Stoff, der perfekt f\u00fcr w\u00e4rmeres Wetter ist.<\/span>Er hat oft ein leicht strukturiertes Aussehen und eine entspannte, elegante Ausstrahlung.<span class=\"button-container hide-from-message-actions ng-star-inserted\" style=\"font-size: 14.4px;\">\u00a0\u00a0<\/span>\n<div class=\"container ng-tns-c3661983433-95 hide\">\n<div class=\"carousel-container ng-tns-c3661983433-95\"><\/div>\n<\/div>\n<div class=\"attachment-container search-images\"><\/div>\n<\/li>\n<\/ul>\n<p data-sourcepos=\"13:1-13:17\"><strong>Konstruktion:<\/strong><\/p>\n<ul data-sourcepos=\"15:1-18:0\">\n<li data-sourcepos=\"15:1-15:160\"><strong>Schneidern:<\/strong> Das Hemd sollte gut geschneidert sein, mit pr\u00e4zisen N\u00e4hten und sauberen Abschl\u00fcssen. Achten Sie auf Details wie Kragen, Manschetten und Knopfl\u00f6cher.<\/li>\n<li data-sourcepos=\"16:1-16:110\"><strong>Passen:<\/strong> Die Passform ist entscheidend f\u00fcr ein luxuri\u00f6ses Aussehen. Ein gut sitzendes Hemd sollte weich und bequem sitzen.<\/li>\n<li data-sourcepos=\"17:1-18:0\"><strong>Kragenstil:<\/strong> W\u00e4hlen Sie einen Kragenstil, der zu Ihrer Gesichtsform und Ihren pers\u00f6nlichen Vorlieben passt. <span class=\"citation-4 recitation citation-end-4\">Beliebte Optionen sind der klassische Spitzkragen, der Button-down-Kragen und der Cutaway-Kragen.<\/span><span class=\"button-container hide-from-message-actions ng-star-inserted\"> \u00a0<\/span>\n<div class=\"container ng-tns-c3661983433-96 hide\">\n<div class=\"carousel-container ng-tns-c3661983433-96\">\n<div class=\"carousel-content ng-tns-c3661983433-96\">\n<div class=\"sources-carousel-source ng-tns-c3661983433-96 hide ng-star-inserted\" data-test-id=\"sources-carousel-source\"><\/div>\n<\/div>\n<\/div>\n<\/div>\n<\/li>\n<\/ul>\n<p data-sourcepos=\"19:1-19:11\"><strong>Entwurf:<\/strong><\/p>\n<ul data-sourcepos=\"21:1-23:0\">\n<li data-sourcepos=\"21:1-21:168\"><strong>Minimalistische Eleganz:<\/strong> Ein schlichtes, klares Design strahlt oft den meisten Luxus aus. Entscheiden Sie sich f\u00fcr ein Hemd mit subtilen Details wie Perlmuttkn\u00f6pfen oder einem zarten Monogramm.<\/li>\n<li data-sourcepos=\"22:1-23:0\"><strong>Subtile Muster:<\/strong> Wenn Sie einen Hauch von Muster bevorzugen, w\u00e4hlen Sie einen dezenten Streifen oder ein kleines Karo.<\/li>\n<\/ul>\n<p data-sourcepos=\"24:1-24:11\"><strong>Marken:<\/strong><\/p>\n<\/div>\n<div class=\"skeleton-loader-container\">\n<p data-sourcepos=\"26:1-26:70\">Mehrere Luxusmarken sind f\u00fcr ihr wei\u00dfes Luxushemd f\u00fcr Herren bekannt:<\/p>\n<ul data-sourcepos=\"28:1-36:0\">\n<li data-sourcepos=\"28:1-29:43\"><strong>Turnbull &amp; Asser:<\/strong> <span class=\"citation-5 recitation citation-end-5\">Bekannt f\u00fcr ihre ma\u00dfgeschneiderten Schnitte und luxuri\u00f6sen Stoffe.<\/span><\/li>\n<li data-sourcepos=\"28:1-29:43\"><strong><span class=\"citation-6 recitation\">Charvet:<\/span><\/strong><span class=\"citation-6 recitation citation-end-6\"> Eine historische franz\u00f6sische Hemdenmanufaktur mit exquisiter Handwerkskunst und elegantem Design.<\/span><\/li>\n<li data-sourcepos=\"28:1-29:43\"><strong><span class=\"citation-7 recitation\">Brioni:<\/span><\/strong><span class=\"citation-7 recitation citation-end-7\"> Eine italienische Luxusmarke mit dem Schwerpunkt auf feiner Schneiderei und tadelloser Qualit\u00e4t.<\/span><\/li>\n<li data-sourcepos=\"28:1-29:43\">\n<div class=\"container\"><strong><span class=\"citation-8 recitation\">Kiton:<\/span><\/strong><span class=\"citation-8 recitation citation-end-8\"> Eine weitere italienische Luxusmarke, die einige der besten Hemden der Welt herstellt.<\/span><\/div>\n<p><span class=\"button-container hide-from-message-actions ng-star-inserted\"> \u00a0 <\/span><\/li>\n<\/ul>\n<\/div>\n<div class=\"response-footer gap complete\">\n<div class=\"container ng-tns-c3661983433-86\">\n<div class=\"carousel-container ng-tns-c3661983433-86\">\n<div class=\"carousel-content ng-tns-c3661983433-86\">\n<div class=\"sources-carousel-source ng-tns-c3661983433-86 ng-star-inserted\" data-test-id=\"sources-carousel-source\">\n<div class=\"source-card-container\">\n<div class=\"source-card-content\">\n<div class=\"source-card-body\">\n<div class=\"source-card-header\">\n<div class=\"source-card-title\"><\/div>\n<\/div>\n<\/div>\n<\/div>\n<\/div>\n<\/div>\n<\/div>\n<\/div>\n<\/div>\n<\/div>","protected":false},"excerpt":{"rendered":"<table style=\"height: 485px;\" width=\"491\">\n<tbody>\n<tr>\n<td width=\"146\"><strong><b>Produkt<\/b><\/strong>\u00a0<strong><b>Name:<\/b><\/strong><\/td>\n<td width=\"601\"><strong>Luxuri\u00f6ses wei\u00dfes Herrenhemd<\/strong><\/td>\n<\/tr>\n<tr>\n<td width=\"146\"><strong><b>Materlal:<\/b><\/strong><\/td>\n<td width=\"601\">Polyester\/Baumwolle<\/td>\n<\/tr>\n<tr>\n<td width=\"146\"><strong><b>Die Technik:<\/b><\/strong><\/td>\n<td width=\"601\">Drucken und F\u00e4rben<\/td>\n<\/tr>\n<tr>\n<td width=\"146\"><strong><b>Stil:<\/b><\/strong><\/td>\n<td width=\"601\">L\u00e4ssig<\/td>\n<\/tr>\n<tr>\n<td width=\"146\"><strong><b>Farbe<\/b><\/strong><strong><b>:<\/b><\/strong><\/td>\n<td width=\"601\">\u00a0Benutzerdefinierte Farben<\/td>\n<\/tr>\n<tr>\n<td width=\"146\"><strong><b>Gr\u00f6\u00dfe:<\/b><\/strong><\/td>\n<td width=\"601\">S \/M \/L \/XL \/2XL<\/td>\n<\/tr>\n<tr>\n<td width=\"146\"><strong><b>OEM\/ODM:<\/b><\/strong><\/td>\n<td width=\"601\">Annehmbar<\/td>\n<\/tr>\n<tr>\n<td width=\"146\"><strong><b>Qualit\u00e4t:<\/b><\/strong><\/td>\n<td width=\"601\">100% Hohe Qualit\u00e4t<\/td>\n<\/tr>\n<tr>\n<td width=\"146\"><strong><b>M<\/b><\/strong><strong><b>OQ:<\/b><\/strong><\/td>\n<td width=\"601\">200 St\u00fcck<\/td>\n<\/tr>\n<\/tbody>\n<\/table>","protected":false},"featured_media":1748,"template":"","meta":[],"product_brand":[],"product_cat":[38],"product_tag":[],"class_list":{"0":"post-1639","1":"product","2":"type-product","3":"status-publish","4":"has-post-thumbnail","6":"product_cat-mens-clothing","8":"first","9":"instock","10":"shipping-taxable","11":"product-type-simple"},"_links":{"self":[{"href":"https:\/\/mj-clothing.com\/de\/wp-json\/wp\/v2\/product\/1639","targetHints":{"allow":["GET"]}}],"collection":[{"href":"https:\/\/mj-clothing.com\/de\/wp-json\/wp\/v2\/product"}],"about":[{"href":"https:\/\/mj-clothing.com\/de\/wp-json\/wp\/v2\/types\/product"}],"wp:featuredmedia":[{"embeddable":true,"href":"https:\/\/mj-clothing.com\/de\/wp-json\/wp\/v2\/media\/1748"}],"wp:attachment":[{"href":"https:\/\/mj-clothing.com\/de\/wp-json\/wp\/v2\/media?parent=1639"}],"wp:term":[{"taxonomy":"product_brand","embeddable":true,"href":"https:\/\/mj-clothing.com\/de\/wp-json\/wp\/v2\/product_brand?post=1639"},{"taxonomy":"product_cat","embeddable":true,"href":"https:\/\/mj-clothing.com\/de\/wp-json\/wp\/v2\/product_cat?post=1639"},{"taxonomy":"product_tag","embeddable":true,"href":"https:\/\/mj-clothing.com\/de\/wp-json\/wp\/v2\/product_tag?post=1639"}],"curies":[{"name":"wp","href":"https:\/\/api.w.org\/{rel}","templated":true}]}}