{"id":1662,"date":"2024-12-12T03:40:11","date_gmt":"2024-12-12T03:40:11","guid":{"rendered":"https:\/\/mj-clothing.com\/?post_type=product&#038;p=1662"},"modified":"2024-12-17T07:20:07","modified_gmt":"2024-12-17T07:20:07","slug":"mens-lounge-shirts","status":"publish","type":"product","link":"https:\/\/mj-clothing.com\/de\/manufacturer\/mens-lounge-shirts\/","title":{"rendered":"Herren Lounge Hemden"},"content":{"rendered":"<div class=\"user-query-container ng-star-inserted\">\n<div id=\"user-query-content-5\" class=\"query-content\">\n<div class=\"query-text ng-star-inserted\" dir=\"ltr\" role=\"heading\" aria-level=\"2\">\n<h2 class=\"query-text-line ng-star-inserted\">Herren Lounge Hemden<\/h2>\n<\/div>\n<\/div>\n<div class=\"button-gutter\"><span class=\"citation-0 recitation citation-end-0\" style=\"font-size: 14.4px; color: #555555;\">Ein Herren-Lounge-Shirt ist ein bequemes und stilvolles Kleidungsst\u00fcck, das f\u00fcr Entspannung und Freizeit gedacht ist.<\/span><span style=\"font-size: 14.4px; color: #555555;\"> Er ist perfekt, um zu Hause zu faulenzen, Besorgungen zu machen oder einfach einen entspannten Tag zu genie\u00dfen.<\/span><\/div>\n<div>\n<p data-sourcepos=\"3:1-3:61\">Hier sind einige wichtige Merkmale und Stile von Lounge-Hemden f\u00fcr M\u00e4nner:<\/p>\n<p data-sourcepos=\"5:1-5:17\"><strong>Wesentliche Merkmale:<\/strong><\/p>\n<ul data-sourcepos=\"7:1-10:0\">\n<li data-sourcepos=\"7:1-7:123\"><strong><span class=\"citation-1 recitation\">Komfort:<\/span><\/strong><span class=\"citation-1 recitation citation-end-1\"> Lounge-Shirts sind in der Regel aus weichen, atmungsaktiven Stoffen wie Baumwolle, Flanell oder Jersey gefertigt.<\/span><\/li>\n<li data-sourcepos=\"7:1-7:123\"><strong>Entspannte Passform:<\/strong> Sie haben oft eine lockere oder \u00fcbergro\u00dfe Passform f\u00fcr maximalen Komfort.<\/li>\n<li data-sourcepos=\"7:1-7:123\"><strong>L\u00e4ssiger Stil:<\/strong> Lounge-Hemden gibt es in einer Vielzahl von l\u00e4ssigen Stilen, darunter einfarbige, gestreifte und gemusterte.\n<p data-sourcepos=\"11:1-11:19\"><strong>Beliebte Stile:<\/strong><\/p>\n<\/li>\n<li data-sourcepos=\"7:1-7:123\">\n<p data-sourcepos=\"11:1-11:19\"><strong style=\"color: #333333; font-size: 14.4px;\">Flanellhemd:<\/strong><span style=\"color: #333333; font-size: 14.4px;\"> Flanellhemden sind eine klassische Wahl f\u00fcr k\u00e4lteres Wetter und eignen sich perfekt, um es sich auf der Couch gem\u00fctlich zu machen.<\/span><\/p>\n<\/li>\n<li data-sourcepos=\"7:1-7:123\"><strong><span class=\"citation-2 recitation\">Oxford-Hemd:<\/span><\/strong><span class=\"citation-2 recitation citation-end-2\"> Oxford-Hemden sind eine elegante Option und k\u00f6nnen sowohl nach oben als auch nach unten gekleidet werden.<\/span><\/li>\n<li data-sourcepos=\"7:1-7:123\"><strong><span class=\"citation-3 recitation\">Jersey-Shirt:<\/span><\/strong><span class=\"citation-3 recitation citation-end-3\"> Jersey-Shirts sind weich und dehnbar und eignen sich ideal zum Faulenzen zu Hause.<sup class=\"superscript visible\" data-turn-source-index=\"4\">\u00a0<\/sup><\/span><\/li>\n<li data-sourcepos=\"7:1-7:123\"><strong><span class=\"citation-4 recitation\">Henley-Hemd:<\/span><\/strong><span class=\"citation-4 recitation citation-end-4\"> Henley-Hemden sind l\u00e4ssig und bequem und eignen sich perfekt f\u00fcr einen entspannten Look.<\/span>\n<div class=\"container\">\n<p data-sourcepos=\"22:1-22:38\"><strong>Wie man ein Herren-Lounge-Hemd stylt:<\/strong><\/p>\n<ul data-sourcepos=\"24:1-27:0\">\n<li data-sourcepos=\"24:1-24:88\"><strong>L\u00e4ssiger Look:<\/strong> Kombinieren Sie ein Flanell- oder Jerseyhemd mit Jeans oder Jogginghosen und Sneakers.<\/li>\n<li data-sourcepos=\"25:1-25:85\"><strong>Erhobener Blick:<\/strong> Kombinieren Sie ein Oxford-Hemd mit einer Chinohose oder einer Anzughose und Halbschuhen.<\/li>\n<li data-sourcepos=\"26:1-27:0\"><strong>Mehrschichtiger Look:<\/strong> Legen Sie ein Flanellhemd \u00fcber ein T-Shirt f\u00fcr einen gem\u00fctlichen und stilvollen Look.<\/li>\n<\/ul>\n<\/div>\n<\/li>\n<\/ul>\n<\/div>\n<\/div>","protected":false},"excerpt":{"rendered":"<table style=\"height: 527px;\" width=\"492\">\n<tbody>\n<tr>\n<td width=\"146\"><strong><b>Produkt<\/b><\/strong>\u00a0<strong><b>Name:<\/b><\/strong><\/td>\n<td width=\"601\"><strong>Herren Lounge Hemden<\/strong><\/td>\n<\/tr>\n<tr>\n<td width=\"146\"><strong><b>Materlal:<\/b><\/strong><\/td>\n<td width=\"601\">Polyester\/Baumwolle<\/td>\n<\/tr>\n<tr>\n<td width=\"146\"><strong><b>Die Technik:<\/b><\/strong><\/td>\n<td width=\"601\">Drucken und F\u00e4rben<\/td>\n<\/tr>\n<tr>\n<td width=\"146\"><strong><b>Stil:<\/b><\/strong><\/td>\n<td width=\"601\">L\u00e4ssig<\/td>\n<\/tr>\n<tr>\n<td width=\"146\"><strong><b>Farbe<\/b><\/strong><strong><b>:<\/b><\/strong><\/td>\n<td width=\"601\">\u00a0Benutzerdefinierte Farben<\/td>\n<\/tr>\n<tr>\n<td width=\"146\"><strong><b>Gr\u00f6\u00dfe:<\/b><\/strong><\/td>\n<td width=\"601\">S \/M \/L \/XL \/2XL<\/td>\n<\/tr>\n<tr>\n<td width=\"146\"><strong><b>OEM\/ODM:<\/b><\/strong><\/td>\n<td width=\"601\">Annehmbar<\/td>\n<\/tr>\n<tr>\n<td width=\"146\"><strong><b>Qualit\u00e4t:<\/b><\/strong><\/td>\n<td width=\"601\">100% Hohe Qualit\u00e4t<\/td>\n<\/tr>\n<tr>\n<td width=\"146\"><strong><b>M<\/b><\/strong><strong><b>OQ:<\/b><\/strong><\/td>\n<td width=\"601\">200 St\u00fcck<\/td>\n<\/tr>\n<\/tbody>\n<\/table>","protected":false},"featured_media":1747,"template":"","meta":[],"product_brand":[],"product_cat":[38],"product_tag":[],"class_list":{"0":"post-1662","1":"product","2":"type-product","3":"status-publish","4":"has-post-thumbnail","6":"product_cat-mens-clothing","8":"first","9":"instock","10":"shipping-taxable","11":"product-type-simple"},"_links":{"self":[{"href":"https:\/\/mj-clothing.com\/de\/wp-json\/wp\/v2\/product\/1662","targetHints":{"allow":["GET"]}}],"collection":[{"href":"https:\/\/mj-clothing.com\/de\/wp-json\/wp\/v2\/product"}],"about":[{"href":"https:\/\/mj-clothing.com\/de\/wp-json\/wp\/v2\/types\/product"}],"wp:featuredmedia":[{"embeddable":true,"href":"https:\/\/mj-clothing.com\/de\/wp-json\/wp\/v2\/media\/1747"}],"wp:attachment":[{"href":"https:\/\/mj-clothing.com\/de\/wp-json\/wp\/v2\/media?parent=1662"}],"wp:term":[{"taxonomy":"product_brand","embeddable":true,"href":"https:\/\/mj-clothing.com\/de\/wp-json\/wp\/v2\/product_brand?post=1662"},{"taxonomy":"product_cat","embeddable":true,"href":"https:\/\/mj-clothing.com\/de\/wp-json\/wp\/v2\/product_cat?post=1662"},{"taxonomy":"product_tag","embeddable":true,"href":"https:\/\/mj-clothing.com\/de\/wp-json\/wp\/v2\/product_tag?post=1662"}],"curies":[{"name":"wp","href":"https:\/\/api.w.org\/{rel}","templated":true}]}}