{"id":1687,"date":"2024-12-12T06:29:02","date_gmt":"2024-12-12T06:29:02","guid":{"rendered":"https:\/\/mj-clothing.com\/?post_type=product&#038;p=1687"},"modified":"2024-12-13T03:09:53","modified_gmt":"2024-12-13T03:09:53","slug":"mens-linnen-ecru-shirt","status":"publish","type":"product","link":"https:\/\/mj-clothing.com\/de\/manufacturer\/mens-linnen-ecru-shirt\/","title":{"rendered":"Herrenhemd Linnen Ecru"},"content":{"rendered":"<h2><strong>Herrenhemd Linnen Ecru<\/strong><\/h2>\n<p><span class=\"citation-0 recitation citation-end-0\">Ein Herrenhemd von Linnen Ecru ist ein stilvolles und vielseitiges Kleidungsst\u00fcck, das sich perfekt f\u00fcr warmes Wetter eignet.<\/span> Hier ist der Grund daf\u00fcr:<\/p>\n<h3 data-sourcepos=\"3:1-3:14\"><strong>\u00a0 \u00a0 \u00a0 Warum Leinen?<\/strong><\/h3>\n<ul data-sourcepos=\"5:1-9:0\">\n<li data-sourcepos=\"5:1-5:157\"><strong>Atmungsaktivit\u00e4t:<\/strong> <span class=\"citation-1 recitation citation-end-1\">Leinen ist eine Naturfaser, die Feuchtigkeit hervorragend absorbiert und die Luft zirkulieren l\u00e4sst, damit Sie k\u00fchl und komfortabel bleiben.<\/span><\/li>\n<li data-sourcepos=\"5:1-5:157\"><strong style=\"font-size: 14.4px;\"><span class=\"citation-2 recitation\">Langlebigkeit:<\/span><\/strong><span class=\"citation-2 recitation citation-end-2\" style=\"font-size: 14.4px;\"> Trotz seines zarten Aussehens ist Leinen erstaunlich haltbar und langlebig.<\/span><\/li>\n<li data-sourcepos=\"5:1-5:157\"><strong><span class=\"citation-3 recitation\">Weichheit:<\/span><\/strong><span class=\"citation-3 recitation citation-end-3\"> Leinen wird mit jeder W\u00e4sche weicher und damit mit der Zeit immer bequemer.<\/span><\/li>\n<li data-sourcepos=\"5:1-5:157\"><strong style=\"font-size: 14.4px;\">Faltenresistent:<\/strong><span style=\"font-size: 14.4px;\"> Leinen ist f\u00fcr seine nat\u00fcrliche Knitterneigung bekannt, die seinen l\u00e4ssigen und entspannten Charme noch verst\u00e4rkt.<\/span><br \/>\n<h3 data-sourcepos=\"10:1-10:13\"><strong>Warum Ecru?<\/strong><\/h3>\n<\/li>\n<li data-sourcepos=\"5:1-5:157\"><strong>Vielseitigkeit:<\/strong> <span class=\"citation-4 recitation citation-end-4\">Ecru, ein helles Beige oder Off-White, ist unglaublich vielseitig.<\/span>Er passt zu einer Vielzahl von Farben, von dunklem Denim bis zu hellen Chinos.<\/li>\n<li data-sourcepos=\"13:1-13:96\"><strong>Zeitlos:<\/strong> Der neutrale Farbton Ecru macht ihn zu einem zeitlosen St\u00fcck, das nie aus der Mode kommt.<\/li>\n<li data-sourcepos=\"14:1-15:0\"><strong>Leicht zu stylen:<\/strong> <span class=\"citation-5 recitation citation-end-5\"><span class=\"citation-5 recitation citation-end-5\"><span class=\"citation-5 recitation citation-end-5\">Er kann sowohl nach oben als auch nach unten gekleidet werden und eignet sich somit f\u00fcr verschiedene Anl\u00e4sse.<\/span><\/span><\/span><br \/>\n<h3 data-sourcepos=\"16:1-16:36\"><strong>Wie stylt man ein Herrenhemd von Linnen Ecru?<\/strong><\/h3>\n<\/li>\n<li data-sourcepos=\"14:1-15:0\"><strong>L\u00e4ssig:<\/strong> Kombinieren Sie es mit Jeans, Chinos oder Shorts und Sneakers f\u00fcr einen entspannten Alltagslook.<\/li>\n<li data-sourcepos=\"14:1-15:0\"><strong>Smart Casual:<\/strong> Kombinieren Sie es mit einer ma\u00dfgeschneiderten Hose und Loafers f\u00fcr ein raffiniertes und dennoch l\u00e4ssiges Ensemble.<\/li>\n<li data-sourcepos=\"14:1-15:0\"><strong>Tropisch:<\/strong> Tragen Sie es zu einer Leinenhose oder Shorts in einer kontrastierenden Farbe f\u00fcr ein luftiges, sommerliches Outfit.<\/li>\n<\/ul>","protected":false},"excerpt":{"rendered":"<p>Material: Polyester\/Baumwolle\/Leinen<\/p>\n<p>Technik: Bestickt<\/p>\n<p>Stil: L\u00e4ssig<\/p>\n<p>Farbe\uff1aSchwarz und benutzerdefinierte Farben<\/p>\n<p>Gr\u00f6\u00dfe: S \/M \/L \/XL \/2XL<\/p>","protected":false},"featured_media":1750,"template":"","meta":[],"product_brand":[],"product_cat":[38],"product_tag":[],"class_list":{"0":"post-1687","1":"product","2":"type-product","3":"status-publish","4":"has-post-thumbnail","6":"product_cat-mens-clothing","8":"first","9":"instock","10":"shipping-taxable","11":"product-type-simple"},"_links":{"self":[{"href":"https:\/\/mj-clothing.com\/de\/wp-json\/wp\/v2\/product\/1687","targetHints":{"allow":["GET"]}}],"collection":[{"href":"https:\/\/mj-clothing.com\/de\/wp-json\/wp\/v2\/product"}],"about":[{"href":"https:\/\/mj-clothing.com\/de\/wp-json\/wp\/v2\/types\/product"}],"wp:featuredmedia":[{"embeddable":true,"href":"https:\/\/mj-clothing.com\/de\/wp-json\/wp\/v2\/media\/1750"}],"wp:attachment":[{"href":"https:\/\/mj-clothing.com\/de\/wp-json\/wp\/v2\/media?parent=1687"}],"wp:term":[{"taxonomy":"product_brand","embeddable":true,"href":"https:\/\/mj-clothing.com\/de\/wp-json\/wp\/v2\/product_brand?post=1687"},{"taxonomy":"product_cat","embeddable":true,"href":"https:\/\/mj-clothing.com\/de\/wp-json\/wp\/v2\/product_cat?post=1687"},{"taxonomy":"product_tag","embeddable":true,"href":"https:\/\/mj-clothing.com\/de\/wp-json\/wp\/v2\/product_tag?post=1687"}],"curies":[{"name":"wp","href":"https:\/\/api.w.org\/{rel}","templated":true}]}}