{"id":1744,"date":"2024-12-13T02:59:23","date_gmt":"2024-12-13T02:59:23","guid":{"rendered":"https:\/\/mj-clothing.com\/?post_type=product&#038;p=1744"},"modified":"2024-12-17T07:18:06","modified_gmt":"2024-12-17T07:18:06","slug":"mens-pocket-t-shirts","status":"publish","type":"product","link":"https:\/\/mj-clothing.com\/de\/manufacturer\/mens-pocket-t-shirts\/","title":{"rendered":"Herren-Taschen-T-Shirts"},"content":{"rendered":"<div id=\"chat-history\" class=\"chat-history-scroll-container\">\n<div id=\"e1f51b489f031adc\" class=\"conversation-container ng-tns-c2150043242-1 message-actions-hover-boundary response-optimization ng-star-inserted\">\n<div class=\"response-container ng-tns-c1933435332-46 response-optimization response-container-with-gpi ng-star-inserted response-container-has-multiple-responses\">\n<div class=\"presented-response-container ng-tns-c1933435332-46\">\n<div class=\"response-container-content ng-tns-c1933435332-46 tunable-selection-with-avatar\">\n<div class=\"response-content ng-tns-c1933435332-46\">\n<div id=\"model-response-message-contentr_e1f51b489f031adc\" class=\"markdown markdown-main-panel response-optimization\" dir=\"ltr\">\n<h3 data-sourcepos=\"1:1-1:78\">Herren-Taschen-T-Shirts<\/h3>\n<p data-sourcepos=\"1:1-1:78\">Hier sind einige Herren-Taschen-T-Shirts, die derzeit in Singapur erh\u00e4ltlich sind:<\/p>\n<p data-sourcepos=\"3:1-3:19\"><strong>Legere Optionen:<\/strong><\/p>\n<ul data-sourcepos=\"5:1-10:0\">\n<li data-sourcepos=\"5:1-7:0\">\n<p data-sourcepos=\"5:3-6:64\"><strong>Uniqlo Oversized Pocket Crew Neck T-Shirt mit halben \u00c4rmeln:<\/strong> <span class=\"citation-0 recitation citation-end-0\">Dies ist eine bequeme und stilvolle Option, die in einer Vielzahl von Farben erh\u00e4ltlich ist.<\/span> Es ist perfekt f\u00fcr den Alltag.<span class=\"button-container hide-from-message-actions ng-star-inserted\">\u00a0 \u00a0<\/span><\/p>\n<div class=\"container ng-tns-c2946245707-59 hide\">\n<div class=\"carousel-container ng-tns-c2946245707-59\"><\/div>\n<\/div>\n<div class=\"attachment-container search-images\"><\/div>\n<\/li>\n<li data-sourcepos=\"8:1-10:0\">\n<p data-sourcepos=\"8:3-9:47\"><strong>Carhartt WIP S\/S Work Pocket T-Shirt:<\/strong> Dies ist eine haltbarere und robustere Option, die sich perfekt f\u00fcr die Arbeit oder Aktivit\u00e4ten im Freien eignet. <span class=\"citation-1 recitation citation-end-1\">Sie hat eine Brusttasche und eine lockere Passform.<\/span><span class=\"button-container hide-from-message-actions ng-star-inserted\">\u00a0 \u00a0<\/span><\/p>\n<div class=\"container ng-tns-c2946245707-60 hide\">\n<div class=\"carousel-container ng-tns-c2946245707-60\"><\/div>\n<\/div>\n<div class=\"attachment-container search-images\"><\/div>\n<\/li>\n<\/ul>\n<p data-sourcepos=\"11:1-11:20\"><strong>Premium-Optionen:<\/strong><\/p>\n<ul data-sourcepos=\"13:1-18:0\">\n<li data-sourcepos=\"13:1-15:0\">\n<p data-sourcepos=\"13:3-14:45\"><strong>Ralph Lauren Jersey-Taschen-T-Shirt:<\/strong> <span class=\"citation-2 recitation citation-end-2\">Dieses T-Shirt ist von hoher Qualit\u00e4t und besteht aus hochwertiger Baumwolle.<\/span> Sie hat ein klassisches Design und eine kleine Tasche auf der Brust.<\/p>\n<\/li>\n<li data-sourcepos=\"13:1-15:0\">\n<p data-sourcepos=\"13:3-14:45\"><strong style=\"font-size: 14.4px;\">Timberland Herren Oxford Brusttasche T-Shirt:<\/strong> <span class=\"citation-3 recitation citation-end-3\" style=\"font-size: 14.4px;\">Dies ist eine einzigartige und stilvolle Option aus 100% Baumwolle.<\/span> <span class=\"citation-4 recitation citation-end-4\" style=\"font-size: 14.4px;\">Es hat einen Button-Down-Kragen und eine Brusttasche.<\/span><span class=\"button-container hide-from-message-actions ng-star-inserted\" style=\"font-size: 14.4px;\">\u00a0 \u00a0<\/span><\/p>\n<div class=\"container ng-tns-c2946245707-62 hide\">\n<div class=\"carousel-container ng-tns-c2946245707-62\">\n<div class=\"carousel-content ng-tns-c2946245707-62\">\n<div class=\"sources-carousel-source ng-tns-c2946245707-62 hide ng-star-inserted\" data-test-id=\"sources-carousel-source\"><\/div>\n<\/div>\n<\/div>\n<\/div>\n<div class=\"attachment-container search-images\"><\/div>\n<\/li>\n<\/ul>\n<p data-sourcepos=\"19:1-19:24\"><strong>Leistungsoptionen:<\/strong><\/p>\n<ul data-sourcepos=\"21:1-23:0\">\n<li data-sourcepos=\"21:1-23:0\"><strong>Under Armour Herren UA Pocket T-Shirt:<\/strong> Dieses Funktions-T-Shirt eignet sich perfekt f\u00fcr das Training oder andere aktive Aktivit\u00e4ten. <span class=\"citation-5 recitation citation-end-5\">Es verf\u00fcgt \u00fcber eine feuchtigkeitsableitende Technologie und eine Brusttasche.<\/span><span class=\"button-container hide-from-message-actions ng-star-inserted\"> \u00a0<\/span>\n<div class=\"container ng-tns-c2946245707-63 hide\">\n<div class=\"carousel-container ng-tns-c2946245707-63\"><\/div>\n<\/div>\n<div class=\"attachment-container search-images\">\n<div class=\"image-container hide-from-message-actions ng-star-inserted\">\n<div class=\"caption ellipsis gmat-caption ng-star-inserted\" aria-hidden=\"true\"><\/div>\n<\/div>\n<\/div>\n<\/li>\n<\/ul>\n<p data-sourcepos=\"24:1-24:171\">Dies sind nur einige der vielen Herren-Taschen-T-Shirts, die in Singapur erh\u00e4ltlich sind. Eine gr\u00f6\u00dfere Auswahl finden Sie in Ihrem \u00f6rtlichen Kaufhaus oder bei einem Online-H\u00e4ndler.<\/p>\n<p data-sourcepos=\"26:1-26:56\"><strong>Zus\u00e4tzliche Tipps f\u00fcr die Auswahl eines Herren-Taschen-T-Shirts:<\/strong><\/p>\n<ul data-sourcepos=\"28:1-32:0\">\n<li data-sourcepos=\"28:1-28:273\">Ber\u00fccksichtigen Sie den Stoff: Baumwolle ist eine beliebte Wahl f\u00fcr Taschen-T-Shirts, weil sie bequem und atmungsaktiv ist. Wenn Sie jedoch ein T-Shirt suchen, das Feuchtigkeit ableitet und Sie k\u00fchl h\u00e4lt, sollten Sie auch Funktionsstoffe wie Polyester oder Nylon in Betracht ziehen.<\/li>\n<li data-sourcepos=\"29:1-29:174\">W\u00e4hlen Sie die richtige Passform: Taschen-T-Shirts gibt es in verschiedenen Passformen, von Slim Fit bis Relaxed Fit. W\u00e4hlen Sie eine Passform, die Ihrem K\u00f6rper schmeichelt und bequem zu tragen ist.<\/li>\n<li data-sourcepos=\"30:1-30:209\">Achten Sie auf die Art der Taschen: Einige Taschen-T-Shirts haben eine kleine Tasche auf der Brust, w\u00e4hrend andere eine gr\u00f6\u00dfere Tasche an der Seite haben. W\u00e4hlen Sie einen Taschenstil, der Ihnen gef\u00e4llt und der f\u00fcr Ihre Bed\u00fcrfnisse praktisch ist.<\/li>\n<li data-sourcepos=\"31:1-32:0\">Denken Sie an den Anlass: Wenn Sie ein Taschen-T-Shirt f\u00fcr die Arbeit suchen, sollten Sie ein eher formelles Modell w\u00e4hlen. Wenn Sie ein T-Shirt f\u00fcr das Wochenende suchen, sollten Sie ein legeres Modell w\u00e4hlen.<\/li>\n<\/ul>\n<p data-sourcepos=\"33:1-33:86\">Wenn Sie diese Tipps befolgen, k\u00f6nnen Sie das perfekte Herren-Taschen-T-Shirt f\u00fcr Ihre Bed\u00fcrfnisse finden.<\/p>\n<\/div>\n<\/div>\n<\/div>\n<\/div>\n<\/div>\n<\/div>\n<\/div>\n<div class=\"input-area-container\">\n<div class=\"input-area\" data-node-type=\"input-area\">\n<div class=\"text-input-field\">\n<div class=\"text-input-field_textarea-wrapper\">\n<div class=\"text-input-field-main-area\">\n<div class=\"text-input-field_textarea-inner\">\n<div class=\"ql-editor textarea new-input-ui ql-blank\" role=\"textbox\" contenteditable=\"true\" data-gramm=\"false\" aria-multiline=\"true\" aria-label=\"Geben Sie hier eine Aufforderung ein\" data-placeholder=\"Ask Gemini\"><\/div>\n<\/div>\n<\/div>\n<\/div>\n<\/div>\n<\/div>\n<\/div>","protected":false},"excerpt":{"rendered":"<table style=\"height: 530px;\" width=\"498\">\n<tbody>\n<tr>\n<td width=\"146\"><strong><b>Produkt<\/b><\/strong>\u00a0<strong><b>Name:<\/b><\/strong><\/td>\n<td width=\"601\"><strong>Herren-Taschen-T-Shirts<\/strong><\/td>\n<\/tr>\n<tr>\n<td width=\"146\"><strong><b>Materlal:<\/b><\/strong><\/td>\n<td width=\"601\">Polyester\/Baumwolle<\/td>\n<\/tr>\n<tr>\n<td width=\"146\"><strong><b>Die Technik:<\/b><\/strong><\/td>\n<td width=\"601\">Drucken und F\u00e4rben<\/td>\n<\/tr>\n<tr>\n<td width=\"146\"><strong><b>Stil:<\/b><\/strong><\/td>\n<td width=\"601\">L\u00e4ssig<\/td>\n<\/tr>\n<tr>\n<td width=\"146\"><strong><b>Farbe<\/b><\/strong><strong><b>:<\/b><\/strong><\/td>\n<td width=\"601\">\u00a0Benutzerdefinierte Farben<\/td>\n<\/tr>\n<tr>\n<td width=\"146\"><strong><b>Gr\u00f6\u00dfe:<\/b><\/strong><\/td>\n<td width=\"601\">S \/M \/L \/XL \/2XL<\/td>\n<\/tr>\n<tr>\n<td width=\"146\"><strong><b>OEM\/ODM:<\/b><\/strong><\/td>\n<td width=\"601\">Annehmbar<\/td>\n<\/tr>\n<tr>\n<td width=\"146\"><strong><b>Qualit\u00e4t:<\/b><\/strong><\/td>\n<td width=\"601\">100% Hohe Qualit\u00e4t<\/td>\n<\/tr>\n<tr>\n<td width=\"146\"><strong><b>M<\/b><\/strong><strong><b>OQ:<\/b><\/strong><\/td>\n<td width=\"601\">200 St\u00fcck<\/td>\n<\/tr>\n<\/tbody>\n<\/table>","protected":false},"featured_media":1751,"template":"","meta":[],"product_brand":[],"product_cat":[38],"product_tag":[],"class_list":{"0":"post-1744","1":"product","2":"type-product","3":"status-publish","4":"has-post-thumbnail","6":"product_cat-mens-clothing","8":"first","9":"instock","10":"shipping-taxable","11":"product-type-simple"},"_links":{"self":[{"href":"https:\/\/mj-clothing.com\/de\/wp-json\/wp\/v2\/product\/1744","targetHints":{"allow":["GET"]}}],"collection":[{"href":"https:\/\/mj-clothing.com\/de\/wp-json\/wp\/v2\/product"}],"about":[{"href":"https:\/\/mj-clothing.com\/de\/wp-json\/wp\/v2\/types\/product"}],"wp:featuredmedia":[{"embeddable":true,"href":"https:\/\/mj-clothing.com\/de\/wp-json\/wp\/v2\/media\/1751"}],"wp:attachment":[{"href":"https:\/\/mj-clothing.com\/de\/wp-json\/wp\/v2\/media?parent=1744"}],"wp:term":[{"taxonomy":"product_brand","embeddable":true,"href":"https:\/\/mj-clothing.com\/de\/wp-json\/wp\/v2\/product_brand?post=1744"},{"taxonomy":"product_cat","embeddable":true,"href":"https:\/\/mj-clothing.com\/de\/wp-json\/wp\/v2\/product_cat?post=1744"},{"taxonomy":"product_tag","embeddable":true,"href":"https:\/\/mj-clothing.com\/de\/wp-json\/wp\/v2\/product_tag?post=1744"}],"curies":[{"name":"wp","href":"https:\/\/api.w.org\/{rel}","templated":true}]}}