{"id":1761,"date":"2024-12-14T03:02:38","date_gmt":"2024-12-14T03:02:38","guid":{"rendered":"https:\/\/mj-clothing.com\/?post_type=product&#038;p=1761"},"modified":"2024-12-17T07:15:13","modified_gmt":"2024-12-17T07:15:13","slug":"floral-quilted-jacket","status":"publish","type":"product","link":"https:\/\/mj-clothing.com\/de\/manufacturer\/floral-quilted-jacket\/","title":{"rendered":"Gesteppte Jacke mit Blumenmuster"},"content":{"rendered":"<h2 data-sourcepos=\"1:1-1:143\">Gesteppte Jacke mit Blumenmuster<\/h2>\n<p data-sourcepos=\"1:1-1:143\">Eine gebl\u00fcmte Steppjacke ist ein stilvolles und gem\u00fctliches St\u00fcck, das jedem Outfit einen Hauch von Weiblichkeit und W\u00e4rme verleihen kann. Hier ist ein Grund, warum Sie eine solche Jacke lieben k\u00f6nnten:<\/p>\n<p data-sourcepos=\"3:1-3:39\"><strong>Warum eine gesteppte Jacke mit Blumenmuster?<\/strong><\/p>\n<ul data-sourcepos=\"5:1-9:0\">\n<li data-sourcepos=\"5:1-5:159\"><strong>Stilvoll und vielseitig:<\/strong> Er ist eine perfekte Mischung aus Komfort und Mode. Sie k\u00f6nnen es mit einem Rock und Stiefeln oder ganz l\u00e4ssig mit Jeans und Sneakers tragen.<\/li>\n<li data-sourcepos=\"6:1-6:100\"><strong>Warm und gem\u00fctlich:<\/strong> Das gesteppte Design und das oft isolierte Futter machen ihn ideal f\u00fcr k\u00fchleres Wetter.<\/li>\n<li data-sourcepos=\"7:1-7:86\"><strong>Feminin und romantisch:<\/strong> Das florale Muster verleiht ihm einen Hauch von Zartheit und Eleganz.<\/li>\n<li data-sourcepos=\"8:1-9:0\"><strong>Trendy:<\/strong> Blumendrucke sind immer in Mode, vor allem im Fr\u00fchling und Herbst.<\/li>\n<\/ul>\n<p data-sourcepos=\"10:1-10:41\"><strong>So stylen Sie eine gesteppte Jacke mit Blumenmuster:<\/strong><\/p>\n<ul data-sourcepos=\"12:1-15:0\">\n<li data-sourcepos=\"12:1-12:82\"><strong>L\u00e4ssiger Chic:<\/strong> Kombinieren Sie es mit Jeans, einem T-Shirt und Sneakers f\u00fcr einen entspannten Look.<\/li>\n<li data-sourcepos=\"13:1-13:85\"><strong>Boho-Chic:<\/strong> Tragen Sie es \u00fcber einem flie\u00dfenden Kleid und tragen Sie dazu Ankle Boots f\u00fcr einen Boh\u00e8me-Look.<\/li>\n<li data-sourcepos=\"14:1-15:0\"><strong>Smart Casual:<\/strong> Tragen Sie ihn mit einem Pullover, einer Hose und Loafers f\u00fcr einen eleganten Look.<\/li>\n<\/ul>\n<p data-sourcepos=\"16:1-16:46\"><strong>Tipps f\u00fcr die Auswahl einer gebl\u00fcmten Steppjacke:<\/strong><\/p>\n<ul data-sourcepos=\"18:1-22:0\">\n<li data-sourcepos=\"18:1-18:93\"><strong>W\u00e4hlen Sie die richtige Passform:<\/strong> Achten Sie darauf, dass die Jacke gut sitzt und Ihre Figur nicht \u00fcberfordert.<\/li>\n<li data-sourcepos=\"19:1-19:80\"><strong>Bedenken Sie den Anlass:<\/strong> W\u00e4hlen Sie ein Muster und eine Farbe, die zum Anlass passt.<\/li>\n<li data-sourcepos=\"20:1-20:105\"><strong>Achten Sie auf den Stoff:<\/strong> Entscheiden Sie sich f\u00fcr ein strapazierf\u00e4higes und bequemes Material, wie Baumwolle oder Polyester.<\/li>\n<li data-sourcepos=\"21:1-22:0\"><strong>Ausstatten:<\/strong> Vervollst\u00e4ndigen Sie Ihren Look mit einem Schal, einem Hut oder einer Tasche.<\/li>\n<\/ul>","protected":false},"excerpt":{"rendered":"<table style=\"height: 542px;\" width=\"483\">\n<tbody>\n<tr>\n<td width=\"146\"><strong><b>Produkt<\/b><\/strong>\u00a0<strong><b>Name:<\/b><\/strong><\/td>\n<td width=\"601\"><strong>Gesteppte Jacke mit Blumenmuster<\/strong><\/td>\n<\/tr>\n<tr>\n<td width=\"146\"><strong><b>Materlal:<\/b><\/strong><\/td>\n<td width=\"601\">Polyester\/Baumwolle<\/td>\n<\/tr>\n<tr>\n<td width=\"146\"><strong><b>Die Technik:<\/b><\/strong><\/td>\n<td width=\"601\">Drucken und F\u00e4rben<\/td>\n<\/tr>\n<tr>\n<td width=\"146\"><strong><b>Stil:<\/b><\/strong><\/td>\n<td width=\"601\">L\u00e4ssig<\/td>\n<\/tr>\n<tr>\n<td width=\"146\"><strong><b>Farbe<\/b><\/strong><strong><b>:<\/b><\/strong><\/td>\n<td width=\"601\">\u00a0Benutzerdefinierte Farben<\/td>\n<\/tr>\n<tr>\n<td width=\"146\"><strong><b>Gr\u00f6\u00dfe:<\/b><\/strong><\/td>\n<td width=\"601\">S \/M \/L \/XL \/2XL<\/td>\n<\/tr>\n<tr>\n<td width=\"146\"><strong><b>OEM\/ODM:<\/b><\/strong><\/td>\n<td width=\"601\">Annehmbar<\/td>\n<\/tr>\n<tr>\n<td width=\"146\"><strong><b>Qualit\u00e4t:<\/b><\/strong><\/td>\n<td width=\"601\">100% Hohe Qualit\u00e4t<\/td>\n<\/tr>\n<tr>\n<td width=\"146\"><strong><b>M<\/b><\/strong><strong><b>OQ:<\/b><\/strong><\/td>\n<td width=\"601\">200 St\u00fcck<\/td>\n<\/tr>\n<\/tbody>\n<\/table>","protected":false},"featured_media":1762,"template":"","meta":[],"product_brand":[],"product_cat":[38],"product_tag":[],"class_list":{"0":"post-1761","1":"product","2":"type-product","3":"status-publish","4":"has-post-thumbnail","6":"product_cat-mens-clothing","8":"first","9":"instock","10":"shipping-taxable","11":"product-type-simple"},"_links":{"self":[{"href":"https:\/\/mj-clothing.com\/de\/wp-json\/wp\/v2\/product\/1761","targetHints":{"allow":["GET"]}}],"collection":[{"href":"https:\/\/mj-clothing.com\/de\/wp-json\/wp\/v2\/product"}],"about":[{"href":"https:\/\/mj-clothing.com\/de\/wp-json\/wp\/v2\/types\/product"}],"wp:featuredmedia":[{"embeddable":true,"href":"https:\/\/mj-clothing.com\/de\/wp-json\/wp\/v2\/media\/1762"}],"wp:attachment":[{"href":"https:\/\/mj-clothing.com\/de\/wp-json\/wp\/v2\/media?parent=1761"}],"wp:term":[{"taxonomy":"product_brand","embeddable":true,"href":"https:\/\/mj-clothing.com\/de\/wp-json\/wp\/v2\/product_brand?post=1761"},{"taxonomy":"product_cat","embeddable":true,"href":"https:\/\/mj-clothing.com\/de\/wp-json\/wp\/v2\/product_cat?post=1761"},{"taxonomy":"product_tag","embeddable":true,"href":"https:\/\/mj-clothing.com\/de\/wp-json\/wp\/v2\/product_tag?post=1761"}],"curies":[{"name":"wp","href":"https:\/\/api.w.org\/{rel}","templated":true}]}}