{"id":1763,"date":"2024-12-14T03:06:05","date_gmt":"2024-12-14T03:06:05","guid":{"rendered":"https:\/\/mj-clothing.com\/?post_type=product&#038;p=1763"},"modified":"2024-12-17T07:11:45","modified_gmt":"2024-12-17T07:11:45","slug":"black-tweed-jacket","status":"publish","type":"product","link":"https:\/\/mj-clothing.com\/de\/manufacturer\/black-tweed-jacket\/","title":{"rendered":"Schwarze Tweedjacke"},"content":{"rendered":"<h2 data-sourcepos=\"1:1-1:113\">Schwarze Tweedjacke<\/h2>\n<p data-sourcepos=\"1:1-1:113\">Eine schwarze Tweedjacke ist ein vielseitiges und stilvolles St\u00fcck, das jedes Outfit aufwerten kann. Hier ist ein Grund, warum du sie lieben k\u00f6nntest:<\/p>\n<p data-sourcepos=\"3:1-3:36\"><strong>Warum eine schwarze Tweedjacke?<\/strong><\/p>\n<ul data-sourcepos=\"5:1-9:0\">\n<li data-sourcepos=\"5:1-5:101\"><strong>Zeitlose Eleganz:<\/strong> Schwarzer Tweed ist ein klassischer, anspruchsvoller Stoff, der nie aus der Mode kommt.<\/li>\n<li data-sourcepos=\"6:1-6:95\"><strong>Vielseitiges Styling:<\/strong> Er kann sowohl nach oben als auch nach unten gekleidet werden und eignet sich somit f\u00fcr verschiedene Anl\u00e4sse.<\/li>\n<li data-sourcepos=\"7:1-7:103\"><strong>W\u00e4rme und Komfort:<\/strong> Tweed ist ein strapazierf\u00e4higer und isolierender Stoff, der sich ideal f\u00fcr k\u00e4lteres Wetter eignet.<\/li>\n<li data-sourcepos=\"8:1-9:0\"><strong>Texturierter Look:<\/strong> Das einzigartige Tweed-Gewebe verleiht Ihrem Outfit eine interessante Optik.<\/li>\n<\/ul>\n<p data-sourcepos=\"10:1-10:38\"><strong>Wie man eine schwarze Tweedjacke stylt:<\/strong><\/p>\n<ul data-sourcepos=\"12:1-15:0\">\n<li data-sourcepos=\"12:1-12:93\"><strong>Smart Casual:<\/strong> Kombinieren Sie ihn mit einer Chinohose, einem Hemd mit Knopfleiste und Loafers f\u00fcr einen raffinierten Look.<\/li>\n<li data-sourcepos=\"13:1-13:102\"><strong>Business Casual:<\/strong> Tragen Sie ihn mit einer Anzughose, einem Anzughemd und einer Krawatte f\u00fcr ein professionelles Ensemble.<\/li>\n<li data-sourcepos=\"14:1-15:0\"><strong>L\u00e4ssiger Chic:<\/strong> Kombinieren Sie es mit Jeans, T-Shirt und Turnschuhen f\u00fcr einen l\u00e4ssigen Stil.<\/li>\n<\/ul>\n<p data-sourcepos=\"16:1-16:43\"><strong>Tipps f\u00fcr die Wahl einer schwarzen Tweedjacke:<\/strong><\/p>\n<ul data-sourcepos=\"18:1-22:0\">\n<li data-sourcepos=\"18:1-18:71\"><strong>Passen:<\/strong> W\u00e4hlen Sie eine Jacke, die gut sitzt und Ihrer K\u00f6rperform schmeichelt.<\/li>\n<li data-sourcepos=\"19:1-19:109\"><strong>Muster:<\/strong> Achten Sie auf das Muster des Tweeds, ob es sich um ein klassisches Fischgr\u00e4tenmuster oder ein moderneres Design handelt.<\/li>\n<li data-sourcepos=\"20:1-20:76\"><strong>Gewicht:<\/strong> Das Gewicht des Tweeds bestimmt, wie warm die Jacke ist.<\/li>\n<li data-sourcepos=\"21:1-22:0\"><strong>Zubeh\u00f6r:<\/strong> Mit einem Einstecktuch, einer Krawatte oder einem Halstuch verleihen Sie ihm eine pers\u00f6nliche Note.<\/li>\n<\/ul>","protected":false},"excerpt":{"rendered":"<table style=\"height: 587px;\" width=\"485\">\n<tbody>\n<tr>\n<td width=\"146\"><strong><b>Produkt<\/b><\/strong>\u00a0<strong><b>Name:<\/b><\/strong><\/td>\n<td width=\"601\"><strong>Schwarze Tweedjacke<\/strong><\/td>\n<\/tr>\n<tr>\n<td width=\"146\"><strong><b>Materlal:<\/b><\/strong><\/td>\n<td width=\"601\">Polyester\/Baumwolle<\/td>\n<\/tr>\n<tr>\n<td width=\"146\"><strong><b>Die Technik:<\/b><\/strong><\/td>\n<td width=\"601\">Drucken und F\u00e4rben<\/td>\n<\/tr>\n<tr>\n<td width=\"146\"><strong><b>Stil:<\/b><\/strong><\/td>\n<td width=\"601\">L\u00e4ssig<\/td>\n<\/tr>\n<tr>\n<td width=\"146\"><strong><b>Farbe<\/b><\/strong><strong><b>:<\/b><\/strong><\/td>\n<td width=\"601\">\u00a0Benutzerdefinierte Farben<\/td>\n<\/tr>\n<tr>\n<td width=\"146\"><strong><b>Gr\u00f6\u00dfe:<\/b><\/strong><\/td>\n<td width=\"601\">S \/M \/L \/XL \/2XL<\/td>\n<\/tr>\n<tr>\n<td width=\"146\"><strong><b>OEM\/ODM:<\/b><\/strong><\/td>\n<td width=\"601\">Annehmbar<\/td>\n<\/tr>\n<tr>\n<td width=\"146\"><strong><b>Qualit\u00e4t:<\/b><\/strong><\/td>\n<td width=\"601\">100% Hohe Qualit\u00e4t<\/td>\n<\/tr>\n<tr>\n<td width=\"146\"><strong><b>M<\/b><\/strong><strong><b>OQ:<\/b><\/strong><\/td>\n<td width=\"601\">200 St\u00fcck<\/td>\n<\/tr>\n<\/tbody>\n<\/table>","protected":false},"featured_media":1764,"template":"","meta":[],"product_brand":[],"product_cat":[38],"product_tag":[],"class_list":{"0":"post-1763","1":"product","2":"type-product","3":"status-publish","4":"has-post-thumbnail","6":"product_cat-mens-clothing","8":"first","9":"instock","10":"shipping-taxable","11":"product-type-simple"},"_links":{"self":[{"href":"https:\/\/mj-clothing.com\/de\/wp-json\/wp\/v2\/product\/1763","targetHints":{"allow":["GET"]}}],"collection":[{"href":"https:\/\/mj-clothing.com\/de\/wp-json\/wp\/v2\/product"}],"about":[{"href":"https:\/\/mj-clothing.com\/de\/wp-json\/wp\/v2\/types\/product"}],"wp:featuredmedia":[{"embeddable":true,"href":"https:\/\/mj-clothing.com\/de\/wp-json\/wp\/v2\/media\/1764"}],"wp:attachment":[{"href":"https:\/\/mj-clothing.com\/de\/wp-json\/wp\/v2\/media?parent=1763"}],"wp:term":[{"taxonomy":"product_brand","embeddable":true,"href":"https:\/\/mj-clothing.com\/de\/wp-json\/wp\/v2\/product_brand?post=1763"},{"taxonomy":"product_cat","embeddable":true,"href":"https:\/\/mj-clothing.com\/de\/wp-json\/wp\/v2\/product_cat?post=1763"},{"taxonomy":"product_tag","embeddable":true,"href":"https:\/\/mj-clothing.com\/de\/wp-json\/wp\/v2\/product_tag?post=1763"}],"curies":[{"name":"wp","href":"https:\/\/api.w.org\/{rel}","templated":true}]}}