{"id":1765,"date":"2024-12-14T03:13:20","date_gmt":"2024-12-14T03:13:20","guid":{"rendered":"https:\/\/mj-clothing.com\/?post_type=product&#038;p=1765"},"modified":"2024-12-17T07:10:04","modified_gmt":"2024-12-17T07:10:04","slug":"vintage-jacket","status":"publish","type":"product","link":"https:\/\/mj-clothing.com\/de\/manufacturer\/vintage-jacket\/","title":{"rendered":"Vintage-Jacke"},"content":{"rendered":"<p data-sourcepos=\"1:1-1:110\">Eine Vintage-Jacke ist ein zeitloses Kleidungsst\u00fcck, das jedem Outfit eine einzigartige Note verleihen kann. Hier ist ein Grund, warum Sie eine Jacke lieben k\u00f6nnten:<\/p>\n<h3 data-sourcepos=\"3:1-3:32\"><strong>Warum eine Vintage-Jacke w\u00e4hlen?<\/strong><\/h3>\n<ul data-sourcepos=\"5:1-9:0\">\n<li data-sourcepos=\"5:1-5:118\"><strong>Einzigartiger Stil:<\/strong>\u00a0 Jacken haben oft ein besonderes Design und Details, die man bei moderner Kleidung nicht findet.<\/li>\n<li data-sourcepos=\"6:1-6:111\"><strong>Hohe Qualit\u00e4t:<\/strong> Viele Jacken sind aus hochwertigen Materialien gefertigt, die sich im Laufe der Zeit bew\u00e4hrt haben.<\/li>\n<li data-sourcepos=\"7:1-7:125\"><strong>Nachhaltige Mode:<\/strong> Wenn Sie sich f\u00fcr Vintage entscheiden, reduzieren Sie die Umweltbelastung und geben einem Kleidungsst\u00fcck ein zweites Leben.<\/li>\n<li data-sourcepos=\"8:1-9:0\"><strong>Charakter und Geschichte:<\/strong> Eine Jacke kann eine Geschichte erz\u00e4hlen und Ihrer Garderobe einen Hauch von Nostalgie und Pers\u00f6nlichkeit verleihen.<\/li>\n<\/ul>\n<h3 data-sourcepos=\"10:1-10:34\"><strong>Wie man eine Vintage-Jacke stylt:<\/strong><\/h3>\n<ul data-sourcepos=\"12:1-16:0\">\n<li data-sourcepos=\"12:1-12:79\"><strong>L\u00e4ssig:<\/strong> Kombinieren Sie es mit Jeans, einem T-Shirt und Sneakers f\u00fcr einen l\u00e4ssigen Look.<\/li>\n<li data-sourcepos=\"13:1-13:98\"><strong>Smart Casual:<\/strong> Tragen Sie ihn zu Chinos, einem Hemd mit Knopfleiste und Loafers f\u00fcr ein elegantes Ensemble.<\/li>\n<li data-sourcepos=\"14:1-14:93\"><strong>Ausgefallen:<\/strong> Kombinieren Sie es mit einer Lederhose, einem grafischen T-Shirt und Stiefeln f\u00fcr einen Rock-and-Roll-Look.<\/li>\n<li data-sourcepos=\"15:1-16:0\"><strong>Formell:<\/strong> Tragen Sie ihn \u00fcber einer Anzugsjacke, um der formellen Kleidung eine besondere Note zu verleihen.<\/li>\n<\/ul>\n<h3 data-sourcepos=\"17:1-17:39\"><strong>Tipps f\u00fcr die Auswahl einer Vintage-Jacke:<\/strong><\/h3>\n<ul data-sourcepos=\"19:1-23:0\">\n<li data-sourcepos=\"19:1-19:82\"><strong>Passen:<\/strong> Vergewissern Sie sich, dass die Jacke gut passt, und ber\u00fccksichtigen Sie dabei m\u00f6gliche \u00c4nderungen.<\/li>\n<li data-sourcepos=\"20:1-20:64\"><strong>Zustand:<\/strong> Pr\u00fcfen Sie, ob es Sch\u00e4den, Flecken oder Abnutzungserscheinungen gibt.<\/li>\n<li data-sourcepos=\"21:1-21:93\"><strong>Stil:<\/strong> Ber\u00fccksichtigen Sie Ihren pers\u00f6nlichen Stil und w\u00e4hlen Sie eine Jacke, die zu Ihrer Garderobe passt.<\/li>\n<li data-sourcepos=\"22:1-23:0\"><strong>Material:<\/strong> Achten Sie auf hochwertige Materialien wie Leder, Wolle oder Denim.<\/li>\n<\/ul>\n<h3 data-sourcepos=\"24:1-24:34\"><strong>Wo man Vintage-Jacken findet:<\/strong><\/h3>\n<ul data-sourcepos=\"26:1-30:0\">\n<li data-sourcepos=\"26:1-26:76\"><strong>Gebrauchtwarenl\u00e4den:<\/strong> Ein gro\u00dfartiger Ort, um versteckte Juwelen zu erschwinglichen Preisen zu finden.<\/li>\n<li data-sourcepos=\"27:1-27:89\"><strong>Konsignationsl\u00e4den:<\/strong> In diesen Gesch\u00e4ften werden h\u00e4ufig ausgew\u00e4hlte Kollektionen von Vintage-Kleidung angeboten.<\/li>\n<li data-sourcepos=\"28:1-28:97\"><strong>Online-Marktpl\u00e4tze:<\/strong> Websites wie eBay und Etsy bieten eine gro\u00dfe Auswahl an Jacken.<\/li>\n<li data-sourcepos=\"29:1-30:0\"><strong>L\u00e4den f\u00fcr Vintage-Kleidung:<\/strong> Fachgesch\u00e4fte, die sich auf Vintage-Mode spezialisiert haben.<\/li>\n<\/ul>\n<div class=\"attachment-container search-images\">\n<div class=\"image-container hide-from-message-actions ng-star-inserted\">\n<div class=\"overlay-container ng-star-inserted\"><\/div>\n<\/div>\n<\/div>","protected":false},"excerpt":{"rendered":"<table style=\"height: 442px;\" width=\"514\">\n<tbody>\n<tr>\n<td width=\"146\"><strong><b>Produkt<\/b><\/strong>\u00a0<strong><b>Name:<\/b><\/strong><\/td>\n<td width=\"601\"><strong>Vintage-Jacke<\/strong><\/td>\n<\/tr>\n<tr>\n<td width=\"146\"><strong><b>Materlal:<\/b><\/strong><\/td>\n<td width=\"601\">Polyester\/Baumwolle<\/td>\n<\/tr>\n<tr>\n<td width=\"146\"><strong><b>Die Technik:<\/b><\/strong><\/td>\n<td width=\"601\">Drucken und F\u00e4rben<\/td>\n<\/tr>\n<tr>\n<td width=\"146\"><strong><b>Stil:<\/b><\/strong><\/td>\n<td width=\"601\">L\u00e4ssig<\/td>\n<\/tr>\n<tr>\n<td width=\"146\"><strong><b>Farbe<\/b><\/strong><strong><b>:<\/b><\/strong><\/td>\n<td width=\"601\">\u00a0Benutzerdefinierte Farben<\/td>\n<\/tr>\n<tr>\n<td width=\"146\"><strong><b>Gr\u00f6\u00dfe:<\/b><\/strong><\/td>\n<td width=\"601\">S \/M \/L \/XL \/2XL<\/td>\n<\/tr>\n<tr>\n<td width=\"146\"><strong><b>OEM\/ODM:<\/b><\/strong><\/td>\n<td width=\"601\">Annehmbar<\/td>\n<\/tr>\n<tr>\n<td width=\"146\"><strong><b>Qualit\u00e4t:<\/b><\/strong><\/td>\n<td width=\"601\">100% Hohe Qualit\u00e4t<\/td>\n<\/tr>\n<tr>\n<td width=\"146\"><strong><b>M<\/b><\/strong><strong><b>OQ:<\/b><\/strong><\/td>\n<td width=\"601\">200 St\u00fcck<\/td>\n<\/tr>\n<\/tbody>\n<\/table>","protected":false},"featured_media":1769,"template":"","meta":[],"product_brand":[],"product_cat":[38],"product_tag":[],"class_list":{"0":"post-1765","1":"product","2":"type-product","3":"status-publish","4":"has-post-thumbnail","6":"product_cat-mens-clothing","8":"first","9":"instock","10":"shipping-taxable","11":"product-type-simple"},"_links":{"self":[{"href":"https:\/\/mj-clothing.com\/de\/wp-json\/wp\/v2\/product\/1765","targetHints":{"allow":["GET"]}}],"collection":[{"href":"https:\/\/mj-clothing.com\/de\/wp-json\/wp\/v2\/product"}],"about":[{"href":"https:\/\/mj-clothing.com\/de\/wp-json\/wp\/v2\/types\/product"}],"wp:featuredmedia":[{"embeddable":true,"href":"https:\/\/mj-clothing.com\/de\/wp-json\/wp\/v2\/media\/1769"}],"wp:attachment":[{"href":"https:\/\/mj-clothing.com\/de\/wp-json\/wp\/v2\/media?parent=1765"}],"wp:term":[{"taxonomy":"product_brand","embeddable":true,"href":"https:\/\/mj-clothing.com\/de\/wp-json\/wp\/v2\/product_brand?post=1765"},{"taxonomy":"product_cat","embeddable":true,"href":"https:\/\/mj-clothing.com\/de\/wp-json\/wp\/v2\/product_cat?post=1765"},{"taxonomy":"product_tag","embeddable":true,"href":"https:\/\/mj-clothing.com\/de\/wp-json\/wp\/v2\/product_tag?post=1765"}],"curies":[{"name":"wp","href":"https:\/\/api.w.org\/{rel}","templated":true}]}}