{"id":1774,"date":"2024-12-14T03:23:26","date_gmt":"2024-12-14T03:23:26","guid":{"rendered":"https:\/\/mj-clothing.com\/?post_type=product&#038;p=1774"},"modified":"2024-12-17T07:06:57","modified_gmt":"2024-12-17T07:06:57","slug":"shell-jacket","status":"publish","type":"product","link":"https:\/\/mj-clothing.com\/de\/manufacturer\/shell-jacket\/","title":{"rendered":"Shell-Jacke"},"content":{"rendered":"<p data-sourcepos=\"1:1-1:266\">Eine Shell-Jacke ist eine leichte, wasser- und winddichte Au\u00dfenschicht, die Sie vor den Elementen sch\u00fctzt. Sie ist ein vielseitiges Kleidungsst\u00fcck, das bei verschiedenen Wetterbedingungen getragen werden kann und daher eine beliebte Wahl f\u00fcr Outdoor-Aktivit\u00e4ten und Alltagskleidung ist.<\/p>\n<h3 data-sourcepos=\"3:1-3:35\"><strong>Die wichtigsten Merkmale einer Shell-Jacke:<\/strong><\/h3>\n<ul data-sourcepos=\"5:1-9:0\">\n<li data-sourcepos=\"5:1-5:218\"><strong>Wasserdicht und winddicht:<\/strong> Die Hauptfunktion einer Jacke besteht darin, Sie trocken zu halten und vor Wind zu sch\u00fctzen. Sie ist in der Regel aus wasserdichten und atmungsaktiven Materialien wie Gore-Tex oder \u00e4hnlichen Technologien hergestellt.<\/li>\n<li data-sourcepos=\"6:1-6:155\"><strong>Atmungsaktivit\u00e4t:<\/strong> Eine gute Jacke h\u00e4lt Sie nicht nur trocken, sondern l\u00e4sst auch den Wasserdampf entweichen, damit Sie sich nicht klamm und unwohl f\u00fchlen.<\/li>\n<li data-sourcepos=\"7:1-7:97\"><strong>Langlebigkeit:<\/strong> Shell-Jacken sind so konzipiert, dass sie rauen Wetterbedingungen und starker Beanspruchung standhalten.<\/li>\n<li data-sourcepos=\"8:1-9:0\"><strong>Packbarkeit:<\/strong> Viele Jacken sind leicht und packbar, so dass sie bei Nichtgebrauch einfach mitgenommen werden k\u00f6nnen.<\/li>\n<\/ul>\n<h3 data-sourcepos=\"10:1-10:32\"><strong>So stylen Sie eine Shell-Jacke:<\/strong><\/h3>\n<ul data-sourcepos=\"12:1-15:0\">\n<li data-sourcepos=\"12:1-12:96\"><strong>L\u00e4ssig:<\/strong> Kombinieren Sie es mit Jeans, einem T-Shirt und Turnschuhen f\u00fcr einen bequemen und funktionellen Look.<\/li>\n<li data-sourcepos=\"13:1-13:112\"><strong>Smart Casual:<\/strong> Tragen Sie ihn \u00fcber einem Pullover, einer Hose und einem Button-Down-Hemd, um ein stilvolles und praktisches Outfit zu erhalten.<\/li>\n<li data-sourcepos=\"14:1-15:0\"><strong>Aktivit\u00e4ten im Freien:<\/strong> Tragen Sie ihn mit einer Wanderhose, einem Fleece und robusten Stiefeln, um sich vor den Elementen zu sch\u00fctzen.<\/li>\n<\/ul>\n<h3 data-sourcepos=\"16:1-16:37\"><strong>Beliebte Marken f\u00fcr Shell-Jacken:<\/strong><\/h3>\n<ul data-sourcepos=\"18:1-21:0\">\n<li data-sourcepos=\"18:1-18:58\"><strong>Outdoor-Marken:<\/strong> Patagonia, The North Face, Arc'teryx<\/li>\n<li data-sourcepos=\"19:1-19:46\"><strong>Technische Marken:<\/strong> Gore-Tex, Helly Hansen<\/li>\n<li data-sourcepos=\"20:1-21:0\"><strong>Lifestyle-Marken:<\/strong> Columbia, Timberland, Jack Wolfskin<\/li>\n<\/ul>","protected":false},"excerpt":{"rendered":"<table style=\"height: 515px;\" width=\"509\">\n<tbody>\n<tr>\n<td width=\"146\"><strong><b>Produkt<\/b><\/strong>\u00a0<strong><b>Name:<\/b><\/strong><\/td>\n<td width=\"601\"><strong>Shell-Jacke<\/strong><\/td>\n<\/tr>\n<tr>\n<td width=\"146\"><strong><b>Materlal:<\/b><\/strong><\/td>\n<td width=\"601\">Polyester\/Baumwolle<\/td>\n<\/tr>\n<tr>\n<td width=\"146\"><strong><b>Die Technik:<\/b><\/strong><\/td>\n<td width=\"601\">Drucken und F\u00e4rben<\/td>\n<\/tr>\n<tr>\n<td width=\"146\"><strong><b>Stil:<\/b><\/strong><\/td>\n<td width=\"601\">L\u00e4ssig<\/td>\n<\/tr>\n<tr>\n<td width=\"146\"><strong><b>Farbe<\/b><\/strong><strong><b>:<\/b><\/strong><\/td>\n<td width=\"601\">\u00a0Benutzerdefinierte Farben<\/td>\n<\/tr>\n<tr>\n<td width=\"146\"><strong><b>Gr\u00f6\u00dfe:<\/b><\/strong><\/td>\n<td width=\"601\">S \/M \/L \/XL \/2XL<\/td>\n<\/tr>\n<tr>\n<td width=\"146\"><strong><b>OEM\/ODM:<\/b><\/strong><\/td>\n<td width=\"601\">Annehmbar<\/td>\n<\/tr>\n<tr>\n<td width=\"146\"><strong><b>Qualit\u00e4t:<\/b><\/strong><\/td>\n<td width=\"601\">100% Hohe Qualit\u00e4t<\/td>\n<\/tr>\n<tr>\n<td width=\"146\"><strong><b>M<\/b><\/strong><strong><b>OQ:<\/b><\/strong><\/td>\n<td width=\"601\">200 St\u00fcck<\/td>\n<\/tr>\n<\/tbody>\n<\/table>","protected":false},"featured_media":1776,"template":"","meta":[],"product_brand":[],"product_cat":[38],"product_tag":[],"class_list":{"0":"post-1774","1":"product","2":"type-product","3":"status-publish","4":"has-post-thumbnail","6":"product_cat-mens-clothing","8":"first","9":"instock","10":"shipping-taxable","11":"product-type-simple"},"_links":{"self":[{"href":"https:\/\/mj-clothing.com\/de\/wp-json\/wp\/v2\/product\/1774","targetHints":{"allow":["GET"]}}],"collection":[{"href":"https:\/\/mj-clothing.com\/de\/wp-json\/wp\/v2\/product"}],"about":[{"href":"https:\/\/mj-clothing.com\/de\/wp-json\/wp\/v2\/types\/product"}],"wp:featuredmedia":[{"embeddable":true,"href":"https:\/\/mj-clothing.com\/de\/wp-json\/wp\/v2\/media\/1776"}],"wp:attachment":[{"href":"https:\/\/mj-clothing.com\/de\/wp-json\/wp\/v2\/media?parent=1774"}],"wp:term":[{"taxonomy":"product_brand","embeddable":true,"href":"https:\/\/mj-clothing.com\/de\/wp-json\/wp\/v2\/product_brand?post=1774"},{"taxonomy":"product_cat","embeddable":true,"href":"https:\/\/mj-clothing.com\/de\/wp-json\/wp\/v2\/product_cat?post=1774"},{"taxonomy":"product_tag","embeddable":true,"href":"https:\/\/mj-clothing.com\/de\/wp-json\/wp\/v2\/product_tag?post=1774"}],"curies":[{"name":"wp","href":"https:\/\/api.w.org\/{rel}","templated":true}]}}