{"id":1792,"date":"2024-12-14T03:52:01","date_gmt":"2024-12-14T03:52:01","guid":{"rendered":"https:\/\/mj-clothing.com\/?post_type=product&#038;p=1792"},"modified":"2024-12-17T07:00:56","modified_gmt":"2024-12-17T07:00:56","slug":"mens-alpaca-sweater","status":"publish","type":"product","link":"https:\/\/mj-clothing.com\/de\/manufacturer\/mens-alpaca-sweater\/","title":{"rendered":"Herren Alpaka Pullover"},"content":{"rendered":"<p data-sourcepos=\"1:1-1:198\"><span class=\"citation-0 recitation citation-end-0\">Ein Alpaka-Pullover f\u00fcr Herren ist ein luxuri\u00f6ses und warmes Kleidungsst\u00fcck aus der feinen, weichen Faser des Alpakas, eines s\u00fcdamerikanischen Kameliden.<\/span> Alpakafasern sind f\u00fcr ihre au\u00dfergew\u00f6hnlichen Eigenschaften bekannt, darunter:<span class=\"button-container hide-from-message-actions ng-star-inserted\"> \u00a0<\/span><\/p>\n<ul data-sourcepos=\"3:1-7:0\">\n<li data-sourcepos=\"3:1-3:89\"><strong><span class=\"citation-1 recitation\">Weichheit:<\/span><\/strong><span class=\"citation-1 recitation citation-end-1\"> Alpakafasern sind unglaublich weich, oft weicher als Kaschmir.<\/span><\/li>\n<li data-sourcepos=\"3:1-3:89\"><span class=\"button-container hide-from-message-actions ng-star-inserted\"><strong style=\"font-size: 14.4px;\">W\u00e4rme:<\/strong> <span class=\"citation-2 recitation citation-end-2\" style=\"font-size: 14.4px;\">Es bietet eine hervorragende Isolierung und h\u00e4lt Sie bei kaltem Wetter warm.<\/span><\/span>\n<div class=\"container ng-tns-c2946245707-269 hide\">\n<div class=\"carousel-container ng-tns-c2946245707-269\"><\/div>\n<\/div>\n<\/li>\n<li data-sourcepos=\"5:1-5:80\"><strong>Langlebigkeit:<\/strong> <span class=\"citation-3 recitation citation-end-3\">Alpakafasern sind langlebig und widerstandsf\u00e4hig gegen Pilling.<\/span><\/li>\n<li data-sourcepos=\"5:1-5:80\"><span class=\"button-container hide-from-message-actions ng-star-inserted\">\u00a0<\/span><span class=\"button-container hide-from-message-actions ng-star-inserted\"><strong style=\"font-size: 14.4px;\">Hypoallergen:<\/strong> <span class=\"citation-4 recitation citation-end-4\" style=\"font-size: 14.4px;\">Es ist von Natur aus hypoallergen, was es zu einer guten Wahl f\u00fcr Menschen mit empfindlicher Haut macht.<\/span><span class=\"button-container hide-from-message-actions ng-star-inserted\" style=\"font-size: 14.4px;\"> \u00a0<\/span><\/span>\n<div class=\"container ng-tns-c2946245707-271 hide\">\n<div class=\"carousel-container ng-tns-c2946245707-271\"><\/div>\n<\/div>\n<\/li>\n<\/ul>\n<h3 data-sourcepos=\"8:1-8:33\"><strong>Warum einen Pullover aus Alpaka f\u00fcr Herren w\u00e4hlen?<\/strong><\/h3>\n<ul data-sourcepos=\"10:1-14:0\">\n<li data-sourcepos=\"10:1-10:93\"><strong>Luxuri\u00f6ses Gef\u00fchl:<\/strong> Die weiche, seidige Textur der Alpakafaser f\u00fchlt sich wunderbar auf der Haut an.<\/li>\n<li data-sourcepos=\"11:1-11:118\"><strong><span class=\"citation-5 recitation\">Au\u00dfergew\u00f6hnliche W\u00e4rme:<\/span><\/strong><span class=\"citation-5 recitation citation-end-5\"> Alpakapullover eignen sich perfekt f\u00fcr kaltes Wetter und halten Sie kuschelig und bequem.<\/span><\/li>\n<li data-sourcepos=\"11:1-11:118\"><strong style=\"font-size: 14.4px;\">Stil und Eleganz:<\/strong><span style=\"font-size: 14.4px;\"> Alpakapullover k\u00f6nnen jedes Outfit aufwerten und ihm einen Hauch von Raffinesse verleihen.<\/span><\/li>\n<li data-sourcepos=\"13:1-14:0\"><strong><span class=\"citation-6 recitation\">Ethisch und nachhaltig:<\/span><\/strong><span class=\"citation-6 recitation citation-end-6\"> Die Alpakazucht wird oft als humaner und umweltfreundlicher angesehen als die Schafzucht.<\/span><span class=\"button-container hide-from-message-actions ng-star-inserted\">\u00a0 \u00a0<\/span>\n<div class=\"container ng-tns-c2946245707-273 hide\">\n<div class=\"carousel-container ng-tns-c2946245707-273\"><\/div>\n<\/div>\n<\/li>\n<\/ul>\n<h3 data-sourcepos=\"15:1-15:35\"><strong>Wie man einen Alpaka-Pullover f\u00fcr M\u00e4nner stylt:<\/strong><\/h3>\n<ul data-sourcepos=\"17:1-20:0\">\n<li data-sourcepos=\"17:1-17:77\"><strong>L\u00e4ssig:<\/strong> Kombinieren Sie es mit Jeans, einem T-Shirt und Sneakers f\u00fcr einen entspannten Look.<\/li>\n<li data-sourcepos=\"18:1-18:96\"><strong>Smart Casual:<\/strong> Tragen Sie ihn zu Chinos, einem Hemd mit Knopfleiste und Loafers f\u00fcr ein elegantes Outfit.<\/li>\n<li data-sourcepos=\"19:1-20:0\"><strong>Formell:<\/strong> Tragen Sie es \u00fcber einem Hemd und einer Krawatte f\u00fcr einen eleganten Look.<\/li>\n<\/ul>\n<p data-sourcepos=\"21:1-21:40\"><strong>Wo man Alpaka-Pullover f\u00fcr M\u00e4nner findet:<\/strong><\/p>\n<ul data-sourcepos=\"23:1-26:0\">\n<li data-sourcepos=\"23:1-23:116\"><strong><span class=\"citation-7 recitation\">Online-Einzelh\u00e4ndler:<\/span><\/strong><span class=\"citation-7 recitation citation-end-7\"> Amazon, Etsy und andere Online-H\u00e4ndler bieten eine gro\u00dfe Auswahl an Alpaka-Pullovern an.<\/span><\/li>\n<li data-sourcepos=\"23:1-23:116\"><strong style=\"font-size: 14.4px;\">Kaufh\u00e4user:<\/strong><span style=\"font-size: 14.4px;\"> Hochwertige Kaufh\u00e4user f\u00fchren oft Alpaka-Pullover von Luxusmarken.<\/span><\/li>\n<li data-sourcepos=\"25:1-26:0\"><strong>Fachgesch\u00e4fte:<\/strong> Suchen Sie nach Gesch\u00e4ften, die sich auf Luxusfasern und nachhaltige Mode spezialisiert haben.<\/li>\n<\/ul>\n<p data-sourcepos=\"27:1-27:223\"><strong>Erinnern Sie sich:<\/strong> Achten Sie beim Kauf eines Alpakapullovers auf eine qualitativ hochwertige, ethisch einwandfrei hergestellte Faser. Achten Sie auch auf das Gewicht und die Dicke des Pullovers, da dies seine W\u00e4rme und Eignung f\u00fcr verschiedene Klimazonen beeinflusst.<\/p>","protected":false},"excerpt":{"rendered":"<table style=\"height: 483px;\" width=\"499\">\n<tbody>\n<tr>\n<td width=\"146\"><strong><b>Produkt<\/b><\/strong>\u00a0<strong><b>Name:<\/b><\/strong><\/td>\n<td width=\"601\"><strong>Herren Alpaka Pullover<\/strong><\/td>\n<\/tr>\n<tr>\n<td width=\"146\"><strong><b>Materlal:<\/b><\/strong><\/td>\n<td width=\"601\">Polyester\/Baumwolle<\/td>\n<\/tr>\n<tr>\n<td width=\"146\"><strong><b>Die Technik:<\/b><\/strong><\/td>\n<td width=\"601\">Weben<\/td>\n<\/tr>\n<tr>\n<td width=\"146\"><strong><b>Stil:<\/b><\/strong><\/td>\n<td width=\"601\">L\u00e4ssig<\/td>\n<\/tr>\n<tr>\n<td width=\"146\"><strong><b>Farbe<\/b><\/strong><strong><b>:<\/b><\/strong><\/td>\n<td width=\"601\">\u00a0Benutzerdefinierte Farben<\/td>\n<\/tr>\n<tr>\n<td width=\"146\"><strong><b>Gr\u00f6\u00dfe:<\/b><\/strong><\/td>\n<td width=\"601\">S \/M \/L \/XL \/2XL<\/td>\n<\/tr>\n<tr>\n<td width=\"146\"><strong><b>OEM\/ODM:<\/b><\/strong><\/td>\n<td width=\"601\">Annehmbar<\/td>\n<\/tr>\n<tr>\n<td width=\"146\"><strong><b>Qualit\u00e4t:<\/b><\/strong><\/td>\n<td width=\"601\">100% Hohe Qualit\u00e4t<\/td>\n<\/tr>\n<tr>\n<td width=\"146\"><strong><b>M<\/b><\/strong><strong><b>OQ:<\/b><\/strong><\/td>\n<td width=\"601\">200 St\u00fcck<\/td>\n<\/tr>\n<\/tbody>\n<\/table>","protected":false},"featured_media":1793,"template":"","meta":[],"product_brand":[],"product_cat":[38],"product_tag":[],"class_list":{"0":"post-1792","1":"product","2":"type-product","3":"status-publish","4":"has-post-thumbnail","6":"product_cat-mens-clothing","8":"first","9":"instock","10":"shipping-taxable","11":"product-type-simple"},"_links":{"self":[{"href":"https:\/\/mj-clothing.com\/de\/wp-json\/wp\/v2\/product\/1792","targetHints":{"allow":["GET"]}}],"collection":[{"href":"https:\/\/mj-clothing.com\/de\/wp-json\/wp\/v2\/product"}],"about":[{"href":"https:\/\/mj-clothing.com\/de\/wp-json\/wp\/v2\/types\/product"}],"wp:featuredmedia":[{"embeddable":true,"href":"https:\/\/mj-clothing.com\/de\/wp-json\/wp\/v2\/media\/1793"}],"wp:attachment":[{"href":"https:\/\/mj-clothing.com\/de\/wp-json\/wp\/v2\/media?parent=1792"}],"wp:term":[{"taxonomy":"product_brand","embeddable":true,"href":"https:\/\/mj-clothing.com\/de\/wp-json\/wp\/v2\/product_brand?post=1792"},{"taxonomy":"product_cat","embeddable":true,"href":"https:\/\/mj-clothing.com\/de\/wp-json\/wp\/v2\/product_cat?post=1792"},{"taxonomy":"product_tag","embeddable":true,"href":"https:\/\/mj-clothing.com\/de\/wp-json\/wp\/v2\/product_tag?post=1792"}],"curies":[{"name":"wp","href":"https:\/\/api.w.org\/{rel}","templated":true}]}}