{"id":1802,"date":"2024-12-14T06:48:03","date_gmt":"2024-12-14T06:48:03","guid":{"rendered":"https:\/\/mj-clothing.com\/?post_type=product&#038;p=1802"},"modified":"2024-12-17T06:59:40","modified_gmt":"2024-12-17T06:59:40","slug":"mens-mohair-sweater","status":"publish","type":"product","link":"https:\/\/mj-clothing.com\/de\/manufacturer\/mens-mohair-sweater\/","title":{"rendered":"Herren Mohair Pullover"},"content":{"rendered":"<h2 data-sourcepos=\"1:1-1:44\">Mohair-Pullover f\u00fcr M\u00e4nner: Eine luxuri\u00f6se Wahl<\/h2>\n<p data-sourcepos=\"3:1-3:167\"><span class=\"citation-0 recitation citation-end-0\">Ein Mohair-Pullover f\u00fcr Herren ist ein luxuri\u00f6ses Kleidungsst\u00fcck, das aus der feinen, weichen Faser der Angora-Ziege hergestellt wird.<\/span> Mohair ist f\u00fcr seine au\u00dfergew\u00f6hnlichen Eigenschaften bekannt, darunter:<span class=\"button-container hide-from-message-actions ng-star-inserted\">\u00a0<\/span><\/p>\n<div class=\"container ng-tns-c2946245707-308 hide\">\n<div class=\"carousel-container ng-tns-c2946245707-308\">\n<div class=\"carousel-content ng-tns-c2946245707-308\">\n<div class=\"sources-carousel-source ng-tns-c2946245707-308 hide ng-star-inserted\" data-test-id=\"sources-carousel-source\"><\/div>\n<\/div>\n<\/div>\n<\/div>\n<ul data-sourcepos=\"5:1-9:0\">\n<li data-sourcepos=\"5:1-5:70\"><strong>Weichheit:<\/strong> Mohair ist unglaublich weich, oft weicher als Kaschmir.<\/li>\n<li data-sourcepos=\"6:1-6:94\"><strong>W\u00e4rme:<\/strong> <span class=\"citation-1 recitation citation-end-1\">Es bietet eine hervorragende Isolierung und h\u00e4lt Sie bei kaltem Wetter warm.<\/span><span class=\"button-container hide-from-message-actions ng-star-inserted\"> \u00a0<\/span><\/li>\n<li data-sourcepos=\"6:1-6:94\"><span class=\"button-container hide-from-message-actions ng-star-inserted\"><strong style=\"font-size: 14.4px;\"><span class=\"citation-2 recitation\">Langlebigkeit:<\/span><\/strong><span class=\"citation-2 recitation citation-end-2\" style=\"font-size: 14.4px;\"> Mohair ist langlebig und widerstandsf\u00e4hig gegen Pilling.<\/span><\/span>\n<div class=\"container ng-tns-c2946245707-310 hide\">\n<div class=\"carousel-container ng-tns-c2946245707-310\"><\/div>\n<\/div>\n<\/li>\n<li data-sourcepos=\"8:1-9:0\"><strong><span class=\"citation-3 recitation\">L\u00fcster:<\/span><\/strong><span class=\"citation-3 recitation citation-end-3\"> Mohair hat einen nat\u00fcrlichen Glanz, der ihm einen einzigartigen Schimmer verleiht.<\/span>\n<div class=\"container ng-tns-c2946245707-311 hide\">\n<div class=\"carousel-container ng-tns-c2946245707-311\"><\/div>\n<\/div>\n<\/li>\n<\/ul>\n<h3 data-sourcepos=\"10:1-10:32\"><strong>Warum einen Mohair-Pullover f\u00fcr Herren w\u00e4hlen?<\/strong><\/h3>\n<ul data-sourcepos=\"12:1-16:0\">\n<li data-sourcepos=\"12:1-12:93\"><strong>Luxuri\u00f6ses Gef\u00fchl:<\/strong> Die weiche, seidige Textur der Mohairfasern f\u00fchlt sich wunderbar auf der Haut an.<\/li>\n<li data-sourcepos=\"13:1-13:118\"><strong><span class=\"citation-4 recitation\">Au\u00dfergew\u00f6hnliche W\u00e4rme:<\/span><\/strong><span class=\"citation-4 recitation citation-end-4\"> Mohair-Pullover sind perfekt f\u00fcr die kalte Jahreszeit und sorgen f\u00fcr Gem\u00fctlichkeit und Komfort.<\/span><span class=\"button-container hide-from-message-actions ng-star-inserted\">\u00a0<\/span>\n<div class=\"container ng-tns-c2946245707-312 hide\">\n<div class=\"carousel-container ng-tns-c2946245707-312\"><\/div>\n<\/div>\n<\/li>\n<li data-sourcepos=\"14:1-14:99\"><strong>Stil und Eleganz:<\/strong> Mohair-Pullover k\u00f6nnen jedes Outfit aufwerten und ihm einen Hauch von Raffinesse verleihen.<\/li>\n<li data-sourcepos=\"15:1-16:0\"><strong>Einzigartige Textur:<\/strong> Die einzigartige Textur von Mohair macht Ihre Garderobe optisch interessant.<\/li>\n<\/ul>\n<h3 data-sourcepos=\"17:1-17:34\"><strong>Wie man einen Mohair-Pullover stylt:<\/strong><\/h3>\n<ul data-sourcepos=\"19:1-22:0\">\n<li data-sourcepos=\"19:1-19:77\"><strong>L\u00e4ssig:<\/strong> Kombinieren Sie es mit Jeans, einem T-Shirt und Sneakers f\u00fcr einen entspannten Look.<\/li>\n<li data-sourcepos=\"20:1-20:96\"><strong>Smart Casual:<\/strong> Tragen Sie ihn zu Chinos, einem Hemd mit Knopfleiste und Loafers f\u00fcr ein elegantes Outfit.<\/li>\n<li data-sourcepos=\"21:1-22:0\"><strong>Formell:<\/strong> Tragen Sie es \u00fcber einem Hemd und einer Krawatte f\u00fcr einen eleganten Look.<\/li>\n<\/ul>\n<h3 data-sourcepos=\"23:1-23:40\"><strong>Wo man Mohair-Pullover f\u00fcr M\u00e4nner findet:<\/strong><\/h3>\n<ul data-sourcepos=\"25:1-28:0\">\n<li data-sourcepos=\"25:1-25:90\"><strong>Hochwertige Kaufh\u00e4user:<\/strong> Suchen Sie nach Luxusmarken, die sich auf feine Strickwaren spezialisiert haben.<\/li>\n<li data-sourcepos=\"26:1-26:130\"><strong><span class=\"citation-5 recitation\">Online-Einzelh\u00e4ndler:<\/span><\/strong><span class=\"citation-5 recitation citation-end-5\"> Websites wie Amazon, Etsy und andere Online-H\u00e4ndler bieten eine gro\u00dfe Auswahl an Mohair-Pullovern.<\/span>\n<div class=\"container ng-tns-c2946245707-313 hide\">\n<div class=\"carousel-container ng-tns-c2946245707-313\"><\/div>\n<\/div>\n<\/li>\n<li data-sourcepos=\"27:1-28:0\"><strong>Fachgesch\u00e4fte:<\/strong> Gesch\u00e4fte, die sich auf Luxusfasern und nachhaltige Mode spezialisiert haben, f\u00fchren m\u00f6glicherweise Mohair-Pullover.<\/li>\n<\/ul>\n<p data-sourcepos=\"29:1-29:222\"><strong>Erinnern Sie sich:<\/strong> Achten Sie beim Kauf eines Mohair-Pullovers auf eine qualitativ hochwertige, ethisch einwandfrei hergestellte Faser. Achten Sie auch auf das Gewicht und die Dicke des Pullovers, da dies seine W\u00e4rme und Eignung f\u00fcr verschiedene Klimazonen beeinflusst.<\/p>","protected":false},"excerpt":{"rendered":"<table style=\"height: 484px;\" width=\"506\">\n<tbody>\n<tr>\n<td width=\"146\"><strong><b>Produkt<\/b><\/strong>\u00a0<strong><b>Name:<\/b><\/strong><\/td>\n<td width=\"601\"><strong>Herren Mohair Pullover<\/strong><\/td>\n<\/tr>\n<tr>\n<td width=\"146\"><strong><b>Materlal:<\/b><\/strong><\/td>\n<td width=\"601\">Polyester\/Baumwolle<\/td>\n<\/tr>\n<tr>\n<td width=\"146\"><strong><b>Die Technik:<\/b><\/strong><\/td>\n<td width=\"601\">Weben<\/td>\n<\/tr>\n<tr>\n<td width=\"146\"><strong><b>Stil:<\/b><\/strong><\/td>\n<td width=\"601\">L\u00e4ssig<\/td>\n<\/tr>\n<tr>\n<td width=\"146\"><strong><b>Farbe<\/b><\/strong><strong><b>:<\/b><\/strong><\/td>\n<td width=\"601\">\u00a0Benutzerdefinierte Farben<\/td>\n<\/tr>\n<tr>\n<td width=\"146\"><strong><b>Gr\u00f6\u00dfe:<\/b><\/strong><\/td>\n<td width=\"601\">S \/M \/L \/XL \/2XL<\/td>\n<\/tr>\n<tr>\n<td width=\"146\"><strong><b>OEM\/ODM:<\/b><\/strong><\/td>\n<td width=\"601\">Annehmbar<\/td>\n<\/tr>\n<tr>\n<td width=\"146\"><strong><b>Qualit\u00e4t:<\/b><\/strong><\/td>\n<td width=\"601\">100% Hohe Qualit\u00e4t<\/td>\n<\/tr>\n<tr>\n<td width=\"146\"><strong><b>M<\/b><\/strong><strong><b>OQ:<\/b><\/strong><\/td>\n<td width=\"601\">200 St\u00fcck<\/td>\n<\/tr>\n<\/tbody>\n<\/table>","protected":false},"featured_media":1803,"template":"","meta":[],"product_brand":[],"product_cat":[38],"product_tag":[],"class_list":{"0":"post-1802","1":"product","2":"type-product","3":"status-publish","4":"has-post-thumbnail","6":"product_cat-mens-clothing","8":"first","9":"instock","10":"shipping-taxable","11":"product-type-simple"},"_links":{"self":[{"href":"https:\/\/mj-clothing.com\/de\/wp-json\/wp\/v2\/product\/1802","targetHints":{"allow":["GET"]}}],"collection":[{"href":"https:\/\/mj-clothing.com\/de\/wp-json\/wp\/v2\/product"}],"about":[{"href":"https:\/\/mj-clothing.com\/de\/wp-json\/wp\/v2\/types\/product"}],"wp:featuredmedia":[{"embeddable":true,"href":"https:\/\/mj-clothing.com\/de\/wp-json\/wp\/v2\/media\/1803"}],"wp:attachment":[{"href":"https:\/\/mj-clothing.com\/de\/wp-json\/wp\/v2\/media?parent=1802"}],"wp:term":[{"taxonomy":"product_brand","embeddable":true,"href":"https:\/\/mj-clothing.com\/de\/wp-json\/wp\/v2\/product_brand?post=1802"},{"taxonomy":"product_cat","embeddable":true,"href":"https:\/\/mj-clothing.com\/de\/wp-json\/wp\/v2\/product_cat?post=1802"},{"taxonomy":"product_tag","embeddable":true,"href":"https:\/\/mj-clothing.com\/de\/wp-json\/wp\/v2\/product_tag?post=1802"}],"curies":[{"name":"wp","href":"https:\/\/api.w.org\/{rel}","templated":true}]}}