{"id":1804,"date":"2024-12-14T06:55:24","date_gmt":"2024-12-14T06:55:24","guid":{"rendered":"https:\/\/mj-clothing.com\/?post_type=product&#038;p=1804"},"modified":"2024-12-17T06:56:31","modified_gmt":"2024-12-17T06:56:31","slug":"mens-cashmere-sweater","status":"publish","type":"product","link":"https:\/\/mj-clothing.com\/de\/manufacturer\/mens-cashmere-sweater\/","title":{"rendered":"Herren-Kaschmir-Pullover"},"content":{"rendered":"<p data-sourcepos=\"1:1-1:177\"><span class=\"citation-0 recitation citation-end-0\">Ein Kaschmirpullover f\u00fcr Herren ist ein luxuri\u00f6ses und zeitloses Kleidungsst\u00fcck, das unvergleichlichen Komfort und W\u00e4rme bietet.<\/span> Hier erfahren Sie, warum Sie in ein solches Ger\u00e4t investieren sollten:<span class=\"button-container hide-from-message-actions ng-star-inserted\"> \u00a0<\/span><\/p>\n<div class=\"container ng-tns-c2946245707-329 hide\">\n<div class=\"carousel-container ng-tns-c2946245707-329\">\n<div class=\"carousel-content ng-tns-c2946245707-329\">\n<div class=\"sources-carousel-source ng-tns-c2946245707-329 hide ng-star-inserted\" data-test-id=\"sources-carousel-source\"><\/div>\n<\/div>\n<\/div>\n<\/div>\n<h3 data-sourcepos=\"3:1-3:34\"><strong>Warum einen Kaschmirpullover f\u00fcr Herren w\u00e4hlen?<\/strong><\/h3>\n<ul data-sourcepos=\"5:1-9:0\">\n<li data-sourcepos=\"5:1-5:124\"><strong><span class=\"citation-1 recitation\">Au\u00dfergew\u00f6hnliche Weichheit:<\/span><\/strong><span class=\"citation-1 recitation citation-end-1\"> Kaschmir ist bekannt f\u00fcr seine unglaublich weiche Textur, die das Tragen zum Vergn\u00fcgen macht.<\/span><\/li>\n<li data-sourcepos=\"5:1-5:124\"><span class=\"button-container hide-from-message-actions ng-star-inserted\"><strong style=\"font-size: 14.4px;\"><span class=\"citation-2 recitation\">\u00dcberlegene W\u00e4rme:<\/span><\/strong><span class=\"citation-2 recitation citation-end-2\" style=\"font-size: 14.4px;\"> Trotz seines geringen Gewichts bietet Kaschmir eine hervorragende Isolierung und h\u00e4lt Sie bei kaltem Wetter warm.<\/span><\/span>\n<div class=\"container ng-tns-c2946245707-331 hide\">\n<div class=\"carousel-container ng-tns-c2946245707-331\"><\/div>\n<\/div>\n<\/li>\n<li data-sourcepos=\"7:1-7:122\"><strong>Langlebigkeit:<\/strong> <span class=\"citation-3 recitation citation-end-3\">Hochwertiges Kaschmir ist erstaunlich haltbar und kann bei richtiger Pflege viele Jahre lang halten.<\/span><span class=\"button-container hide-from-message-actions ng-star-inserted\">\u00a0<\/span>\n<div class=\"container ng-tns-c2946245707-332 hide\">\n<div class=\"carousel-container ng-tns-c2946245707-332\"><\/div>\n<\/div>\n<\/li>\n<li data-sourcepos=\"8:1-9:0\"><strong><span class=\"citation-4 recitation\">Hypoallergen:<\/span><\/strong><span class=\"citation-4 recitation citation-end-4\"> Kaschmir ist hypoallergen und daher auch f\u00fcr Menschen mit empfindlicher Haut geeignet.<\/span><span class=\"button-container hide-from-message-actions ng-star-inserted\">\u00a0<\/span>\n<div class=\"container ng-tns-c2946245707-333 hide\">\n<div class=\"carousel-container ng-tns-c2946245707-333\">\n<div class=\"carousel-content ng-tns-c2946245707-333\">\n<div class=\"sources-carousel-source ng-tns-c2946245707-333 hide ng-star-inserted\" data-test-id=\"sources-carousel-source\"><\/div>\n<\/div>\n<\/div>\n<\/div>\n<\/li>\n<\/ul>\n<h3 data-sourcepos=\"10:1-10:36\"><strong>So stylen Sie einen Kaschmirpullover f\u00fcr M\u00e4nner:<\/strong><\/h3>\n<ul data-sourcepos=\"12:1-15:0\">\n<li data-sourcepos=\"12:1-12:77\">\n<h3><strong>L\u00e4ssig:<\/strong> Kombinieren Sie es mit Jeans, einem T-Shirt und Sneakers f\u00fcr einen entspannten Look.<\/h3>\n<\/li>\n<li data-sourcepos=\"13:1-13:96\"><strong>Smart Casual:<\/strong> Tragen Sie ihn zu Chinos, einem Hemd mit Knopfleiste und Loafers f\u00fcr ein elegantes Outfit.<\/li>\n<li data-sourcepos=\"14:1-15:0\"><strong>Formell:<\/strong> Tragen Sie es \u00fcber einem Hemd und einer Krawatte f\u00fcr einen eleganten Look.<\/li>\n<\/ul>\n<h3 data-sourcepos=\"16:1-16:42\"><strong>Wo man Kaschmirpullover f\u00fcr M\u00e4nner findet:<\/strong><\/h3>\n<ul data-sourcepos=\"18:1-21:0\">\n<li data-sourcepos=\"18:1-18:90\"><strong>Hochwertige Kaufh\u00e4user:<\/strong> Suchen Sie nach Luxusmarken, die sich auf feine Strickwaren spezialisiert haben.<\/li>\n<li data-sourcepos=\"19:1-19:132\"><strong><span class=\"citation-5 recitation\">Online-Einzelh\u00e4ndler:<\/span><\/strong><span class=\"citation-5 recitation citation-end-5\"> Websites wie Amazon, Etsy und andere Online-H\u00e4ndler bieten eine gro\u00dfe Auswahl an Kaschmirpullovern.<\/span><\/li>\n<li data-sourcepos=\"19:1-19:132\"><strong style=\"font-size: 14.4px;\">Fachgesch\u00e4fte:<\/strong><span style=\"font-size: 14.4px;\"> Gesch\u00e4fte, die sich auf Luxusfasern und nachhaltige Mode spezialisiert haben, f\u00fchren m\u00f6glicherweise Kaschmirpullover.<\/span><\/li>\n<\/ul>\n<h3 data-sourcepos=\"22:1-22:41\"><strong>Tipps f\u00fcr die Auswahl eines Kaschmirpullovers f\u00fcr Herren:<\/strong><\/h3>\n<ul data-sourcepos=\"24:1-28:0\">\n<li data-sourcepos=\"24:1-24:94\"><strong>Qualit\u00e4t:<\/strong> Achten Sie auf qualitativ hochwertiges Kaschmir, das weich, glatt und frei von Unreinheiten ist.<\/li>\n<li data-sourcepos=\"25:1-25:95\"><strong>Gewicht:<\/strong> Achten Sie auf das Gewicht des Pullovers, da schwerere Pullover mehr W\u00e4rme spenden.<\/li>\n<li data-sourcepos=\"26:1-26:72\"><strong>Passen:<\/strong> W\u00e4hlen Sie einen Pullover, der gut sitzt und Ihrer K\u00f6rperform schmeichelt.<\/li>\n<li data-sourcepos=\"27:1-28:0\"><strong>Stil:<\/strong> W\u00e4hlen Sie einen Stil, der Ihrem pers\u00f6nlichen Geschmack entspricht, sei es ein Rundhalsausschnitt, ein V-Ausschnitt oder ein Rollkragen.<\/li>\n<\/ul>\n<h4 data-sourcepos=\"29:1-29:37\"><strong>Pflege f\u00fcr Ihren Kaschmirpullover:<\/strong><\/h4>\n<ul data-sourcepos=\"31:1-34:0\">\n<li data-sourcepos=\"31:1-31:50\">Handw\u00e4sche in kaltem Wasser mit einem sanften Waschmittel.<\/li>\n<li data-sourcepos=\"32:1-32:31\">Flach trocknen, um Dehnung zu vermeiden.<\/li>\n<li data-sourcepos=\"33:1-34:0\">K\u00fchl, trocken und vor direkter Sonneneinstrahlung gesch\u00fctzt lagern.<\/li>\n<\/ul>\n<p data-sourcepos=\"35:1-35:144\">Wenn Sie in einen hochwertigen Kaschmirpullover investieren, erhalten Sie nicht nur ein modisches und bequemes Kleidungsst\u00fcck, sondern auch ein St\u00fcck zeitlosen Luxus.<\/p>\n<div class=\"attachment-container search-images\">\n<div class=\"image-container hide-from-message-actions ng-star-inserted\">\n<div class=\"overlay-container ng-star-inserted\"><\/div>\n<\/div>\n<\/div>","protected":false},"excerpt":{"rendered":"<table style=\"height: 529px;\" width=\"500\">\n<tbody>\n<tr>\n<td width=\"146\"><strong><b>Produkt<\/b><\/strong>\u00a0<strong><b>Name:<\/b><\/strong><\/td>\n<td width=\"601\"><strong>Herren-Kaschmir-Pullover<\/strong><\/td>\n<\/tr>\n<tr>\n<td width=\"146\"><strong><b>Materlal:<\/b><\/strong><\/td>\n<td width=\"601\">Polyester\/Baumwolle<\/td>\n<\/tr>\n<tr>\n<td width=\"146\"><strong><b>Die Technik:<\/b><\/strong><\/td>\n<td width=\"601\">Weben<\/td>\n<\/tr>\n<tr>\n<td width=\"146\"><strong><b>Stil:<\/b><\/strong><\/td>\n<td width=\"601\">L\u00e4ssig<\/td>\n<\/tr>\n<tr>\n<td width=\"146\"><strong><b>Farbe<\/b><\/strong><strong><b>:<\/b><\/strong><\/td>\n<td width=\"601\">\u00a0Benutzerdefinierte Farben<\/td>\n<\/tr>\n<tr>\n<td width=\"146\"><strong><b>Gr\u00f6\u00dfe:<\/b><\/strong><\/td>\n<td width=\"601\">S \/M \/L \/XL \/2XL<\/td>\n<\/tr>\n<tr>\n<td width=\"146\"><strong><b>OEM\/ODM:<\/b><\/strong><\/td>\n<td width=\"601\">Annehmbar<\/td>\n<\/tr>\n<tr>\n<td width=\"146\"><strong><b>Qualit\u00e4t:<\/b><\/strong><\/td>\n<td width=\"601\">100% Hohe Qualit\u00e4t<\/td>\n<\/tr>\n<tr>\n<td width=\"146\"><strong><b>M<\/b><\/strong><strong><b>OQ:<\/b><\/strong><\/td>\n<td width=\"601\">200 St\u00fcck<\/td>\n<\/tr>\n<\/tbody>\n<\/table>","protected":false},"featured_media":1805,"template":"","meta":[],"product_brand":[],"product_cat":[38],"product_tag":[],"class_list":{"0":"post-1804","1":"product","2":"type-product","3":"status-publish","4":"has-post-thumbnail","6":"product_cat-mens-clothing","8":"first","9":"instock","10":"shipping-taxable","11":"product-type-simple"},"_links":{"self":[{"href":"https:\/\/mj-clothing.com\/de\/wp-json\/wp\/v2\/product\/1804","targetHints":{"allow":["GET"]}}],"collection":[{"href":"https:\/\/mj-clothing.com\/de\/wp-json\/wp\/v2\/product"}],"about":[{"href":"https:\/\/mj-clothing.com\/de\/wp-json\/wp\/v2\/types\/product"}],"wp:featuredmedia":[{"embeddable":true,"href":"https:\/\/mj-clothing.com\/de\/wp-json\/wp\/v2\/media\/1805"}],"wp:attachment":[{"href":"https:\/\/mj-clothing.com\/de\/wp-json\/wp\/v2\/media?parent=1804"}],"wp:term":[{"taxonomy":"product_brand","embeddable":true,"href":"https:\/\/mj-clothing.com\/de\/wp-json\/wp\/v2\/product_brand?post=1804"},{"taxonomy":"product_cat","embeddable":true,"href":"https:\/\/mj-clothing.com\/de\/wp-json\/wp\/v2\/product_cat?post=1804"},{"taxonomy":"product_tag","embeddable":true,"href":"https:\/\/mj-clothing.com\/de\/wp-json\/wp\/v2\/product_tag?post=1804"}],"curies":[{"name":"wp","href":"https:\/\/api.w.org\/{rel}","templated":true}]}}