{"id":1806,"date":"2024-12-14T06:59:55","date_gmt":"2024-12-14T06:59:55","guid":{"rendered":"https:\/\/mj-clothing.com\/?post_type=product&#038;p=1806"},"modified":"2024-12-17T06:54:59","modified_gmt":"2024-12-17T06:54:59","slug":"mens-slim-fit-sweater","status":"publish","type":"product","link":"https:\/\/mj-clothing.com\/de\/manufacturer\/mens-slim-fit-sweater\/","title":{"rendered":"Herren Pullover Slim Fit"},"content":{"rendered":"<p data-sourcepos=\"1:1-1:224\"><span class=\"citation-0 recitation citation-end-0\">Ein Slim Fit Pullover f\u00fcr Herren ist ein vielseitiges Kleidungsst\u00fcck, das einen eleganten und modernen Look bietet.<\/span> <span class=\"citation-1 recitation citation-end-1\">Sie ist so konzipiert, dass sie n\u00e4her am K\u00f6rper liegt, Ihre Figur betont und gleichzeitig f\u00fcr Komfort und W\u00e4rme sorgt.<\/span><\/p>\n<h3 data-sourcepos=\"1:1-1:224\"><strong>\u00a0 \u00a0 Warum einen Slim Fit Pullover f\u00fcr Herren w\u00e4hlen?<\/strong><\/h3>\n<ul data-sourcepos=\"5:1-9:0\">\n<li data-sourcepos=\"5:1-5:95\"><strong><span class=\"citation-2 recitation\">Schlank und modern:<\/span><\/strong><span class=\"citation-2 recitation citation-end-2\"> Ein schmal geschnittener Pullover bietet einen modernen und stilvollen Look.<\/span>\n<div class=\"container ng-tns-c2946245707-350 hide\">\n<div class=\"carousel-container ng-tns-c2946245707-350\"><\/div>\n<\/div>\n<\/li>\n<li data-sourcepos=\"6:1-6:103\"><strong>Schmeichelnde Passform:<\/strong> Sie kann dazu beitragen, Ihren K\u00f6rperbau zu betonen und eine schlankere Silhouette zu schaffen.<\/li>\n<li data-sourcepos=\"7:1-7:89\"><strong>Vielseitigkeit:<\/strong> Er kann sowohl nach oben als auch nach unten gekleidet werden und eignet sich somit f\u00fcr verschiedene Anl\u00e4sse.<\/li>\n<li data-sourcepos=\"8:1-9:0\"><strong>Komfort:<\/strong> Trotz des taillierten Schnitts kann ein gut gemachter Slim Fit Pullover unglaublich bequem sein.<\/li>\n<\/ul>\n<h3 data-sourcepos=\"10:1-10:36\"><strong>So stylen Sie einen Slim Fit Pullover f\u00fcr Herren:<\/strong><\/h3>\n<ul data-sourcepos=\"12:1-15:0\">\n<li data-sourcepos=\"12:1-12:77\"><strong>L\u00e4ssig:<\/strong> Kombinieren Sie es mit Jeans, einem T-Shirt und Sneakers f\u00fcr einen entspannten Look.<\/li>\n<li data-sourcepos=\"13:1-13:96\"><strong>Smart Casual:<\/strong> Tragen Sie ihn zu Chinos, einem Hemd mit Knopfleiste und Loafers f\u00fcr ein elegantes Outfit.<\/li>\n<li data-sourcepos=\"14:1-15:0\"><strong>Formell:<\/strong> Tragen Sie es \u00fcber einem Hemd und einer Krawatte f\u00fcr einen eleganten Look.<\/li>\n<\/ul>\n<h3 data-sourcepos=\"16:1-16:41\"><strong>Tipps f\u00fcr die Auswahl eines Slim Fit Pullovers f\u00fcr Herren:<\/strong><\/h3>\n<ul data-sourcepos=\"18:1-22:0\">\n<li data-sourcepos=\"18:1-18:164\"><strong>Material:<\/strong> Achten Sie auf das Material, denn es beeinflusst die W\u00e4rme, den Komfort und die Haltbarkeit des Pullovers. <span class=\"citation-3 recitation citation-end-3\">Wolle, Kaschmir und Baumwolle sind beliebte Materialien.<\/span><\/li>\n<li data-sourcepos=\"18:1-18:164\"><strong style=\"font-size: 14.4px;\">Passen:<\/strong><span style=\"font-size: 14.4px;\"> Achten Sie darauf, dass der Pullover gut sitzt, ohne zu eng oder zu locker zu sein.<\/span><\/li>\n<li data-sourcepos=\"20:1-20:103\"><strong>Stil:<\/strong> W\u00e4hlen Sie einen Stil, der Ihrem pers\u00f6nlichen Geschmack entspricht, z. B. einen Rundhalsausschnitt, einen V-Ausschnitt oder einen Rollkragen.<\/li>\n<li data-sourcepos=\"21:1-22:0\"><strong>Farbe:<\/strong> Achten Sie auf die Farbe und das Muster des Pullovers, um Ihre Garderobe zu erg\u00e4nzen.<\/li>\n<\/ul>\n<p data-sourcepos=\"23:1-23:96\"><strong>Erinnern Sie sich:<\/strong> Ein gut sitzender, schmal geschnittener Pullover kann Ihren Stil aufwerten und Sie optimal aussehen lassen.<\/p>","protected":false},"excerpt":{"rendered":"<table style=\"height: 520px;\" width=\"518\">\n<tbody>\n<tr>\n<td width=\"146\"><strong><b>Produkt<\/b><\/strong>\u00a0<strong><b>Name:<\/b><\/strong><\/td>\n<td width=\"601\"><strong>Herren Pullover Slim Fit<\/strong><\/td>\n<\/tr>\n<tr>\n<td width=\"146\"><strong><b>Materlal:<\/b><\/strong><\/td>\n<td width=\"601\">Polyester\/Baumwolle<\/td>\n<\/tr>\n<tr>\n<td width=\"146\"><strong><b>Die Technik:<\/b><\/strong><\/td>\n<td width=\"601\">Weben<\/td>\n<\/tr>\n<tr>\n<td width=\"146\"><strong><b>Stil:<\/b><\/strong><\/td>\n<td width=\"601\">L\u00e4ssig<\/td>\n<\/tr>\n<tr>\n<td width=\"146\"><strong><b>Farbe<\/b><\/strong><strong><b>:<\/b><\/strong><\/td>\n<td width=\"601\">\u00a0Benutzerdefinierte Farben<\/td>\n<\/tr>\n<tr>\n<td width=\"146\"><strong><b>Gr\u00f6\u00dfe:<\/b><\/strong><\/td>\n<td width=\"601\">S \/M \/L \/XL \/2XL<\/td>\n<\/tr>\n<tr>\n<td width=\"146\"><strong><b>OEM\/ODM:<\/b><\/strong><\/td>\n<td width=\"601\">Annehmbar<\/td>\n<\/tr>\n<tr>\n<td width=\"146\"><strong><b>Qualit\u00e4t:<\/b><\/strong><\/td>\n<td width=\"601\">100% Hohe Qualit\u00e4t<\/td>\n<\/tr>\n<tr>\n<td width=\"146\"><strong><b>M<\/b><\/strong><strong><b>OQ:<\/b><\/strong><\/td>\n<td width=\"601\">200 St\u00fcck<\/td>\n<\/tr>\n<\/tbody>\n<\/table>","protected":false},"featured_media":1807,"template":"","meta":[],"product_brand":[],"product_cat":[38],"product_tag":[],"class_list":{"0":"post-1806","1":"product","2":"type-product","3":"status-publish","4":"has-post-thumbnail","6":"product_cat-mens-clothing","8":"first","9":"instock","10":"shipping-taxable","11":"product-type-simple"},"_links":{"self":[{"href":"https:\/\/mj-clothing.com\/de\/wp-json\/wp\/v2\/product\/1806","targetHints":{"allow":["GET"]}}],"collection":[{"href":"https:\/\/mj-clothing.com\/de\/wp-json\/wp\/v2\/product"}],"about":[{"href":"https:\/\/mj-clothing.com\/de\/wp-json\/wp\/v2\/types\/product"}],"wp:featuredmedia":[{"embeddable":true,"href":"https:\/\/mj-clothing.com\/de\/wp-json\/wp\/v2\/media\/1807"}],"wp:attachment":[{"href":"https:\/\/mj-clothing.com\/de\/wp-json\/wp\/v2\/media?parent=1806"}],"wp:term":[{"taxonomy":"product_brand","embeddable":true,"href":"https:\/\/mj-clothing.com\/de\/wp-json\/wp\/v2\/product_brand?post=1806"},{"taxonomy":"product_cat","embeddable":true,"href":"https:\/\/mj-clothing.com\/de\/wp-json\/wp\/v2\/product_cat?post=1806"},{"taxonomy":"product_tag","embeddable":true,"href":"https:\/\/mj-clothing.com\/de\/wp-json\/wp\/v2\/product_tag?post=1806"}],"curies":[{"name":"wp","href":"https:\/\/api.w.org\/{rel}","templated":true}]}}