{"id":1811,"date":"2024-12-14T07:29:45","date_gmt":"2024-12-14T07:29:45","guid":{"rendered":"https:\/\/mj-clothing.com\/?post_type=product&#038;p=1811"},"modified":"2024-12-17T06:51:19","modified_gmt":"2024-12-17T06:51:19","slug":"mens-hooded-cotton-jacket","status":"publish","type":"product","link":"https:\/\/mj-clothing.com\/de\/manufacturer\/mens-hooded-cotton-jacket\/","title":{"rendered":"Herren Baumwolljacke mit Kapuze"},"content":{"rendered":"<p data-sourcepos=\"1:1-1:194\"><span class=\"citation-0 recitation citation-end-0\">Eine Baumwolljacke mit Kapuze f\u00fcr Herren ist ein vielseitiges und stilvolles Kleidungsst\u00fcck, das bei verschiedenen Wetterbedingungen getragen werden kann.<\/span> Hier ist der Grund, warum Sie sich eine neue Garderobe zulegen sollten:<span class=\"button-container hide-from-message-actions ng-star-inserted\">\u00a0<\/span><\/p>\n<div class=\"container ng-tns-c2946245707-384 hide\">\n<div class=\"carousel-container ng-tns-c2946245707-384\">\n<div class=\"carousel-content ng-tns-c2946245707-384\">\n<div class=\"sources-carousel-source ng-tns-c2946245707-384 hide ng-star-inserted\" data-test-id=\"sources-carousel-source\"><\/div>\n<\/div>\n<\/div>\n<\/div>\n<h3 data-sourcepos=\"3:1-3:38\"><strong>Warum eine Baumwolljacke mit Kapuze f\u00fcr Herren?<\/strong><\/h3>\n<ul data-sourcepos=\"5:1-9:0\">\n<li data-sourcepos=\"5:1-5:128\"><strong><span class=\"citation-1 recitation\">Komfort und W\u00e4rme:<\/span><\/strong><span class=\"citation-1 recitation citation-end-1\"> Baumwolle ist ein atmungsaktives und bequemes Material, das Sie bei k\u00fchlerem Wetter warm halten kann.<\/span><\/li>\n<li data-sourcepos=\"5:1-5:128\"><strong style=\"font-size: 14.4px;\">Vielseitigkeit:<\/strong><span style=\"font-size: 14.4px;\"> Eine Baumwolljacke mit Kapuze l\u00e4sst sich sowohl nach oben als auch nach unten tragen und eignet sich daher sowohl f\u00fcr legere als auch f\u00fcr halbformale Anl\u00e4sse.<\/span><\/li>\n<li data-sourcepos=\"7:1-7:97\"><strong>Schutz vor den Elementen:<\/strong> Die Kapuze bietet zus\u00e4tzlichen Schutz vor Regen, Wind und K\u00e4lte.<\/li>\n<li data-sourcepos=\"8:1-9:0\"><strong>Stil:<\/strong> Kapuzenjacken k\u00f6nnen jedem Outfit einen Hauch von Stil verleihen.<\/li>\n<\/ul>\n<h3 data-sourcepos=\"10:1-10:40\"><strong>So stylen Sie eine Baumwolljacke mit Kapuze f\u00fcr M\u00e4nner:<\/strong><\/h3>\n<ul data-sourcepos=\"12:1-15:0\">\n<li data-sourcepos=\"12:1-12:77\"><strong>L\u00e4ssig:<\/strong> Kombinieren Sie es mit Jeans, einem T-Shirt und Sneakers f\u00fcr einen entspannten Look.<\/li>\n<li data-sourcepos=\"13:1-13:96\"><strong>Smart Casual:<\/strong> Tragen Sie ihn zu Chinos, einem Hemd mit Knopfleiste und Loafers f\u00fcr ein elegantes Outfit.<\/li>\n<li data-sourcepos=\"14:1-15:0\"><strong>Aktivit\u00e4ten im Freien:<\/strong> \u00dcber einem Fleece oder einem Kapuzenpulli w\u00e4rmt sie bei Outdoor-Abenteuern zus\u00e4tzlich.<\/li>\n<\/ul>\n<h3 data-sourcepos=\"16:1-16:46\"><strong>Wo Sie Baumwolljacken mit Kapuze f\u00fcr M\u00e4nner finden:<\/strong><\/h3>\n<ul data-sourcepos=\"18:1-21:0\">\n<li data-sourcepos=\"18:1-18:86\"><strong>Kaufh\u00e4user:<\/strong> Suchen Sie nach Marken, die eine Vielzahl von Stilen und Materialien anbieten.<\/li>\n<li data-sourcepos=\"19:1-19:136\"><strong><span class=\"citation-2 recitation\">Online-Einzelh\u00e4ndler:<\/span><\/strong><span class=\"citation-2 recitation citation-end-2\"> Websites wie Amazon, eBay und andere Online-H\u00e4ndler bieten eine gro\u00dfe Auswahl an Baumwolljacken mit Kapuze.<\/span><span class=\"button-container hide-from-message-actions ng-star-inserted\"> \u00a0<\/span>\n<div class=\"container ng-tns-c2946245707-386 hide\">\n<div class=\"carousel-container ng-tns-c2946245707-386\"><\/div>\n<\/div>\n<\/li>\n<li data-sourcepos=\"20:1-21:0\"><strong>Gesch\u00e4fte f\u00fcr Outdoor-Bekleidung:<\/strong> Fachgesch\u00e4fte f\u00fcr Outdoor-Ausr\u00fcstung f\u00fchren h\u00e4ufig Baumwolljacken mit Kapuze, die f\u00fcr bestimmte Aktivit\u00e4ten geeignet sind.<\/li>\n<\/ul>\n<h3 data-sourcepos=\"22:1-22:45\"><strong>Tipps f\u00fcr die Auswahl einer Baumwolljacke mit Kapuze f\u00fcr Herren:<\/strong><\/h3>\n<ul data-sourcepos=\"24:1-28:0\">\n<li data-sourcepos=\"24:1-24:123\"><strong>Material:<\/strong> Achten Sie auf das Gewicht und die Dicke der Baumwolle, da dies die W\u00e4rmeleistung und Haltbarkeit der Jacke beeinflusst.<\/li>\n<li data-sourcepos=\"25:1-25:69\"><strong>Passen:<\/strong> W\u00e4hlen Sie eine Jacke, die gut passt und angenehm zu tragen ist.<\/li>\n<li data-sourcepos=\"26:1-26:108\"><strong>Stil:<\/strong> W\u00e4hlen Sie einen Stil, der Ihrem pers\u00f6nlichen Geschmack entspricht, z. B. eine Bomberjacke, eine Feldjacke oder einen Parka.<\/li>\n<li data-sourcepos=\"27:1-28:0\"><strong>Merkmale:<\/strong> Ber\u00fccksichtigen Sie zus\u00e4tzliche Merkmale wie Taschen, eine Kapuze mit Kordelzug sowie gerippte B\u00fcndchen und Saum.<\/li>\n<\/ul>\n<p data-sourcepos=\"29:1-29:198\">Wenn Sie in eine hochwertige Baumwolljacke mit Kapuze investieren, erhalten Sie nicht nur ein modisches und funktionelles Kleidungsst\u00fcck, sondern auch ein Kleidungsst\u00fcck, das Sie jahrelang warm und bequem h\u00e4lt.<\/p>\n<div class=\"attachment-container search-images\">\n<div class=\"image-container hide-from-message-actions ng-star-inserted\">\n<div class=\"overlay-container ng-star-inserted\"><\/div>\n<\/div>\n<\/div>","protected":false},"excerpt":{"rendered":"<table style=\"height: 509px;\" width=\"553\">\n<tbody>\n<tr>\n<td width=\"146\"><strong><b>Produkt<\/b><\/strong>\u00a0<strong><b>Name:<\/b><\/strong><\/td>\n<td width=\"601\"><strong>Herren Baumwolljacke mit Kapuze<\/strong><\/td>\n<\/tr>\n<tr>\n<td width=\"146\"><strong><b>Materlal:<\/b><\/strong><\/td>\n<td width=\"601\">Polyester\/Baumwolle<\/td>\n<\/tr>\n<tr>\n<td width=\"146\"><strong><b>Die Technik:<\/b><\/strong><\/td>\n<td width=\"601\">Einfarbige Baumwolle<\/td>\n<\/tr>\n<tr>\n<td width=\"146\"><strong><b>Stil:<\/b><\/strong><\/td>\n<td width=\"601\">L\u00e4ssig<\/td>\n<\/tr>\n<tr>\n<td width=\"146\"><strong><b>Farbe<\/b><\/strong><strong><b>:<\/b><\/strong><\/td>\n<td width=\"601\">\u00a0Benutzerdefinierte Farben<\/td>\n<\/tr>\n<tr>\n<td width=\"146\"><strong><b>Gr\u00f6\u00dfe:<\/b><\/strong><\/td>\n<td width=\"601\">S \/M \/L \/XL \/2XL<\/td>\n<\/tr>\n<tr>\n<td width=\"146\"><strong><b>OEM\/ODM:<\/b><\/strong><\/td>\n<td width=\"601\">Annehmbar<\/td>\n<\/tr>\n<tr>\n<td width=\"146\"><strong><b>Qualit\u00e4t:<\/b><\/strong><\/td>\n<td width=\"601\">100% Hohe Qualit\u00e4t<\/td>\n<\/tr>\n<tr>\n<td width=\"146\"><strong><b>M<\/b><\/strong><strong><b>OQ:<\/b><\/strong><\/td>\n<td width=\"601\">200 St\u00fcck<\/td>\n<\/tr>\n<\/tbody>\n<\/table>","protected":false},"featured_media":1812,"template":"","meta":[],"product_brand":[],"product_cat":[38],"product_tag":[],"class_list":{"0":"post-1811","1":"product","2":"type-product","3":"status-publish","4":"has-post-thumbnail","6":"product_cat-mens-clothing","8":"first","9":"instock","10":"shipping-taxable","11":"product-type-simple"},"_links":{"self":[{"href":"https:\/\/mj-clothing.com\/de\/wp-json\/wp\/v2\/product\/1811","targetHints":{"allow":["GET"]}}],"collection":[{"href":"https:\/\/mj-clothing.com\/de\/wp-json\/wp\/v2\/product"}],"about":[{"href":"https:\/\/mj-clothing.com\/de\/wp-json\/wp\/v2\/types\/product"}],"wp:featuredmedia":[{"embeddable":true,"href":"https:\/\/mj-clothing.com\/de\/wp-json\/wp\/v2\/media\/1812"}],"wp:attachment":[{"href":"https:\/\/mj-clothing.com\/de\/wp-json\/wp\/v2\/media?parent=1811"}],"wp:term":[{"taxonomy":"product_brand","embeddable":true,"href":"https:\/\/mj-clothing.com\/de\/wp-json\/wp\/v2\/product_brand?post=1811"},{"taxonomy":"product_cat","embeddable":true,"href":"https:\/\/mj-clothing.com\/de\/wp-json\/wp\/v2\/product_cat?post=1811"},{"taxonomy":"product_tag","embeddable":true,"href":"https:\/\/mj-clothing.com\/de\/wp-json\/wp\/v2\/product_tag?post=1811"}],"curies":[{"name":"wp","href":"https:\/\/api.w.org\/{rel}","templated":true}]}}