{"id":1813,"date":"2024-12-14T07:39:40","date_gmt":"2024-12-14T07:39:40","guid":{"rendered":"https:\/\/mj-clothing.com\/?post_type=product&#038;p=1813"},"modified":"2024-12-17T06:49:41","modified_gmt":"2024-12-17T06:49:41","slug":"flannel-lined-jacket","status":"publish","type":"product","link":"https:\/\/mj-clothing.com\/de\/manufacturer\/flannel-lined-jacket\/","title":{"rendered":"Flanell gef\u00fctterte Jacke"},"content":{"rendered":"<h2 data-sourcepos=\"1:1-1:46\">Gef\u00fctterte Herrenjacken aus Flanell: Ein kuscheliger Klassiker<\/h2>\n<p data-sourcepos=\"3:1-3:223\"><span class=\"citation-0 recitation citation-end-0\">Eine mit Flanell gef\u00fctterte Jacke ist ein klassisches St\u00fcck Oberbekleidung, das W\u00e4rme, Komfort und Stil bietet.<\/span> Er ist perfekt f\u00fcr die k\u00fchlen Herbst- und Wintertage, an denen man ein bisschen mehr W\u00e4rme braucht, ohne auf Stil zu verzichten.<\/p>\n<p data-sourcepos=\"3:1-3:223\"><strong>\u00a0 \u00a0 \u00a0Warum eine Jacke mit Flanellfutter?<\/strong><\/p>\n<ul data-sourcepos=\"7:1-11:0\">\n<li data-sourcepos=\"7:1-7:103\"><strong>W\u00e4rme:<\/strong> <span class=\"citation-1 recitation citation-end-1\">Das Flanellfutter sorgt f\u00fcr eine hervorragende Isolierung und h\u00e4lt Sie warm und gem\u00fctlich.<\/span><span class=\"button-container hide-from-message-actions ng-star-inserted\">\u00a0<\/span>\n<div class=\"container ng-tns-c2946245707-430 hide\">\n<div class=\"carousel-container ng-tns-c2946245707-430\"><\/div>\n<\/div>\n<\/li>\n<li data-sourcepos=\"8:1-8:103\"><strong>Komfort:<\/strong> <span class=\"citation-2 recitation citation-end-2\">Flanell ist ein weicher und bequemer Stoff, der sich gut auf der Haut anf\u00fchlt.<\/span><span class=\"button-container hide-from-message-actions ng-star-inserted\"> \u00a0<\/span>\n<div class=\"container ng-tns-c2946245707-431 hide\">\n<div class=\"carousel-container ng-tns-c2946245707-431\"><\/div>\n<\/div>\n<\/li>\n<li data-sourcepos=\"9:1-9:119\"><strong>Stil:<\/strong> <span class=\"citation-3 recitation citation-end-3\">Mit Flanell gef\u00fctterte Jacken lassen sich sowohl nach oben als auch nach unten tragen und sind somit f\u00fcr verschiedene Anl\u00e4sse geeignet.<\/span><span class=\"button-container hide-from-message-actions ng-star-inserted\"> \u00a0<\/span>\n<div class=\"container ng-tns-c2946245707-432 hide\">\n<div class=\"carousel-container ng-tns-c2946245707-432\"><\/div>\n<\/div>\n<\/li>\n<li data-sourcepos=\"10:1-11:0\"><strong><span class=\"citation-4 recitation\">Langlebigkeit:<\/span><\/strong><span class=\"citation-4 recitation citation-end-4\"> Flanell ist ein strapazierf\u00e4higer Stoff, der regelm\u00e4\u00dfiger Abnutzung standh\u00e4lt.<\/span><span class=\"button-container hide-from-message-actions ng-star-inserted\">\u00a0<\/span>\n<div class=\"container ng-tns-c2946245707-433 hide\">\n<div class=\"carousel-container ng-tns-c2946245707-433\">\n<div class=\"carousel-content ng-tns-c2946245707-433\">\n<div class=\"sources-carousel-source ng-tns-c2946245707-433 hide ng-star-inserted\" data-test-id=\"sources-carousel-source\"><\/div>\n<\/div>\n<\/div>\n<\/div>\n<\/li>\n<\/ul>\n<p data-sourcepos=\"12:1-12:40\"><strong>So stylen Sie eine Jacke mit Flanellfutter:<\/strong><\/p>\n<ul data-sourcepos=\"14:1-17:0\">\n<li data-sourcepos=\"14:1-14:77\"><strong>L\u00e4ssig:<\/strong> Kombinieren Sie es mit Jeans, einem T-Shirt und Sneakers f\u00fcr einen entspannten Look.<\/li>\n<li data-sourcepos=\"15:1-15:96\"><strong>Smart Casual:<\/strong> Tragen Sie ihn zu Chinos, einem Hemd mit Knopfleiste und Loafers f\u00fcr ein elegantes Outfit.<\/li>\n<li data-sourcepos=\"16:1-17:0\"><strong>Aktivit\u00e4ten im Freien:<\/strong> \u00dcber einem Fleece oder einem Kapuzenpulli w\u00e4rmt sie bei Outdoor-Abenteuern zus\u00e4tzlich.<\/li>\n<\/ul>\n<p data-sourcepos=\"18:1-18:46\"><strong>Wo Sie gef\u00fctterte Herrenjacken aus Flanell finden:<\/strong><\/p>\n<ul data-sourcepos=\"20:1-23:0\">\n<li data-sourcepos=\"20:1-20:86\"><strong>Kaufh\u00e4user:<\/strong> Suchen Sie nach Marken, die eine Vielzahl von Stilen und Materialien anbieten.<\/li>\n<li data-sourcepos=\"21:1-21:136\"><strong><span class=\"citation-5 recitation\">Online-Einzelh\u00e4ndler:<\/span><\/strong><span class=\"citation-5 recitation citation-end-5\"> Websites wie Amazon, eBay und andere Online-H\u00e4ndler bieten eine gro\u00dfe Auswahl an Jacken mit Flanellfutter.<\/span><span class=\"button-container hide-from-message-actions ng-star-inserted\">\u00a0<\/span>\n<div class=\"container ng-tns-c2946245707-434 hide\">\n<div class=\"carousel-container ng-tns-c2946245707-434\"><\/div>\n<\/div>\n<\/li>\n<li data-sourcepos=\"22:1-23:0\"><strong>Gesch\u00e4fte f\u00fcr Outdoor-Bekleidung:<\/strong> Fachgesch\u00e4fte f\u00fcr Outdoor-Ausr\u00fcstung f\u00fchren h\u00e4ufig Jacken mit Flanellfutter, die f\u00fcr bestimmte Aktivit\u00e4ten geeignet sind.<\/li>\n<\/ul>\n<p data-sourcepos=\"24:1-24:45\"><strong>Tipps f\u00fcr die Auswahl einer Jacke mit Flanellfutter:<\/strong><\/p>\n<ul data-sourcepos=\"26:1-30:0\">\n<li data-sourcepos=\"26:1-26:128\"><strong>Material:<\/strong> Achten Sie auf das Gewicht und die Dicke des Flanellfutters, da es sich auf die W\u00e4rme und den Komfort der Jacke auswirkt.<\/li>\n<li data-sourcepos=\"27:1-27:69\"><strong>Passen:<\/strong> W\u00e4hlen Sie eine Jacke, die gut passt und angenehm zu tragen ist.<\/li>\n<li data-sourcepos=\"28:1-28:108\"><strong>Stil:<\/strong> W\u00e4hlen Sie einen Stil, der Ihrem pers\u00f6nlichen Geschmack entspricht, z. B. eine Bomberjacke, eine Feldjacke oder einen Parka.<\/li>\n<li data-sourcepos=\"29:1-30:0\"><strong>Merkmale:<\/strong> Ber\u00fccksichtigen Sie zus\u00e4tzliche Merkmale wie Taschen, eine Kapuze mit Kordelzug sowie gerippte B\u00fcndchen und Saum.<\/li>\n<\/ul>\n<p data-sourcepos=\"31:1-31:198\">Wenn Sie in eine hochwertige, mit Flanell gef\u00fctterte Jacke investieren, erhalten Sie nicht nur ein modisches und funktionelles Kleidungsst\u00fcck, sondern auch ein Kleidungsst\u00fcck, das Sie jahrelang warm und bequem halten wird.<\/p>","protected":false},"excerpt":{"rendered":"<table style=\"height: 478px;\" width=\"452\">\n<tbody>\n<tr>\n<td width=\"146\"><strong><b>Produkt<\/b><\/strong>\u00a0<strong><b>Name:<\/b><\/strong><\/td>\n<td width=\"601\"><strong>Flanell gef\u00fctterte Jacke<\/strong><\/td>\n<\/tr>\n<tr>\n<td width=\"146\"><strong><b>Materlal:<\/b><\/strong><\/td>\n<td width=\"601\">Polyester\/Baumwolle<\/td>\n<\/tr>\n<tr>\n<td width=\"146\"><strong><b>Die Technik:<\/b><\/strong><\/td>\n<td width=\"601\">Einfarbige Baumwolle<\/td>\n<\/tr>\n<tr>\n<td width=\"146\"><strong><b>Stil:<\/b><\/strong><\/td>\n<td width=\"601\">L\u00e4ssig<\/td>\n<\/tr>\n<tr>\n<td width=\"146\"><strong><b>Farbe<\/b><\/strong><strong><b>:<\/b><\/strong><\/td>\n<td width=\"601\">\u00a0Benutzerdefinierte Farben<\/td>\n<\/tr>\n<tr>\n<td width=\"146\"><strong><b>Gr\u00f6\u00dfe:<\/b><\/strong><\/td>\n<td width=\"601\">S \/M \/L \/XL \/2XL<\/td>\n<\/tr>\n<tr>\n<td width=\"146\"><strong><b>OEM\/ODM:<\/b><\/strong><\/td>\n<td width=\"601\">Annehmbar<\/td>\n<\/tr>\n<tr>\n<td width=\"146\"><strong><b>Qualit\u00e4t:<\/b><\/strong><\/td>\n<td width=\"601\">100% Hohe Qualit\u00e4t<\/td>\n<\/tr>\n<tr>\n<td width=\"146\"><strong><b>M<\/b><\/strong><strong><b>OQ:<\/b><\/strong><\/td>\n<td width=\"601\">200 St\u00fcck<\/td>\n<\/tr>\n<\/tbody>\n<\/table>","protected":false},"featured_media":1814,"template":"","meta":[],"product_brand":[],"product_cat":[38],"product_tag":[],"class_list":{"0":"post-1813","1":"product","2":"type-product","3":"status-publish","4":"has-post-thumbnail","6":"product_cat-mens-clothing","8":"first","9":"instock","10":"shipping-taxable","11":"product-type-simple"},"_links":{"self":[{"href":"https:\/\/mj-clothing.com\/de\/wp-json\/wp\/v2\/product\/1813","targetHints":{"allow":["GET"]}}],"collection":[{"href":"https:\/\/mj-clothing.com\/de\/wp-json\/wp\/v2\/product"}],"about":[{"href":"https:\/\/mj-clothing.com\/de\/wp-json\/wp\/v2\/types\/product"}],"wp:featuredmedia":[{"embeddable":true,"href":"https:\/\/mj-clothing.com\/de\/wp-json\/wp\/v2\/media\/1814"}],"wp:attachment":[{"href":"https:\/\/mj-clothing.com\/de\/wp-json\/wp\/v2\/media?parent=1813"}],"wp:term":[{"taxonomy":"product_brand","embeddable":true,"href":"https:\/\/mj-clothing.com\/de\/wp-json\/wp\/v2\/product_brand?post=1813"},{"taxonomy":"product_cat","embeddable":true,"href":"https:\/\/mj-clothing.com\/de\/wp-json\/wp\/v2\/product_cat?post=1813"},{"taxonomy":"product_tag","embeddable":true,"href":"https:\/\/mj-clothing.com\/de\/wp-json\/wp\/v2\/product_tag?post=1813"}],"curies":[{"name":"wp","href":"https:\/\/api.w.org\/{rel}","templated":true}]}}